{"id":2783,"date":"2017-12-30T21:04:39","date_gmt":"2017-12-30T21:04:39","guid":{"rendered":"http:\/\/biblian.is\/biblian\/_ri_ja-j%c2%97hannesarbr%c2%8ef-1-kafli\/"},"modified":"2019-08-26T23:26:37","modified_gmt":"2019-08-26T23:26:37","slug":"thridja-johannesarbref-1-kafli","status":"publish","type":"page","link":"https:\/\/biblian.is\/biblian\/thridja-johannesarbref-1-kafli\/","title":{"rendered":"\u00deri\u00f0ja J\u00f3hannesarbr\u00e9f 1. kafli"},"content":{"rendered":"<h3 class=\"millifyrirsogn_2007\"> Kve\u00f0ja<\/h3>\n<p><a name=\"1\"><span class=\"versanumer_2007\">1<\/span><\/a> \u00d6ldungurinn heilsar elsku\u00f0um Gajusi sem \u00e9g ann \u00ed sannleika. <br \/> <a name=\"2\"><span class=\"versanumer_2007\">2<\/span><\/a> \u00c9g bi\u00f0 \u00feess, minn elska\u00f0i, a\u00f0 \u00fe\u00e9r vegni vel \u00ed \u00f6llu, \u00fe\u00fa s\u00e9rt heill heilsu og \u00fe\u00e9r l\u00ed\u00f0i vel \u00ed s\u00e1l og sinni. <a name=\"3\"><span class=\"versanumer_2007\">3<\/span><\/a> \u00c9g var\u00f0 mj\u00f6g gla\u00f0ur \u00feegar br\u00e6\u00f0ur komu og greindu fr\u00e1 hve tr\u00far \u00fe\u00fa ert sannleikanum og breytir eftir honum. <a name=\"4\"><span class=\"versanumer_2007\">4<\/span><\/a> \u00c9g hef enga meiri gle\u00f0i en \u00fe\u00e1 a\u00f0 heyra a\u00f0 b\u00f6rnin m\u00edn hl\u00fd\u00f0i sannleikanum.<\/p>\n<h3 class=\"millifyrirsogn_2007\">Samverkamenn sannleikans<\/h3>\n<p><a name=\"5\"><span class=\"versanumer_2007\">5<\/span><\/a> \u00de\u00fa s\u00fdnir tr\u00fana\u00f0 \u00feinn, minn elska\u00f0i, \u00ed \u00f6llu sem \u00fe\u00fa vinnur fyrir s\u00f6fnu\u00f0inn<span class=\"nedan_mal\" title=\" Or\u00f0r\u00e9tt: fyrir br\u00e6\u00f0urna.\">[<\/span> og jafnvel \u00f3kunna menn. <a name=\"6\"><span class=\"versanumer_2007\">6<\/span><\/a> \u00deeir hafa vitna\u00f0 fyrir s\u00f6fnu\u00f0inum um k\u00e6rleika \u00feinn. \u00de\u00fa gerir vel a\u00f0 grei\u00f0a f\u00f6r \u00feeirra eins og ver\u00f0ugt er \u00ed Gu\u00f0s augum. <a name=\"7\"><span class=\"versanumer_2007\">7<\/span><\/a> \u00dev\u00ed a\u00f0 sakir nafns Jes\u00fa l\u00f6g\u00f0u \u00feeir af sta\u00f0 og \u00feiggja ekki neitt af hei\u00f0num m\u00f6nnum. <a name=\"8\"><span class=\"versanumer_2007\">8<\/span><\/a> \u00deess vegna ber okkur a\u00f0 hj\u00e1lpa \u00feessum m\u00f6nnum og ver\u00f0a \u00feannig samverkamenn \u00feeirra \u00ed \u00fe\u00e1gu sannleikans.<\/p>\n<h3 class=\"millifyrirsogn_2007\">D\u00ed\u00f3trefes og Demetr\u00edus<\/h3>\n<p><a name=\"9\"><span class=\"versanumer_2007\">9<\/span><\/a> \u00c9g hef rita\u00f0 nokku\u00f0 til safna\u00f0arins en D\u00ed\u00f3trefes, sem vill vera fremstur me\u00f0al \u00feeirra, tekur eigi mark \u00e1 m\u00e9r. <a name=\"10\"><span class=\"versanumer_2007\">10<\/span><\/a> \u00deess vegna \u00e6tla \u00e9g, ef \u00e9g kem, a\u00f0 benda \u00e1 gj\u00f6r\u00f0ir hans, hvernig hann l\u00e6tur \u00f3fr\u00e6gja mig me\u00f0 lj\u00f3tum or\u00f0um. Og ekki n\u00e6gir honum \u00feetta. Hann tekur ekki heldur \u00e1 m\u00f3ti br\u00e6\u00f0rum sem koma. Og vilji a\u00f0rir gera \u00fea\u00f0 hindrar hann \u00fe\u00e1 og rekur \u00far s\u00f6fnu\u00f0inum. <br \/> <a name=\"11\"><span class=\"versanumer_2007\">11<\/span><\/a> L\u00edktu ekki eftir \u00fev\u00ed sem illt er, minn elska\u00f0i, heldur eftir \u00fev\u00ed sem gott er. S\u00e1 sem gerir gott heyrir Gu\u00f0i til en s\u00e1 sem gerir illt hefur ekki s\u00e9\u00f0 Gu\u00f0. <br \/> <a name=\"12\"><span class=\"versanumer_2007\">12<\/span><\/a> Demetr\u00edus f\u00e6r g\u00f3\u00f0an vitnisbur\u00f0 hj\u00e1 \u00f6llum, j\u00e1, hj\u00e1 sannleikanum sj\u00e1lfum. \u00c9g ber honum hi\u00f0 sama og \u00fe\u00fa veist a\u00f0 vitnisbur\u00f0ur minn er sannur. <\/p>\n<h3 class=\"millifyrirsogn_2007\">Lokaor\u00f0<\/h3>\n<p><a name=\"13\"><span class=\"versanumer_2007\">13<\/span><\/a> \u00c9g hef margt a\u00f0 rita \u00fe\u00e9r en vil ekki rita \u00fe\u00e9r me\u00f0 bleki og penna. <a name=\"14\"><span class=\"versanumer_2007\">14<\/span><\/a> En \u00e9g vona a\u00f0 sj\u00e1 \u00feig br\u00e1\u00f0um og munum vi\u00f0 \u00fe\u00e1 talast vi\u00f0 augliti til auglitis. <br \/> <a name=\"15\"><span class=\"versanumer_2007\">15<\/span><\/a> Fri\u00f0ur s\u00e9 me\u00f0 \u00fe\u00e9r. Vinirnir bi\u00f0ja a\u00f0 heilsa \u00fe\u00e9r. Heilsa \u00fe\u00fa vinunum hverjum fyrir sig. <\/p>\n","protected":false},"excerpt":{"rendered":"<p>Kve\u00f0ja 1 \u00d6ldungurinn heilsar elsku\u00f0um Gajusi sem \u00e9g ann \u00ed sannleika. 2 \u00c9g bi\u00f0 \u00feess, minn elska\u00f0i, a\u00f0 \u00fe\u00e9r vegni vel \u00ed \u00f6llu, \u00fe\u00fa s\u00e9rt heill heilsu og \u00fe\u00e9r l\u00ed\u00f0i vel \u00ed s\u00e1l og sinni. 3 \u00c9g var\u00f0 mj\u00f6g gla\u00f0ur \u00feegar br\u00e6\u00f0ur komu og greindu fr\u00e1 hve tr\u00far \u00fe\u00fa ert sannleikanum og breytir eftir honum. 4 \u00c9g hef enga meiri gle\u00f0i en \u00fe\u00e1 a\u00f0 heyra a\u00f0 b\u00f6rnin m\u00edn hl\u00fd\u00f0i sannleikanum. Samverkamenn sannleikans 5 \u00de\u00fa s\u00fdnir tr\u00fana\u00f0 \u00feinn, minn elska\u00f0i, \u00ed \u00f6llu sem \u00fe\u00fa vinnur fyrir s\u00f6fnu\u00f0inn[ og jafnvel \u00f3kunna menn. 6 \u00deeir hafa vitna\u00f0 fyrir s\u00f6fnu\u00f0inum um k\u00e6rleika \u00feinn. \u00de\u00fa <a href=\"https:\/\/biblian.is\/biblian\/thridja-johannesarbref-1-kafli\/\"> [&#8230;]<\/a><\/p>\n","protected":false},"author":1,"featured_media":0,"parent":0,"menu_order":0,"comment_status":"open","ping_status":"open","template":"bibliukaflar_NT.php","meta":{"footnotes":""},"class_list":["post-2783","page","type-page","status-publish","hentry"],"_links":{"self":[{"href":"https:\/\/biblian.is\/biblian\/wp-json\/wp\/v2\/pages\/2783","targetHints":{"allow":["GET"]}}],"collection":[{"href":"https:\/\/biblian.is\/biblian\/wp-json\/wp\/v2\/pages"}],"about":[{"href":"https:\/\/biblian.is\/biblian\/wp-json\/wp\/v2\/types\/page"}],"author":[{"embeddable":true,"href":"https:\/\/biblian.is\/biblian\/wp-json\/wp\/v2\/users\/1"}],"replies":[{"embeddable":true,"href":"https:\/\/biblian.is\/biblian\/wp-json\/wp\/v2\/comments?post=2783"}],"version-history":[{"count":0,"href":"https:\/\/biblian.is\/biblian\/wp-json\/wp\/v2\/pages\/2783\/revisions"}],"wp:attachment":[{"href":"https:\/\/biblian.is\/biblian\/wp-json\/wp\/v2\/media?parent=2783"}],"curies":[{"name":"wp","href":"https:\/\/api.w.org\/{rel}","templated":true}]}}