{"id":2782,"date":"2017-12-30T21:04:39","date_gmt":"2017-12-30T21:04:39","guid":{"rendered":"http:\/\/biblian.is\/biblian\/anna_-j%c2%97hannesarbr%c2%8ef-1-kafli\/"},"modified":"2019-08-26T23:26:36","modified_gmt":"2019-08-26T23:26:36","slug":"annad-johannesarbref-1-kafli","status":"publish","type":"page","link":"https:\/\/biblian.is\/biblian\/annad-johannesarbref-1-kafli\/","title":{"rendered":"Anna\u00f0 J\u00f3hannesarbr\u00e9f 1. kafli"},"content":{"rendered":"<h3 class=\"millifyrirsogn_2007\"> Kve\u00f0ja<\/h3>\n<p><a name=\"1\"><span class=\"versanumer_2007\">1<\/span><\/a> \u00d6ldungurinn heilsar hinni \u00fatv\u00f6ldu fr\u00fa og b\u00f6rnum hennar sem \u00e9g elska sannarlega. Og ekki \u00e9g einn heldur einnig allir sem \u00feekkja sannleikann. <a name=\"2\"><span class=\"versanumer_2007\">2<\/span><\/a> Vi\u00f0 gerum \u00fea\u00f0 sakir sannleikans sem \u00ed okkur er og mun vera hj\u00e1 okkur til eil\u00edf\u00f0ar. <a name=\"3\"><span class=\"versanumer_2007\">3<\/span><\/a> N\u00e1\u00f0, miskunn og fri\u00f0ur fr\u00e1 Gu\u00f0i f\u00f6\u00f0ur og fr\u00e1 Jes\u00fa Kristi, syni f\u00f6\u00f0urins, mun vera me\u00f0 okkur \u00ed sannleika og k\u00e6rleika.<\/p>\n<h3 class=\"millifyrirsogn_2007\">Elska og sannleikur<\/h3>\n<p><a name=\"4\"><span class=\"versanumer_2007\">4<\/span><\/a> \u00dea\u00f0 hefur glatt mig mj\u00f6g a\u00f0 \u00e9g hef fundi\u00f0 nokkur barna \u00feinna sem lifa \u00ed sannleikanum eins og fa\u00f0irinn bau\u00f0 okkur. <a name=\"5\"><span class=\"versanumer_2007\">5<\/span><\/a> Og n\u00fa bi\u00f0 \u00e9g \u00feig, fr\u00fa m\u00edn g\u00f3\u00f0, og er \u00fe\u00e1 ekki a\u00f0 skrifa \u00fe\u00e9r n\u00fdtt bo\u00f0or\u00f0, heldur \u00fea\u00f0 er vi\u00f0 h\u00f6f\u00f0um fr\u00e1 upphafi: Vi\u00f0 skulum elska hvert anna\u00f0. <a name=\"6\"><span class=\"versanumer_2007\">6<\/span><\/a> K\u00e6rleikurinn felst \u00ed a\u00f0 vi\u00f0 lifum eftir bo\u00f0or\u00f0um hans. \u00deetta er bo\u00f0or\u00f0i\u00f0, eins og \u00fei\u00f0 heyr\u00f0u\u00f0 \u00fea\u00f0 fr\u00e1 upphafi til \u00feess a\u00f0 \u00fei\u00f0 skyldu\u00f0 breyta samkv\u00e6mt \u00fev\u00ed.<br \/> <a name=\"7\"><span class=\"versanumer_2007\">7<\/span><\/a> \u00dev\u00ed a\u00f0 margir afvegalei\u00f0endur eru farnir \u00fat \u00ed heiminn sem ekki j\u00e1ta a\u00f0 Jes\u00fas s\u00e9 Kristur, kominn sem ma\u00f0ur. \u00deetta er afvegalei\u00f0andinn og andkristurinn. <a name=\"8\"><span class=\"versanumer_2007\">8<\/span><\/a> Hafi\u00f0 g\u00e6tur \u00e1 sj\u00e1lfum ykkur a\u00f0 \u00fei\u00f0 missi\u00f0 ekki \u00fea\u00f0 sem vi\u00f0 h\u00f6fum<span class=\"nedan_mal\" title=\" Annar lesh\u00e1ttur: \u00fei\u00f0 hafi\u00f0.\">[<\/span> \u00e1unni\u00f0 heldur megi\u00f0 f\u00e1 full laun. <a name=\"9\"><span class=\"versanumer_2007\">9<\/span><\/a> S\u00e9rhver sem fer s\u00ednu fram og er ekki sta\u00f0fastur \u00ed kenningu Krists \u00e1 ekki Gu\u00f0. Hinn sem er sta\u00f0fastur \u00ed kenningunni \u00e1 b\u00e6\u00f0i f\u00f6\u00f0urinn og soninn. <a name=\"10\"><span class=\"versanumer_2007\">10<\/span><\/a> Ef einhver kemur til ykkar og bo\u00f0ar a\u00f0ra kenningu, \u00fe\u00e1 taki\u00f0 hann ekki \u00e1 heimili ykkar og bj\u00f3\u00f0i\u00f0 hann ekki velkominn. <a name=\"11\"><span class=\"versanumer_2007\">11<\/span><\/a> \u00dev\u00ed a\u00f0 s\u00e1 sem b\u00fd\u00f0ur hann velkominn tekur \u00fe\u00e1tt \u00ed hans vondu verkum. <br \/> <a name=\"12\"><span class=\"versanumer_2007\">12<\/span><\/a> \u00de\u00f3tt \u00e9g hafi margt a\u00f0 rita ykkur vildi \u00e9g ekki gera \u00fea\u00f0 me\u00f0 papp\u00edr og bleki heldur vona a\u00f0 koma til ykkar og sj\u00e1 ykkur og tala vi\u00f0 ykkur til \u00feess a\u00f0 gle\u00f0i okkar ver\u00f0i fullkomin. <a name=\"13\"><span class=\"versanumer_2007\">13<\/span><\/a> B\u00f6rn systur \u00feinnar, hinnar \u00fatv\u00f6ldu, bi\u00f0ja a\u00f0 heilsa \u00fe\u00e9r. <\/p>\n","protected":false},"excerpt":{"rendered":"<p>Kve\u00f0ja 1 \u00d6ldungurinn heilsar hinni \u00fatv\u00f6ldu fr\u00fa og b\u00f6rnum hennar sem \u00e9g elska sannarlega. Og ekki \u00e9g einn heldur einnig allir sem \u00feekkja sannleikann. 2 Vi\u00f0 gerum \u00fea\u00f0 sakir sannleikans sem \u00ed okkur er og mun vera hj\u00e1 okkur til eil\u00edf\u00f0ar. 3 N\u00e1\u00f0, miskunn og fri\u00f0ur fr\u00e1 Gu\u00f0i f\u00f6\u00f0ur og fr\u00e1 Jes\u00fa Kristi, syni f\u00f6\u00f0urins, mun vera me\u00f0 okkur \u00ed sannleika og k\u00e6rleika. Elska og sannleikur 4 \u00dea\u00f0 hefur glatt mig mj\u00f6g a\u00f0 \u00e9g hef fundi\u00f0 nokkur barna \u00feinna sem lifa \u00ed sannleikanum eins og fa\u00f0irinn bau\u00f0 okkur. 5 Og n\u00fa bi\u00f0 \u00e9g \u00feig, fr\u00fa m\u00edn g\u00f3\u00f0, og er \u00fe\u00e1 <a href=\"https:\/\/biblian.is\/biblian\/annad-johannesarbref-1-kafli\/\"> [&#8230;]<\/a><\/p>\n","protected":false},"author":1,"featured_media":0,"parent":0,"menu_order":0,"comment_status":"open","ping_status":"open","template":"bibliukaflar_NT.php","meta":{"footnotes":""},"class_list":["post-2782","page","type-page","status-publish","hentry"],"_links":{"self":[{"href":"https:\/\/biblian.is\/biblian\/wp-json\/wp\/v2\/pages\/2782","targetHints":{"allow":["GET"]}}],"collection":[{"href":"https:\/\/biblian.is\/biblian\/wp-json\/wp\/v2\/pages"}],"about":[{"href":"https:\/\/biblian.is\/biblian\/wp-json\/wp\/v2\/types\/page"}],"author":[{"embeddable":true,"href":"https:\/\/biblian.is\/biblian\/wp-json\/wp\/v2\/users\/1"}],"replies":[{"embeddable":true,"href":"https:\/\/biblian.is\/biblian\/wp-json\/wp\/v2\/comments?post=2782"}],"version-history":[{"count":0,"href":"https:\/\/biblian.is\/biblian\/wp-json\/wp\/v2\/pages\/2782\/revisions"}],"wp:attachment":[{"href":"https:\/\/biblian.is\/biblian\/wp-json\/wp\/v2\/media?parent=2782"}],"curies":[{"name":"wp","href":"https:\/\/api.w.org\/{rel}","templated":true}]}}