{"id":2780,"date":"2017-12-30T21:04:39","date_gmt":"2017-12-30T21:04:39","guid":{"rendered":"http:\/\/biblian.is\/biblian\/fyrsta-j%c2%97hannesarbr%c2%8ef-4-kafli\/"},"modified":"2019-08-26T23:26:37","modified_gmt":"2019-08-26T23:26:37","slug":"fyrsta-johannesarbref-4-kafli","status":"publish","type":"page","link":"https:\/\/biblian.is\/biblian\/fyrsta-johannesarbref-4-kafli\/","title":{"rendered":"Fyrsta J\u00f3hannesarbr\u00e9f 4. kafli"},"content":{"rendered":"<h3 class=\"millifyrirsogn_2007\"> Andi sannleikans og andi villunnar<\/h3>\n<p><a name=\"1\"><span class=\"versanumer_2007\">1<\/span><\/a> \u00dei\u00f0 elsku\u00f0u, tr\u00fai\u00f0 ekki \u00f6llum sem segjast hafa andann, reyni\u00f0 \u00fe\u00e1 heldur og komist a\u00f0 \u00fev\u00ed hvort andinn s\u00e9 fr\u00e1 Gu\u00f0i. \u00dev\u00ed margir falssp\u00e1menn eru farnir \u00fat \u00ed heiminn. <a name=\"2\"><span class=\"versanumer_2007\">2<\/span><\/a> Af \u00feessu geti\u00f0 \u00fei\u00f0 \u00feekkt anda Gu\u00f0s: S\u00e9rhver andi, sem j\u00e1tar a\u00f0 Jes\u00fas s\u00e9 Kristur kominn sem ma\u00f0ur, er fr\u00e1 Gu\u00f0i. <a name=\"3\"><span class=\"versanumer_2007\">3<\/span><\/a> En s\u00e9rhver andi sem ekki j\u00e1tar Jes\u00fa er ekki fr\u00e1 Gu\u00f0i. Hann er andkristsins andi sem \u00fei\u00f0 hafi\u00f0 heyrt um a\u00f0 komi og n\u00fa \u00feegar er hann \u00ed heiminum.<br \/> <a name=\"4\"><span class=\"versanumer_2007\">4<\/span><\/a> B\u00f6rnin m\u00edn, \u00fei\u00f0 eru\u00f0 af Gu\u00f0i og hafi\u00f0 sigra\u00f0 falssp\u00e1mennina \u00fev\u00ed a\u00f0 andinn sem er \u00ed ykkur er \u00f6flugri en andinn sem er \u00ed heiminum. <a name=\"5\"><span class=\"versanumer_2007\">5<\/span><\/a> Falssp\u00e1mennirnir eru af heiminum. \u00deess vegna tala \u00feeir eins og heimurinn talar og heimurinn hl\u00fd\u00f0ir \u00e1 \u00fe\u00e1. <a name=\"6\"><span class=\"versanumer_2007\">6<\/span><\/a> Vi\u00f0 erum af Gu\u00f0i. Hver sem \u00feekkir Gu\u00f0 hl\u00fd\u00f0ir \u00e1 okkur. S\u00e1 sem ekki er af Gu\u00f0i hl\u00fd\u00f0ir ekki \u00e1 okkur. Af \u00feessu \u00feekkjum vi\u00f0 andann sem flytur sannleikann og andann sem fer me\u00f0 lygar. <\/p>\n<h3 class=\"millifyrirsogn_2007\">K\u00e6rleikur Gu\u00f0s<\/h3>\n<p><a name=\"7\"><span class=\"versanumer_2007\">7<\/span><\/a> \u00dei\u00f0 elsku\u00f0u, elskum hvert anna\u00f0 \u00fev\u00ed a\u00f0 k\u00e6rleikurinn er fr\u00e1 Gu\u00f0i kominn og hver sem elskar er barn Gu\u00f0s og \u00feekkir Gu\u00f0. <a name=\"8\"><span class=\"versanumer_2007\">8<\/span><\/a> S\u00e1 sem ekki elskar \u00feekkir ekki Gu\u00f0 \u00fev\u00ed a\u00f0 Gu\u00f0 er k\u00e6rleikur. <a name=\"9\"><span class=\"versanumer_2007\">9<\/span><\/a> \u00cd \u00fev\u00ed birtist k\u00e6rleikur Gu\u00f0s til okkar a\u00f0 Gu\u00f0 hefur sent einkason sinn \u00ed heiminn til \u00feess a\u00f0 hann skyldi veita okkur n\u00fdtt l\u00edf. <a name=\"10\"><span class=\"versanumer_2007\">10<\/span><\/a> \u00deetta er k\u00e6rleikurinn: Ekki a\u00f0 vi\u00f0 elsku\u00f0um Gu\u00f0 heldur a\u00f0 hann elska\u00f0i okkur og sendi son sinn til a\u00f0 vera fri\u00f0\u00fe\u00e6ging fyrir syndir okkar. <br \/> <a name=\"11\"><span class=\"versanumer_2007\">11<\/span><\/a> \u00dei\u00f0 elsku\u00f0u, fyrst Gu\u00f0 hefur elska\u00f0 okkur svo miki\u00f0 \u00fe\u00e1 ber okkur einnig a\u00f0 elska hvert anna\u00f0. <a name=\"12\"><span class=\"versanumer_2007\">12<\/span><\/a> Enginn hefur nokkurn t\u00edma s\u00e9\u00f0 Gu\u00f0. Ef vi\u00f0 elskum hvert anna\u00f0 \u00fe\u00e1 er Gu\u00f0 \u00ed okkur og k\u00e6rleikur hans er fullkomna\u00f0ur \u00ed okkur. <a name=\"13\"><span class=\"versanumer_2007\">13<\/span><\/a> Gu\u00f0 hefur gefi\u00f0 okkur anda sinn og \u00feannig vitum vi\u00f0 a\u00f0 vi\u00f0 erum \u00ed honum og hann \u00ed okkur. <a name=\"14\"><span class=\"versanumer_2007\">14<\/span><\/a> Vi\u00f0 h\u00f6fum s\u00e9\u00f0 og vitnum a\u00f0 fa\u00f0irinn hefur sent soninn til a\u00f0 vera frelsari heimsins. <a name=\"15\"><span class=\"versanumer_2007\">15<\/span><\/a> Hver sem j\u00e1tar a\u00f0 Jes\u00fas s\u00e9 sonur Gu\u00f0s, \u00ed honum er Gu\u00f0 st\u00f6\u00f0ugur og hann \u00ed Gu\u00f0i. <a name=\"16\"><span class=\"versanumer_2007\">16<\/span><\/a> Vi\u00f0 \u00feekkjum k\u00e6rleikann, sem Gu\u00f0 hefur \u00e1 okkur, og tr\u00faum \u00e1 hann. <br \/>Gu\u00f0 er k\u00e6rleikur og s\u00e1 sem er st\u00f6\u00f0ugur \u00ed k\u00e6rleikanum er st\u00f6\u00f0ugur \u00ed Gu\u00f0i og Gu\u00f0 er st\u00f6\u00f0ugur \u00ed honum. <a name=\"17\"><span class=\"versanumer_2007\">17<\/span><\/a> F\u00e1um vi\u00f0 elska\u00f0 hvert anna\u00f0 og lifa\u00f0 eins og Kristur lif\u00f0i h\u00e9r \u00e1 j\u00f6r\u00f0, ver\u00f0um vi\u00f0 full dj\u00f6rfungar \u00e1 degi d\u00f3msins. <a name=\"18\"><span class=\"versanumer_2007\">18<\/span><\/a> \u00d3tti er ekki \u00ed elskunni. Fullkomin elska rekur \u00fat \u00f3ttann. \u00dev\u00ed a\u00f0 \u00f3ttinn b\u00fdst vi\u00f0 hegningu en s\u00e1 sem \u00f3ttast er ekki fullkominn \u00ed elskunni.<br \/> <a name=\"19\"><span class=\"versanumer_2007\">19<\/span><\/a> Vi\u00f0 elskum \u00fev\u00ed a\u00f0 Gu\u00f0 elska\u00f0i okkur a\u00f0 fyrra brag\u00f0i. <a name=\"20\"><span class=\"versanumer_2007\">20<\/span><\/a> Ef einhver segir: \u201e\u00c9g elska Gu\u00f0,\u201c en hatar tr\u00fasystkin s\u00edn<span class=\"nedan_mal\" title=\" Or\u00f0r\u00e9tt: br\u00f3\u00f0ur sinn.\">[<\/span> er s\u00e1 lygari. \u00dev\u00ed a\u00f0 s\u00e1 sem elskar ekki br\u00f3\u00f0ur sinn e\u00f0a systur,<span class=\"nedan_mal\" title=\" Or\u00f0r\u00e9tt: br\u00f3\u00f0ur sinn.\">[<\/span> sem hann hefur s\u00e9\u00f0, getur ekki elska\u00f0 Gu\u00f0 sem hann hefur ekki s\u00e9\u00f0. <a name=\"21\"><span class=\"versanumer_2007\">21<\/span><\/a> Og \u00feetta bo\u00f0or\u00f0 h\u00f6fum vi\u00f0 fr\u00e1 honum, a\u00f0 s\u00e1 sem elskar Gu\u00f0 \u00e1 einnig a\u00f0 elska br\u00f3\u00f0ur sinn og systur.<span class=\"nedan_mal\" title=\" Or\u00f0r\u00e9tt: br\u00f3\u00f0ur sinn.\">[<\/span> <\/p>\n","protected":false},"excerpt":{"rendered":"<p>Andi sannleikans og andi villunnar 1 \u00dei\u00f0 elsku\u00f0u, tr\u00fai\u00f0 ekki \u00f6llum sem segjast hafa andann, reyni\u00f0 \u00fe\u00e1 heldur og komist a\u00f0 \u00fev\u00ed hvort andinn s\u00e9 fr\u00e1 Gu\u00f0i. \u00dev\u00ed margir falssp\u00e1menn eru farnir \u00fat \u00ed heiminn. 2 Af \u00feessu geti\u00f0 \u00fei\u00f0 \u00feekkt anda Gu\u00f0s: S\u00e9rhver andi, sem j\u00e1tar a\u00f0 Jes\u00fas s\u00e9 Kristur kominn sem ma\u00f0ur, er fr\u00e1 Gu\u00f0i. 3 En s\u00e9rhver andi sem ekki j\u00e1tar Jes\u00fa er ekki fr\u00e1 Gu\u00f0i. Hann er andkristsins andi sem \u00fei\u00f0 hafi\u00f0 heyrt um a\u00f0 komi og n\u00fa \u00feegar er hann \u00ed heiminum. 4 B\u00f6rnin m\u00edn, \u00fei\u00f0 eru\u00f0 af Gu\u00f0i og hafi\u00f0 sigra\u00f0 falssp\u00e1mennina \u00fev\u00ed a\u00f0 <a href=\"https:\/\/biblian.is\/biblian\/fyrsta-johannesarbref-4-kafli\/\"> [&#8230;]<\/a><\/p>\n","protected":false},"author":1,"featured_media":0,"parent":0,"menu_order":0,"comment_status":"open","ping_status":"open","template":"bibliukaflar_NT.php","meta":{"footnotes":""},"class_list":["post-2780","page","type-page","status-publish","hentry"],"_links":{"self":[{"href":"https:\/\/biblian.is\/biblian\/wp-json\/wp\/v2\/pages\/2780","targetHints":{"allow":["GET"]}}],"collection":[{"href":"https:\/\/biblian.is\/biblian\/wp-json\/wp\/v2\/pages"}],"about":[{"href":"https:\/\/biblian.is\/biblian\/wp-json\/wp\/v2\/types\/page"}],"author":[{"embeddable":true,"href":"https:\/\/biblian.is\/biblian\/wp-json\/wp\/v2\/users\/1"}],"replies":[{"embeddable":true,"href":"https:\/\/biblian.is\/biblian\/wp-json\/wp\/v2\/comments?post=2780"}],"version-history":[{"count":0,"href":"https:\/\/biblian.is\/biblian\/wp-json\/wp\/v2\/pages\/2780\/revisions"}],"wp:attachment":[{"href":"https:\/\/biblian.is\/biblian\/wp-json\/wp\/v2\/media?parent=2780"}],"curies":[{"name":"wp","href":"https:\/\/api.w.org\/{rel}","templated":true}]}}