{"id":2779,"date":"2017-12-30T21:04:39","date_gmt":"2017-12-30T21:04:39","guid":{"rendered":"http:\/\/biblian.is\/biblian\/fyrsta-j%c2%97hannesarbr%c2%8ef-3-kafli\/"},"modified":"2019-08-26T23:26:37","modified_gmt":"2019-08-26T23:26:37","slug":"fyrsta-johannesarbref-3-kafli","status":"publish","type":"page","link":"https:\/\/biblian.is\/biblian\/fyrsta-johannesarbref-3-kafli\/","title":{"rendered":"Fyrsta J\u00f3hannesarbr\u00e9f 3. kafli"},"content":{"rendered":"<h3 class=\"millifyrirsogn_2007\"> B\u00f6rn Gu\u00f0s<\/h3>\n<p><a name=\"1\"><span class=\"versanumer_2007\">1<\/span><\/a> Sj\u00e1i\u00f0 hv\u00edl\u00edkan k\u00e6rleika fa\u00f0irinn hefur au\u00f0s\u00fdnt okkur, a\u00f0 vi\u00f0 skulum kallast Gu\u00f0s b\u00f6rn. Og \u00fea\u00f0 erum vi\u00f0. Heimurinn \u00feekkir okkur ekki vegna \u00feess a\u00f0 hann \u00feekkti hann ekki. <a name=\"2\"><span class=\"versanumer_2007\">2<\/span><\/a> \u00dei\u00f0 elsku\u00f0u, n\u00fa \u00feegar erum vi\u00f0 Gu\u00f0s b\u00f6rn og \u00fea\u00f0 er enn \u00fe\u00e1 ekki or\u00f0i\u00f0 bert hva\u00f0 vi\u00f0 munum ver\u00f0a. Vi\u00f0 vitum a\u00f0 \u00feegar hann birtist, \u00fe\u00e1 ver\u00f0um vi\u00f0 honum l\u00edk \u00fev\u00ed a\u00f0 vi\u00f0 munum sj\u00e1 hann eins og hann er. <a name=\"3\"><span class=\"versanumer_2007\">3<\/span><\/a> Hver sem hefur \u00feessa von til hans hreinsar sj\u00e1lfan sig eins og Kristur er hreinn. <br \/> <a name=\"4\"><span class=\"versanumer_2007\">4<\/span><\/a> Hver sem dr\u00fdgir synd fremur l\u00f6gm\u00e1lsbrot. Syndin er l\u00f6gm\u00e1lsbrot. <a name=\"5\"><span class=\"versanumer_2007\">5<\/span><\/a> \u00dei\u00f0 viti\u00f0 a\u00f0 Kristur birtist til \u00feess a\u00f0 taka burt syndir.<span class=\"nedan_mal\" title=\" Annar lesh\u00e1ttur: syndir okkar.\">[<\/span> \u00cd honum er engin synd. <a name=\"6\"><span class=\"versanumer_2007\">6<\/span><\/a> Hver sem er st\u00f6\u00f0ugur \u00ed honum syndgar ekki, hver sem heldur \u00e1fram a\u00f0 syndga hefur ekki s\u00e9\u00f0 hann og \u00feekkir hann ekki heldur. <br \/> <a name=\"7\"><span class=\"versanumer_2007\">7<\/span><\/a> B\u00f6rnin m\u00edn, l\u00e1ti\u00f0 engan villa ykkur. S\u00e1 sem i\u00f0kar r\u00e9ttl\u00e6ti\u00f0 er r\u00e9ttl\u00e1tur eins og Kristur er r\u00e9ttl\u00e1tur. <a name=\"8\"><span class=\"versanumer_2007\">8<\/span><\/a> Hver sem syndgar heyrir dj\u00f6flinum til \u00fev\u00ed a\u00f0 dj\u00f6fullinn hefur syndga\u00f0 fr\u00e1 upphafi. Til \u00feess birtist Gu\u00f0s sonur a\u00f0 hann skyldi brj\u00f3ta ni\u00f0ur verk dj\u00f6fulsins. <a name=\"9\"><span class=\"versanumer_2007\">9<\/span><\/a> Hver sem af Gu\u00f0i er f\u00e6ddur syndgar ekki \u00fev\u00ed a\u00f0 \u00fea\u00f0 sem Gu\u00f0 hefur \u00ed hann s\u00e1\u00f0 varir \u00ed honum. Hann getur ekki syndga\u00f0 af \u00fev\u00ed a\u00f0 hann er f\u00e6ddur af Gu\u00f0i. <a name=\"10\"><span class=\"versanumer_2007\">10<\/span><\/a> Af \u00feessu m\u00e1 greina a\u00f0 b\u00f6rn Gu\u00f0s og b\u00f6rn dj\u00f6fulsins. S\u00e1 sem i\u00f0kar ekki r\u00e9ttl\u00e6ti og elskar ekki br\u00f3\u00f0ur sinn heyrir ekki Gu\u00f0i til. <\/p>\n<h3 class=\"millifyrirsogn_2007\">Elskum hvert anna\u00f0<\/h3>\n<p><a name=\"11\"><span class=\"versanumer_2007\">11<\/span><\/a> \u00dev\u00ed a\u00f0 \u00feetta er s\u00e1 bo\u00f0skapur sem \u00fei\u00f0 hafi\u00f0 heyrt fr\u00e1 upphafi: Vi\u00f0 eigum a\u00f0 elska hvert anna\u00f0. <a name=\"12\"><span class=\"versanumer_2007\">12<\/span><\/a> Ekki vera eins og Kain sem var af hinum vonda og myrti br\u00f3\u00f0ur sinn. Og af hverju myrti hann hann? Af \u00fev\u00ed a\u00f0 verk hans voru vond en verk br\u00f3\u00f0ur hans g\u00f3\u00f0. <br \/> <a name=\"13\"><span class=\"versanumer_2007\">13<\/span><\/a> Undrist ekki, systkin, \u00fe\u00f3tt heimurinn hati ykkur. <a name=\"14\"><span class=\"versanumer_2007\">14<\/span><\/a> Vi\u00f0 vitum a\u00f0 vi\u00f0 erum komin yfir fr\u00e1 dau\u00f0anum til l\u00edfsins af \u00fev\u00ed a\u00f0 vi\u00f0 elskum br\u00e6\u00f0ur okkar og systur.<span class=\"nedan_mal\" title=\" Or\u00f0r\u00e9tt: br\u00e6\u00f0ur okkar.\">[<\/span> S\u00e1 sem ekki elskar er \u00e1fram \u00ed dau\u00f0anum. <a name=\"15\"><span class=\"versanumer_2007\">15<\/span><\/a> Hver sem hatar br\u00f3\u00f0ur sinn e\u00f0a systur<span class=\"nedan_mal\" title=\" Or\u00f0r\u00e9tt: br\u00f3\u00f0ur sinn.\">[<\/span> er manndr\u00e1pari og \u00fei\u00f0 viti\u00f0 a\u00f0 enginn manndr\u00e1pari hefur eil\u00edft l\u00edf \u00ed s\u00e9r. <a name=\"16\"><span class=\"versanumer_2007\">16<\/span><\/a> Af \u00fev\u00ed \u00feekkjum vi\u00f0 k\u00e6rleikann a\u00f0 Jes\u00fas l\u00e9t l\u00edfi\u00f0 fyrir okkur. Svo eigum vi\u00f0 og a\u00f0 l\u00e1ta l\u00edfi\u00f0 hvert fyrir anna\u00f0. <a name=\"17\"><span class=\"versanumer_2007\">17<\/span><\/a> Ef s\u00e1 sem hefur heimsins g\u00e6\u00f0i horfir \u00e1 br\u00f3\u00f0ur sinn e\u00f0a systur<span class=\"nedan_mal\" title=\" Or\u00f0r\u00e9tt: br\u00f3\u00f0ur sinn.\">[<\/span> vera \u00feurfandi og l\u00fdkur aftur hjarta s\u00ednu fyrir \u00feeim, hvernig getur k\u00e6rleikur til Gu\u00f0s veri\u00f0 st\u00f6\u00f0ugur \u00ed honum? <a name=\"18\"><span class=\"versanumer_2007\">18<\/span><\/a> B\u00f6rnin m\u00edn, elskum ekki me\u00f0 t\u00f3mum or\u00f0um heldur \u00ed verki og sannleika. <br \/> <a name=\"19\"><span class=\"versanumer_2007\">19<\/span><\/a> Af \u00feessu munum vi\u00f0 \u00feekkja a\u00f0 vi\u00f0 erum sannleikans megin og munum geta fri\u00f0a\u00f0 hj\u00f6rtu okkar frammi fyrir honum, <a name=\"20\"><span class=\"versanumer_2007\">20<\/span><\/a> hva\u00f0 sem hjarta okkar kann a\u00f0 d\u00e6ma okkur fyrir. \u00dev\u00ed a\u00f0 Gu\u00f0 er meiri en hjarta okkar og \u00feekkir allt. <a name=\"21\"><span class=\"versanumer_2007\">21<\/span><\/a> \u00dei\u00f0 elsku\u00f0u, ef hjarta\u00f0 d\u00e6mir okkur ekki, \u00fe\u00e1 h\u00f6fum vi\u00f0 dj\u00f6rfung til Gu\u00f0s. <a name=\"22\"><span class=\"versanumer_2007\">22<\/span><\/a> Og hva\u00f0 sem vi\u00f0 bi\u00f0jum um f\u00e1um vi\u00f0 hj\u00e1 honum af \u00fev\u00ed a\u00f0 vi\u00f0 h\u00f6ldum bo\u00f0or\u00f0 hans og gerum \u00fea\u00f0 sem honum er \u00fe\u00f3knanlegt. <a name=\"23\"><span class=\"versanumer_2007\">23<\/span><\/a> Og \u00feetta er hans bo\u00f0or\u00f0, a\u00f0 vi\u00f0 skulum tr\u00faa \u00e1 nafn sonar hans Jes\u00fa Krists og elska hvert anna\u00f0, samkv\u00e6mt \u00fev\u00ed sem hann hefur gefi\u00f0 okkur bo\u00f0or\u00f0 um. <a name=\"24\"><span class=\"versanumer_2007\">24<\/span><\/a> S\u00e1 sem heldur bo\u00f0or\u00f0 Gu\u00f0s er st\u00f6\u00f0ugur \u00ed Gu\u00f0i og Gu\u00f0 \u00ed honum. A\u00f0 hann er st\u00f6\u00f0ugur \u00ed okkur \u00feekkjum vi\u00f0 af andanum sem hann hefur gefi\u00f0 okkur. <\/p>\n","protected":false},"excerpt":{"rendered":"<p>B\u00f6rn Gu\u00f0s 1 Sj\u00e1i\u00f0 hv\u00edl\u00edkan k\u00e6rleika fa\u00f0irinn hefur au\u00f0s\u00fdnt okkur, a\u00f0 vi\u00f0 skulum kallast Gu\u00f0s b\u00f6rn. Og \u00fea\u00f0 erum vi\u00f0. Heimurinn \u00feekkir okkur ekki vegna \u00feess a\u00f0 hann \u00feekkti hann ekki. 2 \u00dei\u00f0 elsku\u00f0u, n\u00fa \u00feegar erum vi\u00f0 Gu\u00f0s b\u00f6rn og \u00fea\u00f0 er enn \u00fe\u00e1 ekki or\u00f0i\u00f0 bert hva\u00f0 vi\u00f0 munum ver\u00f0a. Vi\u00f0 vitum a\u00f0 \u00feegar hann birtist, \u00fe\u00e1 ver\u00f0um vi\u00f0 honum l\u00edk \u00fev\u00ed a\u00f0 vi\u00f0 munum sj\u00e1 hann eins og hann er. 3 Hver sem hefur \u00feessa von til hans hreinsar sj\u00e1lfan sig eins og Kristur er hreinn. 4 Hver sem dr\u00fdgir synd fremur l\u00f6gm\u00e1lsbrot. Syndin er l\u00f6gm\u00e1lsbrot. 5 <a href=\"https:\/\/biblian.is\/biblian\/fyrsta-johannesarbref-3-kafli\/\"> [&#8230;]<\/a><\/p>\n","protected":false},"author":1,"featured_media":0,"parent":0,"menu_order":0,"comment_status":"open","ping_status":"open","template":"bibliukaflar_NT.php","meta":{"footnotes":""},"class_list":["post-2779","page","type-page","status-publish","hentry"],"_links":{"self":[{"href":"https:\/\/biblian.is\/biblian\/wp-json\/wp\/v2\/pages\/2779","targetHints":{"allow":["GET"]}}],"collection":[{"href":"https:\/\/biblian.is\/biblian\/wp-json\/wp\/v2\/pages"}],"about":[{"href":"https:\/\/biblian.is\/biblian\/wp-json\/wp\/v2\/types\/page"}],"author":[{"embeddable":true,"href":"https:\/\/biblian.is\/biblian\/wp-json\/wp\/v2\/users\/1"}],"replies":[{"embeddable":true,"href":"https:\/\/biblian.is\/biblian\/wp-json\/wp\/v2\/comments?post=2779"}],"version-history":[{"count":0,"href":"https:\/\/biblian.is\/biblian\/wp-json\/wp\/v2\/pages\/2779\/revisions"}],"wp:attachment":[{"href":"https:\/\/biblian.is\/biblian\/wp-json\/wp\/v2\/media?parent=2779"}],"curies":[{"name":"wp","href":"https:\/\/api.w.org\/{rel}","templated":true}]}}