{"id":2777,"date":"2017-12-30T21:04:34","date_gmt":"2017-12-30T21:04:34","guid":{"rendered":"http:\/\/biblian.is\/biblian\/fyrsta-j%c2%97hannesarbr%c2%8ef-1-kafli\/"},"modified":"2019-08-26T23:26:37","modified_gmt":"2019-08-26T23:26:37","slug":"fyrsta-johannesarbref-1-kafli","status":"publish","type":"page","link":"https:\/\/biblian.is\/biblian\/fyrsta-johannesarbref-1-kafli\/","title":{"rendered":"Fyrsta J\u00f3hannesarbr\u00e9f 1. kafli"},"content":{"rendered":"<h3 class=\"millifyrirsogn_2007\"> Or\u00f0 l\u00edfsins<\/h3>\n<p><a name=\"1\"><span class=\"versanumer_2007\">1<\/span><\/a> Efni vort er \u00fea\u00f0 sem var fr\u00e1 upphafi, \u00fea\u00f0 sem vi\u00f0 h\u00f6fum heyrt, \u00fea\u00f0 sem vi\u00f0 h\u00f6fum s\u00e9\u00f0 me\u00f0 augunum, \u00fea\u00f0 sem vi\u00f0 horf\u00f0um \u00e1 og hendurnar \u00fereifu\u00f0u \u00e1, \u00fea\u00f0 er or\u00f0 l\u00edfsins. <a name=\"2\"><span class=\"versanumer_2007\">2<\/span><\/a> Og l\u00edfi\u00f0 var opinbera\u00f0 og vi\u00f0 h\u00f6fum s\u00e9\u00f0 \u00fea\u00f0 og vottum um \u00fea\u00f0 og bo\u00f0um ykkur l\u00edfi\u00f0 eil\u00edfa sem var hj\u00e1 f\u00f6\u00f0urnum og var opinbera\u00f0 okkur. <a name=\"3\"><span class=\"versanumer_2007\">3<\/span><\/a> J\u00e1, \u00fea\u00f0 sem vi\u00f0 h\u00f6fum s\u00e9\u00f0 og heyrt \u00fea\u00f0 bo\u00f0um vi\u00f0 ykkur einnig, til \u00feess a\u00f0 \u00fei\u00f0 geti\u00f0 l\u00edka haft samf\u00e9lag vi\u00f0 okkur. Og samf\u00e9lag vort er vi\u00f0 f\u00f6\u00f0urinn og vi\u00f0 son hans Jes\u00fa Krist. <a name=\"4\"><span class=\"versanumer_2007\">4<\/span><\/a> \u00deetta skrifum vi\u00f0 til \u00feess a\u00f0 f\u00f6gnu\u00f0ur vor<span class=\"nedan_mal\" title=\" Annar lesh\u00e1ttur: ykkar.\">[<\/span> ver\u00f0i fullkominn. <\/p>\n<h3 class=\"millifyrirsogn_2007\">L\u00edf \u00ed lj\u00f3si Gu\u00f0s<\/h3>\n<p><a name=\"5\"><span class=\"versanumer_2007\">5<\/span><\/a> Og \u00feetta er bo\u00f0skapurinn sem vi\u00f0 h\u00f6fum heyrt af honum og bo\u00f0um ykkur: \u201eGu\u00f0 er lj\u00f3s og myrkur er alls ekki \u00ed honum.\u201c <a name=\"6\"><span class=\"versanumer_2007\">6<\/span><\/a> Ef vi\u00f0 segjum: \u201eVi\u00f0 h\u00f6fum samf\u00e9lag vi\u00f0 hann,\u201c og g\u00f6ngum \u00fe\u00f3 \u00ed myrkrinu, \u00fe\u00e1 lj\u00fagum vi\u00f0 og i\u00f0kum ekki sannleikann. <a name=\"7\"><span class=\"versanumer_2007\">7<\/span><\/a> En ef vi\u00f0 g\u00f6ngum \u00ed lj\u00f3sinu, eins og hann sj\u00e1lfur er \u00ed lj\u00f3sinu, \u00fe\u00e1 h\u00f6fum vi\u00f0 samf\u00e9lag hvert vi\u00f0 anna\u00f0 og bl\u00f3\u00f0 Jes\u00fa, sonar hans, hreinsar okkur af allri synd. <br \/> <a name=\"8\"><span class=\"versanumer_2007\">8<\/span><\/a> Ef vi\u00f0 segjum: \u201eVi\u00f0 h\u00f6fum ekki synd,\u201c \u00fe\u00e1 blekkjum vi\u00f0 sj\u00e1lf okkur og sannleikurinn er ekki \u00ed okkur. <a name=\"9\"><span class=\"versanumer_2007\">9<\/span><\/a> Ef vi\u00f0 j\u00e1tum syndir okkar, \u00fe\u00e1 er hann tr\u00far og r\u00e9ttl\u00e1tur svo a\u00f0 hann fyrirgefur okkur syndirnar og hreinsar okkur af \u00f6llu rangl\u00e6ti. <a name=\"10\"><span class=\"versanumer_2007\">10<\/span><\/a> Ef vi\u00f0 segjum: \u201eVi\u00f0 h\u00f6fum ekki syndga\u00f0,\u201c \u00fe\u00e1 gerum vi\u00f0 hann a\u00f0 lygara og or\u00f0 hans er ekki \u00ed okkur. <\/p>\n","protected":false},"excerpt":{"rendered":"<p>Or\u00f0 l\u00edfsins 1 Efni vort er \u00fea\u00f0 sem var fr\u00e1 upphafi, \u00fea\u00f0 sem vi\u00f0 h\u00f6fum heyrt, \u00fea\u00f0 sem vi\u00f0 h\u00f6fum s\u00e9\u00f0 me\u00f0 augunum, \u00fea\u00f0 sem vi\u00f0 horf\u00f0um \u00e1 og hendurnar \u00fereifu\u00f0u \u00e1, \u00fea\u00f0 er or\u00f0 l\u00edfsins. 2 Og l\u00edfi\u00f0 var opinbera\u00f0 og vi\u00f0 h\u00f6fum s\u00e9\u00f0 \u00fea\u00f0 og vottum um \u00fea\u00f0 og bo\u00f0um ykkur l\u00edfi\u00f0 eil\u00edfa sem var hj\u00e1 f\u00f6\u00f0urnum og var opinbera\u00f0 okkur. 3 J\u00e1, \u00fea\u00f0 sem vi\u00f0 h\u00f6fum s\u00e9\u00f0 og heyrt \u00fea\u00f0 bo\u00f0um vi\u00f0 ykkur einnig, til \u00feess a\u00f0 \u00fei\u00f0 geti\u00f0 l\u00edka haft samf\u00e9lag vi\u00f0 okkur. Og samf\u00e9lag vort er vi\u00f0 f\u00f6\u00f0urinn og vi\u00f0 son hans Jes\u00fa Krist. 4 <a href=\"https:\/\/biblian.is\/biblian\/fyrsta-johannesarbref-1-kafli\/\"> [&#8230;]<\/a><\/p>\n","protected":false},"author":1,"featured_media":0,"parent":0,"menu_order":0,"comment_status":"open","ping_status":"open","template":"bibliukaflar_NT.php","meta":{"footnotes":""},"class_list":["post-2777","page","type-page","status-publish","hentry"],"_links":{"self":[{"href":"https:\/\/biblian.is\/biblian\/wp-json\/wp\/v2\/pages\/2777","targetHints":{"allow":["GET"]}}],"collection":[{"href":"https:\/\/biblian.is\/biblian\/wp-json\/wp\/v2\/pages"}],"about":[{"href":"https:\/\/biblian.is\/biblian\/wp-json\/wp\/v2\/types\/page"}],"author":[{"embeddable":true,"href":"https:\/\/biblian.is\/biblian\/wp-json\/wp\/v2\/users\/1"}],"replies":[{"embeddable":true,"href":"https:\/\/biblian.is\/biblian\/wp-json\/wp\/v2\/comments?post=2777"}],"version-history":[{"count":0,"href":"https:\/\/biblian.is\/biblian\/wp-json\/wp\/v2\/pages\/2777\/revisions"}],"wp:attachment":[{"href":"https:\/\/biblian.is\/biblian\/wp-json\/wp\/v2\/media?parent=2777"}],"curies":[{"name":"wp","href":"https:\/\/api.w.org\/{rel}","templated":true}]}}