{"id":2775,"date":"2017-12-30T21:04:34","date_gmt":"2017-12-30T21:04:34","guid":{"rendered":"http:\/\/biblian.is\/biblian\/s%c2%92_ara-p%c2%8etursbr%c2%8ef-2-kafli\/"},"modified":"2019-08-26T23:49:48","modified_gmt":"2019-08-26T23:49:48","slug":"sidara-petursbref-2-kafli","status":"publish","type":"page","link":"https:\/\/biblian.is\/biblian\/sidara-petursbref-2-kafli\/","title":{"rendered":"S\u00ed\u00f0ara P\u00e9tursbr\u00e9f 2. kafli"},"content":{"rendered":"<h3 class=\"millifyrirsogn_2007\"> Falssp\u00e1menn<\/h3>\n<p><a name=\"1\"><span class=\"versanumer_2007\">1<\/span><\/a> En falssp\u00e1menn komu einnig upp me\u00f0al l\u00fd\u00f0sins. Eins munu falskennendur l\u00edka ver\u00f0a \u00e1 me\u00f0al ykkar er smeygja munu inn h\u00e1skalegum villukenningum og jafnvel afneita Drottni s\u00ednum, sem keypti \u00fe\u00e1, og lei\u00f0a yfir sj\u00e1lfa sig br\u00e1\u00f0a gl\u00f6tun. <a name=\"2\"><span class=\"versanumer_2007\">2<\/span><\/a> Margir munu fylgja \u00f3lifna\u00f0i \u00feeirra og sakir \u00feeirra mun vegur sannleikans f\u00e1 \u00e1 sig illt or\u00f0. <a name=\"3\"><span class=\"versanumer_2007\">3<\/span><\/a> Af \u00e1girnd munu \u00feeir me\u00f0 uppspunnum or\u00f0um hafa ykkur a\u00f0 f\u00e9\u00fe\u00fafu. En d\u00f3murinn yfir \u00feeim er l\u00f6ngu kve\u00f0inn upp og fyrnist ekki og gl\u00f6tun \u00feeirra blundar ekki.<br \/> <a name=\"4\"><span class=\"versanumer_2007\">4<\/span><\/a> Ekki \u00feyrmdi Gu\u00f0 englunum er \u00feeir syndgu\u00f0u. Hann steypti \u00feeim ni\u00f0ur \u00ed undirdj\u00fapin og setti \u00fe\u00e1 \u00ed myrkrahella<span class=\"nedan_mal\" title=\" Annar lesh\u00e1ttur: myrkrafj\u00f6tur.\">[<\/span> \u00fear sem \u00feeir eru geymdir til d\u00f3msins. <a name=\"5\"><span class=\"versanumer_2007\">5<\/span><\/a> Ekki \u00feyrmdi hann hinum forna heimi en var\u00f0veitti N\u00f3a, bo\u00f0bera r\u00e9ttl\u00e6tisins, vi\u00f0 \u00e1ttunda mann er hann l\u00e9t vatnsfl\u00f3\u00f0 koma yfir heim hinna \u00f3gu\u00f0legu. <a name=\"6\"><span class=\"versanumer_2007\">6<\/span><\/a> Hann d\u00e6mdi borgirnar S\u00f3d\u00f3mu og G\u00f3morru til ey\u00f0ingar og brenndi \u00fe\u00e6r til \u00f6sku og setti \u00fe\u00e6r til vi\u00f0v\u00f6runar \u00feeim er s\u00ed\u00f0ar lif\u00f0u \u00f3gu\u00f0lega. <a name=\"7\"><span class=\"versanumer_2007\">7<\/span><\/a> En hann frelsa\u00f0i Lot, hinn r\u00e9ttl\u00e1ta mann, er m\u00e6ddist af sv\u00edvir\u00f0ilegum lifna\u00f0i hinna gu\u00f0lausu. <a name=\"8\"><span class=\"versanumer_2007\">8<\/span><\/a> S\u00e1 r\u00e9ttl\u00e1ti ma\u00f0ur bj\u00f3 \u00e1 me\u00f0al \u00feeirra og m\u00e6ddist \u00ed sinni r\u00e9ttl\u00e1tu s\u00e1lu dag fr\u00e1 degi af \u00feeim \u00f3l\u00f6glegu verkum er hann s\u00e1 og heyr\u00f0i. <br \/> <a name=\"9\"><span class=\"versanumer_2007\">9<\/span><\/a> \u00deannig veit Drottinn hvernig hann \u00e1 a\u00f0 hr\u00edfa hina gu\u00f0hr\u00e6ddu \u00far freistingu en refsa hinum rangl\u00e1tu og geyma \u00fe\u00e1 til d\u00f3msdags, <a name=\"10\"><span class=\"versanumer_2007\">10<\/span><\/a> einkum \u00fe\u00e1 sem \u00ed breytni sinni stj\u00f3rnast af saurl\u00edfisf\u00fdsn og fyrirl\u00edta drottinvald.<br \/>\u00deessir f\u00edfldj\u00f6rfu sj\u00e1lfbirgingar skirrast ekki vi\u00f0 a\u00f0 lastm\u00e6la tignum. <a name=\"11\"><span class=\"versanumer_2007\">11<\/span><\/a> Jafnvel englarnir, sem eru \u00feeim meiri a\u00f0 m\u00e6tti og valdi, fara ekki me\u00f0 gu\u00f0last \u00feegar \u00feeir \u00e1k\u00e6ra \u00fe\u00e1 hj\u00e1 Drottni. <br \/> <a name=\"12\"><span class=\"versanumer_2007\">12<\/span><\/a> \u00deessir menn eru eins og skynlausar skepnur sem eru f\u00e6ddar til a\u00f0 vei\u00f0ast og tort\u00edmast. \u00deeir lastm\u00e6la \u00fev\u00ed sem \u00feeir skilja ekki og munu \u00feess vegna farast eins og d\u00fdrin <a name=\"13\"><span class=\"versanumer_2007\">13<\/span><\/a> og f\u00e1 \u00feannig a\u00f0 l\u00ed\u00f0a fyrir hi\u00f0 illa sem \u00feeir ger\u00f0u. <br \/>\u00deeir hafa yndi af a\u00f0 svalla um mi\u00f0jan dag. \u00deeir eru sk\u00f6mm og sm\u00e1n \u00feegar \u00feeir blekkja ykkur og neyta m\u00e1lt\u00ed\u00f0a me\u00f0 ykkur og svalla. <a name=\"14\"><span class=\"versanumer_2007\">14<\/span><\/a> Augu \u00feeirra eru full h\u00f3rd\u00f3ms og \u00feeim ver\u00f0ur ekki fr\u00e1 syndinni haldi\u00f0. \u00deeir fleka \u00f3styrkar s\u00e1lir, hjarta \u00feeirra hefur tami\u00f0 s\u00e9r \u00e1girnd. \u00dea\u00f0 er b\u00f6lvun yfir \u00feeim. <a name=\"15\"><span class=\"versanumer_2007\">15<\/span><\/a> \u00deeir hafa fari\u00f0 af r\u00e9tta veginum og lent \u00ed villu. \u00deeir fara s\u00f6mu lei\u00f0 og B\u00edleam, sonur B\u00f3sors,<span class=\"nedan_mal\" title=\" Annar lesh\u00e1ttur: Be\u00f3rs; sj\u00e1 4M\u00f3s 22.-24. kafla.\">[<\/span> sem elska\u00f0i rangl\u00e6tislaun. <a name=\"16\"><span class=\"versanumer_2007\">16<\/span><\/a> En hann f\u00e9kk \u00e1drepu fyrir gl\u00e6p sinn. M\u00e1llaus eykurinn tala\u00f0i mannam\u00e1l og aftra\u00f0i f\u00e1sinnu sp\u00e1mannsins. <br \/> <a name=\"17\"><span class=\"versanumer_2007\">17<\/span><\/a> Vatnslausir brunnar eru \u00feessir menn, \u00feoka hrakin af hvassvi\u00f0ri, \u00feeirra b\u00ed\u00f0ur d\u00fdpsta myrkur. <a name=\"18\"><span class=\"versanumer_2007\">18<\/span><\/a> \u00deeir l\u00e1ta klingja innant\u00f3m diguryr\u00f0i og t\u00e6la me\u00f0 holdlegum girndum og sv\u00edvir\u00f0ilegum lifna\u00f0i \u00fe\u00e1 sem eru \u00ed \u00feann veginn a\u00f0 sleppa fr\u00e1 \u00feeim sem ganga \u00ed villu. <a name=\"19\"><span class=\"versanumer_2007\">19<\/span><\/a> \u00deeir heita \u00feeim frelsi \u00fe\u00f3tt \u00feeir s\u00e9u sj\u00e1lfir \u00fer\u00e6lar spillingarinnar \u00fev\u00ed a\u00f0 s\u00e9rhver ver\u00f0ur \u00fer\u00e6ll \u00feess sem hann hefur be\u00f0i\u00f0 \u00f3sigur fyrir. <a name=\"20\"><span class=\"versanumer_2007\">20<\/span><\/a> Ef \u00feeir sem sluppu fr\u00e1 saurgun heimsins, af \u00fev\u00ed a\u00f0 \u00feeir \u00feekktu Drottin vorn og frelsara Jes\u00fa Krist, fl\u00e6kja sig \u00ed heimi a\u00f0 n\u00fdju og b\u00ed\u00f0a \u00f3sigur, \u00fe\u00e1 er hi\u00f0 s\u00ed\u00f0ara or\u00f0i\u00f0 \u00feeim verra en hi\u00f0 fyrra. <a name=\"21\"><span class=\"versanumer_2007\">21<\/span><\/a> \u00dev\u00ed a\u00f0 betra hef\u00f0i \u00feeim veri\u00f0 a\u00f0 hafa ekki \u00feekkt veg r\u00e9ttl\u00e6tisins en a\u00f0 hafa \u00feekkt hann og sn\u00faa s\u00ed\u00f0an aftur fr\u00e1 hinu heilaga bo\u00f0or\u00f0i sem \u00feeim haf\u00f0i veri\u00f0 gefi\u00f0. <a name=\"22\"><span class=\"versanumer_2007\">22<\/span><\/a> Fram \u00e1 \u00feeim hefur komi\u00f0 \u00feetta sannm\u00e6li: \u201eHundur sn\u00fdr aftur til sp\u00fdju sinnar,\u201c og: \u201e\u00devegi\u00f0 sv\u00edn veltir s\u00e9r \u00ed sama saur.\u201c <\/p>\n","protected":false},"excerpt":{"rendered":"<p>Falssp\u00e1menn 1 En falssp\u00e1menn komu einnig upp me\u00f0al l\u00fd\u00f0sins. Eins munu falskennendur l\u00edka ver\u00f0a \u00e1 me\u00f0al ykkar er smeygja munu inn h\u00e1skalegum villukenningum og jafnvel afneita Drottni s\u00ednum, sem keypti \u00fe\u00e1, og lei\u00f0a yfir sj\u00e1lfa sig br\u00e1\u00f0a gl\u00f6tun. 2 Margir munu fylgja \u00f3lifna\u00f0i \u00feeirra og sakir \u00feeirra mun vegur sannleikans f\u00e1 \u00e1 sig illt or\u00f0. 3 Af \u00e1girnd munu \u00feeir me\u00f0 uppspunnum or\u00f0um hafa ykkur a\u00f0 f\u00e9\u00fe\u00fafu. En d\u00f3murinn yfir \u00feeim er l\u00f6ngu kve\u00f0inn upp og fyrnist ekki og gl\u00f6tun \u00feeirra blundar ekki. 4 Ekki \u00feyrmdi Gu\u00f0 englunum er \u00feeir syndgu\u00f0u. Hann steypti \u00feeim ni\u00f0ur \u00ed undirdj\u00fapin og setti \u00fe\u00e1 <a href=\"https:\/\/biblian.is\/biblian\/sidara-petursbref-2-kafli\/\"> [&#8230;]<\/a><\/p>\n","protected":false},"author":1,"featured_media":0,"parent":0,"menu_order":0,"comment_status":"open","ping_status":"open","template":"bibliukaflar_NT.php","meta":{"footnotes":""},"class_list":["post-2775","page","type-page","status-publish","hentry"],"_links":{"self":[{"href":"https:\/\/biblian.is\/biblian\/wp-json\/wp\/v2\/pages\/2775","targetHints":{"allow":["GET"]}}],"collection":[{"href":"https:\/\/biblian.is\/biblian\/wp-json\/wp\/v2\/pages"}],"about":[{"href":"https:\/\/biblian.is\/biblian\/wp-json\/wp\/v2\/types\/page"}],"author":[{"embeddable":true,"href":"https:\/\/biblian.is\/biblian\/wp-json\/wp\/v2\/users\/1"}],"replies":[{"embeddable":true,"href":"https:\/\/biblian.is\/biblian\/wp-json\/wp\/v2\/comments?post=2775"}],"version-history":[{"count":0,"href":"https:\/\/biblian.is\/biblian\/wp-json\/wp\/v2\/pages\/2775\/revisions"}],"wp:attachment":[{"href":"https:\/\/biblian.is\/biblian\/wp-json\/wp\/v2\/media?parent=2775"}],"curies":[{"name":"wp","href":"https:\/\/api.w.org\/{rel}","templated":true}]}}