{"id":2772,"date":"2017-12-30T21:04:34","date_gmt":"2017-12-30T21:04:34","guid":{"rendered":"http:\/\/biblian.is\/biblian\/fyrra-p%c2%8etursbr%c2%8ef-4-kafli\/"},"modified":"2019-08-26T23:49:48","modified_gmt":"2019-08-26T23:49:48","slug":"fyrra-petursbref-4-kafli","status":"publish","type":"page","link":"https:\/\/biblian.is\/biblian\/fyrra-petursbref-4-kafli\/","title":{"rendered":"Fyrra P\u00e9tursbr\u00e9f 4. kafli"},"content":{"rendered":"<h3 class=\"millifyrirsogn_2007\"> \u00dej\u00f3ni\u00f0 hvert \u00f6\u00f0ru<\/h3>\n<p><a name=\"1\"><span class=\"versanumer_2007\">1<\/span><\/a> Kristur lei\u00f0 l\u00edkamlega. \u00dev\u00ed skulu\u00f0 \u00fei\u00f0 b\u00faast sama hugarfari og hann. S\u00e1 sem hefur li\u00f0i\u00f0 l\u00edkamlega er skilinn vi\u00f0 synd. <a name=\"2\"><span class=\"versanumer_2007\">2<\/span><\/a> Hann l\u00e6tur ekki mannlegar f\u00fdsnir n\u00e1 t\u00f6kum \u00e1 s\u00e9r heldur lifir hann t\u00edmann, sem eftir er, a\u00f0 vilja Gu\u00f0s. <a name=\"3\"><span class=\"versanumer_2007\">3<\/span><\/a> N\u00f3gu lengi hafi\u00f0 \u00fei\u00f0 sami\u00f0 ykkur a\u00f0 h\u00e1ttum hei\u00f0ingjanna og lifa\u00f0 \u00ed saurlifna\u00f0i, girndum, ofdrykkju, \u00f3h\u00f3fi, samdrykkjum og sv\u00edvir\u00f0ilegri skur\u00f0go\u00f0ad\u00fdrkun. <a name=\"4\"><span class=\"versanumer_2007\">4<\/span><\/a> N\u00fa fur\u00f0ar \u00fe\u00e1 a\u00f0 \u00fei\u00f0 hlaupi\u00f0 ekki me\u00f0 \u00feeim \u00fat \u00ed sama spillingard\u00edki og \u00feeir hallm\u00e6la ykkur. <a name=\"5\"><span class=\"versanumer_2007\">5<\/span><\/a> En \u00feeir ver\u00f0a a\u00f0 gera reikningsskil \u00feeim sem rei\u00f0ub\u00fainn er a\u00f0 d\u00e6ma lifendur og dau\u00f0a. <a name=\"6\"><span class=\"versanumer_2007\">6<\/span><\/a> \u00dev\u00ed a\u00f0 dau\u00f0um var bo\u00f0a\u00f0 fagna\u00f0arerindi\u00f0 til \u00feess a\u00f0 \u00feeir, \u00fe\u00f3tt d\u00e6mdir hef\u00f0u veri\u00f0 sem menn \u00e1 j\u00f6r\u00f0u, m\u00e6ttu lifa andlegu l\u00edfi hj\u00e1 Gu\u00f0i.<br \/> <a name=\"7\"><span class=\"versanumer_2007\">7<\/span><\/a> En endir allra hluta er \u00ed n\u00e1nd. Veri\u00f0 \u00fev\u00ed g\u00e6tin og alg\u00e1\u00f0 til b\u00e6na. <a name=\"8\"><span class=\"versanumer_2007\">8<\/span><\/a> Umfram allt hafi\u00f0 brennandi k\u00e6rleika hvert til annars \u00fev\u00ed a\u00f0 k\u00e6rleikur hylur fj\u00f6lda synda. <a name=\"9\"><span class=\"versanumer_2007\">9<\/span><\/a> Veri\u00f0 gestrisin hvert vi\u00f0 anna\u00f0 \u00e1n \u00feess a\u00f0 m\u00f6gla. <a name=\"10\"><span class=\"versanumer_2007\">10<\/span><\/a> S\u00e9rhvert ykkar hefur fengi\u00f0 n\u00e1\u00f0arg\u00e1fu. Noti\u00f0 \u00fe\u00e6r og \u00fej\u00f3ni\u00f0 hvert \u00f6\u00f0ru eins og g\u00f3\u00f0ir r\u00e1\u00f0smenn margv\u00edslegrar n\u00e1\u00f0ar Gu\u00f0s. <a name=\"11\"><span class=\"versanumer_2007\">11<\/span><\/a> S\u00e1 sem talar flytji Gu\u00f0s or\u00f0, s\u00e1 sem \u00fej\u00f3nar s\u00fdni a\u00f0 Gu\u00f0 gefi m\u00e1ttinn til \u00feess. Ver\u00f0i svo Gu\u00f0 vegsama\u00f0ur \u00ed \u00f6llum hlutum fyrir Jes\u00fa Krist. Hans er d\u00fdr\u00f0in og m\u00e1tturinn um aldir alda. Amen. <\/p>\n<h3 class=\"millifyrirsogn_2007\">A\u00f0 taka \u00fe\u00e1tt \u00ed p\u00edslum Krists<\/h3>\n<p><a name=\"12\"><span class=\"versanumer_2007\">12<\/span><\/a> \u00dei\u00f0 elsku\u00f0u, l\u00e1ti\u00f0 ykkur ekki undra eldraunina, sem yfir ykkur er komin, eins og eitthva\u00f0 \u00e1\u00f0ur \u00f3\u00feekkt hendi ykkur. <a name=\"13\"><span class=\"versanumer_2007\">13<\/span><\/a> Gle\u00f0jist heldur er \u00fei\u00f0 taki\u00f0 \u00fe\u00e1tt \u00ed p\u00edslum Krists til \u00feess a\u00f0 \u00fei\u00f0 megi\u00f0 einnig gle\u00f0jast og fyllast f\u00f6gnu\u00f0i \u00feegar d\u00fdr\u00f0 hans birtist. <a name=\"14\"><span class=\"versanumer_2007\">14<\/span><\/a> S\u00e6l eru\u00f0 \u00fei\u00f0 \u00feegar menn sm\u00e1na ykkur vegna nafns Krists. Andi d\u00fdr\u00f0arinnar, andi Gu\u00f0s, hv\u00edlir \u00fe\u00e1 yfir ykkur. <a name=\"15\"><span class=\"versanumer_2007\">15<\/span><\/a> Ekkert ykkar l\u00ed\u00f0i sem manndr\u00e1pari, \u00fej\u00f3fur e\u00f0a illvirki e\u00f0a fyrir a\u00f0 hlutast til um \u00fea\u00f0 er \u00f6\u00f0rum kemur vi\u00f0. <a name=\"16\"><span class=\"versanumer_2007\">16<\/span><\/a> En ef einhver l\u00ed\u00f0ur sem kristinn ma\u00f0ur, \u00fe\u00e1 fyrirver\u00f0i hann sig ekki heldur vegsami Gu\u00f0 fyrir a\u00f0 bera nafn Krists. <br \/> <a name=\"17\"><span class=\"versanumer_2007\">17<\/span><\/a> \u00dev\u00ed a\u00f0 n\u00fa er kominn t\u00edmi d\u00f3msins og hann byrjar \u00e1 h\u00fasi Gu\u00f0s. En ef hann byrjar \u00e1 okkur, hver ver\u00f0a \u00fe\u00e1 afdrif \u00feeirra sem ekki hl\u00fd\u00f0nast fagna\u00f0arerindi Gu\u00f0s? <br \/> <span class=\"ljodatexti\"> <a name=\"18\"><span class=\"versanumer_ljod\">18<\/span><\/a>Ef hinn r\u00e9ttl\u00e1ti naumlega frelsast, <br \/>hva\u00f0 ver\u00f0ur \u00fe\u00e1 um hinn \u00f3gu\u00f0lega og syndarann? <\/span> <br \/> <a name=\"19\"><span class=\"versanumer_2007\">19<\/span><\/a> \u00deess vegna skulu \u00feau sem l\u00ed\u00f0a \u00ed hl\u00fd\u00f0ni vi\u00f0 Gu\u00f0s vilja fela s\u00e1lir s\u00ednar \u00e1 hendur hinum tr\u00faa skapara og halda \u00e1fram a\u00f0 gera hi\u00f0 g\u00f3\u00f0a. <\/p>\n","protected":false},"excerpt":{"rendered":"<p>\u00dej\u00f3ni\u00f0 hvert \u00f6\u00f0ru 1 Kristur lei\u00f0 l\u00edkamlega. \u00dev\u00ed skulu\u00f0 \u00fei\u00f0 b\u00faast sama hugarfari og hann. S\u00e1 sem hefur li\u00f0i\u00f0 l\u00edkamlega er skilinn vi\u00f0 synd. 2 Hann l\u00e6tur ekki mannlegar f\u00fdsnir n\u00e1 t\u00f6kum \u00e1 s\u00e9r heldur lifir hann t\u00edmann, sem eftir er, a\u00f0 vilja Gu\u00f0s. 3 N\u00f3gu lengi hafi\u00f0 \u00fei\u00f0 sami\u00f0 ykkur a\u00f0 h\u00e1ttum hei\u00f0ingjanna og lifa\u00f0 \u00ed saurlifna\u00f0i, girndum, ofdrykkju, \u00f3h\u00f3fi, samdrykkjum og sv\u00edvir\u00f0ilegri skur\u00f0go\u00f0ad\u00fdrkun. 4 N\u00fa fur\u00f0ar \u00fe\u00e1 a\u00f0 \u00fei\u00f0 hlaupi\u00f0 ekki me\u00f0 \u00feeim \u00fat \u00ed sama spillingard\u00edki og \u00feeir hallm\u00e6la ykkur. 5 En \u00feeir ver\u00f0a a\u00f0 gera reikningsskil \u00feeim sem rei\u00f0ub\u00fainn er a\u00f0 d\u00e6ma lifendur og dau\u00f0a. 6 <a href=\"https:\/\/biblian.is\/biblian\/fyrra-petursbref-4-kafli\/\"> [&#8230;]<\/a><\/p>\n","protected":false},"author":1,"featured_media":0,"parent":0,"menu_order":0,"comment_status":"open","ping_status":"open","template":"bibliukaflar_NT.php","meta":{"footnotes":""},"class_list":["post-2772","page","type-page","status-publish","hentry"],"_links":{"self":[{"href":"https:\/\/biblian.is\/biblian\/wp-json\/wp\/v2\/pages\/2772","targetHints":{"allow":["GET"]}}],"collection":[{"href":"https:\/\/biblian.is\/biblian\/wp-json\/wp\/v2\/pages"}],"about":[{"href":"https:\/\/biblian.is\/biblian\/wp-json\/wp\/v2\/types\/page"}],"author":[{"embeddable":true,"href":"https:\/\/biblian.is\/biblian\/wp-json\/wp\/v2\/users\/1"}],"replies":[{"embeddable":true,"href":"https:\/\/biblian.is\/biblian\/wp-json\/wp\/v2\/comments?post=2772"}],"version-history":[{"count":0,"href":"https:\/\/biblian.is\/biblian\/wp-json\/wp\/v2\/pages\/2772\/revisions"}],"wp:attachment":[{"href":"https:\/\/biblian.is\/biblian\/wp-json\/wp\/v2\/media?parent=2772"}],"curies":[{"name":"wp","href":"https:\/\/api.w.org\/{rel}","templated":true}]}}