{"id":2770,"date":"2017-12-30T21:04:34","date_gmt":"2017-12-30T21:04:34","guid":{"rendered":"http:\/\/biblian.is\/biblian\/fyrra-p%c2%8etursbr%c2%8ef-2-kafli\/"},"modified":"2019-08-26T23:49:48","modified_gmt":"2019-08-26T23:49:48","slug":"fyrra-petursbref-2-kafli","status":"publish","type":"page","link":"https:\/\/biblian.is\/biblian\/fyrra-petursbref-2-kafli\/","title":{"rendered":"Fyrra P\u00e9tursbr\u00e9f 2. kafli"},"content":{"rendered":"<h3 class=\"millifyrirsogn_2007\"> Hinn lifandi steinn<\/h3>\n<p><a name=\"1\"><span class=\"versanumer_2007\">1<\/span><\/a> Segi\u00f0 \u00fev\u00ed skili\u00f0 vi\u00f0 alla vonsku og alla pretti, hr\u00e6sni, \u00f6fund og allt baktal. <a name=\"2\"><span class=\"versanumer_2007\">2<\/span><\/a> S\u00e6kist eins og n\u00fdf\u00e6dd b\u00f6rn eftir hinni andlegu, \u00f3mengu\u00f0u mj\u00f3lk til \u00feess a\u00f0 \u00fei\u00f0 af henni geti\u00f0 dafna\u00f0 til hj\u00e1lpr\u00e6\u00f0is <a name=\"3\"><span class=\"versanumer_2007\">3<\/span><\/a> enda \u201ehafi\u00f0 \u00fei\u00f0 smakka\u00f0 hva\u00f0 Drottinn er g\u00f3\u00f0ur\u201c. <br \/> <a name=\"4\"><span class=\"versanumer_2007\">4<\/span><\/a> Komi\u00f0 til hans, hins lifanda steins, sem menn h\u00f6fnu\u00f0u en er \u00ed augum Gu\u00f0s \u00fatvalinn og d\u00fdrm\u00e6tur. <a name=\"5\"><span class=\"versanumer_2007\">5<\/span><\/a> L\u00e1ti\u00f0 sj\u00e1lf uppbyggjast sem lifandi steinar \u00ed andlegt h\u00fas til heilags prestd\u00f3ms, til a\u00f0 bera fram andlegar f\u00f3rnir fyrir Jes\u00fa Krist, Gu\u00f0i vel\u00fe\u00f3knanlegar. <a name=\"6\"><span class=\"versanumer_2007\">6<\/span><\/a> \u00dev\u00ed a\u00f0 svo stendur \u00ed Ritningunni:<br \/> <span class=\"ljodatexti\"> Sj\u00e1, \u00e9g set hornstein \u00ed S\u00edon, <br \/>valinn og d\u00fdrm\u00e6tan. <br \/>S\u00e1 sem tr\u00fair \u00e1 hann mun alls eigi ver\u00f0a til skammar. <br \/> <\/span> <span class=\"ljodatexti\"> <a name=\"7\"><span class=\"versanumer_ljod\">7<\/span><\/a>Y\u00f0ur sem tr\u00fai\u00f0 er hann d\u00fdrm\u00e6tur en hinum vantr\u00fau\u00f0u er steinninn, sem smi\u00f0irnir h\u00f6fnu\u00f0u, <br \/>or\u00f0inn a\u00f0 hyrningarsteini <\/span> <br \/> <a name=\"8\"><span class=\"versanumer_2007\">8<\/span><\/a> og: <br \/> <span class=\"ljodatexti\"> \u00e1steytingarsteini og hr\u00f6sunarhellu. <\/span> <br \/>\u00deeir steyta sig \u00e1 honum af \u00fev\u00ed a\u00f0 \u00feeir \u00f3hl\u00fd\u00f0nast bo\u00f0skapnum. \u00dea\u00f0 var \u00feeim \u00e6tla\u00f0. <br \/> <a name=\"9\"><span class=\"versanumer_2007\">9<\/span><\/a> En \u00fei\u00f0 eru\u00f0 \u201e\u00fatvalin kynsl\u00f3\u00f0, konunglegur prestd\u00f3mur, heil\u00f6g \u00fej\u00f3\u00f0, eignarl\u00fd\u00f0ur, til \u00feess a\u00f0 \u00fei\u00f0 skulu\u00f0 v\u00ed\u00f0fr\u00e6gja d\u00e1\u00f0ir hans,\u201c sem kalla\u00f0i ykkur fr\u00e1 myrkrinu til s\u00edns undursamlega lj\u00f3ss. <a name=\"10\"><span class=\"versanumer_2007\">10<\/span><\/a> \u00dei\u00f0 sem \u00e1\u00f0ur voru\u00f0 ekki l\u00fd\u00f0ur eru\u00f0 n\u00fa or\u00f0in \u201eGu\u00f0s l\u00fd\u00f0ur\u201c. \u00dei\u00f0 sem \u201eekki nutu\u00f0 miskunnar\u201c hafi\u00f0 n\u00fa \u201emiskunn hloti\u00f0\u201c.<\/p>\n<h3 class=\"millifyrirsogn_2007\">\u00dej\u00f3nar Gu\u00f0s<\/h3>\n<p><a name=\"11\"><span class=\"versanumer_2007\">11<\/span><\/a> \u00dei\u00f0 elsku\u00f0u, \u00e9g \u00e1minni ykkur sem gesti og \u00fatlendinga a\u00f0 halda ykkur fr\u00e1 holdlegum girndum sem heyja str\u00ed\u00f0 gegn s\u00e1lunni. <a name=\"12\"><span class=\"versanumer_2007\">12<\/span><\/a> Heg\u00f0i\u00f0 ykkur vel me\u00f0al \u00fej\u00f3\u00f0anna, til \u00feess a\u00f0 \u00feeir sem n\u00fa hallm\u00e6la ykkur sem illgj\u00f6r\u00f0am\u00f6nnum sj\u00e1i g\u00f3\u00f0verk ykkar og vegsami Gu\u00f0 \u00feegar hann kemur. <br \/> <a name=\"13\"><span class=\"versanumer_2007\">13<\/span><\/a> Veri\u00f0 Drottins vegna hl\u00fd\u00f0in allri mannlegri skipan, b\u00e6\u00f0i keisara, hinum \u00e6\u00f0sta, <a name=\"14\"><span class=\"versanumer_2007\">14<\/span><\/a> og landsh\u00f6f\u00f0ingjum sem hann sendir til a\u00f0 refsa illgj\u00f6r\u00f0am\u00f6nnum og til a\u00f0 hr\u00f3sa \u00feeim er breyta vel. <a name=\"15\"><span class=\"versanumer_2007\">15<\/span><\/a> \u00dea\u00f0 er vilji Gu\u00f0s a\u00f0 \u00fei\u00f0 \u00feaggi\u00f0 ni\u00f0ur \u00ed van\u00feekkingu heimskra manna me\u00f0 \u00fev\u00ed a\u00f0 breyta vel. <a name=\"16\"><span class=\"versanumer_2007\">16<\/span><\/a> \u00dei\u00f0 eru\u00f0 frj\u00e1lsir menn. Noti\u00f0 frelsi\u00f0 til a\u00f0 \u00fej\u00f3na Gu\u00f0i en ekki til a\u00f0 hylja vonsku. <a name=\"17\"><span class=\"versanumer_2007\">17<\/span><\/a> Vir\u00f0i\u00f0 alla menn, elski\u00f0 samf\u00e9lag \u00feeirra sem tr\u00faa, \u00f3ttist Gu\u00f0, hei\u00f0ri\u00f0 keisarann. <\/p>\n<h3 class=\"millifyrirsogn_2007\">\u00cd f\u00f3tspor Krists<\/h3>\n<p><a name=\"18\"><span class=\"versanumer_2007\">18<\/span><\/a> \u00dej\u00f3nar, hl\u00fd\u00f0i\u00f0 h\u00fasb\u00e6ndum ykkar og s\u00fdni\u00f0 \u00feeim alla lotningu, ekki einungis hinum g\u00f3\u00f0u og sanngj\u00f6rnu heldur einnig hinum \u00f3sanngj\u00f6rnu. <a name=\"19\"><span class=\"versanumer_2007\">19<\/span><\/a> Ef einhver ver\u00f0ur fyrir \u00f3notum og l\u00ed\u00f0ur saklaus vegna me\u00f0vitundar um Gu\u00f0 \u00fe\u00e1 er \u00fea\u00f0 \u00feakkarvert. <a name=\"20\"><span class=\"versanumer_2007\">20<\/span><\/a> \u00dev\u00ed a\u00f0 hva\u00f0 er lofsvert vi\u00f0 \u00fea\u00f0 a\u00f0 s\u00fdna \u00feolg\u00e6\u00f0i er \u00fei\u00f0 s\u00e6ti\u00f0 barsm\u00ed\u00f0um fyrir afbrot? En a\u00f0 \u00feola illt me\u00f0 \u00feolg\u00e6\u00f0i og hafa \u00fe\u00f3 breytt vel, \u00fea\u00f0 er mikilsvert \u00ed augum Gu\u00f0s. <a name=\"21\"><span class=\"versanumer_2007\">21<\/span><\/a> \u00deetta er k\u00f6llun ykkar. \u00dev\u00ed a\u00f0 Kristur lei\u00f0 einnig fyrir ykkur og l\u00e9t ykkur eftir fyrirmynd til \u00feess a\u00f0 \u00fei\u00f0 skyldu\u00f0 feta \u00ed f\u00f3tspor hans. <a name=\"22\"><span class=\"versanumer_2007\">22<\/span><\/a> \u201eHann dr\u00fdg\u00f0i ekki synd og svik voru ekki fundin \u00ed munni hans.\u201c <a name=\"23\"><span class=\"versanumer_2007\">23<\/span><\/a> Hann svara\u00f0i ekki me\u00f0 illm\u00e6lum er honum var illm\u00e6lt og h\u00f3ta\u00f0i eigi er hann lei\u00f0, heldur f\u00f3l \u00fea\u00f0 honum \u00e1 vald sem d\u00e6mir r\u00e9ttv\u00edslega. <a name=\"24\"><span class=\"versanumer_2007\">24<\/span><\/a> Hann bar sj\u00e1lfur syndir okkar \u00e1 l\u00edkama s\u00ednum upp \u00e1 tr\u00e9\u00f0, til \u00feess a\u00f0 vi\u00f0 skyldum deyja fr\u00e1 syndunum og lifa r\u00e9ttl\u00e6tinu. Fyrir hans benjar eru\u00f0 \u00fei\u00f0 l\u00e6knu\u00f0. <a name=\"25\"><span class=\"versanumer_2007\">25<\/span><\/a> \u00dei\u00f0 voru\u00f0 sem villur\u00e1fandi sau\u00f0ir en n\u00fa hafi\u00f0 \u00fei\u00f0 sn\u00fai\u00f0 ykkur til hans sem er hir\u00f0ir og biskup s\u00e1lna ykkar. <\/p>\n","protected":false},"excerpt":{"rendered":"<p>Hinn lifandi steinn 1 Segi\u00f0 \u00fev\u00ed skili\u00f0 vi\u00f0 alla vonsku og alla pretti, hr\u00e6sni, \u00f6fund og allt baktal. 2 S\u00e6kist eins og n\u00fdf\u00e6dd b\u00f6rn eftir hinni andlegu, \u00f3mengu\u00f0u mj\u00f3lk til \u00feess a\u00f0 \u00fei\u00f0 af henni geti\u00f0 dafna\u00f0 til hj\u00e1lpr\u00e6\u00f0is 3 enda \u201ehafi\u00f0 \u00fei\u00f0 smakka\u00f0 hva\u00f0 Drottinn er g\u00f3\u00f0ur\u201c. 4 Komi\u00f0 til hans, hins lifanda steins, sem menn h\u00f6fnu\u00f0u en er \u00ed augum Gu\u00f0s \u00fatvalinn og d\u00fdrm\u00e6tur. 5 L\u00e1ti\u00f0 sj\u00e1lf uppbyggjast sem lifandi steinar \u00ed andlegt h\u00fas til heilags prestd\u00f3ms, til a\u00f0 bera fram andlegar f\u00f3rnir fyrir Jes\u00fa Krist, Gu\u00f0i vel\u00fe\u00f3knanlegar. 6 \u00dev\u00ed a\u00f0 svo stendur \u00ed Ritningunni: Sj\u00e1, \u00e9g set <a href=\"https:\/\/biblian.is\/biblian\/fyrra-petursbref-2-kafli\/\"> [&#8230;]<\/a><\/p>\n","protected":false},"author":1,"featured_media":0,"parent":0,"menu_order":0,"comment_status":"open","ping_status":"open","template":"bibliukaflar_NT.php","meta":{"footnotes":""},"class_list":["post-2770","page","type-page","status-publish","hentry"],"_links":{"self":[{"href":"https:\/\/biblian.is\/biblian\/wp-json\/wp\/v2\/pages\/2770","targetHints":{"allow":["GET"]}}],"collection":[{"href":"https:\/\/biblian.is\/biblian\/wp-json\/wp\/v2\/pages"}],"about":[{"href":"https:\/\/biblian.is\/biblian\/wp-json\/wp\/v2\/types\/page"}],"author":[{"embeddable":true,"href":"https:\/\/biblian.is\/biblian\/wp-json\/wp\/v2\/users\/1"}],"replies":[{"embeddable":true,"href":"https:\/\/biblian.is\/biblian\/wp-json\/wp\/v2\/comments?post=2770"}],"version-history":[{"count":0,"href":"https:\/\/biblian.is\/biblian\/wp-json\/wp\/v2\/pages\/2770\/revisions"}],"wp:attachment":[{"href":"https:\/\/biblian.is\/biblian\/wp-json\/wp\/v2\/media?parent=2770"}],"curies":[{"name":"wp","href":"https:\/\/api.w.org\/{rel}","templated":true}]}}