{"id":2769,"date":"2017-12-30T21:04:34","date_gmt":"2017-12-30T21:04:34","guid":{"rendered":"http:\/\/biblian.is\/biblian\/fyrra-p%c2%8etursbr%c2%8ef-1-kafli\/"},"modified":"2019-08-26T23:49:47","modified_gmt":"2019-08-26T23:49:47","slug":"fyrra-petursbref-1-kafli","status":"publish","type":"page","link":"https:\/\/biblian.is\/biblian\/fyrra-petursbref-1-kafli\/","title":{"rendered":"Fyrra P\u00e9tursbr\u00e9f 1. kafli"},"content":{"rendered":"<h3 class=\"millifyrirsogn_2007\"> Kve\u00f0ja<\/h3>\n<p><a name=\"1\"><span class=\"versanumer_2007\">1<\/span><\/a> P\u00e9tur postuli Jes\u00fa Krists heilsar hinum \u00fatv\u00f6ldu sem lifa sem \u00fatlendingar dreif\u00f0ir me\u00f0al \u00fej\u00f3\u00f0anna \u00ed Pontus, Galat\u00edu, Kappad\u00f3k\u00edu, As\u00edu og Bi\u00fe\u00fdn\u00edu, <a name=\"2\"><span class=\"versanumer_2007\">2<\/span><\/a> en \u00fatvaldir samkv\u00e6mt fyrirvitund Gu\u00f0s f\u00f6\u00f0ur og helga\u00f0ir af anda hans til a\u00f0 hl\u00fd\u00f0a Jes\u00fa Kristi og hreinsast me\u00f0 bl\u00f3\u00f0i hans.<br \/>N\u00e1\u00f0 og fri\u00f0ur margfaldist me\u00f0 y\u00f0ur. <\/p>\n<h3 class=\"millifyrirsogn_2007\">Lifandi von<\/h3>\n<p><a name=\"3\"><span class=\"versanumer_2007\">3<\/span><\/a> Lofa\u00f0ur s\u00e9 Gu\u00f0 og fa\u00f0ir Drottins vors Jes\u00fa Krists sem eftir mikilli miskunn sinni hefur endurf\u00e6tt oss til lifandi vonar fyrir upprisu Jes\u00fa Krists fr\u00e1 dau\u00f0um <a name=\"4\"><span class=\"versanumer_2007\">4<\/span><\/a> og veitt oss \u00f3forgengilega, flekklausa og \u00f3f\u00f6lnandi arfleif\u00f0 sem y\u00f0ur er geymd \u00e1 himnum. <a name=\"5\"><span class=\"versanumer_2007\">5<\/span><\/a> Kraftur Gu\u00f0s var\u00f0veitir y\u00f0ur sem tr\u00fai\u00f0 til \u00feess a\u00f0 \u00fe\u00e9r \u00f6\u00f0list hj\u00e1lpr\u00e6\u00f0i\u00f0 sem alb\u00fai\u00f0 b\u00ed\u00f0ur \u00feess a\u00f0 opinberast \u00e1 efsta degi. <br \/> <a name=\"6\"><span class=\"versanumer_2007\">6<\/span><\/a> Fagni\u00f0 \u00fev\u00ed \u00fe\u00f3tt \u00fei\u00f0 n\u00fa um skamma stund hafi\u00f0 or\u00f0i\u00f0 a\u00f0 hryggjast \u00ed margs konar raunum. <a name=\"7\"><span class=\"versanumer_2007\">7<\/span><\/a> \u00dea\u00f0 er til \u00feess a\u00f0 tr\u00fafesti ykkar, langtum d\u00fdrm\u00e6tari en forgengilegt gull, sem \u00fe\u00f3 er reynt \u00ed eldi, geti or\u00f0i\u00f0 ykkur til lofs og d\u00fdr\u00f0ar og hei\u00f0urs vi\u00f0 opinberun Jes\u00fa Krists. <a name=\"8\"><span class=\"versanumer_2007\">8<\/span><\/a> \u00dei\u00f0 hafi\u00f0 ekki s\u00e9\u00f0 hann en elski\u00f0 hann \u00fe\u00f3. \u00dei\u00f0 hafi\u00f0 hann ekki n\u00fa fyrir augum ykkar en tr\u00fai\u00f0 samt \u00e1 hann og fagni\u00f0 me\u00f0 \u00f3umr\u00e6\u00f0ilegri og d\u00fdrlegri gle\u00f0i <a name=\"9\"><span class=\"versanumer_2007\">9<\/span><\/a> \u00feegar \u00fei\u00f0 eru\u00f0 a\u00f0 n\u00e1 takmarki tr\u00faar ykkar, frelsun s\u00e1lna ykkar. <br \/> <a name=\"10\"><span class=\"versanumer_2007\">10<\/span><\/a> \u00deessa frelsun k\u00f6nnu\u00f0u sp\u00e1mennirnir og ranns\u00f6ku\u00f0u vandlega \u00feegar \u00feeir t\u00f6lu\u00f0u um \u00fe\u00e1 n\u00e1\u00f0 sem ykkur mundi hlotnast. <a name=\"11\"><span class=\"versanumer_2007\">11<\/span><\/a> \u00deeir ranns\u00f6ku\u00f0u til hvers e\u00f0a hv\u00edl\u00edks t\u00edma andi Krists, sem \u00ed \u00feeim bj\u00f3, benti \u00fe\u00e1 er hann vitna\u00f0i fyrir fram um p\u00edslir Krists og d\u00fdr\u00f0ina \u00fear \u00e1 eftir. <a name=\"12\"><span class=\"versanumer_2007\">12<\/span><\/a> En \u00feeim var opinbera\u00f0 a\u00f0 eigi v\u00e6ri \u00fea\u00f0 fyrir sj\u00e1lfa \u00fe\u00e1 heldur fyrir ykkur a\u00f0 \u00feeir \u00fej\u00f3nu\u00f0u a\u00f0 \u00feessu sem ykkur er n\u00fa kunngj\u00f6rt af \u00feeim sem bo\u00f0u\u00f0u ykkur fagna\u00f0arerindi\u00f0 \u00ed heil\u00f6gum anda sem er sendur fr\u00e1 himni. Inn \u00ed \u00feetta f\u00fdsir jafnvel englana a\u00f0 skyggnast.<\/p>\n<h3 class=\"millifyrirsogn_2007\">Veri\u00f0 heil\u00f6g<\/h3>\n<p><a name=\"13\"><span class=\"versanumer_2007\">13<\/span><\/a> Geri\u00f0 \u00fev\u00ed hugi ykkar vi\u00f0b\u00fana og veri\u00f0 vakandi. Bindi\u00f0 alla von ykkar vi\u00f0 \u00fe\u00e1 n\u00e1\u00f0 sem ykkur mun veitast vi\u00f0 opinberun Jes\u00fa Krists. <a name=\"14\"><span class=\"versanumer_2007\">14<\/span><\/a> Veri\u00f0 eins og hl\u00fd\u00f0in b\u00f6rn og l\u00e1ti\u00f0 l\u00edferni ykkar ekki framar m\u00f3tast af \u00feeim girndum er \u00fei\u00f0 \u00e1\u00f0ur l\u00e9tu\u00f0 stj\u00f3rnast af \u00ed vanvisku ykkar. <a name=\"15\"><span class=\"versanumer_2007\">15<\/span><\/a> Ver\u00f0i\u00f0 heldur sj\u00e1lf heil\u00f6g \u00ed \u00f6llu dagfari ykkar eins og s\u00e1 er heilagur sem ykkur hefur kalla\u00f0. <a name=\"16\"><span class=\"versanumer_2007\">16<\/span><\/a> Rita\u00f0 er: \u201eVeri\u00f0 heil\u00f6g \u00fev\u00ed \u00e9g er heilagur.\u201c<br \/> <a name=\"17\"><span class=\"versanumer_2007\">17<\/span><\/a> Fyrst \u00fei\u00f0 \u00e1kalli\u00f0 \u00feann sem f\u00f6\u00f0ur er d\u00e6mir \u00e1n manngreinar\u00e1lits eftir verkum hvers og eins, \u00fe\u00e1 gangi\u00f0 fram \u00ed gu\u00f0s\u00f3tta \u00fatleg\u00f0art\u00edma ykkar. <a name=\"18\"><span class=\"versanumer_2007\">18<\/span><\/a> \u00dei\u00f0 viti\u00f0 a\u00f0 Gu\u00f0 frelsa\u00f0i ykkur ekki me\u00f0 forgengilegum hlutum, silfri e\u00f0a gulli, fr\u00e1 f\u00e1n\u00fdtri heg\u00f0un ykkar er \u00fei\u00f0 h\u00f6f\u00f0u\u00f0 a\u00f0 erf\u00f0um teki\u00f0 fr\u00e1 forfe\u00f0rum ykkar, <a name=\"19\"><span class=\"versanumer_2007\">19<\/span><\/a> heldur me\u00f0 d\u00fdrm\u00e6tu bl\u00f3\u00f0i Krists, hins l\u00fdtalausa og \u00f3flekka\u00f0a lambs. <a name=\"20\"><span class=\"versanumer_2007\">20<\/span><\/a> Gu\u00f0 \u00fatvaldi hann fyrir sk\u00f6pun heims en hann var opinbera\u00f0ur vegna ykkar \u00ed lok t\u00edmanna. <a name=\"21\"><span class=\"versanumer_2007\">21<\/span><\/a> Fyrir hann tr\u00fai\u00f0 \u00fei\u00f0 \u00e1 Gu\u00f0 er vakti hann upp fr\u00e1 dau\u00f0um og gaf honum d\u00fdr\u00f0. \u00dev\u00ed er tr\u00fa ykkar einnig von til Gu\u00f0s.<br \/> <a name=\"22\"><span class=\"versanumer_2007\">22<\/span><\/a> Me\u00f0 \u00fev\u00ed a\u00f0 hl\u00fd\u00f0a sannleikanum hafi\u00f0 \u00fei\u00f0 hreinsa\u00f0 ykkur og geti\u00f0 \u00fev\u00ed bori\u00f0 hr\u00e6snislausa elsku hvert til annars. Haldi\u00f0 \u00fev\u00ed \u00e1fram a\u00f0 elska hvert anna\u00f0 af heilu<span class=\"nedan_mal\" title=\" Annar lesh\u00e1ttur: hreinu.\">[<\/span> hjarta. <a name=\"23\"><span class=\"versanumer_2007\">23<\/span><\/a> \u00dei\u00f0 eru\u00f0 endurf\u00e6dd, ekki af forgengilegu s\u00e6\u00f0i heldur \u00f3forgengilegu, fyrir or\u00f0 Gu\u00f0s sem lifir og varir. <a name=\"24\"><span class=\"versanumer_2007\">24<\/span><\/a> \u00dev\u00ed a\u00f0: <br \/> <span class=\"ljodatexti\"> Allir menn eru sem gras <br \/>og \u00f6ll vegsemd \u00feeirra sem bl\u00f3m \u00e1 grasi, <br \/>grasi\u00f0 skr\u00e6lnar og bl\u00f3mi\u00f0 fellur. <br \/> <\/span> <span class=\"ljodatexti\"> <a name=\"25\"><span class=\"versanumer_ljod\">25<\/span><\/a> En or\u00f0 Drottins varir a\u00f0 eil\u00edfu. <\/span> <br \/>Og \u00feetta or\u00f0 er fagna\u00f0arerindi\u00f0 sem ykkur hefur veri\u00f0 bo\u00f0a\u00f0. <\/p>\n","protected":false},"excerpt":{"rendered":"<p>Kve\u00f0ja 1 P\u00e9tur postuli Jes\u00fa Krists heilsar hinum \u00fatv\u00f6ldu sem lifa sem \u00fatlendingar dreif\u00f0ir me\u00f0al \u00fej\u00f3\u00f0anna \u00ed Pontus, Galat\u00edu, Kappad\u00f3k\u00edu, As\u00edu og Bi\u00fe\u00fdn\u00edu, 2 en \u00fatvaldir samkv\u00e6mt fyrirvitund Gu\u00f0s f\u00f6\u00f0ur og helga\u00f0ir af anda hans til a\u00f0 hl\u00fd\u00f0a Jes\u00fa Kristi og hreinsast me\u00f0 bl\u00f3\u00f0i hans.N\u00e1\u00f0 og fri\u00f0ur margfaldist me\u00f0 y\u00f0ur. Lifandi von 3 Lofa\u00f0ur s\u00e9 Gu\u00f0 og fa\u00f0ir Drottins vors Jes\u00fa Krists sem eftir mikilli miskunn sinni hefur endurf\u00e6tt oss til lifandi vonar fyrir upprisu Jes\u00fa Krists fr\u00e1 dau\u00f0um 4 og veitt oss \u00f3forgengilega, flekklausa og \u00f3f\u00f6lnandi arfleif\u00f0 sem y\u00f0ur er geymd \u00e1 himnum. 5 Kraftur Gu\u00f0s var\u00f0veitir y\u00f0ur sem <a href=\"https:\/\/biblian.is\/biblian\/fyrra-petursbref-1-kafli\/\"> [&#8230;]<\/a><\/p>\n","protected":false},"author":1,"featured_media":0,"parent":0,"menu_order":0,"comment_status":"open","ping_status":"open","template":"bibliukaflar_NT.php","meta":{"footnotes":""},"class_list":["post-2769","page","type-page","status-publish","hentry"],"_links":{"self":[{"href":"https:\/\/biblian.is\/biblian\/wp-json\/wp\/v2\/pages\/2769","targetHints":{"allow":["GET"]}}],"collection":[{"href":"https:\/\/biblian.is\/biblian\/wp-json\/wp\/v2\/pages"}],"about":[{"href":"https:\/\/biblian.is\/biblian\/wp-json\/wp\/v2\/types\/page"}],"author":[{"embeddable":true,"href":"https:\/\/biblian.is\/biblian\/wp-json\/wp\/v2\/users\/1"}],"replies":[{"embeddable":true,"href":"https:\/\/biblian.is\/biblian\/wp-json\/wp\/v2\/comments?post=2769"}],"version-history":[{"count":0,"href":"https:\/\/biblian.is\/biblian\/wp-json\/wp\/v2\/pages\/2769\/revisions"}],"wp:attachment":[{"href":"https:\/\/biblian.is\/biblian\/wp-json\/wp\/v2\/media?parent=2769"}],"curies":[{"name":"wp","href":"https:\/\/api.w.org\/{rel}","templated":true}]}}