{"id":2768,"date":"2017-12-30T21:04:34","date_gmt":"2017-12-30T21:04:34","guid":{"rendered":"http:\/\/biblian.is\/biblian\/jakobsbr%c2%8efi_-5-kafli\/"},"modified":"2019-08-26T23:48:19","modified_gmt":"2019-08-26T23:48:19","slug":"jakobsbrefid-5-kafli","status":"publish","type":"page","link":"https:\/\/biblian.is\/biblian\/jakobsbrefid-5-kafli\/","title":{"rendered":"Jakobsbr\u00e9fi\u00f0 5. kafli"},"content":{"rendered":"<h3 class=\"millifyrirsogn_2007\"> Til au\u00f0manna<\/h3>\n<p><a name=\"1\"><span class=\"versanumer_2007\">1<\/span><\/a> Hlusti\u00f0 \u00e1, \u00fei\u00f0 au\u00f0menn, gr\u00e1ti\u00f0 og kveini\u00f0 yfir \u00feeim b\u00e1gindum sem yfir ykkur munu koma. <a name=\"2\"><span class=\"versanumer_2007\">2<\/span><\/a> Au\u00f0ur ykkar er or\u00f0inn f\u00fainn og kl\u00e6\u00f0i ykkar eru or\u00f0in m\u00f6l\u00e9tin, <a name=\"3\"><span class=\"versanumer_2007\">3<\/span><\/a> gull ykkar og silfur er or\u00f0i\u00f0 ry\u00f0brunni\u00f0 og ry\u00f0i\u00f0 \u00e1 \u00fev\u00ed mun ver\u00f0a ykkur til vitnis og \u00e9ta hold ykkar eins og eldur. \u00dei\u00f0 hafi\u00f0 safna\u00f0 fj\u00e1rsj\u00f3\u00f0um \u00e1 s\u00ed\u00f0ustu d\u00f6gum. <a name=\"4\"><span class=\"versanumer_2007\">4<\/span><\/a> Launin, sem \u00fei\u00f0 hafi\u00f0 haft af verkam\u00f6nnunum sem sl\u00f3gu l\u00f6nd ykkar, hr\u00f3pa og k\u00f6ll kornskur\u00f0armannanna eru komin til eyrna Drottins hersveitanna. <a name=\"5\"><span class=\"versanumer_2007\">5<\/span><\/a> \u00dei\u00f0 hafi\u00f0 lifa\u00f0 \u00ed s\u00e6ll\u00edfi \u00e1 j\u00f6r\u00f0inni og \u00ed \u00f3h\u00f3fi. \u00dei\u00f0 hafi\u00f0 ali\u00f0 hj\u00f6rtu ykkar \u00e1 sl\u00e1trunardegi. <a name=\"6\"><span class=\"versanumer_2007\">6<\/span><\/a> \u00dei\u00f0 hafi\u00f0 sakfellt og drepi\u00f0 hinn r\u00e9ttl\u00e1ta. Hann veitir ykkur ekki vi\u00f0n\u00e1m. <\/p>\n<h3 class=\"millifyrirsogn_2007\">\u00dereyi\u00f0 og bi\u00f0ji\u00f0<\/h3>\n<p><a name=\"7\"><span class=\"versanumer_2007\">7<\/span><\/a> \u00dereyi\u00f0 \u00fev\u00ed, systkin,<span class=\"nedan_mal\" title=\" Or\u00f0r\u00e9tt: br\u00e6\u00f0ur.\">[<\/span> \u00feanga\u00f0 til Drottinn kemur. Sj\u00e1i\u00f0 akuryrkjumanninn! Hann b\u00ed\u00f0ur eftir hinum d\u00fdrm\u00e6ta \u00e1vexti jar\u00f0arinnar og \u00fereyir eftir honum \u00feanga\u00f0 til hann hefur fengi\u00f0 haustregn og vorregn. <a name=\"8\"><span class=\"versanumer_2007\">8<\/span><\/a> Veri\u00f0 \u00fei\u00f0 einnig \u00feolinm\u00f3\u00f0, styrki\u00f0 hj\u00f6rtu ykkar \u00fev\u00ed a\u00f0 Drottinn er \u00ed n\u00e1nd. <br \/> <a name=\"9\"><span class=\"versanumer_2007\">9<\/span><\/a> Kvarti\u00f0 ekki hvert yfir \u00f6\u00f0ru, systkin,<span class=\"nedan_mal\" title=\" Or\u00f0r\u00e9tt: hver yfir \u00f6\u00f0rum, br\u00e6\u00f0ur.\">[<\/span> svo a\u00f0 \u00fei\u00f0 ver\u00f0i\u00f0 ekki d\u00e6md. D\u00f3marinn stendur fyrir dyrum. <a name=\"10\"><span class=\"versanumer_2007\">10<\/span><\/a> Br\u00e6\u00f0ur og systur,<span class=\"nedan_mal\" title=\" Or\u00f0r\u00e9tt: Br\u00e6\u00f0ur.\">[<\/span> taki\u00f0 sp\u00e1mennina til fyrirmyndar sem tala\u00f0 hafa \u00ed nafni Drottins og li\u00f0i\u00f0 illt me\u00f0 \u00feolinm\u00e6\u00f0i. <a name=\"11\"><span class=\"versanumer_2007\">11<\/span><\/a> \u00dev\u00ed vi\u00f0 teljum \u00fe\u00e1 s\u00e6la sem \u00feolg\u00f3\u00f0ir hafa veri\u00f0. \u00dei\u00f0 hafi\u00f0 heyrt um \u00feolg\u00e6\u00f0i Jobs og viti\u00f0 hva\u00f0a lyktir Drottinn ger\u00f0i \u00e1 h\u00f6gum hans. Drottinn er mj\u00f6g miskunnsamur og l\u00edknsamur. <br \/> <a name=\"12\"><span class=\"versanumer_2007\">12<\/span><\/a> En umfram allt, br\u00e6\u00f0ur m\u00ednir og systur,<span class=\"nedan_mal\" title=\" Or\u00f0r\u00e9tt: br\u00e6\u00f0ur m\u00ednir.\">[<\/span> sverji\u00f0 ekki, hvorki vi\u00f0 himininn n\u00e9 vi\u00f0 j\u00f6r\u00f0ina n\u00e9 nokkurn annan ei\u00f0. En j\u00e1 ykkar s\u00e9 j\u00e1, nei ykkar s\u00e9 nei, svo a\u00f0 Gu\u00f0 d\u00e6mi ykkur ekki. <br \/> <a name=\"13\"><span class=\"versanumer_2007\">13<\/span><\/a> L\u00ed\u00f0i nokkrum illa ykkar \u00e1 me\u00f0al, \u00fe\u00e1 bi\u00f0ji hann. Liggi vel \u00e1 einhverjum, \u00fe\u00e1 syngi hann lofs\u00f6ng. <a name=\"14\"><span class=\"versanumer_2007\">14<\/span><\/a> S\u00e9 einhver sj\u00fakur ykkar \u00e1 me\u00f0al, \u00fe\u00e1 kalli hann til s\u00edn \u00f6ldunga safna\u00f0arins og \u00feeir skulu smyrja hann me\u00f0 ol\u00edu \u00ed nafni Drottins og bi\u00f0ja fyrir honum. <a name=\"15\"><span class=\"versanumer_2007\">15<\/span><\/a> Tr\u00faarb\u00e6nin mun gera hinn sj\u00faka heilan og Drottinn mun reisa hann \u00e1 f\u00e6tur. \u00de\u00e6r syndir, sem hann kann a\u00f0 hafa dr\u00fdgt, ver\u00f0a honum fyrirgefnar. <a name=\"16\"><span class=\"versanumer_2007\">16<\/span><\/a> J\u00e1ti\u00f0 \u00fev\u00ed hvert fyrir \u00f6\u00f0ru syndir ykkar og bi\u00f0ji\u00f0 hvert fyrir \u00f6\u00f0ru til \u00feess a\u00f0 \u00fei\u00f0 ver\u00f0i\u00f0 heilbrig\u00f0. Kr\u00f6ftug b\u00e6n r\u00e9ttl\u00e1ts manns megnar miki\u00f0. <br \/> <a name=\"17\"><span class=\"versanumer_2007\">17<\/span><\/a> El\u00eda var ma\u00f0ur eins og vi\u00f0. Hann ba\u00f0 \u00feess heitt a\u00f0 ekki skyldi rigna og \u00fea\u00f0 rigndi ekki yfir landi\u00f0 \u00ed \u00ferj\u00fa \u00e1r og sex m\u00e1nu\u00f0i. <a name=\"18\"><span class=\"versanumer_2007\">18<\/span><\/a> Hann ba\u00f0 aftur og himinninn gaf regn og j\u00f6r\u00f0in bar sinn \u00e1v\u00f6xt. <br \/> <a name=\"19\"><span class=\"versanumer_2007\">19<\/span><\/a> Br\u00e6\u00f0ur m\u00ednir og systur,<span class=\"nedan_mal\" title=\" Or\u00f0r\u00e9tt: Br\u00e6\u00f0ur m\u00ednir.\">[<\/span> ef einhver me\u00f0al ykkar villist fr\u00e1 sannleikanum og einhver sn\u00fdr honum aftur, <a name=\"20\"><span class=\"versanumer_2007\">20<\/span><\/a> \u00fe\u00e1 viti hann a\u00f0 hver sem sn\u00fdr syndara fr\u00e1 villu vegar hans mun frelsa s\u00e1lu hans fr\u00e1 dau\u00f0a og b\u00e6ta fyrir fj\u00f6lda synda. <\/p>\n","protected":false},"excerpt":{"rendered":"<p>Til au\u00f0manna 1 Hlusti\u00f0 \u00e1, \u00fei\u00f0 au\u00f0menn, gr\u00e1ti\u00f0 og kveini\u00f0 yfir \u00feeim b\u00e1gindum sem yfir ykkur munu koma. 2 Au\u00f0ur ykkar er or\u00f0inn f\u00fainn og kl\u00e6\u00f0i ykkar eru or\u00f0in m\u00f6l\u00e9tin, 3 gull ykkar og silfur er or\u00f0i\u00f0 ry\u00f0brunni\u00f0 og ry\u00f0i\u00f0 \u00e1 \u00fev\u00ed mun ver\u00f0a ykkur til vitnis og \u00e9ta hold ykkar eins og eldur. \u00dei\u00f0 hafi\u00f0 safna\u00f0 fj\u00e1rsj\u00f3\u00f0um \u00e1 s\u00ed\u00f0ustu d\u00f6gum. 4 Launin, sem \u00fei\u00f0 hafi\u00f0 haft af verkam\u00f6nnunum sem sl\u00f3gu l\u00f6nd ykkar, hr\u00f3pa og k\u00f6ll kornskur\u00f0armannanna eru komin til eyrna Drottins hersveitanna. 5 \u00dei\u00f0 hafi\u00f0 lifa\u00f0 \u00ed s\u00e6ll\u00edfi \u00e1 j\u00f6r\u00f0inni og \u00ed \u00f3h\u00f3fi. \u00dei\u00f0 hafi\u00f0 ali\u00f0 hj\u00f6rtu ykkar \u00e1 <a href=\"https:\/\/biblian.is\/biblian\/jakobsbrefid-5-kafli\/\"> [&#8230;]<\/a><\/p>\n","protected":false},"author":1,"featured_media":0,"parent":0,"menu_order":0,"comment_status":"open","ping_status":"open","template":"bibliukaflar_NT.php","meta":{"footnotes":""},"class_list":["post-2768","page","type-page","status-publish","hentry"],"_links":{"self":[{"href":"https:\/\/biblian.is\/biblian\/wp-json\/wp\/v2\/pages\/2768","targetHints":{"allow":["GET"]}}],"collection":[{"href":"https:\/\/biblian.is\/biblian\/wp-json\/wp\/v2\/pages"}],"about":[{"href":"https:\/\/biblian.is\/biblian\/wp-json\/wp\/v2\/types\/page"}],"author":[{"embeddable":true,"href":"https:\/\/biblian.is\/biblian\/wp-json\/wp\/v2\/users\/1"}],"replies":[{"embeddable":true,"href":"https:\/\/biblian.is\/biblian\/wp-json\/wp\/v2\/comments?post=2768"}],"version-history":[{"count":0,"href":"https:\/\/biblian.is\/biblian\/wp-json\/wp\/v2\/pages\/2768\/revisions"}],"wp:attachment":[{"href":"https:\/\/biblian.is\/biblian\/wp-json\/wp\/v2\/media?parent=2768"}],"curies":[{"name":"wp","href":"https:\/\/api.w.org\/{rel}","templated":true}]}}