{"id":2767,"date":"2017-12-30T21:04:34","date_gmt":"2017-12-30T21:04:34","guid":{"rendered":"http:\/\/biblian.is\/biblian\/jakobsbr%c2%8efi_-4-kafli\/"},"modified":"2019-08-26T23:48:19","modified_gmt":"2019-08-26T23:48:19","slug":"jakobsbrefid-4-kafli","status":"publish","type":"page","link":"https:\/\/biblian.is\/biblian\/jakobsbrefid-4-kafli\/","title":{"rendered":"Jakobsbr\u00e9fi\u00f0 4. kafli"},"content":{"rendered":"<h3 class=\"millifyrirsogn_2007\"> Au\u00f0mj\u00fakum veitist n\u00e1\u00f0<\/h3>\n<p><a name=\"1\"><span class=\"versanumer_2007\">1<\/span><\/a> Af hverju koma str\u00ed\u00f0 og af hverju sennur me\u00f0al ykkar? Af hverju \u00f6\u00f0ru en girndum ykkar sem heyja str\u00ed\u00f0 \u00ed limum ykkar? <a name=\"2\"><span class=\"versanumer_2007\">2<\/span><\/a> \u00dei\u00f0 girnist og f\u00e1i\u00f0 ekki, \u00fei\u00f0 drepi\u00f0 og \u00f6fundi\u00f0 og geti\u00f0 \u00fe\u00f3 ekki \u00f6\u00f0last. \u00dei\u00f0 berjist og str\u00ed\u00f0i\u00f0. \u00dei\u00f0 eigi\u00f0 ekki af \u00fev\u00ed a\u00f0 \u00fei\u00f0 bi\u00f0ji\u00f0 ekki. <a name=\"3\"><span class=\"versanumer_2007\">3<\/span><\/a> \u00dei\u00f0 bi\u00f0ji\u00f0 og \u00f6\u00f0list ekki af \u00fev\u00ed a\u00f0 \u00fei\u00f0 bi\u00f0ji\u00f0 illa, \u00fei\u00f0 vilji\u00f0 s\u00f3a \u00fev\u00ed \u00ed muna\u00f0i. <br \/> <a name=\"4\"><span class=\"versanumer_2007\">4<\/span><\/a> \u00dei\u00f0 \u00f3tr\u00fau, viti\u00f0 \u00fei\u00f0 ekki a\u00f0 vin\u00e1tta vi\u00f0 heiminn er fjandskapur gegn Gu\u00f0i? Hver sem \u00fev\u00ed vill vera vinur heimsins, hann gerir sig a\u00f0 \u00f3vini Gu\u00f0s. <a name=\"5\"><span class=\"versanumer_2007\">5<\/span><\/a> E\u00f0a haldi\u00f0 \u00fei\u00f0 a\u00f0 ritningin fari me\u00f0 h\u00e9g\u00f3ma sem segir: \u201e\u00der\u00e1ir Gu\u00f0 ekki me\u00f0 afbr\u00fd\u00f0i andann sem hann gaf b\u00fasta\u00f0 \u00ed okkur?\u201c<span class=\"nedan_mal\" title=\" E\u00f0a: Andinn, sem Gu\u00f0 gaf b\u00fasta\u00f0 \u00ed okkur, er fullur afbr\u00fd\u00f0i.\">[<\/span> <a name=\"6\"><span class=\"versanumer_2007\">6<\/span><\/a> En \u00fev\u00ed meiri er n\u00e1\u00f0in sem hann gefur. \u00deess vegna segir Ritningin: \u201eGu\u00f0 stendur \u00ed gegn drambl\u00e1tum en au\u00f0mj\u00fakum veitir hann n\u00e1\u00f0.\u201c<br \/> <a name=\"7\"><span class=\"versanumer_2007\">7<\/span><\/a> Gefi\u00f0 ykkur \u00fev\u00ed Gu\u00f0i \u00e1 vald, standi\u00f0 gegn dj\u00f6flinum og \u00fe\u00e1 mun hann fl\u00fdja ykkur. <a name=\"8\"><span class=\"versanumer_2007\">8<\/span><\/a> N\u00e1l\u00e6gi\u00f0 ykkur Gu\u00f0i og \u00fe\u00e1 mun hann n\u00e1lgast ykkur. <br \/>Hreinsi\u00f0 hendur ykkar, \u00fei\u00f0 syndarar, og geri\u00f0 hj\u00f6rtun flekklaus, \u00fei\u00f0 tv\u00edlyndu. <a name=\"9\"><span class=\"versanumer_2007\">9<\/span><\/a> Beri\u00f0 ykkur illa, syrgi\u00f0 og gr\u00e1ti\u00f0. Breyti\u00f0 hl\u00e1tri ykkar \u00ed sorg og gle\u00f0inni \u00ed hrygg\u00f0. <a name=\"10\"><span class=\"versanumer_2007\">10<\/span><\/a> Au\u00f0m\u00fdki\u00f0 ykkur fyrir Drottni og hann mun upphefja ykkur. <\/p>\n<h3 class=\"millifyrirsogn_2007\">D\u00e6mi\u00f0 ekki<\/h3>\n<p><a name=\"11\"><span class=\"versanumer_2007\">11<\/span><\/a> Tali\u00f0 ekki illa hvert um anna\u00f0, systkin.<span class=\"nedan_mal\" title=\" Or\u00f0r\u00e9tt: br\u00e6\u00f0ur.\">[<\/span> S\u00e1 sem talar illa um br\u00f3\u00f0ur sinn e\u00f0a systur<span class=\"nedan_mal\" title=\" Or\u00f0r\u00e9tt: br\u00f3\u00f0ur sinn.\">[<\/span> e\u00f0a d\u00e6mir \u00feau,<span class=\"nedan_mal\" title=\" Or\u00f0r\u00e9tt: br\u00f3\u00f0ur sinn.\">[<\/span> talar illa um l\u00f6gm\u00e1li\u00f0 og d\u00e6mir l\u00f6gm\u00e1li\u00f0. En ef \u00fe\u00fa d\u00e6mir l\u00f6gm\u00e1li\u00f0 \u00fe\u00e1 hl\u00fd\u00f0ir \u00fe\u00fa ekki l\u00f6gm\u00e1linu heldur ertu d\u00f3mari \u00feess. <a name=\"12\"><span class=\"versanumer_2007\">12<\/span><\/a> Einn er l\u00f6ggjafinn og d\u00f3marinn, s\u00e1 sem getur frelsa\u00f0 og tort\u00edmt. En hver ert \u00fe\u00fa sem d\u00e6mir n\u00e1ungann? <\/p>\n<h3 class=\"millifyrirsogn_2007\">Ef Drottinn vill<\/h3>\n<p><a name=\"13\"><span class=\"versanumer_2007\">13<\/span><\/a> Heyri\u00f0, \u00fei\u00f0 sem segi\u00f0: \u201e\u00cd dag e\u00f0a \u00e1 morgun skulum vi\u00f0 fara til \u00feeirrar e\u00f0a \u00feeirrar borgar, dveljast \u00fear eitt \u00e1r og versla \u00fear og gr\u00e6\u00f0a!\u201c <a name=\"14\"><span class=\"versanumer_2007\">14<\/span><\/a> \u00dei\u00f0 viti\u00f0 ekki hvernig l\u00edf ykkar ver\u00f0ur \u00e1 morgun. \u00dev\u00ed a\u00f0 \u00fei\u00f0 eru\u00f0 gufa sem s\u00e9st um stutta stund en hverfur s\u00ed\u00f0an. <a name=\"15\"><span class=\"versanumer_2007\">15<\/span><\/a> \u00cd sta\u00f0 \u00feess \u00e6ttu\u00f0 \u00fei\u00f0 a\u00f0 segja: \u201eEf Drottinn vill \u00fe\u00e1 b\u00e6\u00f0i lifum vi\u00f0 og \u00fe\u00e1 munum vi\u00f0 gera \u00feetta e\u00f0a anna\u00f0.\u201c <a name=\"16\"><span class=\"versanumer_2007\">16<\/span><\/a> En n\u00fa st\u00e6ri\u00f0 \u00fei\u00f0 ykkur \u00ed ofl\u00e1tungsskap. Allt sl\u00edkt st\u00e6ril\u00e6ti er vont. <a name=\"17\"><span class=\"versanumer_2007\">17<\/span><\/a> Hver sem \u00fev\u00ed hefur vit \u00e1 a\u00f0 gera gott en gerir \u00fea\u00f0 ekki, hann dr\u00fdgir synd. <\/p>\n","protected":false},"excerpt":{"rendered":"<p>Au\u00f0mj\u00fakum veitist n\u00e1\u00f0 1 Af hverju koma str\u00ed\u00f0 og af hverju sennur me\u00f0al ykkar? Af hverju \u00f6\u00f0ru en girndum ykkar sem heyja str\u00ed\u00f0 \u00ed limum ykkar? 2 \u00dei\u00f0 girnist og f\u00e1i\u00f0 ekki, \u00fei\u00f0 drepi\u00f0 og \u00f6fundi\u00f0 og geti\u00f0 \u00fe\u00f3 ekki \u00f6\u00f0last. \u00dei\u00f0 berjist og str\u00ed\u00f0i\u00f0. \u00dei\u00f0 eigi\u00f0 ekki af \u00fev\u00ed a\u00f0 \u00fei\u00f0 bi\u00f0ji\u00f0 ekki. 3 \u00dei\u00f0 bi\u00f0ji\u00f0 og \u00f6\u00f0list ekki af \u00fev\u00ed a\u00f0 \u00fei\u00f0 bi\u00f0ji\u00f0 illa, \u00fei\u00f0 vilji\u00f0 s\u00f3a \u00fev\u00ed \u00ed muna\u00f0i. 4 \u00dei\u00f0 \u00f3tr\u00fau, viti\u00f0 \u00fei\u00f0 ekki a\u00f0 vin\u00e1tta vi\u00f0 heiminn er fjandskapur gegn Gu\u00f0i? Hver sem \u00fev\u00ed vill vera vinur heimsins, hann gerir sig a\u00f0 \u00f3vini Gu\u00f0s. 5 <a href=\"https:\/\/biblian.is\/biblian\/jakobsbrefid-4-kafli\/\"> [&#8230;]<\/a><\/p>\n","protected":false},"author":1,"featured_media":0,"parent":0,"menu_order":0,"comment_status":"open","ping_status":"open","template":"bibliukaflar_NT.php","meta":{"footnotes":""},"class_list":["post-2767","page","type-page","status-publish","hentry"],"_links":{"self":[{"href":"https:\/\/biblian.is\/biblian\/wp-json\/wp\/v2\/pages\/2767","targetHints":{"allow":["GET"]}}],"collection":[{"href":"https:\/\/biblian.is\/biblian\/wp-json\/wp\/v2\/pages"}],"about":[{"href":"https:\/\/biblian.is\/biblian\/wp-json\/wp\/v2\/types\/page"}],"author":[{"embeddable":true,"href":"https:\/\/biblian.is\/biblian\/wp-json\/wp\/v2\/users\/1"}],"replies":[{"embeddable":true,"href":"https:\/\/biblian.is\/biblian\/wp-json\/wp\/v2\/comments?post=2767"}],"version-history":[{"count":0,"href":"https:\/\/biblian.is\/biblian\/wp-json\/wp\/v2\/pages\/2767\/revisions"}],"wp:attachment":[{"href":"https:\/\/biblian.is\/biblian\/wp-json\/wp\/v2\/media?parent=2767"}],"curies":[{"name":"wp","href":"https:\/\/api.w.org\/{rel}","templated":true}]}}