{"id":2765,"date":"2017-12-30T21:04:34","date_gmt":"2017-12-30T21:04:34","guid":{"rendered":"http:\/\/biblian.is\/biblian\/jakobsbr%c2%8efi_-2-kafli\/"},"modified":"2019-08-26T23:48:18","modified_gmt":"2019-08-26T23:48:18","slug":"jakobsbrefid-2-kafli","status":"publish","type":"page","link":"https:\/\/biblian.is\/biblian\/jakobsbrefid-2-kafli\/","title":{"rendered":"Jakobsbr\u00e9fi\u00f0 2. kafli"},"content":{"rendered":"<h3 class=\"millifyrirsogn_2007\"> Mismuni\u00f0 ekki m\u00f6nnum<\/h3>\n<p><a name=\"1\"><span class=\"versanumer_2007\">1<\/span><\/a> Br\u00e6\u00f0ur m\u00ednir og systur,<span class=\"nedan_mal\" title=\" Or\u00f0r\u00e9tt: Br\u00e6\u00f0ur m\u00ednir.\">[<\/span> \u00fei\u00f0 sem tr\u00fai\u00f0 \u00e1 Jes\u00fa Krist, d\u00fdr\u00f0ardrottin okkar, fari\u00f0 ekki \u00ed manngreinar\u00e1lit. <a name=\"2\"><span class=\"versanumer_2007\">2<\/span><\/a> N\u00fa kemur ma\u00f0ur inn \u00ed samkundu ykkar me\u00f0 gullhring \u00e1 hendi og \u00ed skartlegum kl\u00e6\u00f0um og jafnframt kemur inn f\u00e1t\u00e6kur ma\u00f0ur \u00ed \u00f3hreinum f\u00f6tum. <a name=\"3\"><span class=\"versanumer_2007\">3<\/span><\/a> Ef \u00f6ll athygli ykkar beinist a\u00f0 \u00feeim sem skartkl\u00e6\u00f0in ber og \u00fei\u00f0 segi\u00f0: \u201eSettu \u00feig h\u00e9rna \u00ed gott s\u00e6ti!\u201c en segi\u00f0 vi\u00f0 f\u00e1t\u00e6ka manninn: \u201eStattu \u00fearna e\u00f0a settu \u00feig \u00e1 g\u00f3lfi\u00f0 vi\u00f0 f\u00f3tsk\u00f6r m\u00edna,\u201c <a name=\"4\"><span class=\"versanumer_2007\">4<\/span><\/a> hafi\u00f0 \u00fei\u00f0 \u00fe\u00e1 ekki mismuna\u00f0 m\u00f6nnum og or\u00f0i\u00f0 d\u00f3marar me\u00f0 illum hv\u00f6tum? <br \/> <a name=\"5\"><span class=\"versanumer_2007\">5<\/span><\/a> Heyri\u00f0, elsku\u00f0 systkin.<span class=\"nedan_mal\" title=\" Or\u00f0r\u00e9tt: br\u00e6\u00f0ur m\u00ednir elska\u00f0ir.\">[<\/span> Hefur Gu\u00f0 ekki \u00fatvali\u00f0 \u00fe\u00e1 sem eru f\u00e1t\u00e6kir \u00ed augum heimsins til \u00feess a\u00f0 \u00feeir ver\u00f0i au\u00f0ugir \u00ed tr\u00fa og erfi r\u00edki\u00f0 er hann hefur heiti\u00f0 \u00feeim sem elska hann? <a name=\"6\"><span class=\"versanumer_2007\">6<\/span><\/a> En \u00fei\u00f0 hafi\u00f0 \u00f3virt hinn f\u00e1t\u00e6ka. Eru \u00fea\u00f0 \u00fe\u00f3 ekki hinir r\u00edku sem undiroka ykkur og draga ykkur fyrir d\u00f3mst\u00f3la? <a name=\"7\"><span class=\"versanumer_2007\">7<\/span><\/a> Eru \u00fea\u00f0 ekki \u00feeir sem lastm\u00e6la hinu g\u00f3\u00f0a nafni sem nefnt var yfir ykkur? <br \/> <a name=\"8\"><span class=\"versanumer_2007\">8<\/span><\/a> Ef \u00fei\u00f0 uppfylli\u00f0 hi\u00f0 konunglega bo\u00f0or\u00f0 Ritningarinnar: \u201e\u00de\u00fa skalt elska n\u00e1unga \u00feinn eins og sj\u00e1lfan \u00feig,\u201c \u00fe\u00e1 geri\u00f0 \u00fei\u00f0 vel. <a name=\"9\"><span class=\"versanumer_2007\">9<\/span><\/a> En ef \u00fei\u00f0 fari\u00f0 \u00ed manngreinar\u00e1lit \u00fe\u00e1 dr\u00fdgi\u00f0 \u00fei\u00f0 synd og l\u00f6gm\u00e1li\u00f0 sannar upp \u00e1 ykkur a\u00f0 \u00fei\u00f0 s\u00e9u\u00f0 brotamenn. <a name=\"10\"><span class=\"versanumer_2007\">10<\/span><\/a> \u00de\u00f3tt einhver h\u00e9ldi allt l\u00f6gm\u00e1li\u00f0 en hrasa\u00f0i \u00ed einu atri\u00f0i, \u00fe\u00e1 er hann or\u00f0inn sekur vi\u00f0 \u00f6ll bo\u00f0or\u00f0 \u00feess. <a name=\"11\"><span class=\"versanumer_2007\">11<\/span><\/a> \u00dev\u00ed s\u00e1 sem sag\u00f0i: \u201e\u00de\u00fa skalt ekki h\u00f3rd\u00f3m dr\u00fdgja,\u201c hann sag\u00f0i l\u00edka: \u201e\u00de\u00fa skalt ekki mor\u00f0 fremja.\u201c En \u00fe\u00f3 a\u00f0 \u00fe\u00fa dr\u00fdgir ekki h\u00f3r en fremur mor\u00f0, \u00fe\u00e1 ertu b\u00fainn a\u00f0 brj\u00f3ta l\u00f6gm\u00e1li\u00f0. <a name=\"12\"><span class=\"versanumer_2007\">12<\/span><\/a> Tali\u00f0 \u00fev\u00ed og breyti\u00f0 eins og \u00feeir er d\u00e6mast eiga eftir l\u00f6gm\u00e1li frelsisins. <a name=\"13\"><span class=\"versanumer_2007\">13<\/span><\/a> \u00dev\u00ed a\u00f0 \u00feeim sem ekki au\u00f0s\u00fdndi miskunn ver\u00f0ur ekki s\u00fdnd nein miskunn \u00ed d\u00f3minum. \u00cd d\u00f3minum m\u00e1 miskunnsemin s\u00edn mest. <\/p>\n<h3 class=\"millifyrirsogn_2007\">Tr\u00fa og verk<\/h3>\n<p><a name=\"14\"><span class=\"versanumer_2007\">14<\/span><\/a> Hva\u00f0 sto\u00f0ar \u00fea\u00f0, br\u00e6\u00f0ur m\u00ednir og systur,<span class=\"nedan_mal\" title=\" Or\u00f0r\u00e9tt: br\u00e6\u00f0ur m\u00ednir.\">[<\/span> \u00fe\u00f3tt einhver segist hafa tr\u00fa en s\u00fdnir \u00fea\u00f0 eigi \u00ed verki? Mun tr\u00fain geta frelsa\u00f0 hann? <a name=\"15\"><span class=\"versanumer_2007\">15<\/span><\/a> Ef br\u00f3\u00f0ir e\u00f0a systir eru nakin og vantar daglegt vi\u00f0urv\u00e6ri <a name=\"16\"><span class=\"versanumer_2007\">16<\/span><\/a> og eitthvert ykkar seg\u00f0i vi\u00f0 \u00feau: \u201eFari\u00f0 \u00ed fri\u00f0i, vermi\u00f0 ykkur og metti\u00f0!\u201c en \u00fei\u00f0 gefi\u00f0 \u00feeim ekki \u00fea\u00f0 sem l\u00edkaminn \u00fearfnast, hva\u00f0 sto\u00f0ar \u00fea\u00f0? <a name=\"17\"><span class=\"versanumer_2007\">17<\/span><\/a> Eins er l\u00edka tr\u00fain ein og s\u00e9r dau\u00f0 vanti hana verkin. <br \/> <a name=\"18\"><span class=\"versanumer_2007\">18<\/span><\/a> En n\u00fa segir einhver: \u201eEinn hefur tr\u00fa, annar verkin.\u201c S\u00fdn m\u00e9r \u00fe\u00e1 tr\u00fa \u00fe\u00edna \u00e1n verkanna og \u00e9g skal s\u00fdna \u00fe\u00e9r tr\u00fana af verkum m\u00ednum. <a name=\"19\"><span class=\"versanumer_2007\">19<\/span><\/a> \u00de\u00fa tr\u00fair a\u00f0 Gu\u00f0 s\u00e9 einn. \u00de\u00fa gerir vel. En illu andarnir tr\u00faa \u00fev\u00ed l\u00edka og skelfast. <a name=\"20\"><span class=\"versanumer_2007\">20<\/span><\/a> F\u00e1v\u00edsi ma\u00f0ur! Vilt \u00fe\u00fa l\u00e1ta \u00fe\u00e9r skiljast a\u00f0 tr\u00fain er \u00f3n\u00fdt<span class=\"nedan_mal\" title=\" Annar lesh\u00e1ttur: dau\u00f0.\">[<\/span> \u00e1n verkanna? <a name=\"21\"><span class=\"versanumer_2007\">21<\/span><\/a> R\u00e9ttl\u00e6ttist ekki Abraham, fa\u00f0ir okkar, af verkum er hann lag\u00f0i son sinn \u00cdsak \u00e1 altari\u00f0? <a name=\"22\"><span class=\"versanumer_2007\">22<\/span><\/a> \u00de\u00fa s\u00e9r\u00f0 a\u00f0 tr\u00fain var samtaka verkum hans og a\u00f0 tr\u00fain fullkomna\u00f0ist me\u00f0 verkunum. <a name=\"23\"><span class=\"versanumer_2007\">23<\/span><\/a> Og ritningin r\u00e6ttist sem segir: \u201eAbraham tr\u00fa\u00f0i Gu\u00f0i og \u00fea\u00f0 var honum til r\u00e9ttl\u00e6tis reikna\u00f0,\u201c og hann var kalla\u00f0ur vinur Gu\u00f0s. <a name=\"24\"><span class=\"versanumer_2007\">24<\/span><\/a> \u00dei\u00f0 sj\u00e1i\u00f0 a\u00f0 ma\u00f0urinn r\u00e9ttl\u00e6tist af verkum en ekki af tr\u00fanni einni saman. <br \/> <a name=\"25\"><span class=\"versanumer_2007\">25<\/span><\/a> Svo var og um sk\u00e6kjuna Rahab. R\u00e9ttl\u00e6ttist h\u00fan ekki af verkum er h\u00fan t\u00f3k vi\u00f0 sendim\u00f6nnunum og l\u00e9t \u00fe\u00e1 fara burt a\u00f0ra lei\u00f0? <br \/> <a name=\"26\"><span class=\"versanumer_2007\">26<\/span><\/a> Eins og l\u00edkaminn er dau\u00f0ur \u00e1n anda, eins er og tr\u00fain dau\u00f0 \u00e1n verka. <\/p>\n","protected":false},"excerpt":{"rendered":"<p>Mismuni\u00f0 ekki m\u00f6nnum 1 Br\u00e6\u00f0ur m\u00ednir og systur,[ \u00fei\u00f0 sem tr\u00fai\u00f0 \u00e1 Jes\u00fa Krist, d\u00fdr\u00f0ardrottin okkar, fari\u00f0 ekki \u00ed manngreinar\u00e1lit. 2 N\u00fa kemur ma\u00f0ur inn \u00ed samkundu ykkar me\u00f0 gullhring \u00e1 hendi og \u00ed skartlegum kl\u00e6\u00f0um og jafnframt kemur inn f\u00e1t\u00e6kur ma\u00f0ur \u00ed \u00f3hreinum f\u00f6tum. 3 Ef \u00f6ll athygli ykkar beinist a\u00f0 \u00feeim sem skartkl\u00e6\u00f0in ber og \u00fei\u00f0 segi\u00f0: \u201eSettu \u00feig h\u00e9rna \u00ed gott s\u00e6ti!\u201c en segi\u00f0 vi\u00f0 f\u00e1t\u00e6ka manninn: \u201eStattu \u00fearna e\u00f0a settu \u00feig \u00e1 g\u00f3lfi\u00f0 vi\u00f0 f\u00f3tsk\u00f6r m\u00edna,\u201c 4 hafi\u00f0 \u00fei\u00f0 \u00fe\u00e1 ekki mismuna\u00f0 m\u00f6nnum og or\u00f0i\u00f0 d\u00f3marar me\u00f0 illum hv\u00f6tum? 5 Heyri\u00f0, elsku\u00f0 systkin.[ Hefur Gu\u00f0 ekki <a href=\"https:\/\/biblian.is\/biblian\/jakobsbrefid-2-kafli\/\"> [&#8230;]<\/a><\/p>\n","protected":false},"author":1,"featured_media":0,"parent":0,"menu_order":0,"comment_status":"open","ping_status":"open","template":"bibliukaflar_NT.php","meta":{"footnotes":""},"class_list":["post-2765","page","type-page","status-publish","hentry"],"_links":{"self":[{"href":"https:\/\/biblian.is\/biblian\/wp-json\/wp\/v2\/pages\/2765","targetHints":{"allow":["GET"]}}],"collection":[{"href":"https:\/\/biblian.is\/biblian\/wp-json\/wp\/v2\/pages"}],"about":[{"href":"https:\/\/biblian.is\/biblian\/wp-json\/wp\/v2\/types\/page"}],"author":[{"embeddable":true,"href":"https:\/\/biblian.is\/biblian\/wp-json\/wp\/v2\/users\/1"}],"replies":[{"embeddable":true,"href":"https:\/\/biblian.is\/biblian\/wp-json\/wp\/v2\/comments?post=2765"}],"version-history":[{"count":0,"href":"https:\/\/biblian.is\/biblian\/wp-json\/wp\/v2\/pages\/2765\/revisions"}],"wp:attachment":[{"href":"https:\/\/biblian.is\/biblian\/wp-json\/wp\/v2\/media?parent=2765"}],"curies":[{"name":"wp","href":"https:\/\/api.w.org\/{rel}","templated":true}]}}