{"id":2764,"date":"2017-12-30T21:04:34","date_gmt":"2017-12-30T21:04:34","guid":{"rendered":"http:\/\/biblian.is\/biblian\/jakobsbr%c2%8efi_-1-kafli\/"},"modified":"2019-08-26T23:48:18","modified_gmt":"2019-08-26T23:48:18","slug":"jakobsbrefid-1-kafli","status":"publish","type":"page","link":"https:\/\/biblian.is\/biblian\/jakobsbrefid-1-kafli\/","title":{"rendered":"Jakobsbr\u00e9fi\u00f0 1. kafli"},"content":{"rendered":"<h3 class=\"millifyrirsogn_2007\"> \u00deolg\u00e6\u00f0i, tr\u00fa og b\u00e6n<\/h3>\n<p><a name=\"1\"><span class=\"versanumer_2007\">1<\/span><\/a> Jakob, \u00fej\u00f3nn Gu\u00f0s og Drottins Jes\u00fa Krists, heilsar \u00feeim t\u00f3lf kynkv\u00edslum \u00ed dreifingunni. <br \/> <a name=\"2\"><span class=\"versanumer_2007\">2<\/span><\/a> K\u00e6ri s\u00f6fnu\u00f0ur,<span class=\"nedan_mal\" title=\" Or\u00f0r\u00e9tt: Br\u00e6\u00f0ur m\u00ednir.\">[<\/span> \u00e1l\u00edti\u00f0 \u00fea\u00f0 mesta fagna\u00f0arefni er \u00fei\u00f0 rati\u00f0 \u00ed \u00fdmiss konar raunir. <a name=\"3\"><span class=\"versanumer_2007\">3<\/span><\/a> \u00dei\u00f0 viti\u00f0 a\u00f0 tr\u00fafesti ykkar vekur \u00feolg\u00e6\u00f0i <a name=\"4\"><span class=\"versanumer_2007\">4<\/span><\/a> en \u00feolg\u00e6\u00f0i\u00f0 \u00e1 a\u00f0 birtast \u00ed \u00fev\u00ed sem \u00fei\u00f0 geri\u00f0, til \u00feess a\u00f0 \u00fei\u00f0 s\u00e9u\u00f0 fullkomin og alger og ykkur s\u00e9 \u00ed engu \u00e1b\u00f3tavant. <br \/> <a name=\"5\"><span class=\"versanumer_2007\">5<\/span><\/a> Ef einhvern mann \u00ed ykkar h\u00f3pi brestur visku, \u00fe\u00e1 bi\u00f0ji hann Gu\u00f0 sem gefur \u00f6llum \u00f6rl\u00e1tlega og \u00e1t\u00f6lulaust og honum mun gefast. <a name=\"6\"><span class=\"versanumer_2007\">6<\/span><\/a> En hann bi\u00f0ji \u00ed tr\u00fa \u00e1n \u00feess a\u00f0 efast. S\u00e1 sem efast er l\u00edkur sj\u00e1var\u00f6ldu er r\u00eds og hrekst fyrir vindi. <a name=\"7\"><span class=\"versanumer_2007\">7<\/span><\/a> S\u00e1 ma\u00f0ur m\u00e1 eigi \u00e6tla a\u00f0 hann f\u00e1i nokku\u00f0 hj\u00e1 Drottni. <a name=\"8\"><span class=\"versanumer_2007\">8<\/span><\/a> Hann er tv\u00edlyndur og reikull \u00ed \u00f6llu atferli s\u00ednu. <\/p>\n<h3 class=\"millifyrirsogn_2007\">Lagning og upphef\u00f0<\/h3>\n<p><a name=\"9\"><span class=\"versanumer_2007\">9<\/span><\/a> S\u00e1 sem er l\u00e1gt settur hr\u00f3si s\u00e9r af upphef\u00f0 sinni, <a name=\"10\"><span class=\"versanumer_2007\">10<\/span><\/a> au\u00f0ma\u00f0urinn af allsleysi s\u00ednu \u00fev\u00ed a\u00f0 hann mun l\u00ed\u00f0a undir lok eins og bl\u00f3m \u00e1 engi. <a name=\"11\"><span class=\"versanumer_2007\">11<\/span><\/a> S\u00f3lin kemur upp me\u00f0 steikjandi hita og sv\u00ed\u00f0ur grasi\u00f0 og bl\u00f3m \u00feess fellur og fegur\u00f0 \u00feess ver\u00f0ur a\u00f0 engu. \u00deannig mun og au\u00f0ugur ma\u00f0ur visna upp \u00e1 vegum s\u00ednum. <\/p>\n<h3 class=\"millifyrirsogn_2007\">Gu\u00f0 freistar einskis manns<\/h3>\n<p><a name=\"12\"><span class=\"versanumer_2007\">12<\/span><\/a> S\u00e6ll er s\u00e1 ma\u00f0ur sem stenst freistingu og reynist h\u00e6fur. Gu\u00f0 mun veita honum k\u00f3r\u00f3nu l\u00edfsins sem hann hefur heiti\u00f0 \u00feeim er elska hann. <a name=\"13\"><span class=\"versanumer_2007\">13<\/span><\/a> Enginn m\u00e1 segja er hann ver\u00f0ur fyrir freistingu: \u201eGu\u00f0 freistar m\u00edn.\u201c Hi\u00f0 illa getur eigi freista\u00f0 Gu\u00f0s og sj\u00e1lfur freistar hann einskis manns. <a name=\"14\"><span class=\"versanumer_2007\">14<\/span><\/a> \u00dea\u00f0 er eigin girnd sem freistar s\u00e9rhvers manns og dregur hann og t\u00e6lir. <a name=\"15\"><span class=\"versanumer_2007\">15<\/span><\/a> \u00deegar girndin s\u00ed\u00f0an er or\u00f0in \u00feungu\u00f0 elur h\u00fan synd og \u00feegar syndin er or\u00f0in full\u00ferosku\u00f0 lei\u00f0ir h\u00fan til dau\u00f0a. <br \/> <a name=\"16\"><span class=\"versanumer_2007\">16<\/span><\/a> Villist ekki, elsku\u00f0 systkin.<span class=\"nedan_mal\" title=\" Or\u00f0r\u00e9tt: elska\u00f0ir br\u00e6\u00f0ur m\u00ednir.\">[<\/span> <a name=\"17\"><span class=\"versanumer_2007\">17<\/span><\/a> S\u00e9rhver g\u00f3\u00f0 gj\u00f6f og s\u00e9rhver fullkomin g\u00e1fa er ofan a\u00f0, fr\u00e1 f\u00f6\u00f0ur lj\u00f3sanna. Hj\u00e1 honum er engin umbreyting n\u00e9 fl\u00f6ktandi skuggar. Hann er \u00e1vallt hinn sami. <a name=\"18\"><span class=\"versanumer_2007\">18<\/span><\/a> Hann \u00e1kva\u00f0 a\u00f0 l\u00e1ta or\u00f0 sannleikans vekja okkur til l\u00edfs til \u00feess a\u00f0 vi\u00f0 skyldum vera frumgr\u00f3\u00f0i sk\u00f6punar hans. <\/p>\n<h3 class=\"millifyrirsogn_2007\">Heyrendur og gerendur<\/h3>\n<p><a name=\"19\"><span class=\"versanumer_2007\">19<\/span><\/a> Viti\u00f0 \u00feetta, elsku\u00f0 systkin.<span class=\"nedan_mal\" title=\" Or\u00f0r\u00e9tt: elska\u00f0ir br\u00e6\u00f0ur m\u00ednir.\">[<\/span> Hver ma\u00f0ur skal vera flj\u00f3tur til a\u00f0 heyra, seinn til a\u00f0 tala, seinn til rei\u00f0i. <a name=\"20\"><span class=\"versanumer_2007\">20<\/span><\/a> \u00dev\u00ed a\u00f0 rei\u00f0i manns \u00e1vinnur ekki \u00fea\u00f0 sem r\u00e9tt er \u00ed augum Gu\u00f0s. <a name=\"21\"><span class=\"versanumer_2007\">21<\/span><\/a> Leggi\u00f0 \u00fev\u00ed af hvers konar saurugleik og alla vonsku og taki\u00f0 me\u00f0 h\u00f3gv\u00e6r\u00f0 \u00e1 m\u00f3ti hinu gr\u00f3\u00f0ursetta or\u00f0i er frelsa\u00f0 getur s\u00e1lir ykkar. <br \/> <a name=\"22\"><span class=\"versanumer_2007\">22<\/span><\/a> Ver\u00f0i\u00f0 gerendur or\u00f0sins og eigi a\u00f0eins heyrendur \u00feess, ella sv\u00edki\u00f0 \u00fei\u00f0 sj\u00e1lf ykkur. <a name=\"23\"><span class=\"versanumer_2007\">23<\/span><\/a> \u00dev\u00ed a\u00f0 hl\u00fd\u00f0i einhver \u00e1 or\u00f0i\u00f0 \u00e1n \u00feess a\u00f0 fara eftir \u00fev\u00ed er hann l\u00edkur manni er sko\u00f0ar sj\u00e1lfan sig \u00ed spegli. <a name=\"24\"><span class=\"versanumer_2007\">24<\/span><\/a> Hann sko\u00f0ar andlit sitt, fer burt og gleymir jafnskj\u00f3tt hvernig \u00fea\u00f0 var. <a name=\"25\"><span class=\"versanumer_2007\">25<\/span><\/a> En s\u00e1 sem skyggnist inn \u00ed hi\u00f0 fullkomna l\u00f6gm\u00e1l frelsisins og heldur s\u00e9r vi\u00f0 \u00fea\u00f0 og gleymir ekki \u00fev\u00ed sem hann heyrir heldur framkv\u00e6mir \u00fea\u00f0, ver\u00f0ur s\u00e6ll \u00ed verkum s\u00ednum. <br \/> <a name=\"26\"><span class=\"versanumer_2007\">26<\/span><\/a> S\u00e1 sem \u00feykist vera gu\u00f0r\u00e6kinn en hefur ekki taumhald \u00e1 tungu sinni blekkir sj\u00e1lfan sig og gu\u00f0r\u00e6kni hans er f\u00e1n\u00fdt. <a name=\"27\"><span class=\"versanumer_2007\">27<\/span><\/a> Hrein og flekklaus gu\u00f0r\u00e6kni fyrir Gu\u00f0i f\u00f6\u00f0ur er a\u00f0 vitja muna\u00f0arlausra og ekkna \u00ed \u00ferengingum \u00feeirra og var\u00f0veita sj\u00e1lfan sig \u00f3flekka\u00f0an af heiminum. <\/p>\n","protected":false},"excerpt":{"rendered":"<p>\u00deolg\u00e6\u00f0i, tr\u00fa og b\u00e6n 1 Jakob, \u00fej\u00f3nn Gu\u00f0s og Drottins Jes\u00fa Krists, heilsar \u00feeim t\u00f3lf kynkv\u00edslum \u00ed dreifingunni. 2 K\u00e6ri s\u00f6fnu\u00f0ur,[ \u00e1l\u00edti\u00f0 \u00fea\u00f0 mesta fagna\u00f0arefni er \u00fei\u00f0 rati\u00f0 \u00ed \u00fdmiss konar raunir. 3 \u00dei\u00f0 viti\u00f0 a\u00f0 tr\u00fafesti ykkar vekur \u00feolg\u00e6\u00f0i 4 en \u00feolg\u00e6\u00f0i\u00f0 \u00e1 a\u00f0 birtast \u00ed \u00fev\u00ed sem \u00fei\u00f0 geri\u00f0, til \u00feess a\u00f0 \u00fei\u00f0 s\u00e9u\u00f0 fullkomin og alger og ykkur s\u00e9 \u00ed engu \u00e1b\u00f3tavant. 5 Ef einhvern mann \u00ed ykkar h\u00f3pi brestur visku, \u00fe\u00e1 bi\u00f0ji hann Gu\u00f0 sem gefur \u00f6llum \u00f6rl\u00e1tlega og \u00e1t\u00f6lulaust og honum mun gefast. 6 En hann bi\u00f0ji \u00ed tr\u00fa \u00e1n \u00feess a\u00f0 efast. S\u00e1 sem <a href=\"https:\/\/biblian.is\/biblian\/jakobsbrefid-1-kafli\/\"> [&#8230;]<\/a><\/p>\n","protected":false},"author":1,"featured_media":0,"parent":0,"menu_order":0,"comment_status":"open","ping_status":"open","template":"bibliukaflar_NT.php","meta":{"footnotes":""},"class_list":["post-2764","page","type-page","status-publish","hentry"],"_links":{"self":[{"href":"https:\/\/biblian.is\/biblian\/wp-json\/wp\/v2\/pages\/2764","targetHints":{"allow":["GET"]}}],"collection":[{"href":"https:\/\/biblian.is\/biblian\/wp-json\/wp\/v2\/pages"}],"about":[{"href":"https:\/\/biblian.is\/biblian\/wp-json\/wp\/v2\/types\/page"}],"author":[{"embeddable":true,"href":"https:\/\/biblian.is\/biblian\/wp-json\/wp\/v2\/users\/1"}],"replies":[{"embeddable":true,"href":"https:\/\/biblian.is\/biblian\/wp-json\/wp\/v2\/comments?post=2764"}],"version-history":[{"count":0,"href":"https:\/\/biblian.is\/biblian\/wp-json\/wp\/v2\/pages\/2764\/revisions"}],"wp:attachment":[{"href":"https:\/\/biblian.is\/biblian\/wp-json\/wp\/v2\/media?parent=2764"}],"curies":[{"name":"wp","href":"https:\/\/api.w.org\/{rel}","templated":true}]}}