{"id":2763,"date":"2017-12-30T21:04:34","date_gmt":"2017-12-30T21:04:34","guid":{"rendered":"http:\/\/biblian.is\/biblian\/hebreabr%c2%8efi_-13-kafli\/"},"modified":"2019-08-27T00:15:37","modified_gmt":"2019-08-27T00:15:37","slug":"hebreabrefid-13-kafli","status":"publish","type":"page","link":"https:\/\/biblian.is\/biblian\/hebreabrefid-13-kafli\/","title":{"rendered":"Hebreabr\u00e9fi\u00f0 13. kafli"},"content":{"rendered":"<h3 class=\"millifyrirsogn_2007\"> Lofgj\u00f6r\u00f0arf\u00f3rn fyrir Gu\u00f0<\/h3>\n<p><a name=\"1\"><span class=\"versanumer_2007\">1<\/span><\/a> Br\u00f3\u00f0urk\u00e6rleikurinn haldist. <a name=\"2\"><span class=\"versanumer_2007\">2<\/span><\/a> Gleymi\u00f0 ekki gestrisninni \u00fev\u00ed a\u00f0 vegna hennar hafa sumir h\u00fdst engla \u00e1n \u00feess a\u00f0 vita. <a name=\"3\"><span class=\"versanumer_2007\">3<\/span><\/a> Minnist bandingjanna sem v\u00e6ru\u00f0 \u00fei\u00f0 sambandingjar \u00feeirra. Minnist \u00feeirra er illt l\u00ed\u00f0a \u00fear e\u00f0 \u00fei\u00f0 finni\u00f0 til eins og \u00feeir. <br \/> <a name=\"4\"><span class=\"versanumer_2007\">4<\/span><\/a> Hj\u00faskapurinn s\u00e9 \u00ed hei\u00f0ri haf\u00f0ur \u00ed \u00f6llum greinum og hj\u00f3nas\u00e6ngin s\u00e9 \u00f3flekku\u00f0 \u00fev\u00ed a\u00f0 h\u00f3rkarla og frillul\u00edfismenn mun Gu\u00f0 d\u00e6ma. <br \/> <a name=\"5\"><span class=\"versanumer_2007\">5<\/span><\/a> Veri\u00f0 ekki f\u00e9gr\u00e1\u00f0ug en l\u00e1ti\u00f0 ykkur n\u00e6gja \u00fea\u00f0 sem \u00fei\u00f0 hafi\u00f0. Gu\u00f0 hefur sj\u00e1lfur sagt: \u201e\u00c9g mun ekki sleppa af \u00fe\u00e9r hendinni n\u00e9 yfirgefa \u00feig.\u201c <a name=\"6\"><span class=\"versanumer_2007\">6<\/span><\/a> \u00dev\u00ed getum vi\u00f0 \u00f6rugg sagt: <br \/> <span class=\"ljodatexti\"> Drottinn er minn hj\u00e1lpari, <br \/>eigi mun \u00e9g \u00f3ttast. <br \/>Hva\u00f0 geta mennirnir gert m\u00e9r? <\/span> <br \/> <a name=\"7\"><span class=\"versanumer_2007\">7<\/span><\/a> Minnist lei\u00f0toga ykkar sem Gu\u00f0s or\u00f0 hafa til ykkar tala\u00f0. Vir\u00f0i\u00f0 fyrir ykkur hvernig \u00e6vi \u00feeirra lauk og l\u00edki\u00f0 eftir tr\u00fa \u00feeirra. <a name=\"8\"><span class=\"versanumer_2007\">8<\/span><\/a> Jes\u00fas Kristur er \u00ed g\u00e6r og \u00ed dag hinn sami og um aldir. <a name=\"9\"><span class=\"versanumer_2007\">9<\/span><\/a> L\u00e1ti\u00f0 ekki \u00fdmiss konar framandi kenningar afvegalei\u00f0a ykkur. L\u00e1ti\u00f0 n\u00e1\u00f0 Gu\u00f0s n\u00e6ra hjarta\u00f0, ekki mat af \u00fdmsu tagi. \u00deeir sem sinntu sl\u00edku h\u00f6f\u00f0u eigi happ af \u00fev\u00ed. <br \/> <a name=\"10\"><span class=\"versanumer_2007\">10<\/span><\/a> Vi\u00f0 h\u00f6fum altari og \u00feeir er tjaldb\u00fa\u00f0inni \u00fej\u00f3na hafa ekki leyfi til a\u00f0 neyta \u00feess sem \u00e1 \u00fev\u00ed er. <a name=\"11\"><span class=\"versanumer_2007\">11<\/span><\/a> \u00c6\u00f0sti presturinn ber bl\u00f3\u00f0 d\u00fdranna inn \u00ed helgid\u00f3minn til syndaf\u00f3rnar en hr\u00e6 \u00feeirra eru brennd fyrir utan herb\u00fa\u00f0irnar. <a name=\"12\"><span class=\"versanumer_2007\">12<\/span><\/a> \u00deess vegna lei\u00f0 Jes\u00fas fyrir utan hli\u00f0i\u00f0, til \u00feess a\u00f0 hann helga\u00f0i l\u00fd\u00f0inn me\u00f0 bl\u00f3\u00f0i s\u00ednu. <a name=\"13\"><span class=\"versanumer_2007\">13<\/span><\/a> G\u00f6ngum \u00fev\u00ed til hans \u00fat fyrir herb\u00fa\u00f0irnar og berum vanvir\u00f0u hans. <a name=\"14\"><span class=\"versanumer_2007\">14<\/span><\/a> \u00dev\u00ed a\u00f0 h\u00e9r h\u00f6fum vi\u00f0 ekki borg er stendur heldur leitum vi\u00f0 hinnar komandi. <a name=\"15\"><span class=\"versanumer_2007\">15<\/span><\/a> Me\u00f0 hj\u00e1lp Jes\u00fa skulum vi\u00f0 \u00fev\u00ed \u00e1n afl\u00e1ts f\u00e6ra Gu\u00f0i lofgj\u00f6r\u00f0arf\u00f3rn, \u00e1v\u00f6xt vara er j\u00e1ta nafn hans. <a name=\"16\"><span class=\"versanumer_2007\">16<\/span><\/a> En gleymi\u00f0 ekki velgj\u00f6r\u00f0aseminni og hj\u00e1lpseminni \u00fev\u00ed a\u00f0 sl\u00edkar f\u00f3rnir eru Gu\u00f0i \u00fe\u00f3knanlegar. <br \/> <a name=\"17\"><span class=\"versanumer_2007\">17<\/span><\/a> Hl\u00fd\u00f0i\u00f0 lei\u00f0togum ykkar og veri\u00f0 \u00feeim eftirl\u00e1t. \u00deeir vaka yfir s\u00e1lum ykkar og eiga a\u00f0 l\u00faka reikning fyrir \u00fe\u00e6r. Veri\u00f0 \u00feeim eftirl\u00e1t til \u00feess a\u00f0 \u00feeir geti gert \u00fea\u00f0 me\u00f0 gle\u00f0i, ekki andvarpandi. \u00dea\u00f0 v\u00e6ri ykkur til \u00f3gagns. <br \/> <a name=\"18\"><span class=\"versanumer_2007\">18<\/span><\/a> Bi\u00f0ji\u00f0 fyrir m\u00e9r \u00fev\u00ed a\u00f0 \u00e9g er \u00feess fullviss a\u00f0 \u00e9g hef g\u00f3\u00f0a samvisku og vil \u00ed \u00f6llum greinum breyta vel. <a name=\"19\"><span class=\"versanumer_2007\">19<\/span><\/a> \u00c9g bi\u00f0 ykkur enn r\u00e6kilegar um a\u00f0 gera \u00feetta til \u00feess a\u00f0 \u00e9g ver\u00f0i br\u00e1tt aftur sendur til ykkar. <\/p>\n<h3 class=\"millifyrirsogn_2007\">B\u00e6n og kve\u00f0jur<\/h3>\n<p><a name=\"20\"><span class=\"versanumer_2007\">20<\/span><\/a> Gu\u00f0 fri\u00f0arins, sem leiddi Drottin vorn, Jes\u00fa, hinn mikla hir\u00f0i sau\u00f0anna,<span class=\"nedan_mal\" title=\" E\u00f0a: hjar\u00f0arinnar.\">[<\/span> upp fr\u00e1 dau\u00f0um me\u00f0 bl\u00f3\u00f0i eil\u00edfs s\u00e1ttm\u00e1la, <a name=\"21\"><span class=\"versanumer_2007\">21<\/span><\/a> styrki y\u00f0ur \u00ed \u00f6llu g\u00f3\u00f0u \u00ed hl\u00fd\u00f0ni vi\u00f0 vilja sinn. L\u00e1ti hann allt \u00fea\u00f0 ver\u00f0a \u00ed oss sem honum er \u00fe\u00f3knanlegt fyrir Jes\u00fa Krist. Honum s\u00e9 d\u00fdr\u00f0 um aldir alda. Amen.<br \/> <a name=\"22\"><span class=\"versanumer_2007\">22<\/span><\/a> \u00c9g hef rita\u00f0 ykkur f\u00e1ein hvatningaror\u00f0, \u00e9g bi\u00f0 ykkur, systkin,<span class=\"nedan_mal\" title=\" Or\u00f0r\u00e9tt: br\u00e6\u00f0ur.\">[<\/span> a\u00f0 taka \u00feeim vel.<br \/> <a name=\"23\"><span class=\"versanumer_2007\">23<\/span><\/a> \u00dei\u00f0 skulu\u00f0 vita a\u00f0 br\u00f3\u00f0ir okkar T\u00edm\u00f3teus hefur veri\u00f0 l\u00e1tinn laus og \u00e1samt honum mun \u00e9g heims\u00e6kja ykkur, komi hann br\u00e1\u00f0um. <br \/> <a name=\"24\"><span class=\"versanumer_2007\">24<\/span><\/a> Beri\u00f0 kve\u00f0ju \u00f6llum lei\u00f0togum ykkar og \u00f6llum heil\u00f6gum. Mennirnir fr\u00e1 \u00cdtal\u00edu senda ykkur kve\u00f0ju. <br \/> <a name=\"25\"><span class=\"versanumer_2007\">25<\/span><\/a> N\u00e1\u00f0 s\u00e9 me\u00f0 y\u00f0ur \u00f6llum.<\/p>\n","protected":false},"excerpt":{"rendered":"<p>Lofgj\u00f6r\u00f0arf\u00f3rn fyrir Gu\u00f0 1 Br\u00f3\u00f0urk\u00e6rleikurinn haldist. 2 Gleymi\u00f0 ekki gestrisninni \u00fev\u00ed a\u00f0 vegna hennar hafa sumir h\u00fdst engla \u00e1n \u00feess a\u00f0 vita. 3 Minnist bandingjanna sem v\u00e6ru\u00f0 \u00fei\u00f0 sambandingjar \u00feeirra. Minnist \u00feeirra er illt l\u00ed\u00f0a \u00fear e\u00f0 \u00fei\u00f0 finni\u00f0 til eins og \u00feeir. 4 Hj\u00faskapurinn s\u00e9 \u00ed hei\u00f0ri haf\u00f0ur \u00ed \u00f6llum greinum og hj\u00f3nas\u00e6ngin s\u00e9 \u00f3flekku\u00f0 \u00fev\u00ed a\u00f0 h\u00f3rkarla og frillul\u00edfismenn mun Gu\u00f0 d\u00e6ma. 5 Veri\u00f0 ekki f\u00e9gr\u00e1\u00f0ug en l\u00e1ti\u00f0 ykkur n\u00e6gja \u00fea\u00f0 sem \u00fei\u00f0 hafi\u00f0. Gu\u00f0 hefur sj\u00e1lfur sagt: \u201e\u00c9g mun ekki sleppa af \u00fe\u00e9r hendinni n\u00e9 yfirgefa \u00feig.\u201c 6 \u00dev\u00ed getum vi\u00f0 \u00f6rugg sagt: Drottinn er minn hj\u00e1lpari, <a href=\"https:\/\/biblian.is\/biblian\/hebreabrefid-13-kafli\/\"> [&#8230;]<\/a><\/p>\n","protected":false},"author":1,"featured_media":0,"parent":0,"menu_order":0,"comment_status":"open","ping_status":"open","template":"bibliukaflar_NT.php","meta":{"footnotes":""},"class_list":["post-2763","page","type-page","status-publish","hentry"],"_links":{"self":[{"href":"https:\/\/biblian.is\/biblian\/wp-json\/wp\/v2\/pages\/2763","targetHints":{"allow":["GET"]}}],"collection":[{"href":"https:\/\/biblian.is\/biblian\/wp-json\/wp\/v2\/pages"}],"about":[{"href":"https:\/\/biblian.is\/biblian\/wp-json\/wp\/v2\/types\/page"}],"author":[{"embeddable":true,"href":"https:\/\/biblian.is\/biblian\/wp-json\/wp\/v2\/users\/1"}],"replies":[{"embeddable":true,"href":"https:\/\/biblian.is\/biblian\/wp-json\/wp\/v2\/comments?post=2763"}],"version-history":[{"count":0,"href":"https:\/\/biblian.is\/biblian\/wp-json\/wp\/v2\/pages\/2763\/revisions"}],"wp:attachment":[{"href":"https:\/\/biblian.is\/biblian\/wp-json\/wp\/v2\/media?parent=2763"}],"curies":[{"name":"wp","href":"https:\/\/api.w.org\/{rel}","templated":true}]}}