{"id":2760,"date":"2017-12-30T21:04:34","date_gmt":"2017-12-30T21:04:34","guid":{"rendered":"http:\/\/biblian.is\/biblian\/hebreabr%c2%8efi_-10-kafli\/"},"modified":"2019-08-27T00:15:36","modified_gmt":"2019-08-27T00:15:36","slug":"hebreabrefid-10-kafli","status":"publish","type":"page","link":"https:\/\/biblian.is\/biblian\/hebreabrefid-10-kafli\/","title":{"rendered":"Hebreabr\u00e9fi\u00f0 10. kafli"},"content":{"rendered":"<h3 class=\"millifyrirsogn_2007\"> Hin eina f\u00f3rn<\/h3>\n<p><a name=\"1\"><span class=\"versanumer_2007\">1<\/span><\/a> L\u00f6gm\u00e1li\u00f0 geymir a\u00f0eins skugga hins g\u00f3\u00f0a sem er \u00ed v\u00e6ndum, ekki sk\u00fdra mynd \u00feess. \u00de\u00e6r s\u00f6mu f\u00f3rnir sem \u00e1r eftir \u00e1r eru bornar fram geta \u00fev\u00ed aldrei gert \u00fe\u00e1 fullkomna til framb\u00fa\u00f0ar sem ganga fram fyrir Gu\u00f0. <a name=\"2\"><span class=\"versanumer_2007\">2<\/span><\/a> Hef\u00f0u ekki d\u00fdrkendur Gu\u00f0s \u00fe\u00e1 annars h\u00e6tt a\u00f0 f\u00f3rna ef \u00feeir hef\u00f0u hreinsast \u00ed eitt skipti fyrir \u00f6ll og v\u00e6ru s\u00e9r ekki framar me\u00f0vitandi um synd? <a name=\"3\"><span class=\"versanumer_2007\">3<\/span><\/a> En me\u00f0 \u00feessum f\u00f3rnum er minnt \u00e1 syndirnar \u00e1r hvert. <a name=\"4\"><span class=\"versanumer_2007\">4<\/span><\/a> \u00dev\u00ed a\u00f0 bl\u00f3\u00f0 nauta og hafra getur me\u00f0 engu m\u00f3ti numi\u00f0 burt syndir. <br \/> <a name=\"5\"><span class=\"versanumer_2007\">5<\/span><\/a> \u00dev\u00ed er \u00fea\u00f0 a\u00f0 Kristur segir \u00feegar hann kemur \u00ed heiminn:<br \/> <span class=\"ljodatexti\"> F\u00f3rn og gjafir hefur \u00fe\u00fa eigi vilja\u00f0 <br \/>en l\u00edkama hefur \u00fe\u00fa b\u00fai\u00f0 m\u00e9r. <br \/> <\/span> <span class=\"ljodatexti\"> <a name=\"6\"><span class=\"versanumer_ljod\">6<\/span><\/a>Brennif\u00f3rnir og syndaf\u00f3rnir ge\u00f0ju\u00f0ust \u00fe\u00e9r ekki. <br \/> <\/span> <span class=\"ljodatexti\"> <a name=\"7\"><span class=\"versanumer_ljod\">7<\/span><\/a>\u00de\u00e1 sag\u00f0i \u00e9g: \u201eSj\u00e1, \u00e9g er kominn til a\u00f0 gera vilja \u00feinn, Gu\u00f0 minn, <br \/>eins og rita\u00f0 er \u00ed b\u00f3kinni um mig.\u201c <\/span> <br \/> <a name=\"8\"><span class=\"versanumer_2007\">8<\/span><\/a> Fyrst segir hann: \u201eF\u00f3rnir og gjafir og brennif\u00f3rnir og syndaf\u00f3rnir hefur \u00fe\u00fa eigi vilja\u00f0 og eigi ge\u00f0ja\u00f0ist \u00fe\u00e9r a\u00f0 \u00feeim.\u201c En \u00fea\u00f0 eru einmitt \u00fe\u00e6r sem fram eru bornar samkv\u00e6mt l\u00f6gm\u00e1linu. <a name=\"9\"><span class=\"versanumer_2007\">9<\/span><\/a> S\u00ed\u00f0an segir hann: \u201eSj\u00e1, \u00e9g er kominn til a\u00f0 gera vilja \u00feinn.\u201c Hann afnemur hi\u00f0 fyrra og sta\u00f0festir hi\u00f0 s\u00ed\u00f0ara. <a name=\"10\"><span class=\"versanumer_2007\">10<\/span><\/a> \u00deannig ger\u00f0i hann \u00fea\u00f0 sem Gu\u00f0 vildi og \u00feess vegna erum vi\u00f0 helgu\u00f0 or\u00f0in a\u00f0 hann f\u00f3rna\u00f0i sj\u00e1lfum s\u00e9r \u00ed eitt skipti fyrir \u00f6ll.<br \/> <a name=\"11\"><span class=\"versanumer_2007\">11<\/span><\/a> S\u00e9rhver prestur er hvern dag bundinn vi\u00f0 helgi\u00fej\u00f3nustu s\u00edna og ber fram margsinnis hinar s\u00f6mu f\u00f3rnir. \u00de\u00e6r geta \u00fe\u00f3 aldrei afm\u00e1\u00f0 syndir. <a name=\"12\"><span class=\"versanumer_2007\">12<\/span><\/a> En Jes\u00fas bar fram eina f\u00f3rn fyrir syndirnar og settist um aldur vi\u00f0 h\u00e6gri h\u00f6nd Gu\u00f0s <a name=\"13\"><span class=\"versanumer_2007\">13<\/span><\/a> og b\u00ed\u00f0ur \u00feess s\u00ed\u00f0an a\u00f0 \u00f3vinir hans ver\u00f0i ger\u00f0ir a\u00f0 f\u00f3tsk\u00f6r hans. <a name=\"14\"><span class=\"versanumer_2007\">14<\/span><\/a> \u00dev\u00ed a\u00f0 me\u00f0 einni f\u00f3rn hefur hann um aldur fullkomna\u00f0 \u00feau er helgu\u00f0 ver\u00f0a. <br \/> <a name=\"15\"><span class=\"versanumer_2007\">15<\/span><\/a> Heilagur andi vitnar einnig fyrir okkur. Fyrst segir hann:<br \/> <span class=\"ljodatexti\"> <a name=\"16\"><span class=\"versanumer_ljod\">16<\/span><\/a>\u00deetta er s\u00e1ttm\u00e1linn er \u00e9g mun gera vi\u00f0 \u00fe\u00e1 <br \/>eftir \u00fe\u00e1 daga, segir Drottinn. <br \/>L\u00f6g m\u00edn vil \u00e9g leggja \u00ed hj\u00f6rtu \u00feeirra <br \/>og \u00ed hugskot \u00feeirra vil \u00e9g rita \u00feau. <\/span> <br \/> <a name=\"17\"><span class=\"versanumer_2007\">17<\/span><\/a> S\u00ed\u00f0an segir hann:<br \/> <span class=\"ljodatexti\"> \u00c9g mun aldrei framar minnast synda \u00feeirra e\u00f0a l\u00f6gm\u00e1lsbrota. <\/span> <br \/> <a name=\"18\"><span class=\"versanumer_2007\">18<\/span><\/a> En \u00fear sem syndirnar eru fyrirgefnar \u00fearf ekki framar f\u00f3rn fyrir synd. <\/p>\n<h3 class=\"millifyrirsogn_2007\">N\u00fdr og lifandi vegur<\/h3>\n<p><a name=\"19\"><span class=\"versanumer_2007\">19<\/span><\/a> Vegna \u00feess a\u00f0 Jes\u00fas \u00fathellti bl\u00f3\u00f0i s\u00ednu megum vi\u00f0 n\u00fa, systkin,<span class=\"nedan_mal\" title=\" Or\u00f0r\u00e9tt: br\u00e6\u00f0ur.\">[<\/span> me\u00f0 dj\u00f6rfung ganga inn \u00ed hi\u00f0 heilaga. <a name=\"20\"><span class=\"versanumer_2007\">20<\/span><\/a> \u00deanga\u00f0 v\u00edg\u00f0i hann okkur veginn, n\u00fdjan veg l\u00edfsins inn \u00ed gegnum fortjaldi\u00f0 sem er l\u00edkami hans. <a name=\"21\"><span class=\"versanumer_2007\">21<\/span><\/a> Vi\u00f0 h\u00f6fum mikinn prest yfir h\u00fasi Gu\u00f0s. <a name=\"22\"><span class=\"versanumer_2007\">22<\/span><\/a> G\u00f6ngum \u00fev\u00ed fram fyrir Gu\u00f0 me\u00f0 einl\u00e6gum hj\u00f6rtum, \u00ed \u00f6ruggu tr\u00faartrausti, me\u00f0 hj\u00f6rtum sem hreinsu\u00f0 hafa veri\u00f0 og eru laus vi\u00f0 me\u00f0vitund um synd, og me\u00f0 l\u00edk\u00f6mum sem lauga\u00f0ir hafa veri\u00f0 \u00ed hreinu vatni. <a name=\"23\"><span class=\"versanumer_2007\">23<\/span><\/a> H\u00f6ldum fast vi\u00f0 j\u00e1tningu vonar okkar \u00e1n \u00feess a\u00f0 hvika \u00fev\u00ed a\u00f0 tr\u00far er s\u00e1 sem fyrirheiti\u00f0 hefur gefi\u00f0. <a name=\"24\"><span class=\"versanumer_2007\">24<\/span><\/a> Gefum g\u00e6tur hvert a\u00f0 \u00f6\u00f0ru og hvetjum hvert anna\u00f0 til k\u00e6rleika og g\u00f3\u00f0ra verka. <a name=\"25\"><span class=\"versanumer_2007\">25<\/span><\/a> Vanr\u00e6ki\u00f0 ekki safna\u00f0arsamkomur ykkar eins og sumra er si\u00f0ur heldur upp\u00f6rvi\u00f0 hvert anna\u00f0 og \u00fea\u00f0 \u00fev\u00ed fremur sem \u00fei\u00f0 sj\u00e1i\u00f0 a\u00f0 dagurinn f\u00e6rist n\u00e6r. <br \/> <a name=\"26\"><span class=\"versanumer_2007\">26<\/span><\/a> \u00dev\u00ed a\u00f0 ef vi\u00f0 syndgum af \u00e1settu r\u00e1\u00f0i, eftir a\u00f0 hafa \u00f6\u00f0last \u00feekkingu \u00e1 sannleikanum, \u00fe\u00e1 er \u00far \u00fev\u00ed enga f\u00f3rn a\u00f0 f\u00e1 fyrir syndirnar <a name=\"27\"><span class=\"versanumer_2007\">27<\/span><\/a> heldur er \u00fea\u00f0 \u00f3ttaleg bi\u00f0 eftir d\u00f3mi og heitum eldi sem ey\u00f0a mun andst\u00e6\u00f0ingum Gu\u00f0s. <a name=\"28\"><span class=\"versanumer_2007\">28<\/span><\/a> S\u00e1 er a\u00f0 engu hefur l\u00f6gm\u00e1l M\u00f3se ver\u00f0ur v\u00e6g\u00f0arlaust l\u00edfl\u00e1tinn ef tveir e\u00f0a \u00fer\u00edr vottar bera. <a name=\"29\"><span class=\"versanumer_2007\">29<\/span><\/a> Hve miklu \u00feyngri hegning \u00e6tli\u00f0 \u00fei\u00f0 \u00fe\u00e1 ekki a\u00f0 s\u00e1 muni vera talinn ver\u00f0skulda er fyrirl\u00edtur son Gu\u00f0s og metur einskis bl\u00f3\u00f0i\u00f0, sem s\u00e1ttm\u00e1linn var grundvalla\u00f0ur \u00e1, og sm\u00e1nar anda n\u00e1\u00f0arinnar? <a name=\"30\"><span class=\"versanumer_2007\">30<\/span><\/a> Vi\u00f0 \u00feekkjum \u00feann er sagt hefur: \u201eM\u00edn er hefndin, \u00e9g mun endurgjalda.\u201c Og \u00e1 \u00f6\u00f0rum sta\u00f0: \u201eDrottinn mun d\u00e6ma l\u00fd\u00f0 sinn.\u201c <a name=\"31\"><span class=\"versanumer_2007\">31<\/span><\/a> \u00d3ttalegt er a\u00f0 falla \u00ed hendur lifanda Gu\u00f0s. <br \/> <a name=\"32\"><span class=\"versanumer_2007\">32<\/span><\/a> Minnist fyrri daga, er \u00fei\u00f0 h\u00f6f\u00f0u\u00f0 teki\u00f0 \u00e1 m\u00f3ti lj\u00f3sinu, hvernig \u00fei\u00f0 st\u00f3\u00f0ust miklar \u00ferengingar. <a name=\"33\"><span class=\"versanumer_2007\">33<\/span><\/a> \u00dea\u00f0 var \u00fdmist a\u00f0 \u00fei\u00f0 sj\u00e1lf, sm\u00e1nu\u00f0 og a\u00f0\u00ferengd, voru\u00f0 h\u00f6f\u00f0 a\u00f0 augnagamni e\u00f0a \u00fe\u00e1 hitt a\u00f0 \u00fei\u00f0 t\u00f3ku\u00f0 \u00fe\u00e1tt \u00ed kj\u00f6rum \u00feeirra er \u00e1ttu sl\u00edku a\u00f0 s\u00e6ta. <a name=\"34\"><span class=\"versanumer_2007\">34<\/span><\/a> \u00dei\u00f0 \u00fej\u00e1\u00f0ust me\u00f0 bandingjum og t\u00f3ku\u00f0 \u00fev\u00ed me\u00f0 gle\u00f0i er \u00fei\u00f0 voru\u00f0 r\u00e6nd eignum ykkar \u00fev\u00ed a\u00f0 \u00fei\u00f0 vissu\u00f0 a\u00f0 \u00fei\u00f0 \u00e1ttu\u00f0 sj\u00e1lf betri eign og varanlega. <a name=\"35\"><span class=\"versanumer_2007\">35<\/span><\/a> Varpi\u00f0 \u00fev\u00ed eigi fr\u00e1 ykkur dj\u00f6rfung ykkar. H\u00fan mun hlj\u00f3ta mikla umbun. <a name=\"36\"><span class=\"versanumer_2007\">36<\/span><\/a> \u00deolg\u00e6\u00f0is hafi\u00f0 \u00fei\u00f0 \u00fe\u00f6rf, til \u00feess a\u00f0 \u00fei\u00f0 geri\u00f0 Gu\u00f0s vilja og \u00f6\u00f0list fyrirheiti\u00f0. <a name=\"37\"><span class=\"versanumer_2007\">37<\/span><\/a> \u00dev\u00ed a\u00f0:<br \/> <span class=\"ljodatexti\"> Innan harla skamms t\u00edma <br \/>mun s\u00e1 koma sem koma \u00e1 og ekki dvelst honum. <br \/> <\/span> <span class=\"ljodatexti\"> <a name=\"38\"><span class=\"versanumer_ljod\">38<\/span><\/a> Minn r\u00e9ttl\u00e1ti mun lifa fyrir tr\u00fana <br \/>en skj\u00f3ti hann s\u00e9r undan<br \/>\u00fe\u00e1 hefur s\u00e1la m\u00edn ekki vel\u00fe\u00f3knun \u00e1 honum. <\/span> <br \/> <a name=\"39\"><span class=\"versanumer_2007\">39<\/span><\/a> En vi\u00f0 skj\u00f3tum okkur ekki undan og gl\u00f6tumst heldur tr\u00faum vi\u00f0 og frelsumst. <\/p>\n","protected":false},"excerpt":{"rendered":"<p>Hin eina f\u00f3rn 1 L\u00f6gm\u00e1li\u00f0 geymir a\u00f0eins skugga hins g\u00f3\u00f0a sem er \u00ed v\u00e6ndum, ekki sk\u00fdra mynd \u00feess. \u00de\u00e6r s\u00f6mu f\u00f3rnir sem \u00e1r eftir \u00e1r eru bornar fram geta \u00fev\u00ed aldrei gert \u00fe\u00e1 fullkomna til framb\u00fa\u00f0ar sem ganga fram fyrir Gu\u00f0. 2 Hef\u00f0u ekki d\u00fdrkendur Gu\u00f0s \u00fe\u00e1 annars h\u00e6tt a\u00f0 f\u00f3rna ef \u00feeir hef\u00f0u hreinsast \u00ed eitt skipti fyrir \u00f6ll og v\u00e6ru s\u00e9r ekki framar me\u00f0vitandi um synd? 3 En me\u00f0 \u00feessum f\u00f3rnum er minnt \u00e1 syndirnar \u00e1r hvert. 4 \u00dev\u00ed a\u00f0 bl\u00f3\u00f0 nauta og hafra getur me\u00f0 engu m\u00f3ti numi\u00f0 burt syndir. 5 \u00dev\u00ed er \u00fea\u00f0 a\u00f0 Kristur segir <a href=\"https:\/\/biblian.is\/biblian\/hebreabrefid-10-kafli\/\"> [&#8230;]<\/a><\/p>\n","protected":false},"author":1,"featured_media":0,"parent":0,"menu_order":0,"comment_status":"open","ping_status":"open","template":"bibliukaflar_NT.php","meta":{"footnotes":""},"class_list":["post-2760","page","type-page","status-publish","hentry"],"_links":{"self":[{"href":"https:\/\/biblian.is\/biblian\/wp-json\/wp\/v2\/pages\/2760","targetHints":{"allow":["GET"]}}],"collection":[{"href":"https:\/\/biblian.is\/biblian\/wp-json\/wp\/v2\/pages"}],"about":[{"href":"https:\/\/biblian.is\/biblian\/wp-json\/wp\/v2\/types\/page"}],"author":[{"embeddable":true,"href":"https:\/\/biblian.is\/biblian\/wp-json\/wp\/v2\/users\/1"}],"replies":[{"embeddable":true,"href":"https:\/\/biblian.is\/biblian\/wp-json\/wp\/v2\/comments?post=2760"}],"version-history":[{"count":0,"href":"https:\/\/biblian.is\/biblian\/wp-json\/wp\/v2\/pages\/2760\/revisions"}],"wp:attachment":[{"href":"https:\/\/biblian.is\/biblian\/wp-json\/wp\/v2\/media?parent=2760"}],"curies":[{"name":"wp","href":"https:\/\/api.w.org\/{rel}","templated":true}]}}