{"id":2759,"date":"2017-12-30T21:04:34","date_gmt":"2017-12-30T21:04:34","guid":{"rendered":"http:\/\/biblian.is\/biblian\/hebreabr%c2%8efi_-9-kafli\/"},"modified":"2019-08-27T00:15:38","modified_gmt":"2019-08-27T00:15:38","slug":"hebreabrefid-9-kafli","status":"publish","type":"page","link":"https:\/\/biblian.is\/biblian\/hebreabrefid-9-kafli\/","title":{"rendered":"Hebreabr\u00e9fi\u00f0 9. kafli"},"content":{"rendered":"<h3 class=\"millifyrirsogn_2007\"> Helgid\u00f3mur \u00e1 himni og j\u00f6r\u00f0u<\/h3>\n<p><a name=\"1\"><span class=\"versanumer_2007\">1<\/span><\/a> N\u00fa haf\u00f0i fyrri s\u00e1ttm\u00e1linn l\u00edka fyrirskipanir um \u00fej\u00f3nustuna og jar\u00f0neskan helgid\u00f3m. <a name=\"2\"><span class=\"versanumer_2007\">2<\/span><\/a> Tjaldb\u00fa\u00f0 var ger\u00f0 og \u00ed fremri hluta hennar voru b\u00e6\u00f0i lj\u00f3sastikan, bor\u00f0i\u00f0 og sko\u00f0unarbrau\u00f0in og heitir h\u00fan \u201ehi\u00f0 heilaga\u201c. <a name=\"3\"><span class=\"versanumer_2007\">3<\/span><\/a> En bak vi\u00f0 anna\u00f0 fortjaldi\u00f0 var tjaldb\u00fa\u00f0 sem h\u00e9t \u201ehi\u00f0 allra helgasta\u201c. <a name=\"4\"><span class=\"versanumer_2007\">4<\/span><\/a> \u00dear var reykelsisaltari \u00far gulli og s\u00e1ttm\u00e1ls\u00f6rkin sem \u00f6ll var gulli b\u00fain. \u00cd henni var gullkeri\u00f0 me\u00f0 manna \u00ed, stafur Arons sem laufgast haf\u00f0i og s\u00e1ttm\u00e1lsspj\u00f6ldin. <a name=\"5\"><span class=\"versanumer_2007\">5<\/span><\/a> En yfir henni voru ker\u00fabar d\u00fdr\u00f0arinnar og breiddu v\u00e6ngina yfir n\u00e1\u00f0arst\u00f3linn. En um \u00feetta hvert og eitt r\u00e6\u00f0i \u00e9g ekki n\u00fa. <br \/> <a name=\"6\"><span class=\"versanumer_2007\">6<\/span><\/a> \u00deannig er \u00feessu fyrir komi\u00f0. Prestarnir ganga st\u00f6\u00f0ugt inn \u00ed fremri tjaldb\u00fa\u00f0ina og annast \u00fej\u00f3nustu s\u00edna. <a name=\"7\"><span class=\"versanumer_2007\">7<\/span><\/a> Inn \u00ed hina innri gengur \u00e6\u00f0sti presturinn einn, einu sinni \u00e1 \u00e1ri, ekki \u00e1n f\u00f3rnarbl\u00f3\u00f0s. \u00dea\u00f0 ber hann fram vegna sj\u00e1lfs s\u00edn og fyrir syndir sem f\u00f3lki\u00f0 hefur dr\u00fdgt af vang\u00e1. <a name=\"8\"><span class=\"versanumer_2007\">8<\/span><\/a> Me\u00f0 \u00fev\u00ed s\u00fdnir heilagur andi a\u00f0 vegurinn til hins heilaga er enn eigi kunnur or\u00f0inn, \u00e1 me\u00f0an fremri tjaldb\u00fa\u00f0in stendur enn. <a name=\"9\"><span class=\"versanumer_2007\">9<\/span><\/a> H\u00fan er \u00edmynd \u00feess t\u00edma sem n\u00fa er. H\u00e9r eru fram bornar gjafir og f\u00f3rnir sem megna ekki a\u00f0 f\u00e6ra \u00feeim sem innir \u00fej\u00f3nustuna af hendi vissu um a\u00f0 vera fullkominn. <a name=\"10\"><span class=\"versanumer_2007\">10<\/span><\/a> \u00deetta eru a\u00f0eins ytri fyrirm\u00e6li \u00e1samt reglum um mat og drykk og \u00fdmiss konar \u00fevotta sem m\u00f6nnum eru \u00e1 her\u00f0ar lag\u00f0ar allt \u00feanga\u00f0 til Gu\u00f0 endurn\u00fdjar allt. <br \/> <a name=\"11\"><span class=\"versanumer_2007\">11<\/span><\/a> En Kristur er kominn sem \u00e6\u00f0sti prestur \u00feeirra g\u00e6\u00f0a sem komin eru.<span class=\"nedan_mal\" title=\" Annar lesh\u00e1ttur: hinna komandi g\u00e6\u00f0a.\">[<\/span> Hann gekk inn \u00ed gegnum hina st\u00e6rri og fullkomnari tjaldb\u00fa\u00f0 sem ekki er me\u00f0 h\u00f6ndum ger\u00f0, \u00fea\u00f0 er a\u00f0 segja er ekki af \u00feessari sk\u00f6pun. <a name=\"12\"><span class=\"versanumer_2007\">12<\/span><\/a> Ekki f\u00f3r hann me\u00f0 bl\u00f3\u00f0 hafra og k\u00e1lfa heldur me\u00f0 eigi\u00f0 bl\u00f3\u00f0 inn \u00ed hi\u00f0 heilaga \u00ed eitt skipti fyrir \u00f6ll og afla\u00f0i eil\u00edfrar lausnar. <a name=\"13\"><span class=\"versanumer_2007\">13<\/span><\/a> Bl\u00f3\u00f0 hafra og nauta og askan af kv\u00edgu, str\u00e1\u00f0 \u00e1 menn, er \u00f3hreinir hafa gerst, \u00e1 a\u00f0 helga \u00fe\u00e1 svo a\u00f0 \u00feeir ver\u00f0i hreinir hi\u00f0 ytra. <a name=\"14\"><span class=\"versanumer_2007\">14<\/span><\/a> Hve miklu fremur mun \u00fe\u00e1 bl\u00f3\u00f0 Krists, \u00feegar hann hefur \u00ed krafti eil\u00edfs anda bori\u00f0 sj\u00e1lfan sig fram fyrir Gu\u00f0 sem l\u00fdtalausa f\u00f3rn, hreinsa samvisku okkar af dau\u00f0um verkum svo a\u00f0 vi\u00f0 getum \u00fej\u00f3na\u00f0 lifanda Gu\u00f0i.<br \/> <a name=\"15\"><span class=\"versanumer_2007\">15<\/span><\/a> \u00deess vegna er hann me\u00f0algangari n\u00fds s\u00e1ttm\u00e1la. Hann d\u00f3 og b\u00e6tti a\u00f0 fullu fyrir afbrotin undir fyrri s\u00e1ttm\u00e1lanum til \u00feess a\u00f0 \u00feau sem Gu\u00f0 haf\u00f0i kalla\u00f0 m\u00e6ttu \u00f6\u00f0last hina eil\u00edfu arfleif\u00f0 sem heiti\u00f0 var. <br \/> <a name=\"16\"><span class=\"versanumer_2007\">16<\/span><\/a> Arflei\u00f0sluskr\u00e1<span class=\"nedan_mal\" title=\" Sama gr\u00edska or\u00f0i\u00f0 merkir b\u00e6\u00f0i erf\u00f0askr\u00e1 og s\u00e1ttm\u00e1la.\">[<\/span> tekur ekki gildi fyrr en s\u00e1 er d\u00e1inn sem ger\u00f0i hana. <a name=\"17\"><span class=\"versanumer_2007\">17<\/span><\/a> H\u00fan er \u00f3hagganleg \u00feegar um l\u00e1tna er a\u00f0 r\u00e6\u00f0a en er \u00ed engu gildi me\u00f0an arflei\u00f0andi lifir. <a name=\"18\"><span class=\"versanumer_2007\">18<\/span><\/a> \u00deess vegna var ekki heldur hinn fyrri s\u00e1ttm\u00e1li settur \u00e1n bl\u00f3\u00f0s. <a name=\"19\"><span class=\"versanumer_2007\">19<\/span><\/a> \u00deegar M\u00f3se haf\u00f0i kunngj\u00f6rt gj\u00f6rv\u00f6llum l\u00fd\u00f0num \u00f6ll bo\u00f0or\u00f0 l\u00f6gm\u00e1lsins, \u00fe\u00e1 t\u00f3k hann bl\u00f3\u00f0 k\u00e1lfanna og hafranna, \u00e1samt vatni og skarlatsrau\u00f0ri ull og \u00eds\u00f3pi, og st\u00f6kkti b\u00e6\u00f0i \u00e1 sj\u00e1lfa b\u00f3kina og allan l\u00fd\u00f0inn <a name=\"20\"><span class=\"versanumer_2007\">20<\/span><\/a> og m\u00e6lti: \u201e\u00deetta er bl\u00f3\u00f0 s\u00e1ttm\u00e1lans sem Gu\u00f0 ger\u00f0i vi\u00f0 y\u00f0ur.\u201c <a name=\"21\"><span class=\"versanumer_2007\">21<\/span><\/a> S\u00f6mulei\u00f0is st\u00f6kkti hann bl\u00f3\u00f0inu \u00e1 tjaldb\u00fa\u00f0ina og \u00f6ll \u00e1h\u00f6ldin vi\u00f0 helgi\u00fej\u00f3nustuna. <a name=\"22\"><span class=\"versanumer_2007\">22<\/span><\/a> Og samkv\u00e6mt l\u00f6gm\u00e1linu er \u00fea\u00f0 n\u00e1lega allt sem hreinsast me\u00f0 bl\u00f3\u00f0i og eigi f\u00e6st fyrirgefning \u00e1n \u00fathellingar bl\u00f3\u00f0s. <\/p>\n<h3 class=\"millifyrirsogn_2007\">\u00cd eitt skipti fyrir \u00f6ll<\/h3>\n<p><a name=\"23\"><span class=\"versanumer_2007\">23<\/span><\/a> \u00dea\u00f0 var \u00fev\u00ed \u00f3hj\u00e1kv\u00e6milegt a\u00f0 eftirmyndir \u00feeirra hluta sem \u00e1 himnum eru yr\u00f0u hreinsa\u00f0ar me\u00f0 sl\u00edkum h\u00e6tti. En sj\u00e1lft hi\u00f0 himneska krefst betri f\u00f3rna en \u00feessara. <a name=\"24\"><span class=\"versanumer_2007\">24<\/span><\/a> \u00dev\u00ed a\u00f0 Kristur gekk ekki inn \u00ed helgid\u00f3m h\u00f6ndum ger\u00f0an, eftirmynd hins sanna helgid\u00f3ms, heldur inn \u00ed sj\u00e1lfan himininn, til \u00feess a\u00f0 birtast n\u00fa fyrir augliti Gu\u00f0s okkar vegna. <a name=\"25\"><span class=\"versanumer_2007\">25<\/span><\/a> Og ekki ger\u00f0i hann \u00fea\u00f0 til \u00feess a\u00f0 f\u00f3rna sj\u00e1lfum s\u00e9r margsinnis eins og \u00e6\u00f0sti presturinn sem gengur inn \u00ed hi\u00f0 heilaga \u00e1 \u00e1ri hverju me\u00f0 annarra bl\u00f3\u00f0. <a name=\"26\"><span class=\"versanumer_2007\">26<\/span><\/a> \u00de\u00e1 hef\u00f0i hann oft \u00feurft a\u00f0 l\u00ed\u00f0a fr\u00e1 grundv\u00f6llun heims. En n\u00fa hefur hann birst \u00ed eitt skipti fyrir \u00f6ll vi\u00f0 endi aldanna til a\u00f0 afm\u00e1 syndina me\u00f0 f\u00f3rn sinni. <a name=\"27\"><span class=\"versanumer_2007\">27<\/span><\/a> \u00c1 sama h\u00e1tt og \u00fea\u00f0 liggur fyrir m\u00f6nnunum eitt sinn a\u00f0 deyja og eftir \u00fea\u00f0 a\u00f0 f\u00e1 sinn d\u00f3m, <a name=\"28\"><span class=\"versanumer_2007\">28<\/span><\/a> \u00feannig var Kristi f\u00f3rnf\u00e6rt \u00ed eitt skipti til \u00feess a\u00f0 bera<span class=\"nedan_mal\" title=\" E\u00f0a: taka burt.\">[<\/span> syndir margra, og aftur mun hann birtast, ekki sem syndaf\u00f3rn heldur til a\u00f0 frelsa \u00fe\u00e1 sem b\u00ed\u00f0a hans.<\/p>\n","protected":false},"excerpt":{"rendered":"<p>Helgid\u00f3mur \u00e1 himni og j\u00f6r\u00f0u 1 N\u00fa haf\u00f0i fyrri s\u00e1ttm\u00e1linn l\u00edka fyrirskipanir um \u00fej\u00f3nustuna og jar\u00f0neskan helgid\u00f3m. 2 Tjaldb\u00fa\u00f0 var ger\u00f0 og \u00ed fremri hluta hennar voru b\u00e6\u00f0i lj\u00f3sastikan, bor\u00f0i\u00f0 og sko\u00f0unarbrau\u00f0in og heitir h\u00fan \u201ehi\u00f0 heilaga\u201c. 3 En bak vi\u00f0 anna\u00f0 fortjaldi\u00f0 var tjaldb\u00fa\u00f0 sem h\u00e9t \u201ehi\u00f0 allra helgasta\u201c. 4 \u00dear var reykelsisaltari \u00far gulli og s\u00e1ttm\u00e1ls\u00f6rkin sem \u00f6ll var gulli b\u00fain. \u00cd henni var gullkeri\u00f0 me\u00f0 manna \u00ed, stafur Arons sem laufgast haf\u00f0i og s\u00e1ttm\u00e1lsspj\u00f6ldin. 5 En yfir henni voru ker\u00fabar d\u00fdr\u00f0arinnar og breiddu v\u00e6ngina yfir n\u00e1\u00f0arst\u00f3linn. En um \u00feetta hvert og eitt r\u00e6\u00f0i \u00e9g ekki n\u00fa. 6 <a href=\"https:\/\/biblian.is\/biblian\/hebreabrefid-9-kafli\/\"> [&#8230;]<\/a><\/p>\n","protected":false},"author":1,"featured_media":0,"parent":0,"menu_order":0,"comment_status":"open","ping_status":"open","template":"bibliukaflar_NT.php","meta":{"footnotes":""},"class_list":["post-2759","page","type-page","status-publish","hentry"],"_links":{"self":[{"href":"https:\/\/biblian.is\/biblian\/wp-json\/wp\/v2\/pages\/2759","targetHints":{"allow":["GET"]}}],"collection":[{"href":"https:\/\/biblian.is\/biblian\/wp-json\/wp\/v2\/pages"}],"about":[{"href":"https:\/\/biblian.is\/biblian\/wp-json\/wp\/v2\/types\/page"}],"author":[{"embeddable":true,"href":"https:\/\/biblian.is\/biblian\/wp-json\/wp\/v2\/users\/1"}],"replies":[{"embeddable":true,"href":"https:\/\/biblian.is\/biblian\/wp-json\/wp\/v2\/comments?post=2759"}],"version-history":[{"count":0,"href":"https:\/\/biblian.is\/biblian\/wp-json\/wp\/v2\/pages\/2759\/revisions"}],"wp:attachment":[{"href":"https:\/\/biblian.is\/biblian\/wp-json\/wp\/v2\/media?parent=2759"}],"curies":[{"name":"wp","href":"https:\/\/api.w.org\/{rel}","templated":true}]}}