{"id":2758,"date":"2017-12-30T21:04:34","date_gmt":"2017-12-30T21:04:34","guid":{"rendered":"http:\/\/biblian.is\/biblian\/hebreabr%c2%8efi_-8-kafli\/"},"modified":"2019-08-27T00:15:38","modified_gmt":"2019-08-27T00:15:38","slug":"hebreabrefid-8-kafli","status":"publish","type":"page","link":"https:\/\/biblian.is\/biblian\/hebreabrefid-8-kafli\/","title":{"rendered":"Hebreabr\u00e9fi\u00f0 8. kafli"},"content":{"rendered":"<h3 class=\"millifyrirsogn_2007\"> \u00c6\u00f0sti prestur n\u00fds s\u00e1ttm\u00e1la<\/h3>\n<p><a name=\"1\"><span class=\"versanumer_2007\">1<\/span><\/a> H\u00f6fu\u00f0inntak \u00feess sem sagt hefur veri\u00f0 er \u00feetta: Vi\u00f0 h\u00f6fum \u00feann \u00e6\u00f0sta prest er settist til h\u00e6gri handar vi\u00f0 h\u00e1s\u00e6ti h\u00e1tignarinnar \u00e1 himnum. <a name=\"2\"><span class=\"versanumer_2007\">2<\/span><\/a> Hann \u00fej\u00f3nar sem prestur \u00ed helgid\u00f3minum, hinni s\u00f6nnu tjaldb\u00fa\u00f0 sem Drottinn reisti en eigi ma\u00f0ur. <a name=\"3\"><span class=\"versanumer_2007\">3<\/span><\/a> S\u00e9rhver \u00e6\u00f0sti prestur er skipa\u00f0ur til \u00feess a\u00f0 bera fram b\u00e6\u00f0i gjafir og f\u00f3rnir. \u00deess vegna er nau\u00f0synlegt a\u00f0 \u00feessi \u00e6\u00f0sti prestur hafi l\u00edka eitthva\u00f0 fram a\u00f0 bera. <a name=\"4\"><span class=\"versanumer_2007\">4<\/span><\/a> V\u00e6ri hann n\u00fa \u00e1 j\u00f6r\u00f0u mundi hann alls ekki vera prestur, \u00fear sem prestar eru fyrir sem samkv\u00e6mt l\u00f6gm\u00e1linu bera fram gjafirnar. <a name=\"5\"><span class=\"versanumer_2007\">5<\/span><\/a> En tjaldb\u00fa\u00f0in \u00fear sem \u00feeir \u00fej\u00f3na er eftirl\u00edking og skuggi hinnar himnesku, eins og M\u00f3se f\u00e9kk bendingu um fr\u00e1 Gu\u00f0i er hann var a\u00f0 koma upp tjaldb\u00fa\u00f0inni: \u201eG\u00e6t \u00feess,\u201c segir hann, \u201ea\u00f0 \u00fe\u00fa gerir allt eftir \u00feeirri fyrirmynd sem \u00fe\u00e9r var s\u00fdnd \u00e1 fjallinu.\u201c <a name=\"6\"><span class=\"versanumer_2007\">6<\/span><\/a> En n\u00fa hefur Jes\u00fas fengi\u00f0 \u00feeim mun \u00e1g\u00e6tari helgi\u00fej\u00f3nustu sem hann er me\u00f0algangari betri s\u00e1ttm\u00e1la sem byggist \u00e1 traustari fyrirheitum. <br \/> <a name=\"7\"><span class=\"versanumer_2007\">7<\/span><\/a> Hef\u00f0i hinn fyrri s\u00e1ttm\u00e1li veri\u00f0 \u00f3a\u00f0finnanlegur hef\u00f0i ekki veri\u00f0 \u00fe\u00f6rf fyrir annan. <a name=\"8\"><span class=\"versanumer_2007\">8<\/span><\/a> En n\u00fa \u00e1v\u00edtar Gu\u00f0 \u00fe\u00e1 og segir: <br \/> <span class=\"ljodatexti\"> Sj\u00e1, dagar koma, segir Drottinn, <br \/>\u00feegar \u00e9g geri n\u00fdjan s\u00e1ttm\u00e1la vi\u00f0 h\u00fas \u00cdsraels og J\u00fada. <br \/> <\/span> <span class=\"ljodatexti\"> <a name=\"9\"><span class=\"versanumer_ljod\">9<\/span><\/a>Hann ver\u00f0ur ekki eins og s\u00e1ttm\u00e1linn sem \u00e9g ger\u00f0i vi\u00f0 fe\u00f0ur \u00feeirra <br \/>\u00e1 \u00feeim degi \u00feegar \u00e9g t\u00f3k \u00ed h\u00f6nd \u00feeirra og leiddi \u00fe\u00e1 \u00fat \u00far Egyptalandi<br \/>\u00fev\u00ed a\u00f0 \u00feeir rufu s\u00e1ttm\u00e1la minn <br \/>og \u00e9g hirti eigi um \u00fe\u00e1, segir Drottinn.<br \/> <\/span> <span class=\"ljodatexti\"> <a name=\"10\"><span class=\"versanumer_ljod\">10<\/span><\/a>\u00deannig er s\u00e1ttm\u00e1linn sem \u00e9g mun gera vi\u00f0 \u00cdsraelsmenn <br \/>\u00feegar \u00feessir dagar eru li\u00f0nir, segir Drottinn: <br \/>\u00c9g mun leggja l\u00f6g m\u00edn \u00ed hugskot \u00feeirra <br \/>og rita \u00feau \u00e1 hj\u00f6rtu \u00feeirra. <br \/>\u00c9g mun vera Gu\u00f0 \u00feeirra<br \/>og \u00feeir vera f\u00f3lk mitt. <br \/> <\/span> <span class=\"ljodatexti\"> <a name=\"11\"><span class=\"versanumer_ljod\">11<\/span><\/a>Enginn mun framar kenna landa s\u00ednum <br \/>og br\u00f3\u00f0ur a\u00f0 segja: \u201e\u00deekktu Drottin!\u201c<br \/>Allir munu \u00feekkja mig, <br \/>b\u00e6\u00f0i sm\u00e1ir og st\u00f3rir. <br \/> <\/span> <span class=\"ljodatexti\"> <a name=\"12\"><span class=\"versanumer_ljod\">12<\/span><\/a>\u00dev\u00ed a\u00f0 \u00e9g mun taka v\u00e6gt \u00e1 misgj\u00f6r\u00f0um \u00feeirra <br \/>og mun ekki framar minnast synda \u00feeirra. <\/span> <br \/> <a name=\"13\"><span class=\"versanumer_2007\">13<\/span><\/a> \u00dear sem hann n\u00fa kallar \u00feetta n\u00fdjan s\u00e1ttm\u00e1la \u00fe\u00e1 hefur hann l\u00fdst hinn fyrri \u00fareltan. En \u00fea\u00f0 sem er a\u00f0 \u00fareldast og fyrnast er a\u00f0 \u00fev\u00ed komi\u00f0 a\u00f0 ver\u00f0a a\u00f0 engu. <\/p>\n","protected":false},"excerpt":{"rendered":"<p>\u00c6\u00f0sti prestur n\u00fds s\u00e1ttm\u00e1la 1 H\u00f6fu\u00f0inntak \u00feess sem sagt hefur veri\u00f0 er \u00feetta: Vi\u00f0 h\u00f6fum \u00feann \u00e6\u00f0sta prest er settist til h\u00e6gri handar vi\u00f0 h\u00e1s\u00e6ti h\u00e1tignarinnar \u00e1 himnum. 2 Hann \u00fej\u00f3nar sem prestur \u00ed helgid\u00f3minum, hinni s\u00f6nnu tjaldb\u00fa\u00f0 sem Drottinn reisti en eigi ma\u00f0ur. 3 S\u00e9rhver \u00e6\u00f0sti prestur er skipa\u00f0ur til \u00feess a\u00f0 bera fram b\u00e6\u00f0i gjafir og f\u00f3rnir. \u00deess vegna er nau\u00f0synlegt a\u00f0 \u00feessi \u00e6\u00f0sti prestur hafi l\u00edka eitthva\u00f0 fram a\u00f0 bera. 4 V\u00e6ri hann n\u00fa \u00e1 j\u00f6r\u00f0u mundi hann alls ekki vera prestur, \u00fear sem prestar eru fyrir sem samkv\u00e6mt l\u00f6gm\u00e1linu bera fram gjafirnar. 5 En tjaldb\u00fa\u00f0in \u00fear <a href=\"https:\/\/biblian.is\/biblian\/hebreabrefid-8-kafli\/\"> [&#8230;]<\/a><\/p>\n","protected":false},"author":1,"featured_media":0,"parent":0,"menu_order":0,"comment_status":"open","ping_status":"open","template":"bibliukaflar_NT.php","meta":{"footnotes":""},"class_list":["post-2758","page","type-page","status-publish","hentry"],"_links":{"self":[{"href":"https:\/\/biblian.is\/biblian\/wp-json\/wp\/v2\/pages\/2758","targetHints":{"allow":["GET"]}}],"collection":[{"href":"https:\/\/biblian.is\/biblian\/wp-json\/wp\/v2\/pages"}],"about":[{"href":"https:\/\/biblian.is\/biblian\/wp-json\/wp\/v2\/types\/page"}],"author":[{"embeddable":true,"href":"https:\/\/biblian.is\/biblian\/wp-json\/wp\/v2\/users\/1"}],"replies":[{"embeddable":true,"href":"https:\/\/biblian.is\/biblian\/wp-json\/wp\/v2\/comments?post=2758"}],"version-history":[{"count":0,"href":"https:\/\/biblian.is\/biblian\/wp-json\/wp\/v2\/pages\/2758\/revisions"}],"wp:attachment":[{"href":"https:\/\/biblian.is\/biblian\/wp-json\/wp\/v2\/media?parent=2758"}],"curies":[{"name":"wp","href":"https:\/\/api.w.org\/{rel}","templated":true}]}}