{"id":2757,"date":"2017-12-30T21:04:29","date_gmt":"2017-12-30T21:04:29","guid":{"rendered":"http:\/\/biblian.is\/biblian\/hebreabr%c2%8efi_-7-kafli\/"},"modified":"2019-08-27T00:15:38","modified_gmt":"2019-08-27T00:15:38","slug":"hebreabrefid-7-kafli","status":"publish","type":"page","link":"https:\/\/biblian.is\/biblian\/hebreabrefid-7-kafli\/","title":{"rendered":"Hebreabr\u00e9fi\u00f0 7. kafli"},"content":{"rendered":"<h3 class=\"millifyrirsogn_2007\"> Prestur Gu\u00f0s<\/h3>\n<p><a name=\"1\"><span class=\"versanumer_2007\">1<\/span><\/a> Melk\u00edsedek \u00feessi var konungur \u00ed Salem og prestur Gu\u00f0s Hins h\u00e6sta. Hann gekk \u00e1 m\u00f3ti Abraham og blessa\u00f0i hann \u00feegar hann sneri heimlei\u00f0is eftir a\u00f0 hafa unni\u00f0 sigur \u00e1 konungunum. <a name=\"2\"><span class=\"versanumer_2007\">2<\/span><\/a> Og Abraham l\u00e9t honum \u00ed t\u00e9 t\u00edund af \u00f6llu. \u00cd fyrsta lagi \u00fe\u00fd\u00f0ir nafn Melk\u00edsedeks \u201er\u00e9ttl\u00e6tiskonungur\u201c en hann heitir enn fremur Salemkonungur, \u00fea\u00f0 er \u201efri\u00f0arkonungur\u201c. <a name=\"3\"><span class=\"versanumer_2007\">3<\/span><\/a> \u00deess er ekki geti\u00f0 hver fa\u00f0ir hans, m\u00f3\u00f0ir e\u00f0a forfe\u00f0ur hans voru, hven\u00e6r hann f\u00e6ddist og hven\u00e6r hann d\u00f3. Hann er l\u00edkur syni Gu\u00f0s, hann heldur \u00e1fram a\u00f0 vera prestur um aldur. <br \/> <a name=\"4\"><span class=\"versanumer_2007\">4<\/span><\/a> Vir\u00f0i\u00f0 n\u00fa fyrir ykkur hv\u00edl\u00edkur ma\u00f0ur \u00fea\u00f0 var sem Abraham, sj\u00e1lfur forfa\u00f0irinn, gaf valda t\u00edund af herfanginu. <a name=\"5\"><span class=\"versanumer_2007\">5<\/span><\/a> Og v\u00edst er um \u00fea\u00f0 a\u00f0 \u00feeim Lev\u00edsonum, er f\u00e1 prestd\u00f3minn, er bo\u00f0i\u00f0 a\u00f0 taka t\u00edund af l\u00fd\u00f0num eftir l\u00f6gm\u00e1linu, \u00fea\u00f0 er a\u00f0 segja af br\u00e6\u00f0rum s\u00ednum, enda \u00fe\u00f3tt \u00feeir s\u00e9u komnir af Abraham. <a name=\"6\"><span class=\"versanumer_2007\">6<\/span><\/a> En s\u00e1 er eigi var af \u00e6tt \u00feeirra t\u00f3k t\u00edund af Abraham og blessa\u00f0i \u00feann er fyrirheitin haf\u00f0i. <a name=\"7\"><span class=\"versanumer_2007\">7<\/span><\/a> \u00dev\u00ed ver\u00f0ur \u00fe\u00f3 ekki \u00e1 m\u00f3ti m\u00e6lt a\u00f0 s\u00e1 sem er meiri blessar \u00feann sem minni er. <a name=\"8\"><span class=\"versanumer_2007\">8<\/span><\/a> H\u00e9r taka dau\u00f0legir menn t\u00edund en \u00fear t\u00f3k s\u00e1 er um var vitna\u00f0 a\u00f0 hann lifi \u00e1fram. <a name=\"9\"><span class=\"versanumer_2007\">9<\/span><\/a> Og svo m\u00e1 a\u00f0 or\u00f0i kve\u00f0a a\u00f0 sj\u00e1lfur Lev\u00ed, hann sem t\u00edund tekur, hafi greitt t\u00edund \u00fear sem Abraham ger\u00f0i \u00fea\u00f0 <a name=\"10\"><span class=\"versanumer_2007\">10<\/span><\/a> \u00fev\u00ed a\u00f0 enn \u00fe\u00e1 var hann \u00ed lend forf\u00f6\u00f0ur s\u00edns \u00feegar Melk\u00edsedek gekk \u00e1 m\u00f3ti honum. <br \/> <a name=\"11\"><span class=\"versanumer_2007\">11<\/span><\/a> Fyrirm\u00e6li um presta eru grundv\u00f6llu\u00f0 \u00ed l\u00f6gm\u00e1linu sem l\u00fd\u00f0urinn f\u00e9kk. Hef\u00f0i n\u00fa fullkomnun fengist me\u00f0 lev\u00edska prestd\u00f3minum, hver var \u00fe\u00e1 framar \u00fe\u00f6rf \u00feess a\u00f0 segja a\u00f0 koma skyldi annars konar prestur a\u00f0 h\u00e6tti Melk\u00edsedeks en ekki a\u00f0 h\u00e6tti Arons? <a name=\"12\"><span class=\"versanumer_2007\">12<\/span><\/a> \u00deegar prestd\u00f3murinn breytist ver\u00f0ur og breyting \u00e1 l\u00f6gm\u00e1linu. <a name=\"13\"><span class=\"versanumer_2007\">13<\/span><\/a> S\u00e1 sem \u00feetta er sagt um var af annarri \u00e6tt og af \u00feeirri \u00e6tt hefur enginn innt \u00fej\u00f3nustu af hendi vi\u00f0 altari\u00f0. <a name=\"14\"><span class=\"versanumer_2007\">14<\/span><\/a> \u00dev\u00ed a\u00f0 alkunnugt er a\u00f0 Drottinn vor er af J\u00fada \u00e6tt en M\u00f3se hefur ekkert tala\u00f0 um presta af \u00feeirri \u00e6ttkv\u00edsl. <br \/> <a name=\"15\"><span class=\"versanumer_2007\">15<\/span><\/a> \u00deetta er enn miklu bers\u00fdnilegra \u00e1 \u00fev\u00ed a\u00f0 upp er kominn annar prestur, l\u00edkur Melk\u00edsedek. <a name=\"16\"><span class=\"versanumer_2007\">16<\/span><\/a> Hann var\u00f0 ekki prestur eftir l\u00f6gum og fyrirm\u00e6lum manna heldur vegna \u00feess a\u00f0 \u00ed honum b\u00fdr l\u00edf og kraftur sem \u00fer\u00fdtur ekki. <a name=\"17\"><span class=\"versanumer_2007\">17<\/span><\/a> Um hann er vitna\u00f0: \u201e\u00de\u00fa ert prestur a\u00f0 eil\u00edfu a\u00f0 h\u00e6tti Melk\u00edsedeks.\u201c <a name=\"18\"><span class=\"versanumer_2007\">18<\/span><\/a> Hi\u00f0 fyrra bo\u00f0or\u00f0 er \u00fear me\u00f0 \u00f3gilt af \u00fev\u00ed a\u00f0 \u00fea\u00f0 var vanm\u00e1ttugt og gagnslaust. <a name=\"19\"><span class=\"versanumer_2007\">19<\/span><\/a> L\u00f6gm\u00e1li\u00f0 ger\u00f0i ekkert fullkomi\u00f0. En n\u00fa h\u00f6fum vi\u00f0 \u00f6\u00f0last betri von sem lei\u00f0ir okkur n\u00e6r Gu\u00f0i. <br \/> <a name=\"20\"><span class=\"versanumer_2007\">20<\/span><\/a> \u00deetta var\u00f0 ekki \u00e1n ei\u00f0s. Hinir ur\u00f0u prestar \u00e1n ei\u00f0s <a name=\"21\"><span class=\"versanumer_2007\">21<\/span><\/a> en hann me\u00f0 ei\u00f0i \u00feegar Gu\u00f0 sag\u00f0i vi\u00f0 hann: \u201eDrottinn s\u00f3r og hann mun ekki i\u00f0ra \u00feess: \u00de\u00fa ert prestur a\u00f0 eil\u00edfu.\u201c <br \/> <a name=\"22\"><span class=\"versanumer_2007\">22<\/span><\/a> \u00deessi samanbur\u00f0ur s\u00fdnir a\u00f0 Jes\u00fas er or\u00f0inn \u00e1byrg\u00f0arma\u00f0ur betri s\u00e1ttm\u00e1la. <br \/> <a name=\"23\"><span class=\"versanumer_2007\">23<\/span><\/a> Enn fremur ur\u00f0u hinir prestarnir margir af \u00fev\u00ed a\u00f0 dau\u00f0inn meina\u00f0i \u00feeim a\u00f0 vera \u00e1fram. <a name=\"24\"><span class=\"versanumer_2007\">24<\/span><\/a> En hann er a\u00f0 eil\u00edfu og hefur prestd\u00f3m \u00fear sem ekki ver\u00f0a mannaskipti. <a name=\"25\"><span class=\"versanumer_2007\">25<\/span><\/a> \u00deess vegna getur hann og til fulls frelsa\u00f0 \u00fe\u00e1 sem hann lei\u00f0ir fram fyrir Gu\u00f0 \u00fear sem hann \u00e1vallt lifir til a\u00f0 bi\u00f0ja fyrir \u00feeim. <br \/> <a name=\"26\"><span class=\"versanumer_2007\">26<\/span><\/a> Sl\u00edks \u00e6\u00f0sta prests h\u00f6f\u00f0um vi\u00f0 \u00fe\u00f6rf sem er heilagur, svikalaus, \u00f3flekka\u00f0ur, greindur fr\u00e1 syndurum og or\u00f0inn himnunum h\u00e6rri. <a name=\"27\"><span class=\"versanumer_2007\">27<\/span><\/a> Hann \u00fearf ekki daglega, eins og hinir \u00e6\u00f0stu prestarnir, fyrst a\u00f0 bera fram f\u00f3rnir fyrir eigin syndir, s\u00ed\u00f0an fyrir syndir l\u00fd\u00f0sins. \u00dea\u00f0 ger\u00f0i hann \u00ed eitt skipti fyrir \u00f6ll er hann f\u00f3rnf\u00e6r\u00f0i sj\u00e1lfum s\u00e9r. <a name=\"28\"><span class=\"versanumer_2007\">28<\/span><\/a> L\u00f6gm\u00e1li\u00f0 skipar breyska menn \u00e6\u00f0stu presta en ei\u00f0urinn, er kom \u00e1 eftir l\u00f6gm\u00e1linu, skipar \u00e6\u00f0sta prest sem er sonur, fullkominn a\u00f0 eil\u00edfu.<\/p>\n","protected":false},"excerpt":{"rendered":"<p>Prestur Gu\u00f0s 1 Melk\u00edsedek \u00feessi var konungur \u00ed Salem og prestur Gu\u00f0s Hins h\u00e6sta. Hann gekk \u00e1 m\u00f3ti Abraham og blessa\u00f0i hann \u00feegar hann sneri heimlei\u00f0is eftir a\u00f0 hafa unni\u00f0 sigur \u00e1 konungunum. 2 Og Abraham l\u00e9t honum \u00ed t\u00e9 t\u00edund af \u00f6llu. \u00cd fyrsta lagi \u00fe\u00fd\u00f0ir nafn Melk\u00edsedeks \u201er\u00e9ttl\u00e6tiskonungur\u201c en hann heitir enn fremur Salemkonungur, \u00fea\u00f0 er \u201efri\u00f0arkonungur\u201c. 3 \u00deess er ekki geti\u00f0 hver fa\u00f0ir hans, m\u00f3\u00f0ir e\u00f0a forfe\u00f0ur hans voru, hven\u00e6r hann f\u00e6ddist og hven\u00e6r hann d\u00f3. Hann er l\u00edkur syni Gu\u00f0s, hann heldur \u00e1fram a\u00f0 vera prestur um aldur. 4 Vir\u00f0i\u00f0 n\u00fa fyrir ykkur hv\u00edl\u00edkur ma\u00f0ur \u00fea\u00f0 <a href=\"https:\/\/biblian.is\/biblian\/hebreabrefid-7-kafli\/\"> [&#8230;]<\/a><\/p>\n","protected":false},"author":1,"featured_media":0,"parent":0,"menu_order":0,"comment_status":"open","ping_status":"open","template":"bibliukaflar_NT.php","meta":{"footnotes":""},"class_list":["post-2757","page","type-page","status-publish","hentry"],"_links":{"self":[{"href":"https:\/\/biblian.is\/biblian\/wp-json\/wp\/v2\/pages\/2757","targetHints":{"allow":["GET"]}}],"collection":[{"href":"https:\/\/biblian.is\/biblian\/wp-json\/wp\/v2\/pages"}],"about":[{"href":"https:\/\/biblian.is\/biblian\/wp-json\/wp\/v2\/types\/page"}],"author":[{"embeddable":true,"href":"https:\/\/biblian.is\/biblian\/wp-json\/wp\/v2\/users\/1"}],"replies":[{"embeddable":true,"href":"https:\/\/biblian.is\/biblian\/wp-json\/wp\/v2\/comments?post=2757"}],"version-history":[{"count":0,"href":"https:\/\/biblian.is\/biblian\/wp-json\/wp\/v2\/pages\/2757\/revisions"}],"wp:attachment":[{"href":"https:\/\/biblian.is\/biblian\/wp-json\/wp\/v2\/media?parent=2757"}],"curies":[{"name":"wp","href":"https:\/\/api.w.org\/{rel}","templated":true}]}}