{"id":2755,"date":"2017-12-30T21:04:29","date_gmt":"2017-12-30T21:04:29","guid":{"rendered":"http:\/\/biblian.is\/biblian\/hebreabr%c2%8efi_-5-kafli\/"},"modified":"2019-08-27T00:15:37","modified_gmt":"2019-08-27T00:15:37","slug":"hebreabrefid-5-kafli","status":"publish","type":"page","link":"https:\/\/biblian.is\/biblian\/hebreabrefid-5-kafli\/","title":{"rendered":"Hebreabr\u00e9fi\u00f0 5. kafli"},"content":{"rendered":"<p><a name=\"1\"><span class=\"versanumer_2007\">1<\/span><\/a> S\u00e9rhver \u00e6\u00f0sti prestur er tekinn \u00far flokki manna og settur \u00ed \u00fe\u00e1gu manna til a\u00f0 \u00fej\u00f3na frammi fyrir Gu\u00f0i og bera fram g\u00e1fur og f\u00f3rnir fyrir syndir. <a name=\"2\"><span class=\"versanumer_2007\">2<\/span><\/a> Hann getur veri\u00f0 mildur vi\u00f0 f\u00e1fr\u00f3\u00f0a og vegvillta \u00fear sem hann sj\u00e1lfur er breyskur. <a name=\"3\"><span class=\"versanumer_2007\">3<\/span><\/a> Og s\u00f6kum \u00feess \u00e1 hann a\u00f0 bera fram syndaf\u00f3rn, eigi s\u00ed\u00f0ur fyrir sj\u00e1lfan sig en fyrir l\u00fd\u00f0inn. <a name=\"4\"><span class=\"versanumer_2007\">4<\/span><\/a> Enginn tekur s\u00e9r sj\u00e1lfum \u00feennan hei\u00f0ur, \u00fea\u00f0 er Gu\u00f0 sem kallar hann eins og Aron. <br \/> <a name=\"5\"><span class=\"versanumer_2007\">5<\/span><\/a> \u00deannig t\u00f3k Kristur s\u00e9r ekki sj\u00e1lfur \u00fe\u00e1 vegsemd a\u00f0 ver\u00f0a \u00e6\u00f0sti prestur heldur sag\u00f0i Gu\u00f0 vi\u00f0 hann: <br \/> <span class=\"ljodatexti\"> \u00de\u00fa ert sonur minn, <br \/>\u00ed dag hef \u00e9g f\u00e6tt \u00feig. <\/span> <br \/> <a name=\"6\"><span class=\"versanumer_2007\">6<\/span><\/a> Og \u00e1 \u00f6\u00f0rum sta\u00f0:<br \/> <span class=\"ljodatexti\"> \u00de\u00fa ert prestur a\u00f0 eil\u00edfu <br \/>a\u00f0 h\u00e6tti Melk\u00edsedeks. <\/span> <br \/> <a name=\"7\"><span class=\"versanumer_2007\">7<\/span><\/a> \u00c1 d\u00f6gum jar\u00f0vistar sinnar bar Jes\u00fas me\u00f0 s\u00e1rum andv\u00f6rpum og t\u00e1rum b\u00e6nir fram fyrir \u00feann sem megna\u00f0i a\u00f0 frelsa hann fr\u00e1 dau\u00f0a og hann var b\u00e6nheyr\u00f0ur sakir tr\u00faar sinnar. <a name=\"8\"><span class=\"versanumer_2007\">8<\/span><\/a> \u00de\u00f3tt hann v\u00e6ri sonur Gu\u00f0s l\u00e6r\u00f0i hann a\u00f0 hl\u00fd\u00f0a me\u00f0 \u00fev\u00ed a\u00f0 \u00fej\u00e1st. <a name=\"9\"><span class=\"versanumer_2007\">9<\/span><\/a> \u00deegar hann haf\u00f0i fullna\u00f0 allt var\u00f0 hann \u00f6llum, sem honum fylgja, s\u00e1 sem gefur eil\u00edft hj\u00e1lpr\u00e6\u00f0i, <a name=\"10\"><span class=\"versanumer_2007\">10<\/span><\/a> af Gu\u00f0i nefndur \u00e6\u00f0sti prestur a\u00f0 h\u00e6tti Melk\u00edsedeks.<\/p>\n<h3 class=\"millifyrirsogn_2007\">Gerist ekki slj\u00f3<\/h3>\n<p><a name=\"11\"><span class=\"versanumer_2007\">11<\/span><\/a> Um \u00feetta h\u00f6fum vi\u00f0 langt m\u00e1l a\u00f0 tala og ykkur torskili\u00f0 af \u00fev\u00ed a\u00f0 athygli ykkar er or\u00f0in slj\u00f3. <a name=\"12\"><span class=\"versanumer_2007\">12<\/span><\/a> \u00de\u00f3 a\u00f0 \u00fei\u00f0 t\u00edmans vegna \u00e6ttu\u00f0 a\u00f0 vera kennarar, \u00fe\u00e1 hafi\u00f0 \u00fei\u00f0 \u00feess enn \u00e1 n\u00fd \u00fe\u00f6rf a\u00f0 einhver kenni ykkur undirst\u00f6\u00f0uatri\u00f0i Gu\u00f0s or\u00f0a. Svo er komi\u00f0 fyrir ykkur a\u00f0 \u00fei\u00f0 hafi\u00f0 \u00fe\u00f6rf fyrir mj\u00f3lk en ekki fasta f\u00e6\u00f0u. <a name=\"13\"><span class=\"versanumer_2007\">13<\/span><\/a> En hver sem \u00e1 mj\u00f3lk n\u00e6rist er barn og skilur ekki bo\u00f0skap r\u00e9ttl\u00e6tisins. <a name=\"14\"><span class=\"versanumer_2007\">14<\/span><\/a> Fasta f\u00e6\u00f0an er fyrir fullor\u00f0na, fyrir \u00fe\u00e1 sem jafnt og \u00fe\u00e9tt hafa aga\u00f0 hugann til a\u00f0 greina gott fr\u00e1 illu.<\/p>\n","protected":false},"excerpt":{"rendered":"<p>1 S\u00e9rhver \u00e6\u00f0sti prestur er tekinn \u00far flokki manna og settur \u00ed \u00fe\u00e1gu manna til a\u00f0 \u00fej\u00f3na frammi fyrir Gu\u00f0i og bera fram g\u00e1fur og f\u00f3rnir fyrir syndir. 2 Hann getur veri\u00f0 mildur vi\u00f0 f\u00e1fr\u00f3\u00f0a og vegvillta \u00fear sem hann sj\u00e1lfur er breyskur. 3 Og s\u00f6kum \u00feess \u00e1 hann a\u00f0 bera fram syndaf\u00f3rn, eigi s\u00ed\u00f0ur fyrir sj\u00e1lfan sig en fyrir l\u00fd\u00f0inn. 4 Enginn tekur s\u00e9r sj\u00e1lfum \u00feennan hei\u00f0ur, \u00fea\u00f0 er Gu\u00f0 sem kallar hann eins og Aron. 5 \u00deannig t\u00f3k Kristur s\u00e9r ekki sj\u00e1lfur \u00fe\u00e1 vegsemd a\u00f0 ver\u00f0a \u00e6\u00f0sti prestur heldur sag\u00f0i Gu\u00f0 vi\u00f0 hann: \u00de\u00fa ert sonur minn, \u00ed <a href=\"https:\/\/biblian.is\/biblian\/hebreabrefid-5-kafli\/\"> [&#8230;]<\/a><\/p>\n","protected":false},"author":1,"featured_media":0,"parent":0,"menu_order":0,"comment_status":"open","ping_status":"open","template":"bibliukaflar_NT.php","meta":{"footnotes":""},"class_list":["post-2755","page","type-page","status-publish","hentry"],"_links":{"self":[{"href":"https:\/\/biblian.is\/biblian\/wp-json\/wp\/v2\/pages\/2755","targetHints":{"allow":["GET"]}}],"collection":[{"href":"https:\/\/biblian.is\/biblian\/wp-json\/wp\/v2\/pages"}],"about":[{"href":"https:\/\/biblian.is\/biblian\/wp-json\/wp\/v2\/types\/page"}],"author":[{"embeddable":true,"href":"https:\/\/biblian.is\/biblian\/wp-json\/wp\/v2\/users\/1"}],"replies":[{"embeddable":true,"href":"https:\/\/biblian.is\/biblian\/wp-json\/wp\/v2\/comments?post=2755"}],"version-history":[{"count":0,"href":"https:\/\/biblian.is\/biblian\/wp-json\/wp\/v2\/pages\/2755\/revisions"}],"wp:attachment":[{"href":"https:\/\/biblian.is\/biblian\/wp-json\/wp\/v2\/media?parent=2755"}],"curies":[{"name":"wp","href":"https:\/\/api.w.org\/{rel}","templated":true}]}}