{"id":2754,"date":"2017-12-30T21:04:29","date_gmt":"2017-12-30T21:04:29","guid":{"rendered":"http:\/\/biblian.is\/biblian\/hebreabr%c2%8efi_-4-kafli\/"},"modified":"2019-08-27T00:15:37","modified_gmt":"2019-08-27T00:15:37","slug":"hebreabrefid-4-kafli","status":"publish","type":"page","link":"https:\/\/biblian.is\/biblian\/hebreabrefid-4-kafli\/","title":{"rendered":"Hebreabr\u00e9fi\u00f0 4. kafli"},"content":{"rendered":"<p><a name=\"1\"><span class=\"versanumer_2007\">1<\/span><\/a> Fyrirheiti\u00f0 um a\u00f0 ganga inn til hv\u00edldar hans stendur enn, v\u00f6rumst \u00fev\u00ed a\u00f0 nokkurt ykkar ver\u00f0i til \u00feess a\u00f0 dragast aftur \u00far. <a name=\"2\"><span class=\"versanumer_2007\">2<\/span><\/a> Fagna\u00f0arerindi\u00f0 var okkur bo\u00f0a\u00f0 eigi s\u00ed\u00f0ur en \u00feeim. En or\u00f0i\u00f0, sem \u00feeir heyr\u00f0u, kom \u00feeim eigi a\u00f0 haldi vegna \u00feess a\u00f0 \u00feeir tr\u00fa\u00f0u \u00fev\u00ed ekki. <a name=\"3\"><span class=\"versanumer_2007\">3<\/span><\/a> En vi\u00f0 sem tr\u00fa h\u00f6fum teki\u00f0 g\u00f6ngum inn til hv\u00edldarinnar eins og hann hefur sagt: \u201eOg \u00e9g s\u00f3r \u00ed br\u00e6\u00f0i minni: Eigi skulu \u00feeir inn ganga til hv\u00edldar minnar.\u201c \u00de\u00f3 voru verk Gu\u00f0s fullger fr\u00e1 grundv\u00f6llun heims. <a name=\"4\"><span class=\"versanumer_2007\">4<\/span><\/a> \u00dev\u00ed a\u00f0 einhvers sta\u00f0ar er svo a\u00f0 or\u00f0i kve\u00f0i\u00f0 um hinn sj\u00f6unda dag: \u201eOg Gu\u00f0 hv\u00edldist hinn sj\u00f6unda dag eftir \u00f6ll verk s\u00edn.\u201c <a name=\"5\"><span class=\"versanumer_2007\">5<\/span><\/a> Og aftur \u00e1 \u00feessum sta\u00f0: \u201eEigi skulu \u00feeir inn ganga til hv\u00edldar minnar.\u201c <a name=\"6\"><span class=\"versanumer_2007\">6<\/span><\/a> Enn stendur \u00fev\u00ed til bo\u00f0a a\u00f0 nokkrir gangi inn til hv\u00edldar Gu\u00f0s. \u00deeir sem \u00e1\u00f0ur fengu fagna\u00f0arerindi\u00f0 gengu ekki inn sakir \u00f3hl\u00fd\u00f0ni. <a name=\"7\"><span class=\"versanumer_2007\">7<\/span><\/a> \u00dev\u00ed \u00e1kve\u00f0ur Gu\u00f0 aftur dag einn er hann segir l\u00f6ngu s\u00ed\u00f0ar fyrir munn Dav\u00ed\u00f0s: \u201e\u00cd dag.\u201c Eins og fyrr hefur sagt veri\u00f0: \u201eEf \u00fe\u00e9r heyri\u00f0 raust hans \u00ed dag, \u00fe\u00e1 forher\u00f0i\u00f0 ekki hj\u00f6rtu y\u00f0ar.\u201c<br \/> <a name=\"8\"><span class=\"versanumer_2007\">8<\/span><\/a> Hef\u00f0i J\u00f3s\u00faa leitt \u00fe\u00e1 til hv\u00edldar \u00fe\u00e1 hef\u00f0i Gu\u00f0 ekki s\u00ed\u00f0ar meir tala\u00f0 um annan dag. <a name=\"9\"><span class=\"versanumer_2007\">9<\/span><\/a> Enn stendur \u00fe\u00e1 til bo\u00f0a sabbatshv\u00edld fyrir l\u00fd\u00f0 Gu\u00f0s. <a name=\"10\"><span class=\"versanumer_2007\">10<\/span><\/a> \u00dev\u00ed a\u00f0 s\u00e1 sem gengur inn til hv\u00edldar hans f\u00e6r hv\u00edld fr\u00e1 verkum s\u00ednum eins og Gu\u00f0 hv\u00edldist eftir s\u00edn verk. <a name=\"11\"><span class=\"versanumer_2007\">11<\/span><\/a> Kostum \u00fev\u00ed kapps um a\u00f0 ganga inn til \u00feessarar hv\u00edldar til \u00feess a\u00f0 enginn \u00f3hl\u00fd\u00f0nist eins og \u00feeir og falli. <br \/> <a name=\"12\"><span class=\"versanumer_2007\">12<\/span><\/a> \u00dev\u00ed a\u00f0 or\u00f0 Gu\u00f0s er lifandi og kr\u00f6ftugt og beittara hverju tv\u00edeggju\u00f0u sver\u00f0i og sm\u00fdgur inn \u00ed innstu fylgsni s\u00e1lar og anda, li\u00f0am\u00f3ta og mergjar, \u00fea\u00f0 d\u00e6mir hugsanir og hugrenningar hjartans. <a name=\"13\"><span class=\"versanumer_2007\">13<\/span><\/a> Enginn skapa\u00f0ur hlutur er Gu\u00f0i hulinn, allt er bert og \u00f6ndvert augum hans. Honum eigum vi\u00f0 reikningsskil a\u00f0 gera. <\/p>\n<h3 class=\"millifyrirsogn_2007\">\u00c6\u00f0sti prestur \u00e1n syndar<\/h3>\n<p><a name=\"14\"><span class=\"versanumer_2007\">14<\/span><\/a> Er vi\u00f0 \u00fe\u00e1 h\u00f6fum mikinn \u00e6\u00f0sta prest, sem fari\u00f0 hefur \u00ed gegnum himnana, Jes\u00fa Gu\u00f0s son, skulum vi\u00f0 halda fast vi\u00f0 j\u00e1tninguna. <a name=\"15\"><span class=\"versanumer_2007\">15<\/span><\/a> Ekki h\u00f6fum vi\u00f0 \u00feann \u00e6\u00f0sta prest er eigi geti s\u00e9\u00f0 aumur \u00e1 veikleika okkar heldur \u00feann sem freista\u00f0 var \u00e1 allan h\u00e1tt eins og okkar en \u00e1n syndar. <a name=\"16\"><span class=\"versanumer_2007\">16<\/span><\/a> G\u00f6ngum \u00fev\u00ed me\u00f0 dj\u00f6rfung a\u00f0 h\u00e1s\u00e6ti Gu\u00f0s n\u00e1\u00f0ar. \u00dear finnum vi\u00f0 miskunn og n\u00e1\u00f0 \u00feegar vi\u00f0 erum hj\u00e1lpar\u00feurfi. <\/p>\n","protected":false},"excerpt":{"rendered":"<p>1 Fyrirheiti\u00f0 um a\u00f0 ganga inn til hv\u00edldar hans stendur enn, v\u00f6rumst \u00fev\u00ed a\u00f0 nokkurt ykkar ver\u00f0i til \u00feess a\u00f0 dragast aftur \u00far. 2 Fagna\u00f0arerindi\u00f0 var okkur bo\u00f0a\u00f0 eigi s\u00ed\u00f0ur en \u00feeim. En or\u00f0i\u00f0, sem \u00feeir heyr\u00f0u, kom \u00feeim eigi a\u00f0 haldi vegna \u00feess a\u00f0 \u00feeir tr\u00fa\u00f0u \u00fev\u00ed ekki. 3 En vi\u00f0 sem tr\u00fa h\u00f6fum teki\u00f0 g\u00f6ngum inn til hv\u00edldarinnar eins og hann hefur sagt: \u201eOg \u00e9g s\u00f3r \u00ed br\u00e6\u00f0i minni: Eigi skulu \u00feeir inn ganga til hv\u00edldar minnar.\u201c \u00de\u00f3 voru verk Gu\u00f0s fullger fr\u00e1 grundv\u00f6llun heims. 4 \u00dev\u00ed a\u00f0 einhvers sta\u00f0ar er svo a\u00f0 or\u00f0i kve\u00f0i\u00f0 um hinn sj\u00f6unda <a href=\"https:\/\/biblian.is\/biblian\/hebreabrefid-4-kafli\/\"> [&#8230;]<\/a><\/p>\n","protected":false},"author":1,"featured_media":0,"parent":0,"menu_order":0,"comment_status":"open","ping_status":"open","template":"bibliukaflar_NT.php","meta":{"footnotes":""},"class_list":["post-2754","page","type-page","status-publish","hentry"],"_links":{"self":[{"href":"https:\/\/biblian.is\/biblian\/wp-json\/wp\/v2\/pages\/2754","targetHints":{"allow":["GET"]}}],"collection":[{"href":"https:\/\/biblian.is\/biblian\/wp-json\/wp\/v2\/pages"}],"about":[{"href":"https:\/\/biblian.is\/biblian\/wp-json\/wp\/v2\/types\/page"}],"author":[{"embeddable":true,"href":"https:\/\/biblian.is\/biblian\/wp-json\/wp\/v2\/users\/1"}],"replies":[{"embeddable":true,"href":"https:\/\/biblian.is\/biblian\/wp-json\/wp\/v2\/comments?post=2754"}],"version-history":[{"count":0,"href":"https:\/\/biblian.is\/biblian\/wp-json\/wp\/v2\/pages\/2754\/revisions"}],"wp:attachment":[{"href":"https:\/\/biblian.is\/biblian\/wp-json\/wp\/v2\/media?parent=2754"}],"curies":[{"name":"wp","href":"https:\/\/api.w.org\/{rel}","templated":true}]}}