{"id":2752,"date":"2017-12-30T21:04:29","date_gmt":"2017-12-30T21:04:29","guid":{"rendered":"http:\/\/biblian.is\/biblian\/hebreabr%c2%8efi_-2-kafli\/"},"modified":"2019-08-27T00:15:37","modified_gmt":"2019-08-27T00:15:37","slug":"hebreabrefid-2-kafli","status":"publish","type":"page","link":"https:\/\/biblian.is\/biblian\/hebreabrefid-2-kafli\/","title":{"rendered":"Hebreabr\u00e9fi\u00f0 2. kafli"},"content":{"rendered":"<h3 class=\"millifyrirsogn_2007\"> Hj\u00e1lpr\u00e6\u00f0i Gu\u00f0s<\/h3>\n<p><a name=\"1\"><span class=\"versanumer_2007\">1<\/span><\/a> \u00deess vegna ber okkur a\u00f0 gefa \u00fev\u00ed enn betur gaum er vi\u00f0 h\u00f6fum heyrt svo a\u00f0 vi\u00f0 berumst eigi aflei\u00f0is. <a name=\"2\"><span class=\"versanumer_2007\">2<\/span><\/a> Fyrst or\u00f0i\u00f0, sem englar fluttu,<span class=\"nedan_mal\" title=\" H\u00e9r er \u00e1tt vi\u00f0 birtingu l\u00f6gm\u00e1lsins \u00e1 S\u00edna\u00ed, 2M\u00f3s 19, sbr. Gal 3.19.\">[<\/span> hefur reynst st\u00f6\u00f0ugt og \u00feau sem brutu gegn \u00fev\u00ed og hl\u00fdddu ekki hlutu r\u00e9ttl\u00e1ta refsingu, <a name=\"3\"><span class=\"versanumer_2007\">3<\/span><\/a> hvernig f\u00e1um vi\u00f0 \u00fe\u00e1 komist undan ef vi\u00f0 vanmetum sl\u00edkt hj\u00e1lpr\u00e6\u00f0i? Drottinn flutti \u00fea\u00f0 fyrst og \u00feau sem heyr\u00f0u \u00fea\u00f0 sta\u00f0festu \u00fea\u00f0 fyrir okkur. <a name=\"4\"><span class=\"versanumer_2007\">4<\/span><\/a> Gu\u00f0 bar jafnframt vitni me\u00f0 \u00feeim me\u00f0 t\u00e1knum og undrum og margs konar kraftaverkum og me\u00f0 gj\u00f6fum heilags anda sem hann deildi \u00fat eftir vilja s\u00ednum. <\/p>\n<h3 class=\"millifyrirsogn_2007\">Br\u00f3\u00f0ir manna<\/h3>\n<p><a name=\"5\"><span class=\"versanumer_2007\">5<\/span><\/a> \u00dev\u00ed ekki lag\u00f0i hann undir engla hinn komandi heim sem vi\u00f0 t\u00f6lum um. <a name=\"6\"><span class=\"versanumer_2007\">6<\/span><\/a> Einhvers sta\u00f0ar er vitna\u00f0: <br \/> <span class=\"ljodatexti\"> Hva\u00f0 er ma\u00f0ur a\u00f0 \u00fe\u00fa minnist hans? <br \/>E\u00f0a mannssonur a\u00f0 \u00fe\u00fa vitjir hans? <br \/> <\/span> <span class=\"ljodatexti\"> <a name=\"7\"><span class=\"versanumer_ljod\">7<\/span><\/a>Skamma stund <span class=\"nedan_mal\" title=\" E\u00f0a: Litlu einu.\">[<\/span> ger\u00f0ir \u00fe\u00fa hann englunum l\u00e6gri. <br \/>\u00de\u00fa hefur kr\u00fdnt hann vegsemd og hei\u00f0ri.<br \/>Og \u00fe\u00fa hefur skipa\u00f0 hann yfir verk handa \u00feinna. <span class=\"nedan_mal\" title=\" Or\u00f0in \u201eOg \u00fe\u00fa hefur skipa\u00f0 hann yfir verk handa \u00feinna\u201c vantar \u00ed sum handrit.\">[<\/span> <br \/> <\/span> <span class=\"ljodatexti\"> <a name=\"8\"><span class=\"versanumer_ljod\">8<\/span><\/a>Allt hefur \u00fe\u00fa lagt undir f\u00e6tur hans. <\/span> <br \/>\u00de\u00f3tt skrifa\u00f0 s\u00e9 a\u00f0 allt s\u00e9 undir hann lagt og ekkert undan skili\u00f0, \u00fe\u00e1 sj\u00e1um vi\u00f0 ekki enn a\u00f0 allir hlutir s\u00e9u undir hann lag\u00f0ir. <a name=\"9\"><span class=\"versanumer_2007\">9<\/span><\/a> En vi\u00f0 sj\u00e1um a\u00f0 Jes\u00fas, sem \u201eskamma stund var ger\u00f0ur englunum l\u00e6gri,\u201c er \u201ekr\u00fdndur vegsemd og hei\u00f0ri\u201c vegna dau\u00f0ans sem hann \u00feoldi. Fyrir Gu\u00f0s n\u00e1\u00f0 skyldu allir hlj\u00f3ta blessun af dau\u00f0a hans. <br \/> <a name=\"10\"><span class=\"versanumer_2007\">10<\/span><\/a> Gu\u00f0 hefur skapa\u00f0 allt og allt er til vegna hans. Hann vildi lei\u00f0a m\u00f6rg b\u00f6rn til d\u00fdr\u00f0ar. \u00dev\u00ed var\u00f0 hann a\u00f0 fullkomna me\u00f0 \u00fej\u00e1ningum \u00feann Jes\u00fa er skyldi lei\u00f0a \u00feau til hj\u00e1lpr\u00e6\u00f0is. <a name=\"11\"><span class=\"versanumer_2007\">11<\/span><\/a> \u00dev\u00ed a\u00f0 s\u00e1 sem helgar og \u00feau sem helgu\u00f0 ver\u00f0a eru \u00f6ll fr\u00e1 einum komin. \u00deess vegna telur hann s\u00e9r eigi vanvir\u00f0u a\u00f0 kalla \u00feau systkin<span class=\"nedan_mal\" title=\" Or\u00f0r\u00e9tt: br\u00e6\u00f0ur.\">[<\/span> <a name=\"12\"><span class=\"versanumer_2007\">12<\/span><\/a> er hann segir: <br \/> <span class=\"ljodatexti\"> \u00c9g mun gera nafn mitt kunnugt systkinum <span class=\"nedan_mal\" title=\" Or\u00f0r\u00e9tt: br\u00e6\u00f0rum.\">[<\/span> m\u00ednum, <br \/>\u00e9g mun syngja \u00fe\u00e9r lof mitt \u00ed s\u00f6fnu\u00f0inum. <\/span> <br \/> <a name=\"13\"><span class=\"versanumer_2007\">13<\/span><\/a> Og aftur: <br \/> <span class=\"ljodatexti\"> \u00c9g mun treysta \u00e1 hann. <\/span> <br \/>Og enn fremur: <br \/> <span class=\"ljodatexti\"> H\u00e9r er \u00e9g og b\u00f6rnin er Gu\u00f0 gaf m\u00e9r. <\/span> <br \/> <a name=\"14\"><span class=\"versanumer_2007\">14<\/span><\/a> \u00dear sem n\u00fa b\u00f6rnin eru af holdi og bl\u00f3\u00f0i \u00fe\u00e1 var\u00f0 hann sj\u00e1lfur ma\u00f0ur, til \u00feess a\u00f0 hann me\u00f0 dau\u00f0a s\u00ednum g\u00e6ti a\u00f0 engu gert \u00feann sem hefur m\u00e1tt dau\u00f0ans, \u00fea\u00f0 er a\u00f0 segja dj\u00f6fulinn, <a name=\"15\"><span class=\"versanumer_2007\">15<\/span><\/a> og frelsa\u00f0 alla \u00fe\u00e1 sem lif\u00f0u allan sinn aldur undir \u00e1nau\u00f0aroki af \u00f3tta vi\u00f0 dau\u00f0ann. <a name=\"16\"><span class=\"versanumer_2007\">16<\/span><\/a> \u00dev\u00ed a\u00f0 v\u00edst er um \u00fea\u00f0 a\u00f0 ekki tekur hann a\u00f0 s\u00e9r englana en hann tekur a\u00f0 s\u00e9r ni\u00f0ja Abrahams. <a name=\"17\"><span class=\"versanumer_2007\">17<\/span><\/a> \u00dev\u00ed var \u00fea\u00f0 a\u00f0 hann \u00ed \u00f6llum greinum \u00e1tti a\u00f0 ver\u00f0a l\u00edkur systkinum<span class=\"nedan_mal\" title=\" Or\u00f0r\u00e9tt: br\u00e6\u00f0rum.\">[<\/span> s\u00ednum svo a\u00f0 hann yr\u00f0i miskunnsamur og tr\u00far \u00e6\u00f0sti prestur \u00ed \u00fej\u00f3nustu fyrir Gu\u00f0i og g\u00e6ti fri\u00f0\u00fe\u00e6gt fyrir syndir l\u00fd\u00f0sins. <a name=\"18\"><span class=\"versanumer_2007\">18<\/span><\/a> Sj\u00e1lfur hefur hann \u00fej\u00e1\u00f0st og hans veri\u00f0 freista\u00f0. \u00deess vegna er hann f\u00e6r um a\u00f0 hj\u00e1lpa \u00feeim er ver\u00f0a fyrir freistingu. <\/p>\n","protected":false},"excerpt":{"rendered":"<p>Hj\u00e1lpr\u00e6\u00f0i Gu\u00f0s 1 \u00deess vegna ber okkur a\u00f0 gefa \u00fev\u00ed enn betur gaum er vi\u00f0 h\u00f6fum heyrt svo a\u00f0 vi\u00f0 berumst eigi aflei\u00f0is. 2 Fyrst or\u00f0i\u00f0, sem englar fluttu,[ hefur reynst st\u00f6\u00f0ugt og \u00feau sem brutu gegn \u00fev\u00ed og hl\u00fdddu ekki hlutu r\u00e9ttl\u00e1ta refsingu, 3 hvernig f\u00e1um vi\u00f0 \u00fe\u00e1 komist undan ef vi\u00f0 vanmetum sl\u00edkt hj\u00e1lpr\u00e6\u00f0i? Drottinn flutti \u00fea\u00f0 fyrst og \u00feau sem heyr\u00f0u \u00fea\u00f0 sta\u00f0festu \u00fea\u00f0 fyrir okkur. 4 Gu\u00f0 bar jafnframt vitni me\u00f0 \u00feeim me\u00f0 t\u00e1knum og undrum og margs konar kraftaverkum og me\u00f0 gj\u00f6fum heilags anda sem hann deildi \u00fat eftir vilja s\u00ednum. Br\u00f3\u00f0ir manna 5 \u00dev\u00ed <a href=\"https:\/\/biblian.is\/biblian\/hebreabrefid-2-kafli\/\"> [&#8230;]<\/a><\/p>\n","protected":false},"author":1,"featured_media":0,"parent":0,"menu_order":0,"comment_status":"open","ping_status":"open","template":"bibliukaflar_NT.php","meta":{"footnotes":""},"class_list":["post-2752","page","type-page","status-publish","hentry"],"_links":{"self":[{"href":"https:\/\/biblian.is\/biblian\/wp-json\/wp\/v2\/pages\/2752","targetHints":{"allow":["GET"]}}],"collection":[{"href":"https:\/\/biblian.is\/biblian\/wp-json\/wp\/v2\/pages"}],"about":[{"href":"https:\/\/biblian.is\/biblian\/wp-json\/wp\/v2\/types\/page"}],"author":[{"embeddable":true,"href":"https:\/\/biblian.is\/biblian\/wp-json\/wp\/v2\/users\/1"}],"replies":[{"embeddable":true,"href":"https:\/\/biblian.is\/biblian\/wp-json\/wp\/v2\/comments?post=2752"}],"version-history":[{"count":0,"href":"https:\/\/biblian.is\/biblian\/wp-json\/wp\/v2\/pages\/2752\/revisions"}],"wp:attachment":[{"href":"https:\/\/biblian.is\/biblian\/wp-json\/wp\/v2\/media?parent=2752"}],"curies":[{"name":"wp","href":"https:\/\/api.w.org\/{rel}","templated":true}]}}