{"id":2751,"date":"2017-12-30T21:04:29","date_gmt":"2017-12-30T21:04:29","guid":{"rendered":"http:\/\/biblian.is\/biblian\/hebreabr%c2%8efi_-1-kafli\/"},"modified":"2019-08-27T00:15:35","modified_gmt":"2019-08-27T00:15:35","slug":"hebreabrefid-1-kafli","status":"publish","type":"page","link":"https:\/\/biblian.is\/biblian\/hebreabrefid-1-kafli\/","title":{"rendered":"Hebreabr\u00e9fi\u00f0 1. kafli"},"content":{"rendered":"<h3 class=\"millifyrirsogn_2007\"> Gu\u00f0 hefur tala\u00f0<\/h3>\n<p><a name=\"1\"><span class=\"versanumer_2007\">1<\/span><\/a> Gu\u00f0 tala\u00f0i fyrrum oftsinnis og me\u00f0 m\u00f6rgu m\u00f3ti til fe\u00f0ranna fyrir munn sp\u00e1mannanna. <a name=\"2\"><span class=\"versanumer_2007\">2<\/span><\/a> En n\u00fa \u00ed lok \u00feessara daga hefur hann til okkar tala\u00f0 \u00ed syni s\u00ednum sem hann setti erfingja allra hluta. Fyrir hann hefur hann l\u00edka heimana gert. <a name=\"3\"><span class=\"versanumer_2007\">3<\/span><\/a> Hann, sem er lj\u00f3mi d\u00fdr\u00f0ar hans og \u00edmynd veru hans og ber allt me\u00f0 or\u00f0i m\u00e1ttar s\u00edns, hreinsa\u00f0i okkur af syndum okkar og settist til h\u00e6gri handar h\u00e1tigninni \u00e1 h\u00e6\u00f0um.<\/p>\n<h3 class=\"millifyrirsogn_2007\">Sonurinn \u00f6llum \u00e6\u00f0ri<\/h3>\n<p><a name=\"4\"><span class=\"versanumer_2007\">4<\/span><\/a> Hann er or\u00f0inn englunum \u00feeim mun meiri sem hann hefur a\u00f0 erf\u00f0um teki\u00f0 \u00e1g\u00e6tara nafn en \u00feeir. <a name=\"5\"><span class=\"versanumer_2007\">5<\/span><\/a> \u00dev\u00ed vi\u00f0 hvern af englunum hefur hann nokkru sinni sagt: <br \/> <span class=\"ljodatexti\"> \u00de\u00fa ert sonur minn, <br \/>\u00ed dag hef \u00e9g f\u00e6tt \u00feig? <\/span> <br \/>E\u00f0a: <br \/> <span class=\"ljodatexti\"> \u00c9g vil vera honum fa\u00f0ir <br \/>og hann skal vera m\u00e9r sonur? <\/span> <br \/> <a name=\"6\"><span class=\"versanumer_2007\">6<\/span><\/a> Og aftur er hann lei\u00f0ir frumbur\u00f0inn inn \u00ed heimsbygg\u00f0ina segir hann: <br \/> <span class=\"ljodatexti\"> Allir englar Gu\u00f0s skulu tilbi\u00f0ja hann. <\/span> <br \/> <a name=\"7\"><span class=\"versanumer_2007\">7<\/span><\/a> Og um englana segir hann: <br \/> <span class=\"ljodatexti\"> Hann sem gerir engla s\u00edna a\u00f0 vindum <br \/>og \u00fej\u00f3na s\u00edna a\u00f0 eldslogum. <\/span> <br \/> <a name=\"8\"><span class=\"versanumer_2007\">8<\/span><\/a> En um soninn: <br \/> <span class=\"ljodatexti\"> H\u00e1s\u00e6ti \u00feitt, Gu\u00f0, er um aldir alda <br \/>og sproti r\u00e9ttv\u00edsinnar er sproti r\u00edkis \u00fe\u00edns. <br \/> <\/span> <span class=\"ljodatexti\"> <a name=\"9\"><span class=\"versanumer_ljod\">9<\/span><\/a>\u00de\u00fa hefur elska\u00f0 r\u00e9ttl\u00e6ti og hata\u00f0 rangl\u00e6ti. <br \/>\u00dev\u00ed hefur Gu\u00f0, \u00feinn Gu\u00f0, <br \/>smurt \u00feig gle\u00f0innar ol\u00edu fram yfir \u00fe\u00edna jafningja. <\/span> <br \/> <a name=\"10\"><span class=\"versanumer_2007\">10<\/span><\/a> Og: <br \/> <span class=\"ljodatexti\"> \u00de\u00fa, Drottinn, hefur \u00ed upphafi grundvalla\u00f0 j\u00f6r\u00f0ina<br \/>og himnarnir eru verk handa \u00feinna. <br \/> <\/span> <span class=\"ljodatexti\"> <a name=\"11\"><span class=\"versanumer_ljod\">11<\/span><\/a>\u00deeir munu farast en \u00fe\u00fa varir. <br \/>Allir munu \u00feeir fyrnast sem fat <br \/> <\/span> <span class=\"ljodatexti\"> <a name=\"12\"><span class=\"versanumer_ljod\">12<\/span><\/a>og \u00fe\u00fa munt \u00fe\u00e1 saman vefja eins og m\u00f6ttul, <br \/>um \u00fe\u00e1 ver\u00f0ur skipt sem kl\u00e6\u00f0i. <br \/>En \u00fe\u00fa ert hinn sami og \u00fe\u00edn \u00e1r taka aldrei enda. <\/span> <br \/> <a name=\"13\"><span class=\"versanumer_2007\">13<\/span><\/a> En vi\u00f0 hvern af englunum hefur hann nokkru sinni sagt: <br \/> <span class=\"ljodatexti\"> Set \u00feig m\u00e9r til h\u00e6gri handar <br \/>uns \u00e9g geri \u00f3vini \u00fe\u00edna a\u00f0 f\u00f3tsk\u00f6r \u00feinni? <\/span> <br \/> <a name=\"14\"><span class=\"versanumer_2007\">14<\/span><\/a> Eru \u00feeir ekki allir andar sem \u00fej\u00f3na Gu\u00f0i, sendir til a\u00f0 hj\u00e1lpa \u00feeim sem hj\u00e1lpr\u00e6\u00f0i\u00f0 eiga a\u00f0 erfa?<\/p>\n","protected":false},"excerpt":{"rendered":"<p>Gu\u00f0 hefur tala\u00f0 1 Gu\u00f0 tala\u00f0i fyrrum oftsinnis og me\u00f0 m\u00f6rgu m\u00f3ti til fe\u00f0ranna fyrir munn sp\u00e1mannanna. 2 En n\u00fa \u00ed lok \u00feessara daga hefur hann til okkar tala\u00f0 \u00ed syni s\u00ednum sem hann setti erfingja allra hluta. Fyrir hann hefur hann l\u00edka heimana gert. 3 Hann, sem er lj\u00f3mi d\u00fdr\u00f0ar hans og \u00edmynd veru hans og ber allt me\u00f0 or\u00f0i m\u00e1ttar s\u00edns, hreinsa\u00f0i okkur af syndum okkar og settist til h\u00e6gri handar h\u00e1tigninni \u00e1 h\u00e6\u00f0um. Sonurinn \u00f6llum \u00e6\u00f0ri 4 Hann er or\u00f0inn englunum \u00feeim mun meiri sem hann hefur a\u00f0 erf\u00f0um teki\u00f0 \u00e1g\u00e6tara nafn en \u00feeir. 5 \u00dev\u00ed vi\u00f0 <a href=\"https:\/\/biblian.is\/biblian\/hebreabrefid-1-kafli\/\"> [&#8230;]<\/a><\/p>\n","protected":false},"author":1,"featured_media":0,"parent":0,"menu_order":0,"comment_status":"open","ping_status":"open","template":"bibliukaflar_NT.php","meta":{"footnotes":""},"class_list":["post-2751","page","type-page","status-publish","hentry"],"_links":{"self":[{"href":"https:\/\/biblian.is\/biblian\/wp-json\/wp\/v2\/pages\/2751","targetHints":{"allow":["GET"]}}],"collection":[{"href":"https:\/\/biblian.is\/biblian\/wp-json\/wp\/v2\/pages"}],"about":[{"href":"https:\/\/biblian.is\/biblian\/wp-json\/wp\/v2\/types\/page"}],"author":[{"embeddable":true,"href":"https:\/\/biblian.is\/biblian\/wp-json\/wp\/v2\/users\/1"}],"replies":[{"embeddable":true,"href":"https:\/\/biblian.is\/biblian\/wp-json\/wp\/v2\/comments?post=2751"}],"version-history":[{"count":0,"href":"https:\/\/biblian.is\/biblian\/wp-json\/wp\/v2\/pages\/2751\/revisions"}],"wp:attachment":[{"href":"https:\/\/biblian.is\/biblian\/wp-json\/wp\/v2\/media?parent=2751"}],"curies":[{"name":"wp","href":"https:\/\/api.w.org\/{rel}","templated":true}]}}