{"id":2750,"date":"2017-12-30T21:04:29","date_gmt":"2017-12-30T21:04:29","guid":{"rendered":"http:\/\/biblian.is\/biblian\/f%c2%92lemonsbr%c2%8efi_-1-kafli\/"},"modified":"2019-08-26T22:22:31","modified_gmt":"2019-08-26T22:22:31","slug":"filemonsbrefid-1-kafli","status":"publish","type":"page","link":"https:\/\/biblian.is\/biblian\/filemonsbrefid-1-kafli\/","title":{"rendered":"F\u00edlemonsbr\u00e9fi\u00f0 1. kafli"},"content":{"rendered":"<h3 class=\"millifyrirsogn_2007\">Kve\u00f0ja<\/h3>\n<p><a name=\"1\"><\/a><span class=\"versanumer_2007\">1<\/span> P\u00e1ll, bandingi Krists Jes\u00fa, og T\u00edm\u00f3teus br\u00f3\u00f0ir okkar heilsa elsku\u00f0um vini okkar og samverkamanni, F\u00edlemon, <a name=\"2\"><\/a><span class=\"versanumer_2007\">2<\/span> svo og App\u00edu systur okkar og Arkippusi samherja okkar og s\u00f6fnu\u00f0inum sem kemur saman \u00ed h\u00fasi \u00fe\u00ednu.<br \/>\n<a name=\"3\"><\/a><span class=\"versanumer_2007\">3<\/span> N\u00e1\u00f0 s\u00e9 me\u00f0 y\u00f0ur og fri\u00f0ur fr\u00e1 Gu\u00f0i f\u00f6\u00f0ur vorum og Drottni Jes\u00fa Kristi.<\/p>\n<h3 class=\"millifyrirsogn_2007\">\u00deakkir og fyrirb\u00e6n<\/h3>\n<p><a name=\"4\"><\/a><span class=\"versanumer_2007\">4<\/span> \u00c9g \u00feakka Gu\u00f0i m\u00ednum \u00e1vallt er \u00e9g minnist \u00fe\u00edn \u00ed b\u00e6num m\u00ednum <a name=\"5\"><\/a><span class=\"versanumer_2007\">5<\/span> \u00fev\u00ed a\u00f0 \u00e9g heyri um tr\u00fa \u00fe\u00edna \u00e1 Drottni Jes\u00fa og um k\u00e6rleika \u00feinn til hinna heil\u00f6gu. <a name=\"6\"><\/a><span class=\"versanumer_2007\">6<\/span> \u00c9g bi\u00f0 a\u00f0 \u00fea\u00f0 sem \u00fe\u00fa \u00e1tt og gefur \u00ed tr\u00fanni styrki \u00feig til \u00feess a\u00f0 skilja allt hi\u00f0 g\u00f3\u00f0a sem veitist \u00ed Kristi. <a name=\"7\"><\/a><span class=\"versanumer_2007\">7<\/span> Mikla gle\u00f0i og upp\u00f6rvun hef \u00e9g \u00feegi\u00f0 sakir k\u00e6rleika \u00fe\u00edns \u00fev\u00ed a\u00f0 \u00fe\u00fa, br\u00f3\u00f0ir, hefur endurn\u00e6rt hj\u00f6rtu heilagra.<\/p>\n<h3 class=\"millifyrirsogn_2007\">Tak \u00e1 m\u00f3ti honum<\/h3>\n<p><a name=\"8\"><\/a><span class=\"versanumer_2007\">8<\/span> \u00de\u00f3tt \u00e9g g\u00e6ti me\u00f0 fullri dj\u00f6rfung \u00ed Kristi bo\u00f0i\u00f0 \u00fe\u00e9r a\u00f0 gera \u00fea\u00f0 sem skylt er, <a name=\"9\"><\/a><span class=\"versanumer_2007\">9<\/span> \u00fe\u00e1 fer \u00e9g heldur b\u00f3narveg vegna k\u00e6rleika \u00fe\u00edns \u00fear sem \u00e9g er eins og \u00e9g er, hann P\u00e1ll gamli, og n\u00fa l\u00edka bandingi Krists Jes\u00fa.<span class=\"nedan_mal\" title=\" E\u00f0a: P\u00e1ll sendibo\u00f0i Krists Jes\u00fa og n\u00fa l\u00edka bandingi hans.\">[<\/span> <a name=\"10\"><\/a><span class=\"versanumer_2007\">10<\/span> \u00c9g bi\u00f0 \u00feig \u00fe\u00e1 fyrir barni\u00f0 mitt sem \u00e9g hef geti\u00f0 \u00ed fj\u00f6trum m\u00ednum, hann Ones\u00edmus. <a name=\"11\"><\/a><span class=\"versanumer_2007\">11<\/span> Hann var \u00fe\u00e9r \u00e1\u00f0ur \u00f3\u00fearfur en er n\u00fa \u00fearfur b\u00e6\u00f0i \u00fe\u00e9r og m\u00e9r. <a name=\"12\"><\/a><span class=\"versanumer_2007\">12<\/span> \u00c9g sendi hann til \u00fe\u00edn aftur og er hann \u00fe\u00f3 sem hjarta\u00f0 \u00ed brj\u00f3sti m\u00e9r. <a name=\"13\"><\/a><span class=\"versanumer_2007\">13<\/span> Feginn vildi \u00e9g hafa haldi\u00f0 honum hj\u00e1 m\u00e9r til \u00feess a\u00f0 hann \u00ed \u00feinn sta\u00f0 v\u00e6ri m\u00e9r til hj\u00e1lpar \u00ed fj\u00f6trum m\u00ednum vegna fagna\u00f0arerindisins. <a name=\"14\"><\/a><span class=\"versanumer_2007\">14<\/span> En \u00e1n \u00fe\u00edns sam\u00feykkis vildi \u00e9g ekkert gera til \u00feess a\u00f0 velgj\u00f6r\u00f0 \u00fe\u00edn skyldi ekki koma eins og af nau\u00f0ung heldur af f\u00fasum vilja.<br \/>\n<a name=\"15\"><\/a><span class=\"versanumer_2007\">15<\/span> V\u00edsast hefur hann \u00feess vegna or\u00f0i\u00f0 vi\u00f0skila vi\u00f0 \u00feig um stundarsakir, a\u00f0 \u00fe\u00fa s\u00ed\u00f0an skyldir f\u00e1 a\u00f0 halda honum eil\u00edflega, <a name=\"16\"><\/a><span class=\"versanumer_2007\">16<\/span> ekki lengur eins og \u00fer\u00e6li heldur \u00fer\u00e6li fremri, eins og elsku\u00f0um br\u00f3\u00f0ur. M\u00e9r er hann k\u00e6r br\u00f3\u00f0ir. Hve miklu fremur \u00fe\u00f3 \u00fe\u00e9r b\u00e6\u00f0i sem ma\u00f0ur og kristinn. <a name=\"17\"><\/a><span class=\"versanumer_2007\">17<\/span> Ef \u00fe\u00fa \u00fev\u00ed telur mig br\u00f3\u00f0ur \u00feinn \u00ed tr\u00fanni, \u00fe\u00e1 tak \u00fe\u00fa \u00e1 m\u00f3ti honum eins og v\u00e6ri \u00fea\u00f0 \u00e9g sj\u00e1lfur. <a name=\"18\"><\/a><span class=\"versanumer_2007\">18<\/span> En hafi hann eitthva\u00f0 gert \u00e1 hluta \u00feinn e\u00f0a s\u00e9 hann \u00ed skuld vi\u00f0 \u00feig, \u00fe\u00e1 f\u00e6r \u00fe\u00fa \u00fea\u00f0 m\u00e9r til reiknings. <a name=\"19\"><\/a><span class=\"versanumer_2007\">19<\/span> \u00c9g, P\u00e1ll, rita me\u00f0 eigin hendi: \u00c9g mun grei\u00f0a. A\u00f0 \u00e9g ekki nefni vi\u00f0 \u00feig a\u00f0 \u00fe\u00fa ert jafnvel \u00ed skuld vi\u00f0 mig um sj\u00e1lfan \u00feig. <a name=\"20\"><\/a><span class=\"versanumer_2007\">20<\/span> J\u00e1, br\u00f3\u00f0ir, unn m\u00e9r gagns af \u00fe\u00e9r vegna Drottins, endurn\u00e6r hjarta mitt sakir Krists.<br \/>\n<a name=\"21\"><\/a><span class=\"versanumer_2007\">21<\/span> Fullviss um hl\u00fd\u00f0ni \u00fe\u00edna rita \u00e9g til \u00fe\u00edn og veit a\u00f0 \u00fe\u00fa munt gera jafnvel fram yfir \u00fea\u00f0 sem \u00e9g m\u00e6list til.<br \/>\n<a name=\"22\"><\/a><span class=\"versanumer_2007\">22<\/span> En haf\u00f0u l\u00edka til gestaherbergi handa m\u00e9r \u00fev\u00ed a\u00f0 \u00e9g vona a\u00f0 \u00fei\u00f0 \u00f6\u00f0list \u00fe\u00e1 b\u00e6nheyrslu a\u00f0 f\u00e1 mig aftur.<\/p>\n<h3 class=\"millifyrirsogn_2007\">Kve\u00f0jur<\/h3>\n<p><a name=\"23\"><\/a><span class=\"versanumer_2007\">23<\/span> Epafras, sambandingi minn vegna Krists Jes\u00fa, bi\u00f0ur a\u00f0 heilsa \u00fe\u00e9r. S\u00f6mulei\u00f0is <a name=\"24\"><\/a><span class=\"versanumer_2007\">24<\/span> Mark\u00fas, Aristarkus, Demas og L\u00fakas, samverkamenn m\u00ednir.<br \/>\n<a name=\"25\"><\/a><span class=\"versanumer_2007\">25<\/span> N\u00e1\u00f0in Drottins vors Jes\u00fa Krists s\u00e9 me\u00f0 anda y\u00f0ar.<\/p>\n","protected":false},"excerpt":{"rendered":"<p>Kve\u00f0ja 1 P\u00e1ll, bandingi Krists Jes\u00fa, og T\u00edm\u00f3teus br\u00f3\u00f0ir okkar heilsa elsku\u00f0um vini okkar og samverkamanni, F\u00edlemon, 2 svo og App\u00edu systur okkar og Arkippusi samherja okkar og s\u00f6fnu\u00f0inum sem kemur saman \u00ed h\u00fasi \u00fe\u00ednu. 3 N\u00e1\u00f0 s\u00e9 me\u00f0 y\u00f0ur og fri\u00f0ur fr\u00e1 Gu\u00f0i f\u00f6\u00f0ur vorum og Drottni Jes\u00fa Kristi. \u00deakkir og fyrirb\u00e6n 4 \u00c9g \u00feakka Gu\u00f0i m\u00ednum \u00e1vallt er \u00e9g minnist \u00fe\u00edn \u00ed b\u00e6num m\u00ednum 5 \u00fev\u00ed a\u00f0 \u00e9g heyri um tr\u00fa \u00fe\u00edna \u00e1 Drottni Jes\u00fa og um k\u00e6rleika \u00feinn til hinna heil\u00f6gu. 6 \u00c9g bi\u00f0 a\u00f0 \u00fea\u00f0 sem \u00fe\u00fa \u00e1tt og gefur \u00ed tr\u00fanni styrki \u00feig til \u00feess <a href=\"https:\/\/biblian.is\/biblian\/filemonsbrefid-1-kafli\/\"> [&#8230;]<\/a><\/p>\n","protected":false},"author":1,"featured_media":0,"parent":0,"menu_order":0,"comment_status":"closed","ping_status":"closed","template":"bibliukaflar_NT.php","meta":{"footnotes":""},"class_list":["post-2750","page","type-page","status-publish","hentry"],"_links":{"self":[{"href":"https:\/\/biblian.is\/biblian\/wp-json\/wp\/v2\/pages\/2750","targetHints":{"allow":["GET"]}}],"collection":[{"href":"https:\/\/biblian.is\/biblian\/wp-json\/wp\/v2\/pages"}],"about":[{"href":"https:\/\/biblian.is\/biblian\/wp-json\/wp\/v2\/types\/page"}],"author":[{"embeddable":true,"href":"https:\/\/biblian.is\/biblian\/wp-json\/wp\/v2\/users\/1"}],"replies":[{"embeddable":true,"href":"https:\/\/biblian.is\/biblian\/wp-json\/wp\/v2\/comments?post=2750"}],"version-history":[{"count":0,"href":"https:\/\/biblian.is\/biblian\/wp-json\/wp\/v2\/pages\/2750\/revisions"}],"wp:attachment":[{"href":"https:\/\/biblian.is\/biblian\/wp-json\/wp\/v2\/media?parent=2750"}],"curies":[{"name":"wp","href":"https:\/\/api.w.org\/{rel}","templated":true}]}}