{"id":2749,"date":"2017-12-30T21:04:29","date_gmt":"2017-12-30T21:04:29","guid":{"rendered":"http:\/\/biblian.is\/biblian\/t%c2%92tusarbr%c2%8ef-3-kafli\/"},"modified":"2019-08-26T23:34:06","modified_gmt":"2019-08-26T23:34:06","slug":"titusarbrefid-3-kafli","status":"publish","type":"page","link":"https:\/\/biblian.is\/biblian\/titusarbrefid-3-kafli\/","title":{"rendered":"T\u00edtusarbr\u00e9fi\u00f0 3. kafli"},"content":{"rendered":"<h3 class=\"millifyrirsogn_2007\"> G\u00f3\u00f0 verk<\/h3>\n<p><a name=\"1\"><span class=\"versanumer_2007\">1<\/span><\/a> Minn \u00feau \u00e1 a\u00f0 l\u00fata h\u00f6f\u00f0ingjum og yfirv\u00f6ldum, vera hl\u00fd\u00f0in og rei\u00f0ub\u00fain til s\u00e9rhvers g\u00f3\u00f0s verks, <a name=\"2\"><span class=\"versanumer_2007\">2<\/span><\/a> lastm\u00e6la engum, vera fri\u00f0s\u00f6m, sanngj\u00f6rn og s\u00fdna \u00f6llum m\u00f6nnum vinsemd. <a name=\"3\"><span class=\"versanumer_2007\">3<\/span><\/a> \u00dev\u00ed a\u00f0 \u00feeir voru t\u00edmarnir a\u00f0 vi\u00f0 vorum einnig \u00f3skyns\u00f6m, \u00f3hl\u00fd\u00f0in, villur\u00e1fandi, \u00ed \u00e1nau\u00f0 hvers konar f\u00fdsna og lostasemda. Vi\u00f0 \u00f3lum aldur okkar \u00ed illsku og \u00f6fund, vorum andstyggileg, h\u00f6tu\u00f0um hvert anna\u00f0. <a name=\"4\"><span class=\"versanumer_2007\">4<\/span><\/a> En er g\u00e6ska Gu\u00f0s, frelsara vors, birtist og elska hans til mannanna, <a name=\"5\"><span class=\"versanumer_2007\">5<\/span><\/a> \u00fe\u00e1 frelsa\u00f0i hann okkur, ekki vegna r\u00e9ttl\u00e6tisverkanna, sem vi\u00f0 h\u00f6f\u00f0um unni\u00f0, heldur frelsa\u00f0i hann okkur af miskunn sinni. \u00dea\u00f0 ger\u00f0i hann \u00ed \u00feeirri laug endurf\u00e6\u00f0ingar og endurn\u00fdjunar heilags anda sem <a name=\"6\"><span class=\"versanumer_2007\">6<\/span><\/a> hann l\u00e9t r\u00edkulega yfir okkur streyma sakir Jes\u00fa Krists, frelsara vors. <a name=\"7\"><span class=\"versanumer_2007\">7<\/span><\/a> \u00deannig erum vi\u00f0 r\u00e9ttl\u00e6tt fyrir n\u00e1\u00f0 hans og ur\u00f0um \u00ed voninni erfingjar eil\u00edfs l\u00edfs. <br \/> <a name=\"8\"><span class=\"versanumer_2007\">8<\/span><\/a> \u00dea\u00f0 or\u00f0 er satt, og \u00e1 \u00feetta vil \u00e9g a\u00f0 \u00fe\u00fa leggir alla \u00e1herslu til \u00feess a\u00f0 \u00feau sem fest hafa tr\u00fa \u00e1 Gu\u00f0 l\u00e1ti s\u00e9r umhuga\u00f0 um a\u00f0 stunda g\u00f3\u00f0 verk. \u00deetta er gott og m\u00f6nnum nytsamlegt. <a name=\"9\"><span class=\"versanumer_2007\">9<\/span><\/a> En for\u00f0ast \u00fe\u00fa heimskulegar \u00fer\u00e6tur og \u00e6ttart\u00f6lur, deilur og l\u00f6gm\u00e1lsst\u00e6lur. \u00de\u00e6r eru gagnslausar og til einskis. <a name=\"10\"><span class=\"versanumer_2007\">10<\/span><\/a> \u00der\u00e6tumanni skalt \u00fe\u00fa snei\u00f0a hj\u00e1 er \u00fe\u00fa hefur einu sinni e\u00f0a tvisvar \u00e1minnt hann. <a name=\"11\"><span class=\"versanumer_2007\">11<\/span><\/a> \u00de\u00fa veist a\u00f0 sl\u00edkur ma\u00f0ur er rangsn\u00fainn og syndugur. Hann er sj\u00e1lfd\u00e6mdur. <\/p>\n<h3 class=\"millifyrirsogn_2007\">Lokaor\u00f0<\/h3>\n<p><a name=\"12\"><span class=\"versanumer_2007\">12<\/span><\/a> \u00deegar \u00e9g sendi Artemas til \u00fe\u00edn e\u00f0a T\u00fdk\u00edkus kom \u00fe\u00e1 sem fyrst til m\u00edn \u00ed Nik\u00f3p\u00f3lis \u00fev\u00ed a\u00f0 \u00fear hef \u00e9g \u00e1sett m\u00e9r a\u00f0 hafa vetrarvist. <a name=\"13\"><span class=\"versanumer_2007\">13<\/span><\/a> Grei\u00f0 sem best f\u00f6r \u00feeirra Senasar l\u00f6gvitrings og Apoll\u00f3ss til \u00feess a\u00f0 \u00fe\u00e1 bresti ekkert. <a name=\"14\"><span class=\"versanumer_2007\">14<\/span><\/a> En okkar menn eiga og a\u00f0 l\u00e6ra a\u00f0 stunda g\u00f3\u00f0 verk hvar sem \u00feess er \u00fe\u00f6rf til \u00feess a\u00f0 \u00feeir s\u00e9u ekki \u00e1vaxtalausir. <br \/> <a name=\"15\"><span class=\"versanumer_2007\">15<\/span><\/a> Allir sem hj\u00e1 m\u00e9r eru senda \u00fe\u00e9r kve\u00f0ju. Heilsa \u00feeim sem \u00ed tr\u00fanni elska mig. <br \/>N\u00e1\u00f0 s\u00e9 me\u00f0 y\u00f0ur \u00f6llum. <\/p>\n","protected":false},"excerpt":{"rendered":"<p>G\u00f3\u00f0 verk 1 Minn \u00feau \u00e1 a\u00f0 l\u00fata h\u00f6f\u00f0ingjum og yfirv\u00f6ldum, vera hl\u00fd\u00f0in og rei\u00f0ub\u00fain til s\u00e9rhvers g\u00f3\u00f0s verks, 2 lastm\u00e6la engum, vera fri\u00f0s\u00f6m, sanngj\u00f6rn og s\u00fdna \u00f6llum m\u00f6nnum vinsemd. 3 \u00dev\u00ed a\u00f0 \u00feeir voru t\u00edmarnir a\u00f0 vi\u00f0 vorum einnig \u00f3skyns\u00f6m, \u00f3hl\u00fd\u00f0in, villur\u00e1fandi, \u00ed \u00e1nau\u00f0 hvers konar f\u00fdsna og lostasemda. Vi\u00f0 \u00f3lum aldur okkar \u00ed illsku og \u00f6fund, vorum andstyggileg, h\u00f6tu\u00f0um hvert anna\u00f0. 4 En er g\u00e6ska Gu\u00f0s, frelsara vors, birtist og elska hans til mannanna, 5 \u00fe\u00e1 frelsa\u00f0i hann okkur, ekki vegna r\u00e9ttl\u00e6tisverkanna, sem vi\u00f0 h\u00f6f\u00f0um unni\u00f0, heldur frelsa\u00f0i hann okkur af miskunn sinni. \u00dea\u00f0 ger\u00f0i hann \u00ed \u00feeirri <a href=\"https:\/\/biblian.is\/biblian\/titusarbrefid-3-kafli\/\"> [&#8230;]<\/a><\/p>\n","protected":false},"author":1,"featured_media":0,"parent":0,"menu_order":0,"comment_status":"open","ping_status":"open","template":"bibliukaflar_NT.php","meta":{"footnotes":""},"class_list":["post-2749","page","type-page","status-publish","hentry"],"_links":{"self":[{"href":"https:\/\/biblian.is\/biblian\/wp-json\/wp\/v2\/pages\/2749","targetHints":{"allow":["GET"]}}],"collection":[{"href":"https:\/\/biblian.is\/biblian\/wp-json\/wp\/v2\/pages"}],"about":[{"href":"https:\/\/biblian.is\/biblian\/wp-json\/wp\/v2\/types\/page"}],"author":[{"embeddable":true,"href":"https:\/\/biblian.is\/biblian\/wp-json\/wp\/v2\/users\/1"}],"replies":[{"embeddable":true,"href":"https:\/\/biblian.is\/biblian\/wp-json\/wp\/v2\/comments?post=2749"}],"version-history":[{"count":0,"href":"https:\/\/biblian.is\/biblian\/wp-json\/wp\/v2\/pages\/2749\/revisions"}],"wp:attachment":[{"href":"https:\/\/biblian.is\/biblian\/wp-json\/wp\/v2\/media?parent=2749"}],"curies":[{"name":"wp","href":"https:\/\/api.w.org\/{rel}","templated":true}]}}