{"id":2748,"date":"2017-12-30T21:04:29","date_gmt":"2017-12-30T21:04:29","guid":{"rendered":"http:\/\/biblian.is\/biblian\/t%c2%92tusarbr%c2%8ef-2-kafli\/"},"modified":"2019-08-26T23:34:05","modified_gmt":"2019-08-26T23:34:05","slug":"titusarbrefid-2-kafli","status":"publish","type":"page","link":"https:\/\/biblian.is\/biblian\/titusarbrefid-2-kafli\/","title":{"rendered":"T\u00edtusarbr\u00e9fi\u00f0 2. kafli"},"content":{"rendered":"<h3 class=\"millifyrirsogn_2007\"> Hin heiln\u00e6ma kenning<\/h3>\n<p><a name=\"1\"><span class=\"versanumer_2007\">1<\/span><\/a> En tala \u00fe\u00fa \u00fea\u00f0 sem s\u00e6mir hinni heiln\u00e6mu kenningu. <a name=\"2\"><span class=\"versanumer_2007\">2<\/span><\/a> Aldra\u00f0ir karlmenn skulu vera bindindissamir, hei\u00f0vir\u00f0ir, h\u00f3gl\u00e1tir, heilbrig\u00f0ir \u00ed tr\u00fanni, k\u00e6rleikanum og \u00feolg\u00e6\u00f0inu.<br \/> <a name=\"3\"><span class=\"versanumer_2007\">3<\/span><\/a> Svo eiga og aldra\u00f0ar konur a\u00f0 vera \u00ed h\u00e1ttum s\u00ednum eins og heil\u00f6gum s\u00e6mir. \u00de\u00e6r skulu ekki vera r\u00f3gberar og ekki heldur \u00ed \u00e1nau\u00f0 ofdrykkjunnar, heldur vera \u00f6\u00f0rum til fyrirmyndar <a name=\"4\"><span class=\"versanumer_2007\">4<\/span><\/a> til \u00feess a\u00f0 \u00fe\u00e6r la\u00f0i hinar ungu til a\u00f0 elska menn s\u00edna og b\u00f6rn, <a name=\"5\"><span class=\"versanumer_2007\">5<\/span><\/a> vera h\u00f3gl\u00e1tar, sk\u00edrl\u00edfar, heimilisr\u00e6knar, g\u00f3\u00f0l\u00e1tar og eiginm\u00f6nnum s\u00ednum eftirl\u00e1tar til \u00feess a\u00f0 or\u00f0i Gu\u00f0s ver\u00f0i ekki lastm\u00e6lt. <br \/> <a name=\"6\"><span class=\"versanumer_2007\">6<\/span><\/a> Svo skalt \u00fe\u00fa og br\u00fdna fyrir ungum m\u00f6nnum a\u00f0 vera h\u00f3gl\u00e1tir. <a name=\"7\"><span class=\"versanumer_2007\">7<\/span><\/a> Vertu sj\u00e1lfur fyrirmynd \u00ed g\u00f3\u00f0um verkum. Vertu grandvar \u00ed fr\u00e6\u00f0slu \u00feinni og heilhuga svo h\u00fan ver\u00f0i <a name=\"8\"><span class=\"versanumer_2007\">8<\/span><\/a> heiln\u00e6m og \u00f3a\u00f0finnanleg og andst\u00e6\u00f0ingurinn fyrirver\u00f0i sig \u00feegar hann hefur ekkert illt um okkur a\u00f0 segja. <br \/> <a name=\"9\"><span class=\"versanumer_2007\">9<\/span><\/a> Hvettu \u00fer\u00e6la til a\u00f0 vera undirgefnir h\u00fasb\u00e6ndum s\u00ednum og \u00ed \u00f6llu ge\u00f0\u00feekkir, ekki sv\u00f6rulir, <a name=\"10\"><span class=\"versanumer_2007\">10<\/span><\/a> ekki hnuplsamir, heldur skulu \u00feeir au\u00f0s\u00fdna hvers konar g\u00f3\u00f0a tr\u00famennsku til \u00feess a\u00f0 \u00feeir pr\u00fd\u00f0i kenningu Gu\u00f0s frelsara vors \u00ed \u00f6llum greinum. <br \/> <a name=\"11\"><span class=\"versanumer_2007\">11<\/span><\/a> \u00dev\u00ed a\u00f0 n\u00e1\u00f0 Gu\u00f0s hefur opinberast til s\u00e1luhj\u00e1lpar \u00f6llum m\u00f6nnum. <a name=\"12\"><span class=\"versanumer_2007\">12<\/span><\/a> H\u00fan kennir okkur a\u00f0 afneita \u00f3gu\u00f0leik og veraldlegum girndum og lifa h\u00f3gl\u00e1tlega, r\u00e9ttv\u00edslega og gu\u00f0r\u00e6kilega \u00ed heimi \u00feessum, <a name=\"13\"><span class=\"versanumer_2007\">13<\/span><\/a> \u00ed eftirv\u00e6ntingu okkar s\u00e6lu vonar, a\u00f0 hinn mikli Gu\u00f0 og frelsari vor Jes\u00fas Kristur opinberist \u00ed d\u00fdr\u00f0 sinni. <a name=\"14\"><span class=\"versanumer_2007\">14<\/span><\/a> Hann gaf sj\u00e1lfan sig fyrir okkur til \u00feess a\u00f0 hann leysti okkur fr\u00e1 \u00f6llu rangl\u00e6ti og hreinsa\u00f0i sj\u00e1lfum s\u00e9r til handa eignarl\u00fd\u00f0, kostg\u00e6finn til g\u00f3\u00f0ra verka.<br \/> <a name=\"15\"><span class=\"versanumer_2007\">15<\/span><\/a> Tala \u00fe\u00fa \u00feetta og upp\u00f6rva og vanda um me\u00f0 allri r\u00f6ggsemi. L\u00e1t engan l\u00edtilsvir\u00f0a \u00feig. <\/p>\n","protected":false},"excerpt":{"rendered":"<p>Hin heiln\u00e6ma kenning 1 En tala \u00fe\u00fa \u00fea\u00f0 sem s\u00e6mir hinni heiln\u00e6mu kenningu. 2 Aldra\u00f0ir karlmenn skulu vera bindindissamir, hei\u00f0vir\u00f0ir, h\u00f3gl\u00e1tir, heilbrig\u00f0ir \u00ed tr\u00fanni, k\u00e6rleikanum og \u00feolg\u00e6\u00f0inu. 3 Svo eiga og aldra\u00f0ar konur a\u00f0 vera \u00ed h\u00e1ttum s\u00ednum eins og heil\u00f6gum s\u00e6mir. \u00de\u00e6r skulu ekki vera r\u00f3gberar og ekki heldur \u00ed \u00e1nau\u00f0 ofdrykkjunnar, heldur vera \u00f6\u00f0rum til fyrirmyndar 4 til \u00feess a\u00f0 \u00fe\u00e6r la\u00f0i hinar ungu til a\u00f0 elska menn s\u00edna og b\u00f6rn, 5 vera h\u00f3gl\u00e1tar, sk\u00edrl\u00edfar, heimilisr\u00e6knar, g\u00f3\u00f0l\u00e1tar og eiginm\u00f6nnum s\u00ednum eftirl\u00e1tar til \u00feess a\u00f0 or\u00f0i Gu\u00f0s ver\u00f0i ekki lastm\u00e6lt. 6 Svo skalt \u00fe\u00fa og br\u00fdna fyrir ungum m\u00f6nnum <a href=\"https:\/\/biblian.is\/biblian\/titusarbrefid-2-kafli\/\"> [&#8230;]<\/a><\/p>\n","protected":false},"author":1,"featured_media":0,"parent":0,"menu_order":0,"comment_status":"open","ping_status":"open","template":"bibliukaflar_NT.php","meta":{"footnotes":""},"class_list":["post-2748","page","type-page","status-publish","hentry"],"_links":{"self":[{"href":"https:\/\/biblian.is\/biblian\/wp-json\/wp\/v2\/pages\/2748","targetHints":{"allow":["GET"]}}],"collection":[{"href":"https:\/\/biblian.is\/biblian\/wp-json\/wp\/v2\/pages"}],"about":[{"href":"https:\/\/biblian.is\/biblian\/wp-json\/wp\/v2\/types\/page"}],"author":[{"embeddable":true,"href":"https:\/\/biblian.is\/biblian\/wp-json\/wp\/v2\/users\/1"}],"replies":[{"embeddable":true,"href":"https:\/\/biblian.is\/biblian\/wp-json\/wp\/v2\/comments?post=2748"}],"version-history":[{"count":0,"href":"https:\/\/biblian.is\/biblian\/wp-json\/wp\/v2\/pages\/2748\/revisions"}],"wp:attachment":[{"href":"https:\/\/biblian.is\/biblian\/wp-json\/wp\/v2\/media?parent=2748"}],"curies":[{"name":"wp","href":"https:\/\/api.w.org\/{rel}","templated":true}]}}