{"id":2747,"date":"2017-12-30T21:04:29","date_gmt":"2017-12-30T21:04:29","guid":{"rendered":"http:\/\/biblian.is\/biblian\/t%c2%92tusarbr%c2%8ef-1-kafli\/"},"modified":"2019-08-26T23:34:05","modified_gmt":"2019-08-26T23:34:05","slug":"titusarbrefid-1-kafli","status":"publish","type":"page","link":"https:\/\/biblian.is\/biblian\/titusarbrefid-1-kafli\/","title":{"rendered":"T\u00edtusarbr\u00e9fi\u00f0 1. kafli"},"content":{"rendered":"<h3 class=\"millifyrirsogn_2007\"> Kve\u00f0ja<\/h3>\n<p><a name=\"1\"><span class=\"versanumer_2007\">1<\/span><\/a> Fr\u00e1 P\u00e1li, \u00fej\u00f3ni Gu\u00f0s, postula Jes\u00fa Krists, sem sendur er til a\u00f0 efla tr\u00fa \u00feeirra sem Gu\u00f0 hefur \u00fatvali\u00f0 og veita \u00feeim \u00feekkingu \u00e1 sannleikanum sem lei\u00f0ir til gu\u00f0r\u00e6kni. <a name=\"2\"><span class=\"versanumer_2007\">2<\/span><\/a> \u00dear er vonin um eil\u00edft l\u00edf sem s\u00e1 Gu\u00f0, sem aldrei l\u00fdgur, hefur heiti\u00f0 fr\u00e1 eil\u00edf\u00f0. <a name=\"3\"><span class=\"versanumer_2007\">3<\/span><\/a> \u00c1 settum t\u00edma var or\u00f0i\u00f0 opinbera\u00f0 og f\u00f3l Gu\u00f0, frelsari vor, m\u00e9r a\u00f0 pr\u00e9dika \u00fea\u00f0.<br \/> <a name=\"4\"><span class=\"versanumer_2007\">4<\/span><\/a> Til T\u00edtusar, skilgetins barns m\u00edns \u00ed sameiginlegri tr\u00fa.<br \/>N\u00e1\u00f0 og fri\u00f0ur fr\u00e1 Gu\u00f0i f\u00f6\u00f0ur og Kristi Jes\u00fa, frelsara vorum. <\/p>\n<h3 class=\"millifyrirsogn_2007\">Um \u00f6ldunga og biskupa<\/h3>\n<p><a name=\"5\"><span class=\"versanumer_2007\">5<\/span><\/a> \u00c9g l\u00e9t \u00feig eftir \u00e1 Kr\u00edt til \u00feess a\u00f0 \u00fe\u00fa f\u00e6r\u00f0ir \u00ed lag \u00fea\u00f0 sem \u00f3gert var og skipa\u00f0ir \u00f6ldunga \u00ed hverri borg svo sem \u00e9g lag\u00f0i fyrir \u00feig. <br \/> <a name=\"6\"><span class=\"versanumer_2007\">6<\/span><\/a> \u00d6ldungur \u00e1 a\u00f0 vera \u00f3a\u00f0finnanlegur, einkv\u00e6ntur,<span class=\"nedan_mal\" title=\" E\u00f0a: einnar konu eiginma\u00f0ur.\">[<\/span> b\u00f6rn hans tr\u00fau\u00f0 og ekki or\u00f0u\u00f0 vi\u00f0 l\u00e9tt\u00fa\u00f0 e\u00f0a agaleysi. <a name=\"7\"><span class=\"versanumer_2007\">7<\/span><\/a> \u00dev\u00ed a\u00f0 biskup \u00e1 a\u00f0 vera \u00f3a\u00f0finnanlegur \u00fear sem hann er r\u00e1\u00f0sma\u00f0ur Gu\u00f0s. Hann \u00e1 ekki a\u00f0 vera sj\u00e1lfbirgingur, ekki br\u00e1\u00f0ur, ekki drykkfelldur, ekki ofsafenginn, ekki s\u00f3lginn \u00ed lj\u00f3tan gr\u00f3\u00f0a. <a name=\"8\"><span class=\"versanumer_2007\">8<\/span><\/a> Hann s\u00e9 gestrisinn, g\u00f3\u00f0gjarn, h\u00f3gl\u00e1tur, r\u00e9tts\u00fdnn, gu\u00f0r\u00e6kinn og hafi g\u00f3\u00f0a stj\u00f3rn \u00e1 sj\u00e1lfum s\u00e9r. <a name=\"9\"><span class=\"versanumer_2007\">9<\/span><\/a> Hann \u00e1 a\u00f0 vera fastheldinn vi\u00f0 hi\u00f0 \u00e1rei\u00f0anlega or\u00f0, sem kennt hefur veri\u00f0, til \u00feess a\u00f0 hann s\u00e9 f\u00e6r um b\u00e6\u00f0i a\u00f0 upp\u00f6rva me\u00f0 hinni heiln\u00e6mu kenningu og hrekja \u00fe\u00e1 sem m\u00f3ti m\u00e6la. <br \/> <a name=\"10\"><span class=\"versanumer_2007\">10<\/span><\/a> \u00dev\u00ed a\u00f0 margir, einkum \u00feeir umskornu, eru \u00feverlyndir, bla\u00f0ra um h\u00e9g\u00f3ma og lei\u00f0a \u00ed villu <a name=\"11\"><span class=\"versanumer_2007\">11<\/span><\/a> og ver\u00f0ur a\u00f0 \u00feagga ni\u00f0ur \u00ed \u00feeim. \u00dea\u00f0 eru mennirnir sem ey\u00f0ileggja heilar fj\u00f6lskyldur er \u00feeir kenna \u00fea\u00f0 sem eigi \u00e1 a\u00f0 kenna fyrir sv\u00edvir\u00f0ilegs gr\u00f3\u00f0a sakir. <br \/> <a name=\"12\"><span class=\"versanumer_2007\">12<\/span><\/a> Einn landi \u00feeirra, \u00feeirra eigin sp\u00e1ma\u00f0ur,<span class=\"nedan_mal\" title=\" \u00de.e. Epimenides fr\u00e1 Knossos sem var uppi um 500 f.Kr.\">[<\/span> sag\u00f0i: \u201eKr\u00edtarmenn eru s\u00edlj\u00fagandi, \u00f3argad\u00fdr og letimagar.\u201c <br \/> <a name=\"13\"><span class=\"versanumer_2007\">13<\/span><\/a> \u00dearna er \u00feeim r\u00e9tt l\u00fdst. Fyrir \u00fe\u00e1 s\u00f6k skalt \u00fe\u00fa vanda har\u00f0lega um vi\u00f0 \u00fe\u00e1 til \u00feess a\u00f0 \u00feeir hlj\u00f3ti heilbrig\u00f0a tr\u00fa <a name=\"14\"><span class=\"versanumer_2007\">14<\/span><\/a> og gefi sig ekki a\u00f0 b\u00e1biljum Gy\u00f0inga og bo\u00f0um manna sem fr\u00e1hverfir eru sannleikanum. <br \/> <a name=\"15\"><span class=\"versanumer_2007\">15<\/span><\/a> Allir hlutir eru hreinum hreinir en flekku\u00f0um og vantr\u00fau\u00f0um er ekkert hreint heldur er b\u00e6\u00f0i hugur \u00feeirra flekka\u00f0ur og samviska. <a name=\"16\"><span class=\"versanumer_2007\">16<\/span><\/a> \u00deeir segjast \u00feekkja Gu\u00f0 en afneita honum me\u00f0 verkum s\u00ednum. \u00deeir eru vi\u00f0bj\u00f3\u00f0slegir og \u00f3hl\u00fd\u00f0nir, \u00f3h\u00e6fir til hvers g\u00f3\u00f0s verks. <\/p>\n","protected":false},"excerpt":{"rendered":"<p>Kve\u00f0ja 1 Fr\u00e1 P\u00e1li, \u00fej\u00f3ni Gu\u00f0s, postula Jes\u00fa Krists, sem sendur er til a\u00f0 efla tr\u00fa \u00feeirra sem Gu\u00f0 hefur \u00fatvali\u00f0 og veita \u00feeim \u00feekkingu \u00e1 sannleikanum sem lei\u00f0ir til gu\u00f0r\u00e6kni. 2 \u00dear er vonin um eil\u00edft l\u00edf sem s\u00e1 Gu\u00f0, sem aldrei l\u00fdgur, hefur heiti\u00f0 fr\u00e1 eil\u00edf\u00f0. 3 \u00c1 settum t\u00edma var or\u00f0i\u00f0 opinbera\u00f0 og f\u00f3l Gu\u00f0, frelsari vor, m\u00e9r a\u00f0 pr\u00e9dika \u00fea\u00f0. 4 Til T\u00edtusar, skilgetins barns m\u00edns \u00ed sameiginlegri tr\u00fa.N\u00e1\u00f0 og fri\u00f0ur fr\u00e1 Gu\u00f0i f\u00f6\u00f0ur og Kristi Jes\u00fa, frelsara vorum. Um \u00f6ldunga og biskupa 5 \u00c9g l\u00e9t \u00feig eftir \u00e1 Kr\u00edt til \u00feess a\u00f0 \u00fe\u00fa f\u00e6r\u00f0ir \u00ed <a href=\"https:\/\/biblian.is\/biblian\/titusarbrefid-1-kafli\/\"> [&#8230;]<\/a><\/p>\n","protected":false},"author":1,"featured_media":0,"parent":0,"menu_order":0,"comment_status":"open","ping_status":"open","template":"bibliukaflar_NT.php","meta":{"footnotes":""},"class_list":["post-2747","page","type-page","status-publish","hentry"],"_links":{"self":[{"href":"https:\/\/biblian.is\/biblian\/wp-json\/wp\/v2\/pages\/2747","targetHints":{"allow":["GET"]}}],"collection":[{"href":"https:\/\/biblian.is\/biblian\/wp-json\/wp\/v2\/pages"}],"about":[{"href":"https:\/\/biblian.is\/biblian\/wp-json\/wp\/v2\/types\/page"}],"author":[{"embeddable":true,"href":"https:\/\/biblian.is\/biblian\/wp-json\/wp\/v2\/users\/1"}],"replies":[{"embeddable":true,"href":"https:\/\/biblian.is\/biblian\/wp-json\/wp\/v2\/comments?post=2747"}],"version-history":[{"count":0,"href":"https:\/\/biblian.is\/biblian\/wp-json\/wp\/v2\/pages\/2747\/revisions"}],"wp:attachment":[{"href":"https:\/\/biblian.is\/biblian\/wp-json\/wp\/v2\/media?parent=2747"}],"curies":[{"name":"wp","href":"https:\/\/api.w.org\/{rel}","templated":true}]}}