{"id":2746,"date":"2017-12-30T21:04:29","date_gmt":"2017-12-30T21:04:29","guid":{"rendered":"http:\/\/biblian.is\/biblian\/s%c2%92_ara-t%c2%92m%c2%97teusarbr%c2%8ef-4-kafli\/"},"modified":"2019-08-26T23:59:21","modified_gmt":"2019-08-26T23:59:21","slug":"sidara-timoteusarbref-4-kafli","status":"publish","type":"page","link":"https:\/\/biblian.is\/biblian\/sidara-timoteusarbref-4-kafli\/","title":{"rendered":"S\u00ed\u00f0ara T\u00edm\u00f3teusarbr\u00e9f 4. kafli"},"content":{"rendered":"<h3 class=\"millifyrirsogn_2007\"> Verk fagna\u00f0arbo\u00f0a<\/h3>\n<p><a name=\"1\"><span class=\"versanumer_2007\">1<\/span><\/a> Fyrir augliti Gu\u00f0s og Krists Jes\u00fa, sem d\u00e6ma mun lifendur og dau\u00f0a, heiti \u00e9g \u00e1 \u00feig me\u00f0 endurkomu hans og r\u00edki fyrir augum: <a name=\"2\"><span class=\"versanumer_2007\">2<\/span><\/a> Pr\u00e9dika \u00fe\u00fa or\u00f0i\u00f0, gef \u00feig a\u00f0 \u00fev\u00ed \u00ed t\u00edma og \u00f3t\u00edma. Vanda um, \u00e1v\u00edta og upp\u00f6rva me\u00f0 st\u00f6\u00f0ugri \u00feolinm\u00e6\u00f0i og fr\u00e6\u00f0slu. <a name=\"3\"><span class=\"versanumer_2007\">3<\/span><\/a> \u00dev\u00ed a\u00f0 \u00feann t\u00edma mun a\u00f0 bera er menn \u00feola ekki hina heiln\u00e6mu kenningu heldur h\u00f3pa a\u00f0 s\u00e9r kennurum eftir eigin f\u00fdsnum s\u00ednum til \u00feess a\u00f0 heyra \u00fea\u00f0 sem kitlar eyrun. <a name=\"4\"><span class=\"versanumer_2007\">4<\/span><\/a> \u00deeir munu sn\u00faa eyrum s\u00ednum burt fr\u00e1 sannleikanum og hverfa a\u00f0 kynjas\u00f6gum. <a name=\"5\"><span class=\"versanumer_2007\">5<\/span><\/a> En ver \u00fe\u00fa alg\u00e1\u00f0ur \u00ed \u00f6llu, \u00feol illt, ger verk fagna\u00f0arbo\u00f0a, fullna \u00fej\u00f3nustu \u00fe\u00edna. <a name=\"6\"><span class=\"versanumer_2007\">6<\/span><\/a> N\u00fa er svo komi\u00f0 a\u00f0 m\u00e9r ver\u00f0ur f\u00f3rnf\u00e6rt og t\u00edminn er kominn a\u00f0 \u00e9g taki mig upp. <a name=\"7\"><span class=\"versanumer_2007\">7<\/span><\/a> \u00c9g hef barist g\u00f3\u00f0u bar\u00e1ttunni, hef fullna\u00f0 skei\u00f0i\u00f0, hef var\u00f0veitt tr\u00fana. <a name=\"8\"><span class=\"versanumer_2007\">8<\/span><\/a> Og n\u00fa er m\u00e9r geymdur sveigur r\u00e9ttl\u00e6tisins sem Drottinn, hinn r\u00e9ttl\u00e1ti d\u00f3mari, mun gefa m\u00e9r \u00e1 \u00feeim degi. Og ekki einungis m\u00e9r heldur og \u00f6llum sem \u00fer\u00e1\u00f0 hafa endurkomu hans. <\/p>\n<h3 class=\"millifyrirsogn_2007\">Drottinn st\u00f3\u00f0 me\u00f0 m\u00e9r<\/h3>\n<p><a name=\"9\"><span class=\"versanumer_2007\">9<\/span><\/a> Reyndu a\u00f0 koma sem fyrst til m\u00edn <a name=\"10\"><span class=\"versanumer_2007\">10<\/span><\/a> \u00fev\u00ed a\u00f0 Demas hefur yfirgefi\u00f0 mig vegna \u00feess a\u00f0 hann elska\u00f0i \u00feennan heim. Hann er farinn til \u00deessalon\u00edku. Kreskes er farinn til Galat\u00edu og T\u00edtus til Dalmat\u00edu. <a name=\"11\"><span class=\"versanumer_2007\">11<\/span><\/a> L\u00fakas er einn hj\u00e1 m\u00e9r. <br \/>Tak \u00fe\u00fa Mark\u00fas me\u00f0 \u00fe\u00e9r til m\u00edn. Hann er m\u00e9r \u00fearfur \u00ed \u00fej\u00f3nustunni. <a name=\"12\"><span class=\"versanumer_2007\">12<\/span><\/a> T\u00fdk\u00edkus hef \u00e9g sent til Efesus. <br \/> <a name=\"13\"><span class=\"versanumer_2007\">13<\/span><\/a> F\u00e6r \u00fe\u00fa m\u00e9r, \u00feegar \u00fe\u00fa kemur, m\u00f6ttulinn, sem \u00e9g skildi eftir \u00ed Tr\u00f3as hj\u00e1 Karpusi, og b\u00e6kurnar, einkanlega skinnb\u00e6kurnar. <br \/> <a name=\"14\"><span class=\"versanumer_2007\">14<\/span><\/a> Alexander koparsmi\u00f0ur ger\u00f0i m\u00e9r margt illt. Drottinn mun gjalda honum eftir verkum hans. <a name=\"15\"><span class=\"versanumer_2007\">15<\/span><\/a> G\u00e6t \u00fe\u00edn l\u00edka fyrir honum \u00fev\u00ed a\u00f0 hann st\u00f3\u00f0 mj\u00f6g \u00ed gegn or\u00f0um okkar. <br \/> <a name=\"16\"><span class=\"versanumer_2007\">16<\/span><\/a> \u00cd fyrstu m\u00e1lsv\u00f6rn minni kom enginn m\u00e9r til a\u00f0sto\u00f0ar heldur yfirg\u00e1fu mig allir. Ver\u00f0i \u00feeim \u00fea\u00f0 ekki tilreikna\u00f0. <a name=\"17\"><span class=\"versanumer_2007\">17<\/span><\/a> En Drottinn st\u00f3\u00f0 me\u00f0 m\u00e9r og veitti m\u00e9r kraft til \u00feess a\u00f0 \u00e9g yr\u00f0i til a\u00f0 fullna pr\u00e9dikunina og allar \u00fej\u00f3\u00f0ir fengju a\u00f0 heyra. Og \u00e9g var\u00f0 frelsa\u00f0ur \u00far gini lj\u00f3nsins. <br \/> <a name=\"18\"><span class=\"versanumer_2007\">18<\/span><\/a> Drottinn mun frelsa mig fr\u00e1 \u00f6llu illu og lei\u00f0a mig h\u00f3lpinn inn \u00ed sitt himneska r\u00edki. Honum s\u00e9 d\u00fdr\u00f0 um aldir alda. Amen. <\/p>\n<h3 class=\"millifyrirsogn_2007\">Kve\u00f0jur<\/h3>\n<p><a name=\"19\"><span class=\"versanumer_2007\">19<\/span><\/a> Heilsa \u00fe\u00fa Prisku og Akv\u00edlasi og heimili \u00d3nes\u00edf\u00f3rusar. <a name=\"20\"><span class=\"versanumer_2007\">20<\/span><\/a> Erastus var\u00f0 eftir \u00ed Korintu en Tr\u00f3f\u00edmus skildi \u00e9g eftir sj\u00fakan \u00ed M\u00edletus. <a name=\"21\"><span class=\"versanumer_2007\">21<\/span><\/a> Fl\u00fdt \u00fe\u00e9r a\u00f0 koma fyrir vetur. Evb\u00falus sendir \u00fe\u00e9r kve\u00f0ju og P\u00fades og L\u00ednus og Kl\u00e1d\u00eda og allir br\u00e6\u00f0urnir. <br \/> <a name=\"22\"><span class=\"versanumer_2007\">22<\/span><\/a> Drottinn s\u00e9 me\u00f0 \u00fe\u00ednum anda. <br \/>N\u00e1\u00f0 s\u00e9 me\u00f0 y\u00f0ur. <\/p>\n","protected":false},"excerpt":{"rendered":"<p>Verk fagna\u00f0arbo\u00f0a 1 Fyrir augliti Gu\u00f0s og Krists Jes\u00fa, sem d\u00e6ma mun lifendur og dau\u00f0a, heiti \u00e9g \u00e1 \u00feig me\u00f0 endurkomu hans og r\u00edki fyrir augum: 2 Pr\u00e9dika \u00fe\u00fa or\u00f0i\u00f0, gef \u00feig a\u00f0 \u00fev\u00ed \u00ed t\u00edma og \u00f3t\u00edma. Vanda um, \u00e1v\u00edta og upp\u00f6rva me\u00f0 st\u00f6\u00f0ugri \u00feolinm\u00e6\u00f0i og fr\u00e6\u00f0slu. 3 \u00dev\u00ed a\u00f0 \u00feann t\u00edma mun a\u00f0 bera er menn \u00feola ekki hina heiln\u00e6mu kenningu heldur h\u00f3pa a\u00f0 s\u00e9r kennurum eftir eigin f\u00fdsnum s\u00ednum til \u00feess a\u00f0 heyra \u00fea\u00f0 sem kitlar eyrun. 4 \u00deeir munu sn\u00faa eyrum s\u00ednum burt fr\u00e1 sannleikanum og hverfa a\u00f0 kynjas\u00f6gum. 5 En ver \u00fe\u00fa alg\u00e1\u00f0ur \u00ed \u00f6llu, <a href=\"https:\/\/biblian.is\/biblian\/sidara-timoteusarbref-4-kafli\/\"> [&#8230;]<\/a><\/p>\n","protected":false},"author":1,"featured_media":0,"parent":0,"menu_order":0,"comment_status":"open","ping_status":"open","template":"bibliukaflar_NT.php","meta":{"footnotes":""},"class_list":["post-2746","page","type-page","status-publish","hentry"],"_links":{"self":[{"href":"https:\/\/biblian.is\/biblian\/wp-json\/wp\/v2\/pages\/2746","targetHints":{"allow":["GET"]}}],"collection":[{"href":"https:\/\/biblian.is\/biblian\/wp-json\/wp\/v2\/pages"}],"about":[{"href":"https:\/\/biblian.is\/biblian\/wp-json\/wp\/v2\/types\/page"}],"author":[{"embeddable":true,"href":"https:\/\/biblian.is\/biblian\/wp-json\/wp\/v2\/users\/1"}],"replies":[{"embeddable":true,"href":"https:\/\/biblian.is\/biblian\/wp-json\/wp\/v2\/comments?post=2746"}],"version-history":[{"count":0,"href":"https:\/\/biblian.is\/biblian\/wp-json\/wp\/v2\/pages\/2746\/revisions"}],"wp:attachment":[{"href":"https:\/\/biblian.is\/biblian\/wp-json\/wp\/v2\/media?parent=2746"}],"curies":[{"name":"wp","href":"https:\/\/api.w.org\/{rel}","templated":true}]}}