{"id":2745,"date":"2017-12-30T21:04:29","date_gmt":"2017-12-30T21:04:29","guid":{"rendered":"http:\/\/biblian.is\/biblian\/s%c2%92_ara-t%c2%92m%c2%97teusarbr%c2%8ef-3-kafli\/"},"modified":"2019-08-26T23:59:20","modified_gmt":"2019-08-26T23:59:20","slug":"sidara-timoteusarbref-3-kafli","status":"publish","type":"page","link":"https:\/\/biblian.is\/biblian\/sidara-timoteusarbref-3-kafli\/","title":{"rendered":"S\u00ed\u00f0ara T\u00edm\u00f3teusarbr\u00e9f 3. kafli"},"content":{"rendered":"<h3 class=\"millifyrirsogn_2007\"> \u00c1 s\u00ed\u00f0ustu d\u00f6gum<\/h3>\n<p><a name=\"1\"><span class=\"versanumer_2007\">1<\/span><\/a> En \u00fea\u00f0 skaltu vita a\u00f0 \u00e1 s\u00ed\u00f0ustu d\u00f6gum munu koma \u00f6r\u00f0ugar t\u00ed\u00f0ir. <a name=\"2\"><span class=\"versanumer_2007\">2<\/span><\/a> Menn ver\u00f0a s\u00e9rg\u00f3\u00f0ir, f\u00e9gjarnir, raupsamir, hrokafullir, illm\u00e1lgir, \u00f3hl\u00fd\u00f0nir foreldrum, van\u00feakkl\u00e1tir, gu\u00f0lausir, <a name=\"3\"><span class=\"versanumer_2007\">3<\/span><\/a> k\u00e6rleikslausir, \u00f3s\u00e1ttf\u00fasir, r\u00f3gberandi, taumlausir, grimmir og andsn\u00fanir \u00f6llu g\u00f3\u00f0u, <a name=\"4\"><span class=\"versanumer_2007\">4<\/span><\/a> sviksamir, framhleypnir, drambsamir og elska muna\u00f0arl\u00edfi\u00f0 meira en Gu\u00f0. <a name=\"5\"><span class=\"versanumer_2007\">5<\/span><\/a> \u00deeir hafa \u00e1 s\u00e9r yfirskin gu\u00f0hr\u00e6\u00f0slunnar en afneita krafti hennar. For\u00f0astu \u00fe\u00e1. <br \/> <a name=\"6\"><span class=\"versanumer_2007\">6<\/span><\/a> \u00dar h\u00f3pi \u00feeirra eru mennirnir sem smeygja s\u00e9r inn \u00e1 heimilin og v\u00e9la kvensniftir sem syndum eru hla\u00f0nar og lei\u00f0ast af margv\u00edslegum f\u00fdsnum. <a name=\"7\"><span class=\"versanumer_2007\">7<\/span><\/a> \u00de\u00e6r eru alltaf a\u00f0 reyna a\u00f0 l\u00e6ra en geta aldrei komist til \u00feekkingar \u00e1 sannleikanum. <a name=\"8\"><span class=\"versanumer_2007\">8<\/span><\/a> Eins og \u00feeir Jannes og Jambres<span class=\"nedan_mal\" title=\" N\u00f6fn t\u00f6framanna sem nefndir eru \u00ed 2M\u00f3s 7.11, 22.\">[<\/span> st\u00f3\u00f0u \u00ed gegn M\u00f3se \u00feannig standa \u00feessir menn \u00ed gegn sannleikanum. \u00deeir eru menn hugspilltir og \u00f3h\u00e6fir \u00ed tr\u00fanni. <a name=\"9\"><span class=\"versanumer_2007\">9<\/span><\/a> En \u00feeim ver\u00f0ur ekki \u00e1gengt \u00fev\u00ed a\u00f0 heimska \u00feeirra ver\u00f0ur hverjum manni auglj\u00f3s eins og l\u00edka heimska hinna var\u00f0. <\/p>\n<h3 class=\"millifyrirsogn_2007\">Sta\u00f0festa<\/h3>\n<p><a name=\"10\"><span class=\"versanumer_2007\">10<\/span><\/a> En \u00fe\u00fa hefur fylgt m\u00e9r \u00ed kenningu, heg\u00f0un, \u00e1setningi, tr\u00fa, langlyndi, k\u00e6rleika, \u00feolg\u00e6\u00f0i <a name=\"11\"><span class=\"versanumer_2007\">11<\/span><\/a> \u00ed ofs\u00f3knum og \u00fej\u00e1ningum, sl\u00edkum sem \u00e9g var\u00f0 fyrir \u00ed Ant\u00edokk\u00edu, \u00cdk\u00f3n\u00edum og L\u00fdstru. Sl\u00edkar ofs\u00f3knir \u00feoldi \u00e9g og Drottinn frelsa\u00f0i mig \u00far \u00feeim \u00f6llum. <br \/> <a name=\"12\"><span class=\"versanumer_2007\">12<\/span><\/a> Enda ver\u00f0a allir ofs\u00f3ttir sem lifa vilja gu\u00f0r\u00e6kilega \u00ed Kristi Jes\u00fa. <a name=\"13\"><span class=\"versanumer_2007\">13<\/span><\/a> En vondir menn og svikarar munu magnast \u00ed vonskunni, villa a\u00f0ra og villast sj\u00e1lfir. <br \/> <a name=\"14\"><span class=\"versanumer_2007\">14<\/span><\/a> En halt \u00fe\u00fa st\u00f6\u00f0uglega vi\u00f0 \u00fea\u00f0 sem \u00fe\u00fa hefur numi\u00f0 og hefur fest tr\u00fa \u00e1 \u00fear e\u00f0 \u00fe\u00fa veist af hverjum \u00fe\u00fa hefur numi\u00f0 \u00fea\u00f0. <a name=\"15\"><span class=\"versanumer_2007\">15<\/span><\/a> \u00de\u00fa hefur fr\u00e1 blautu barnsbeini \u00feekkt heilagar ritningar. \u00de\u00e6r geta veitt \u00fe\u00e9r speki til s\u00e1luhj\u00e1lpar fyrir tr\u00fana \u00e1 Krist Jes\u00fa. <br \/> <a name=\"16\"><span class=\"versanumer_2007\">16<\/span><\/a> S\u00e9rhver ritning er innbl\u00e1sin af Gu\u00f0i<span class=\"nedan_mal\" title=\" E\u00f0a: S\u00e9rhver ritning, innbl\u00e1sin af Gu\u00f0i, er \u2026\">[<\/span> og nyts\u00f6m til fr\u00e6\u00f0slu, umv\u00f6ndunar, lei\u00f0r\u00e9ttingar og menntunar \u00ed r\u00e9ttl\u00e6ti <a name=\"17\"><span class=\"versanumer_2007\">17<\/span><\/a> til \u00feess a\u00f0 s\u00e1 sem tr\u00fair \u00e1 Gu\u00f0 s\u00e9 alb\u00fainn og h\u00e6fur ger til s\u00e9rhvers g\u00f3\u00f0s verks. <\/p>\n","protected":false},"excerpt":{"rendered":"<p>\u00c1 s\u00ed\u00f0ustu d\u00f6gum 1 En \u00fea\u00f0 skaltu vita a\u00f0 \u00e1 s\u00ed\u00f0ustu d\u00f6gum munu koma \u00f6r\u00f0ugar t\u00ed\u00f0ir. 2 Menn ver\u00f0a s\u00e9rg\u00f3\u00f0ir, f\u00e9gjarnir, raupsamir, hrokafullir, illm\u00e1lgir, \u00f3hl\u00fd\u00f0nir foreldrum, van\u00feakkl\u00e1tir, gu\u00f0lausir, 3 k\u00e6rleikslausir, \u00f3s\u00e1ttf\u00fasir, r\u00f3gberandi, taumlausir, grimmir og andsn\u00fanir \u00f6llu g\u00f3\u00f0u, 4 sviksamir, framhleypnir, drambsamir og elska muna\u00f0arl\u00edfi\u00f0 meira en Gu\u00f0. 5 \u00deeir hafa \u00e1 s\u00e9r yfirskin gu\u00f0hr\u00e6\u00f0slunnar en afneita krafti hennar. For\u00f0astu \u00fe\u00e1. 6 \u00dar h\u00f3pi \u00feeirra eru mennirnir sem smeygja s\u00e9r inn \u00e1 heimilin og v\u00e9la kvensniftir sem syndum eru hla\u00f0nar og lei\u00f0ast af margv\u00edslegum f\u00fdsnum. 7 \u00de\u00e6r eru alltaf a\u00f0 reyna a\u00f0 l\u00e6ra en geta aldrei komist til \u00feekkingar \u00e1 <a href=\"https:\/\/biblian.is\/biblian\/sidara-timoteusarbref-3-kafli\/\"> [&#8230;]<\/a><\/p>\n","protected":false},"author":1,"featured_media":0,"parent":0,"menu_order":0,"comment_status":"open","ping_status":"open","template":"bibliukaflar_NT.php","meta":{"footnotes":""},"class_list":["post-2745","page","type-page","status-publish","hentry"],"_links":{"self":[{"href":"https:\/\/biblian.is\/biblian\/wp-json\/wp\/v2\/pages\/2745","targetHints":{"allow":["GET"]}}],"collection":[{"href":"https:\/\/biblian.is\/biblian\/wp-json\/wp\/v2\/pages"}],"about":[{"href":"https:\/\/biblian.is\/biblian\/wp-json\/wp\/v2\/types\/page"}],"author":[{"embeddable":true,"href":"https:\/\/biblian.is\/biblian\/wp-json\/wp\/v2\/users\/1"}],"replies":[{"embeddable":true,"href":"https:\/\/biblian.is\/biblian\/wp-json\/wp\/v2\/comments?post=2745"}],"version-history":[{"count":0,"href":"https:\/\/biblian.is\/biblian\/wp-json\/wp\/v2\/pages\/2745\/revisions"}],"wp:attachment":[{"href":"https:\/\/biblian.is\/biblian\/wp-json\/wp\/v2\/media?parent=2745"}],"curies":[{"name":"wp","href":"https:\/\/api.w.org\/{rel}","templated":true}]}}