{"id":2743,"date":"2017-12-30T21:04:29","date_gmt":"2017-12-30T21:04:29","guid":{"rendered":"http:\/\/biblian.is\/biblian\/s%c2%92_ara-t%c2%92m%c2%97teusarbr%c2%8ef-1-kafli\/"},"modified":"2019-08-26T23:59:20","modified_gmt":"2019-08-26T23:59:20","slug":"sidara-timoteusarbref-1-kafli","status":"publish","type":"page","link":"https:\/\/biblian.is\/biblian\/sidara-timoteusarbref-1-kafli\/","title":{"rendered":"S\u00ed\u00f0ara T\u00edm\u00f3teusarbr\u00e9f 1. kafli"},"content":{"rendered":"<h3 class=\"millifyrirsogn_2007\"> \u00deakkir og hvatningar<\/h3>\n<p><a name=\"1\"><span class=\"versanumer_2007\">1<\/span><\/a> P\u00e1ll, postuli Krists Jes\u00fa, a\u00f0 vilja Gu\u00f0s sendur til a\u00f0 bo\u00f0a fyrirheiti\u00f0 um l\u00edfi\u00f0 \u00ed Kristi Jes\u00fa, heilsar <a name=\"2\"><span class=\"versanumer_2007\">2<\/span><\/a> T\u00edm\u00f3teusi, elsku\u00f0u barni s\u00ednu.<br \/>N\u00e1\u00f0, miskunn og fri\u00f0ur fr\u00e1 Gu\u00f0i f\u00f6\u00f0ur og Kristi Jes\u00fa, Drottni vorum.<br \/> <a name=\"3\"><span class=\"versanumer_2007\">3<\/span><\/a> \u00c9g \u00feakka Gu\u00f0i, sem \u00e9g \u00fej\u00f3na me\u00f0 hreinni samvisku, eins og forfe\u00f0ur m\u00ednir, me\u00f0 \u00fev\u00ed a\u00f0 \u00e9g \u00e1n afl\u00e1ts, n\u00f3tt og dag, minnist \u00fe\u00edn \u00ed b\u00e6num m\u00ednum. <a name=\"4\"><span class=\"versanumer_2007\">4<\/span><\/a> \u00c9g \u00fer\u00e1i a\u00f0 sj\u00e1 \u00feig, minnugur t\u00e1ra \u00feinna, til \u00feess a\u00f0 \u00e9g fyllist gle\u00f0i <a name=\"5\"><span class=\"versanumer_2007\">5<\/span><\/a> er \u00e9g rifja upp fyrir m\u00e9r hina hr\u00e6snislausu tr\u00fa \u00fe\u00edna. S\u00fa tr\u00fa bj\u00f3 fyrst \u00ed henni L\u00f3is \u00f6mmu \u00feinni og \u00ed henni Evnike m\u00f3\u00f0ur \u00feinni og \u00e9g er sannf\u00e6r\u00f0ur um a\u00f0 h\u00fan b\u00fdr l\u00edka \u00ed \u00fe\u00e9r. <br \/> <a name=\"6\"><span class=\"versanumer_2007\">6<\/span><\/a> Fyrir \u00fe\u00e1 s\u00f6k minni \u00e9g \u00feig \u00e1 a\u00f0 gl\u00e6\u00f0a hj\u00e1 \u00fe\u00e9r \u00fe\u00e1 n\u00e1\u00f0argj\u00f6f sem Gu\u00f0 gaf \u00fe\u00e9r vi\u00f0 yfirlagningu handa minna. <a name=\"7\"><span class=\"versanumer_2007\">7<\/span><\/a> \u00dev\u00ed a\u00f0 ekki gaf Gu\u00f0 okkur anda hugleysis heldur anda m\u00e1ttar og k\u00e6rleiks og stillingar. <br \/> <a name=\"8\"><span class=\"versanumer_2007\">8<\/span><\/a> Fyrirver\u00f0 \u00feig \u00fev\u00ed ekki fyrir vitnisbur\u00f0inn um Drottin vorn n\u00e9 fyrir mig, bandingja hans, heldur skalt \u00fe\u00fa me\u00f0 m\u00e9r illt \u00feola vegna fagna\u00f0arerindisins svo sem Gu\u00f0 gefur m\u00e1ttinn til. <a name=\"9\"><span class=\"versanumer_2007\">9<\/span><\/a> Hann hefur frelsa\u00f0 okkur og kalla\u00f0 heilagri k\u00f6llun, ekki vegna verka okkar heldur eftir eigin \u00e1kv\u00f6r\u00f0un og n\u00e1\u00f0 sem okkur var gefin fr\u00e1 eil\u00edfum t\u00edmum \u00ed Kristi Jes\u00fa <a name=\"10\"><span class=\"versanumer_2007\">10<\/span><\/a> en hefur n\u00fa birst vi\u00f0 komu frelsara vors, Krists Jes\u00fa. Hann afm\u00e1\u00f0i dau\u00f0ann en leiddi \u00ed lj\u00f3s l\u00edf og \u00f3forgengileika me\u00f0 fagna\u00f0arerindinu. <a name=\"11\"><span class=\"versanumer_2007\">11<\/span><\/a> Og til a\u00f0 bo\u00f0a \u00fea\u00f0 er \u00e9g settur pr\u00e9dikari, postuli og kennari. <br \/> <a name=\"12\"><span class=\"versanumer_2007\">12<\/span><\/a> Fyrir \u00fe\u00e1 s\u00f6k l\u00ed\u00f0 \u00e9g og \u00feetta. En \u00e9g fyrirver\u00f0 mig eigi \u00fev\u00ed a\u00f0 \u00e9g veit \u00e1 hvern \u00e9g tr\u00fai. Og \u00e9g er sannf\u00e6r\u00f0ur um a\u00f0 hann er \u00feess megnugur a\u00f0 var\u00f0veita \u00fea\u00f0 sem m\u00e9r er tr\u00faa\u00f0 fyrir \u00fear til dagurinn kemur. <br \/> <a name=\"13\"><span class=\"versanumer_2007\">13<\/span><\/a> Far\u00f0u eftir heiln\u00e6mu or\u00f0unum sem \u00fe\u00fa heyr\u00f0ir mig flytja og tileinka \u00fe\u00e9r \u00fe\u00e1 tr\u00fa og \u00feann k\u00e6rleika sem Kristur Jes\u00fas veitir. <a name=\"14\"><span class=\"versanumer_2007\">14<\/span><\/a> Var\u00f0veittu hi\u00f0 g\u00f3\u00f0a, sem \u00fe\u00e9r er tr\u00faa\u00f0 fyrir, me\u00f0 hj\u00e1lp heilags anda sem \u00ed okkur b\u00fdr. <br \/> <a name=\"15\"><span class=\"versanumer_2007\">15<\/span><\/a> \u00de\u00fa veist a\u00f0 allir As\u00edumenn sneru vi\u00f0 m\u00e9r bakinu. \u00cd \u00feeirra flokki eru \u00feeir F\u00fdgelus og Hermogenes. <br \/> <a name=\"16\"><span class=\"versanumer_2007\">16<\/span><\/a> Drottinn veiti heimili \u00d3nes\u00edf\u00f3rusar miskunn \u00fev\u00ed a\u00f0 oft hressti hann mig og fyrirvar\u00f0 sig ekki fyrir fj\u00f6tur minn <a name=\"17\"><span class=\"versanumer_2007\">17<\/span><\/a> heldur l\u00e9t s\u00e9r annt um a\u00f0 leita m\u00edn \u00feegar hann kom til R\u00f3mar og fann mig. <a name=\"18\"><span class=\"versanumer_2007\">18<\/span><\/a> Drottinn Jes\u00fas veiti honum \u00e1 \u00feeim degi miskunn hj\u00e1 Drottni Gu\u00f0i. Og \u00fe\u00fa \u00feekkir manna best hve mikla \u00fej\u00f3nustu hann innti af hendi \u00ed Efesus. <\/p>\n","protected":false},"excerpt":{"rendered":"<p>\u00deakkir og hvatningar 1 P\u00e1ll, postuli Krists Jes\u00fa, a\u00f0 vilja Gu\u00f0s sendur til a\u00f0 bo\u00f0a fyrirheiti\u00f0 um l\u00edfi\u00f0 \u00ed Kristi Jes\u00fa, heilsar 2 T\u00edm\u00f3teusi, elsku\u00f0u barni s\u00ednu.N\u00e1\u00f0, miskunn og fri\u00f0ur fr\u00e1 Gu\u00f0i f\u00f6\u00f0ur og Kristi Jes\u00fa, Drottni vorum. 3 \u00c9g \u00feakka Gu\u00f0i, sem \u00e9g \u00fej\u00f3na me\u00f0 hreinni samvisku, eins og forfe\u00f0ur m\u00ednir, me\u00f0 \u00fev\u00ed a\u00f0 \u00e9g \u00e1n afl\u00e1ts, n\u00f3tt og dag, minnist \u00fe\u00edn \u00ed b\u00e6num m\u00ednum. 4 \u00c9g \u00fer\u00e1i a\u00f0 sj\u00e1 \u00feig, minnugur t\u00e1ra \u00feinna, til \u00feess a\u00f0 \u00e9g fyllist gle\u00f0i 5 er \u00e9g rifja upp fyrir m\u00e9r hina hr\u00e6snislausu tr\u00fa \u00fe\u00edna. S\u00fa tr\u00fa bj\u00f3 fyrst \u00ed henni L\u00f3is \u00f6mmu <a href=\"https:\/\/biblian.is\/biblian\/sidara-timoteusarbref-1-kafli\/\"> [&#8230;]<\/a><\/p>\n","protected":false},"author":1,"featured_media":0,"parent":0,"menu_order":0,"comment_status":"open","ping_status":"open","template":"bibliukaflar_NT.php","meta":{"footnotes":""},"class_list":["post-2743","page","type-page","status-publish","hentry"],"_links":{"self":[{"href":"https:\/\/biblian.is\/biblian\/wp-json\/wp\/v2\/pages\/2743","targetHints":{"allow":["GET"]}}],"collection":[{"href":"https:\/\/biblian.is\/biblian\/wp-json\/wp\/v2\/pages"}],"about":[{"href":"https:\/\/biblian.is\/biblian\/wp-json\/wp\/v2\/types\/page"}],"author":[{"embeddable":true,"href":"https:\/\/biblian.is\/biblian\/wp-json\/wp\/v2\/users\/1"}],"replies":[{"embeddable":true,"href":"https:\/\/biblian.is\/biblian\/wp-json\/wp\/v2\/comments?post=2743"}],"version-history":[{"count":0,"href":"https:\/\/biblian.is\/biblian\/wp-json\/wp\/v2\/pages\/2743\/revisions"}],"wp:attachment":[{"href":"https:\/\/biblian.is\/biblian\/wp-json\/wp\/v2\/media?parent=2743"}],"curies":[{"name":"wp","href":"https:\/\/api.w.org\/{rel}","templated":true}]}}