{"id":2741,"date":"2017-12-30T21:04:29","date_gmt":"2017-12-30T21:04:29","guid":{"rendered":"http:\/\/biblian.is\/biblian\/fyrra-t%c2%92m%c2%97teusarbr%c2%8ef-5-kafli\/"},"modified":"2019-08-26T23:59:20","modified_gmt":"2019-08-26T23:59:20","slug":"fyrra-timoteusarbref-5-kafli","status":"publish","type":"page","link":"https:\/\/biblian.is\/biblian\/fyrra-timoteusarbref-5-kafli\/","title":{"rendered":"Fyrra T\u00edm\u00f3teusarbr\u00e9f 5. kafli"},"content":{"rendered":"<h3 class=\"millifyrirsogn_2007\"> Fyrirm\u00e6li<\/h3>\n<p><a name=\"1\"><span class=\"versanumer_2007\">1<\/span><\/a> \u00c1v\u00edta \u00fe\u00fa ekki aldra\u00f0an mann har\u00f0lega heldur upp\u00f6rva hann sem f\u00f6\u00f0ur, yngri menn sem br\u00e6\u00f0ur, <a name=\"2\"><span class=\"versanumer_2007\">2<\/span><\/a> aldra\u00f0ar konur sem m\u00e6\u00f0ur, ungar konur sem systur me\u00f0 allri si\u00f0semi.<br \/> <a name=\"3\"><span class=\"versanumer_2007\">3<\/span><\/a> Hei\u00f0ra ekkjur sem \u00ed raun og veru eru ekkjur. <a name=\"4\"><span class=\"versanumer_2007\">4<\/span><\/a> En ef einhver ekkja \u00e1 b\u00f6rn e\u00f0a barnab\u00f6rn, \u00fe\u00e1 l\u00e6ri \u00feau fyrst og fremst a\u00f0 s\u00fdna r\u00e6kt eigin heimili og endurgjalda foreldrum s\u00ednum \u00fev\u00ed a\u00f0 \u00fea\u00f0 er Gu\u00f0i \u00fe\u00f3knanlegt. <br \/> <a name=\"5\"><span class=\"versanumer_2007\">5<\/span><\/a> S\u00fa sem er ekkja \u00ed raun og veru og \u00e1 engan a\u00f0 festir von s\u00edna \u00e1 Gu\u00f0 og \u00e1kallar hann st\u00f6\u00f0ugt og bi\u00f0ur n\u00f3tt og dag. <a name=\"6\"><span class=\"versanumer_2007\">6<\/span><\/a> En hin b\u00edl\u00edfa er lifandi dau\u00f0. <br \/> <a name=\"7\"><span class=\"versanumer_2007\">7<\/span><\/a> Br\u00fdn \u00feetta fyrir \u00feeim til \u00feess a\u00f0 \u00fe\u00e6r s\u00e6ti engu \u00e1m\u00e6li. <br \/> <a name=\"8\"><span class=\"versanumer_2007\">8<\/span><\/a> En ef einhver s\u00e9r ekki fyrir skylduli\u00f0i s\u00ednu, s\u00e9rstaklega s\u00ednum n\u00e1nustu, \u00fe\u00e1 hefur h\u00fan afneita\u00f0 tr\u00fanni og er verri en vantr\u00fau\u00f0. <br \/> <a name=\"9\"><span class=\"versanumer_2007\">9<\/span><\/a> Ekkja s\u00e9 ekki tekin \u00e1 skr\u00e1 yfir ekkjur nema h\u00fan s\u00e9 or\u00f0in fullra sext\u00edu \u00e1ra, eingift <a name=\"10\"><span class=\"versanumer_2007\">10<\/span><\/a> og lofsamlega kunn a\u00f0 g\u00f3\u00f0um verkum. H\u00fan ver\u00f0ur a\u00f0 hafa f\u00f3stra\u00f0 b\u00f6rn, s\u00fdnt gestrisni, \u00fevegi\u00f0 f\u00e6tur heilagra, hj\u00e1lpa\u00f0 b\u00e1gst\u00f6ddum og lagt stund \u00e1 hvert gott verk. <br \/> <a name=\"11\"><span class=\"versanumer_2007\">11<\/span><\/a> En tak ekki ungar ekkjur \u00e1 skr\u00e1. \u00deegar hvatir v\u00e9la \u00fe\u00e6r fr\u00e1 Kristi vilja \u00fe\u00e6r giftast <a name=\"12\"><span class=\"versanumer_2007\">12<\/span><\/a> og gerast \u00fe\u00e1 sekar um a\u00f0 brj\u00f3ta sitt fyrra heit. <a name=\"13\"><span class=\"versanumer_2007\">13<\/span><\/a> Og jafnframt temja \u00fe\u00e6r s\u00e9r i\u00f0juleysi, r\u00e1pandi h\u00fas \u00far h\u00fasi, ekki einungis i\u00f0julausar heldur einnig m\u00e1lugar og hlutsamar og tala \u00fea\u00f0 sem eigi ber a\u00f0 tala. <br \/> <a name=\"14\"><span class=\"versanumer_2007\">14<\/span><\/a> \u00c9g vil \u00fev\u00ed a\u00f0 ungar ekkjur giftist, ali b\u00f6rn, stj\u00f3rni heimili og gefi andst\u00e6\u00f0ingunum ekkert tilefni til ills umtals. <a name=\"15\"><span class=\"versanumer_2007\">15<\/span><\/a> Nokkrar hafa \u00feegar horfi\u00f0 fr\u00e1 til fylgis vi\u00f0 Satan. <br \/> <a name=\"16\"><span class=\"versanumer_2007\">16<\/span><\/a> Ef tr\u00fau\u00f0 kona \u00e1 fyrir ekkjum a\u00f0 sj\u00e1 skal h\u00fan sj\u00e1 fyrir \u00feeim, og eigi hafi s\u00f6fnu\u00f0urinn \u00feyngsli af \u00fev\u00ed a\u00f0 hann \u00fearf a\u00f0 geta hj\u00e1lpa\u00f0 \u00feeim sem eru ekkjur og einst\u00e6\u00f0ar. <br \/> <a name=\"17\"><span class=\"versanumer_2007\">17<\/span><\/a> \u00d6ldungar \u00feeir sem veita g\u00f3\u00f0a forst\u00f6\u00f0u s\u00e9u haf\u00f0ir \u00ed tv\u00f6f\u00f6ldum metum, allra helst \u00feeir sem leggja hart a\u00f0 s\u00e9r vi\u00f0 bo\u00f0un og fr\u00e6\u00f0slu. <a name=\"18\"><span class=\"versanumer_2007\">18<\/span><\/a> \u00dev\u00ed a\u00f0 Ritningin segir: \u201e\u00de\u00fa skalt ekki m\u00falbinda uxann er hann \u00fereskir,\u201c og: \u201eVer\u00f0ur er verkama\u00f0urinn launa sinna.\u201c <br \/> <a name=\"19\"><span class=\"versanumer_2007\">19<\/span><\/a> Tak \u00fe\u00fa ekki vi\u00f0 k\u00e6ru gegn \u00f6ldungi nema tveir e\u00f0a \u00fer\u00edr vottar beri. <br \/> <a name=\"20\"><span class=\"versanumer_2007\">20<\/span><\/a> \u00c1v\u00edta brotlega \u00ed vi\u00f0urvist allra, \u00f6\u00f0rum til varna\u00f0ar. <br \/> <a name=\"21\"><span class=\"versanumer_2007\">21<\/span><\/a> \u00c9g heiti \u00e1 \u00feig fyrir augliti Gu\u00f0s og Krists Jes\u00fa og hinna \u00fatv\u00f6ldu engla a\u00f0 \u00fe\u00fa g\u00e6tir \u00feessa \u00e1n hleypid\u00f3ms og gerir ekkert af vilfylgi. <br \/> <a name=\"22\"><span class=\"versanumer_2007\">22<\/span><\/a> Ver ekki of flj\u00f3tur til a\u00f0 v\u00edgja nokkurn mann til \u00fej\u00f3nustu. Tak eigi heldur \u00fe\u00e1tt \u00ed annarra syndum og var\u00f0veit sj\u00e1lfan \u00feig hreinan. <br \/> <a name=\"23\"><span class=\"versanumer_2007\">23<\/span><\/a> Ver \u00fe\u00fa ekki lengur a\u00f0 drekka vatn heldur skalt \u00fe\u00fa neyta l\u00edtils eins af v\u00edni vegna magans og veikinda \u00feinna sem eru svo t\u00ed\u00f0. <br \/> <a name=\"24\"><span class=\"versanumer_2007\">24<\/span><\/a> Syndirnar hj\u00e1 sumum m\u00f6nnum blasa vi\u00f0 \u00e1\u00f0ur en til d\u00f3ms kemur en hj\u00e1 \u00f6\u00f0rum koma \u00fe\u00e6r s\u00ed\u00f0ar \u00ed lj\u00f3s. <a name=\"25\"><span class=\"versanumer_2007\">25<\/span><\/a> \u00c1 sama h\u00e1tt eru g\u00f3\u00f0verkin auglj\u00f3s og \u00feau sem eru \u00fea\u00f0 ekki munu ekki geta dulist. <\/p>\n","protected":false},"excerpt":{"rendered":"<p>Fyrirm\u00e6li 1 \u00c1v\u00edta \u00fe\u00fa ekki aldra\u00f0an mann har\u00f0lega heldur upp\u00f6rva hann sem f\u00f6\u00f0ur, yngri menn sem br\u00e6\u00f0ur, 2 aldra\u00f0ar konur sem m\u00e6\u00f0ur, ungar konur sem systur me\u00f0 allri si\u00f0semi. 3 Hei\u00f0ra ekkjur sem \u00ed raun og veru eru ekkjur. 4 En ef einhver ekkja \u00e1 b\u00f6rn e\u00f0a barnab\u00f6rn, \u00fe\u00e1 l\u00e6ri \u00feau fyrst og fremst a\u00f0 s\u00fdna r\u00e6kt eigin heimili og endurgjalda foreldrum s\u00ednum \u00fev\u00ed a\u00f0 \u00fea\u00f0 er Gu\u00f0i \u00fe\u00f3knanlegt. 5 S\u00fa sem er ekkja \u00ed raun og veru og \u00e1 engan a\u00f0 festir von s\u00edna \u00e1 Gu\u00f0 og \u00e1kallar hann st\u00f6\u00f0ugt og bi\u00f0ur n\u00f3tt og dag. 6 En hin b\u00edl\u00edfa <a href=\"https:\/\/biblian.is\/biblian\/fyrra-timoteusarbref-5-kafli\/\"> [&#8230;]<\/a><\/p>\n","protected":false},"author":1,"featured_media":0,"parent":0,"menu_order":0,"comment_status":"open","ping_status":"open","template":"bibliukaflar_NT.php","meta":{"footnotes":""},"class_list":["post-2741","page","type-page","status-publish","hentry"],"_links":{"self":[{"href":"https:\/\/biblian.is\/biblian\/wp-json\/wp\/v2\/pages\/2741","targetHints":{"allow":["GET"]}}],"collection":[{"href":"https:\/\/biblian.is\/biblian\/wp-json\/wp\/v2\/pages"}],"about":[{"href":"https:\/\/biblian.is\/biblian\/wp-json\/wp\/v2\/types\/page"}],"author":[{"embeddable":true,"href":"https:\/\/biblian.is\/biblian\/wp-json\/wp\/v2\/users\/1"}],"replies":[{"embeddable":true,"href":"https:\/\/biblian.is\/biblian\/wp-json\/wp\/v2\/comments?post=2741"}],"version-history":[{"count":0,"href":"https:\/\/biblian.is\/biblian\/wp-json\/wp\/v2\/pages\/2741\/revisions"}],"wp:attachment":[{"href":"https:\/\/biblian.is\/biblian\/wp-json\/wp\/v2\/media?parent=2741"}],"curies":[{"name":"wp","href":"https:\/\/api.w.org\/{rel}","templated":true}]}}