{"id":2740,"date":"2017-12-30T21:04:29","date_gmt":"2017-12-30T21:04:29","guid":{"rendered":"http:\/\/biblian.is\/biblian\/fyrra-t%c2%92m%c2%97teusarbr%c2%8ef-4-kafli\/"},"modified":"2019-08-26T23:59:19","modified_gmt":"2019-08-26T23:59:19","slug":"fyrra-timoteusarbref-4-kafli","status":"publish","type":"page","link":"https:\/\/biblian.is\/biblian\/fyrra-timoteusarbref-4-kafli\/","title":{"rendered":"Fyrra T\u00edm\u00f3teusarbr\u00e9f 4. kafli"},"content":{"rendered":"<h3 class=\"millifyrirsogn_2007\"> Um villuanda<\/h3>\n<p><a name=\"1\"><span class=\"versanumer_2007\">1<\/span><\/a> Andinn segir berlega a\u00f0 \u00e1 s\u00ed\u00f0ustu t\u00edmum muni sumir ganga af tr\u00fanni og gefa sig a\u00f0 villu\u00f6ndum og l\u00e6rd\u00f3mum illra anda. <a name=\"2\"><span class=\"versanumer_2007\">2<\/span><\/a> \u00deessu valda hr\u00e6snisfullir lygarar sem eru brennimerktir \u00e1 samvisku sinni. <a name=\"3\"><span class=\"versanumer_2007\">3<\/span><\/a> \u00deeir banna hj\u00faskap og bj\u00f3\u00f0a m\u00f6nnum a\u00f0 halda s\u00e9r fr\u00e1 \u00feeirri f\u00e6\u00f0u er Gu\u00f0 hefur skapa\u00f0 til \u00feess a\u00f0 vi\u00f0 henni s\u00e9 teki\u00f0 me\u00f0 \u00feakkl\u00e6ti af tr\u00fau\u00f0um m\u00f6nnum er \u00feekkja sannleikann. <a name=\"4\"><span class=\"versanumer_2007\">4<\/span><\/a> Allt sem Gu\u00f0 hefur skapa\u00f0 er gott og engu ber fr\u00e1 s\u00e9r a\u00f0 kasta s\u00e9 \u00fea\u00f0 \u00feegi\u00f0 me\u00f0 \u00feakkl\u00e6ti. <a name=\"5\"><span class=\"versanumer_2007\">5<\/span><\/a> \u00dea\u00f0 helgast af or\u00f0i Gu\u00f0s og b\u00e6n. <\/p>\n<h3 class=\"millifyrirsogn_2007\">Fyrirmynd tr\u00faa\u00f0ra<\/h3>\n<p><a name=\"6\"><span class=\"versanumer_2007\">6<\/span><\/a> Me\u00f0 \u00fev\u00ed a\u00f0 br\u00fdna \u00feetta fyrir s\u00f6fnu\u00f0inum<span class=\"nedan_mal\" title=\" Or\u00f0r\u00e9tt: br\u00e6\u00f0runum.\">[<\/span> ert \u00fe\u00fa g\u00f3\u00f0ur \u00fej\u00f3nn Krists Jes\u00fa og styrkist um lei\u00f0 af or\u00f0i tr\u00faarinnar og \u00feeim g\u00f3\u00f0a tr\u00faarl\u00e6rd\u00f3mi sem \u00fe\u00fa hefur fylgt. <a name=\"7\"><span class=\"versanumer_2007\">7<\/span><\/a> En hafna \u00fe\u00fa vanheil\u00f6gum h\u00e9giljum og \u00e6f sj\u00e1lfan \u00feig \u00ed gu\u00f0r\u00e6kni. <a name=\"8\"><span class=\"versanumer_2007\">8<\/span><\/a> L\u00edkamleg \u00e6fing er nytsamleg \u00ed sumu en gu\u00f0r\u00e6knin er til allra hluta nytsamleg og gefur fyrirheit b\u00e6\u00f0i fyrir \u00feetta l\u00edf og hi\u00f0 komanda. <br \/> <a name=\"9\"><span class=\"versanumer_2007\">9<\/span><\/a> \u00dea\u00f0 or\u00f0 er satt og \u00ed alla sta\u00f0i \u00feess vert a\u00f0 vi\u00f0 \u00fev\u00ed s\u00e9 teki\u00f0. <a name=\"10\"><span class=\"versanumer_2007\">10<\/span><\/a> \u00deess vegna leggjum vi\u00f0 \u00e1 okkur erfi\u00f0i og \u00fereytum str\u00ed\u00f0<span class=\"nedan_mal\" title=\" Annar lesh\u00e1ttur: \u00feolum \u00e1k\u00farur.\">[<\/span> \u00fev\u00ed a\u00f0 vi\u00f0 h\u00f6fum fest von okkar \u00e1 lifanda Gu\u00f0 sem er frelsari allra manna, einkum tr\u00faa\u00f0ra. <br \/> <a name=\"11\"><span class=\"versanumer_2007\">11<\/span><\/a> Bj\u00f3\u00f0 \u00fe\u00fa \u00feetta og kenn \u00fea\u00f0. <br \/> <a name=\"12\"><span class=\"versanumer_2007\">12<\/span><\/a> L\u00e1t engan l\u00edta sm\u00e1um augum \u00e1 \u00e6sku \u00fe\u00edna en ver fyrirmynd tr\u00faa\u00f0ra \u00ed or\u00f0i og heg\u00f0un, \u00ed k\u00e6rleika, tr\u00fa og hreinl\u00edfi. <br \/> <a name=\"13\"><span class=\"versanumer_2007\">13<\/span><\/a> Ver kostg\u00e6finn vi\u00f0 a\u00f0 lesa upp \u00far Ritningunni, upp\u00f6rva og kenna \u00feanga\u00f0 til \u00e9g kem.<br \/> <a name=\"14\"><span class=\"versanumer_2007\">14<\/span><\/a> Vanr\u00e6ktu ekki n\u00e1\u00f0argj\u00f6fina sem \u00fe\u00e9r var gefin a\u00f0 tilv\u00edsun sp\u00e1manna og me\u00f0 handayfirlagningu \u00f6ldunganna. <a name=\"15\"><span class=\"versanumer_2007\">15<\/span><\/a> Stunda \u00feetta, ver allur \u00ed \u00feessu til \u00feess a\u00f0 framf\u00f6r \u00fe\u00edn s\u00e9 \u00f6llum auglj\u00f3s. <br \/> <a name=\"16\"><span class=\"versanumer_2007\">16<\/span><\/a> Haf g\u00e1t \u00e1 sj\u00e1lfum \u00fe\u00e9r og fr\u00e6\u00f0slunni. Ver st\u00f6\u00f0ugur vi\u00f0 \u00feetta. \u00deegar \u00fe\u00fa gerir \u00fea\u00f0 muntu b\u00e6\u00f0i frelsa sj\u00e1lfan \u00feig og \u00e1heyrendur \u00fe\u00edna. <\/p>\n","protected":false},"excerpt":{"rendered":"<p>Um villuanda 1 Andinn segir berlega a\u00f0 \u00e1 s\u00ed\u00f0ustu t\u00edmum muni sumir ganga af tr\u00fanni og gefa sig a\u00f0 villu\u00f6ndum og l\u00e6rd\u00f3mum illra anda. 2 \u00deessu valda hr\u00e6snisfullir lygarar sem eru brennimerktir \u00e1 samvisku sinni. 3 \u00deeir banna hj\u00faskap og bj\u00f3\u00f0a m\u00f6nnum a\u00f0 halda s\u00e9r fr\u00e1 \u00feeirri f\u00e6\u00f0u er Gu\u00f0 hefur skapa\u00f0 til \u00feess a\u00f0 vi\u00f0 henni s\u00e9 teki\u00f0 me\u00f0 \u00feakkl\u00e6ti af tr\u00fau\u00f0um m\u00f6nnum er \u00feekkja sannleikann. 4 Allt sem Gu\u00f0 hefur skapa\u00f0 er gott og engu ber fr\u00e1 s\u00e9r a\u00f0 kasta s\u00e9 \u00fea\u00f0 \u00feegi\u00f0 me\u00f0 \u00feakkl\u00e6ti. 5 \u00dea\u00f0 helgast af or\u00f0i Gu\u00f0s og b\u00e6n. Fyrirmynd tr\u00faa\u00f0ra 6 Me\u00f0 \u00fev\u00ed <a href=\"https:\/\/biblian.is\/biblian\/fyrra-timoteusarbref-4-kafli\/\"> [&#8230;]<\/a><\/p>\n","protected":false},"author":1,"featured_media":0,"parent":0,"menu_order":0,"comment_status":"open","ping_status":"open","template":"bibliukaflar_NT.php","meta":{"footnotes":""},"class_list":["post-2740","page","type-page","status-publish","hentry"],"_links":{"self":[{"href":"https:\/\/biblian.is\/biblian\/wp-json\/wp\/v2\/pages\/2740","targetHints":{"allow":["GET"]}}],"collection":[{"href":"https:\/\/biblian.is\/biblian\/wp-json\/wp\/v2\/pages"}],"about":[{"href":"https:\/\/biblian.is\/biblian\/wp-json\/wp\/v2\/types\/page"}],"author":[{"embeddable":true,"href":"https:\/\/biblian.is\/biblian\/wp-json\/wp\/v2\/users\/1"}],"replies":[{"embeddable":true,"href":"https:\/\/biblian.is\/biblian\/wp-json\/wp\/v2\/comments?post=2740"}],"version-history":[{"count":0,"href":"https:\/\/biblian.is\/biblian\/wp-json\/wp\/v2\/pages\/2740\/revisions"}],"wp:attachment":[{"href":"https:\/\/biblian.is\/biblian\/wp-json\/wp\/v2\/media?parent=2740"}],"curies":[{"name":"wp","href":"https:\/\/api.w.org\/{rel}","templated":true}]}}