{"id":2739,"date":"2017-12-30T21:04:29","date_gmt":"2017-12-30T21:04:29","guid":{"rendered":"http:\/\/biblian.is\/biblian\/fyrra-t%c2%92m%c2%97teusarbr%c2%8ef-3-kafli\/"},"modified":"2019-08-26T23:59:19","modified_gmt":"2019-08-26T23:59:19","slug":"fyrra-timoteusarbref-3-kafli","status":"publish","type":"page","link":"https:\/\/biblian.is\/biblian\/fyrra-timoteusarbref-3-kafli\/","title":{"rendered":"Fyrra T\u00edm\u00f3teusarbr\u00e9f 3. kafli"},"content":{"rendered":"<h3 class=\"millifyrirsogn_2007\"> Um lei\u00f0toga kirkjunnar<\/h3>\n<p><a name=\"1\"><span class=\"versanumer_2007\">1<\/span><\/a> \u00dea\u00f0 or\u00f0 er satt. S\u00e6kist einhver eftir biskupsstarfi \u00fe\u00e1 girnist hann g\u00f6fugt hlutverk. <a name=\"2\"><span class=\"versanumer_2007\">2<\/span><\/a> Biskup \u00e1 a\u00f0 vera \u00f3a\u00f0finnanlegur, einkv\u00e6ntur,<span class=\"nedan_mal\" title=\" E\u00f0a: einnar konu eiginma\u00f0ur.\">[<\/span> bindindissamur, h\u00f3gl\u00e1tur, h\u00e1ttpr\u00fa\u00f0ur, gestrisinn, g\u00f3\u00f0ur fr\u00e6\u00f0ari, <a name=\"3\"><span class=\"versanumer_2007\">3<\/span><\/a> ekki drykkfelldur, ekki ofsafenginn, heldur g\u00e6fur, ekki deilugjarn, ekki f\u00e9gjarn. <a name=\"4\"><span class=\"versanumer_2007\">4<\/span><\/a> Hann \u00e1 a\u00f0 vera ma\u00f0ur sem veitir g\u00f3\u00f0a forst\u00f6\u00f0u heimili s\u00ednu og venur b\u00f6rn s\u00edn \u00e1 hl\u00fd\u00f0ni og alla pr\u00fa\u00f0mennsku. <br \/> <a name=\"5\"><span class=\"versanumer_2007\">5<\/span><\/a> Hvernig m\u00e1 s\u00e1 sem ekki hefur vit \u00e1 a\u00f0 veita heimili s\u00ednu forst\u00f6\u00f0u veita s\u00f6fnu\u00f0i Gu\u00f0s umsj\u00f3n? <br \/> <a name=\"6\"><span class=\"versanumer_2007\">6<\/span><\/a> Hann \u00e1 ekki a\u00f0 vera n\u00fdr \u00ed tr\u00fanni til \u00feess a\u00f0 hann ofmetnist ekki og ver\u00f0i fyrir sama d\u00f3mi og dj\u00f6fullinn. <a name=\"7\"><span class=\"versanumer_2007\">7<\/span><\/a> Hann \u00e1 l\u00edka a\u00f0 hafa g\u00f3\u00f0an or\u00f0st\u00edr hj\u00e1 \u00feeim sem standa fyrir utan til \u00feess a\u00f0 hann ver\u00f0i ekki fyrir \u00e1lasi og lendi \u00ed t\u00e1lsn\u00f6ru dj\u00f6fulsins. <br \/> <a name=\"8\"><span class=\"versanumer_2007\">8<\/span><\/a> Svo eiga og dj\u00e1knar a\u00f0 vera hei\u00f0vir\u00f0ir, hreinskilnir, ekki drykkfelldir e\u00f0a \u00e1gjarnir. <a name=\"9\"><span class=\"versanumer_2007\">9<\/span><\/a> \u00deeir skulu var\u00f0veita leyndard\u00f3m tr\u00faarinnar me\u00f0 hreinni samvisku. <a name=\"10\"><span class=\"versanumer_2007\">10<\/span><\/a> Einnig \u00fe\u00e1 skal fyrst reyna, s\u00ed\u00f0an takist \u00feeir \u00fej\u00f3nustuna \u00e1 hendur ef \u00feeir eru \u00f3a\u00f0finnanlegir. <br \/> <a name=\"11\"><span class=\"versanumer_2007\">11<\/span><\/a> Ef konur eru dj\u00e1knar skulu \u00fe\u00e6r vera hei\u00f0vir\u00f0ar, ekki r\u00f3gberar, heldur bindindissamar, tr\u00faar \u00ed \u00f6llu. <br \/> <a name=\"12\"><span class=\"versanumer_2007\">12<\/span><\/a> Dj\u00e1knar s\u00e9u einkv\u00e6ntir og hafi g\u00f3\u00f0a stj\u00f3rn \u00e1 b\u00f6rnum s\u00ednum og heimilum. <a name=\"13\"><span class=\"versanumer_2007\">13<\/span><\/a> \u00dev\u00ed a\u00f0 \u00feeir sem hafa sta\u00f0i\u00f0 sig vel sem dj\u00e1knar \u00e1vinna s\u00e9r g\u00f3\u00f0an or\u00f0st\u00edr og mikla dj\u00f6rfung \u00ed tr\u00fanni \u00e1 Krist Jes\u00fa. <br \/> <a name=\"14\"><span class=\"versanumer_2007\">14<\/span><\/a> \u00de\u00f3tt \u00e9g vonist til a\u00f0 koma br\u00e1\u00f0um til \u00fe\u00edn rita \u00e9g \u00feetta <a name=\"15\"><span class=\"versanumer_2007\">15<\/span><\/a> til \u00feess a\u00f0 \u00fe\u00fa skulir vita, ef m\u00e9r seinkar, hvernig \u00e1 a\u00f0 haga s\u00e9r \u00ed Gu\u00f0s h\u00fasi. Gu\u00f0s h\u00fas er s\u00f6fnu\u00f0ur lifanda Gu\u00f0s, st\u00f3lpi og grundv\u00f6llur sannleikans. <a name=\"16\"><span class=\"versanumer_2007\">16<\/span><\/a> Og v\u00edst er leyndard\u00f3mur tr\u00faarinnar mikill: <br \/> <span class=\"ljodatexti\"> Hann birtist \u00ed manni, <br \/>sanna\u00f0ist \u00ed anda, <br \/>opinber englum, <br \/>var bo\u00f0a\u00f0ur \u00fej\u00f3\u00f0um, <br \/>tr\u00faa\u00f0 \u00ed heimi, <br \/>hafinn upp \u00ed d\u00fdr\u00f0. <\/span> <\/p>\n","protected":false},"excerpt":{"rendered":"<p>Um lei\u00f0toga kirkjunnar 1 \u00dea\u00f0 or\u00f0 er satt. S\u00e6kist einhver eftir biskupsstarfi \u00fe\u00e1 girnist hann g\u00f6fugt hlutverk. 2 Biskup \u00e1 a\u00f0 vera \u00f3a\u00f0finnanlegur, einkv\u00e6ntur,[ bindindissamur, h\u00f3gl\u00e1tur, h\u00e1ttpr\u00fa\u00f0ur, gestrisinn, g\u00f3\u00f0ur fr\u00e6\u00f0ari, 3 ekki drykkfelldur, ekki ofsafenginn, heldur g\u00e6fur, ekki deilugjarn, ekki f\u00e9gjarn. 4 Hann \u00e1 a\u00f0 vera ma\u00f0ur sem veitir g\u00f3\u00f0a forst\u00f6\u00f0u heimili s\u00ednu og venur b\u00f6rn s\u00edn \u00e1 hl\u00fd\u00f0ni og alla pr\u00fa\u00f0mennsku. 5 Hvernig m\u00e1 s\u00e1 sem ekki hefur vit \u00e1 a\u00f0 veita heimili s\u00ednu forst\u00f6\u00f0u veita s\u00f6fnu\u00f0i Gu\u00f0s umsj\u00f3n? 6 Hann \u00e1 ekki a\u00f0 vera n\u00fdr \u00ed tr\u00fanni til \u00feess a\u00f0 hann ofmetnist ekki og ver\u00f0i fyrir sama d\u00f3mi <a href=\"https:\/\/biblian.is\/biblian\/fyrra-timoteusarbref-3-kafli\/\"> [&#8230;]<\/a><\/p>\n","protected":false},"author":1,"featured_media":0,"parent":0,"menu_order":0,"comment_status":"open","ping_status":"open","template":"bibliukaflar_NT.php","meta":{"footnotes":""},"class_list":["post-2739","page","type-page","status-publish","hentry"],"_links":{"self":[{"href":"https:\/\/biblian.is\/biblian\/wp-json\/wp\/v2\/pages\/2739","targetHints":{"allow":["GET"]}}],"collection":[{"href":"https:\/\/biblian.is\/biblian\/wp-json\/wp\/v2\/pages"}],"about":[{"href":"https:\/\/biblian.is\/biblian\/wp-json\/wp\/v2\/types\/page"}],"author":[{"embeddable":true,"href":"https:\/\/biblian.is\/biblian\/wp-json\/wp\/v2\/users\/1"}],"replies":[{"embeddable":true,"href":"https:\/\/biblian.is\/biblian\/wp-json\/wp\/v2\/comments?post=2739"}],"version-history":[{"count":0,"href":"https:\/\/biblian.is\/biblian\/wp-json\/wp\/v2\/pages\/2739\/revisions"}],"wp:attachment":[{"href":"https:\/\/biblian.is\/biblian\/wp-json\/wp\/v2\/media?parent=2739"}],"curies":[{"name":"wp","href":"https:\/\/api.w.org\/{rel}","templated":true}]}}