{"id":2736,"date":"2017-12-30T21:04:25","date_gmt":"2017-12-30T21:04:25","guid":{"rendered":"http:\/\/biblian.is\/biblian\/s%c2%92_ara-_essalon%c2%92kubr%c2%8ef-3-kafli\/"},"modified":"2019-08-27T00:07:06","modified_gmt":"2019-08-27T00:07:06","slug":"sidara-thessalonikubref-3-kafli","status":"publish","type":"page","link":"https:\/\/biblian.is\/biblian\/sidara-thessalonikubref-3-kafli\/","title":{"rendered":"S\u00ed\u00f0ara \u00deessalon\u00edkubr\u00e9f 3. kafli"},"content":{"rendered":"<h3 class=\"millifyrirsogn_2007\"> Bi\u00f0ji\u00f0 fyrir okkur<\/h3>\n<p><a name=\"1\"><span class=\"versanumer_2007\">1<\/span><\/a> A\u00f0 endingu, systkin:<span class=\"nedan_mal\" title=\" Or\u00f0r\u00e9tt: br\u00e6\u00f0ur.\">[<\/span> Bi\u00f0ji\u00f0 fyrir m\u00e9r a\u00f0 or\u00f0 Drottins megi brei\u00f0ast \u00fat og vera \u00ed hei\u00f0ri haft eins og hj\u00e1 ykkur <a name=\"2\"><span class=\"versanumer_2007\">2<\/span><\/a> og a\u00f0 \u00e9g m\u00e6tti frelsast fr\u00e1 spilltum og vondum m\u00f6nnum. \u00dev\u00ed a\u00f0 ekki er tr\u00fain allra. <br \/> <a name=\"3\"><span class=\"versanumer_2007\">3<\/span><\/a> En tr\u00far er Drottinn og hann mun styrkja ykkur og vernda fyrir hinum vonda. <a name=\"4\"><span class=\"versanumer_2007\">4<\/span><\/a> En \u00e9g ber \u00fea\u00f0 traust til ykkar vegna Drottins a\u00f0 \u00fei\u00f0 b\u00e6\u00f0i geri\u00f0 og muni\u00f0 gera \u00fea\u00f0 sem \u00e9g legg fyrir ykkur. <br \/> <a name=\"5\"><span class=\"versanumer_2007\">5<\/span><\/a> En Drottinn lei\u00f0i hj\u00f6rtu ykkar til k\u00e6rleika Gu\u00f0s og \u00feolg\u00e6\u00f0is Krists.<\/p>\n<h3 class=\"millifyrirsogn_2007\">\u00dereytist ekki gott a\u00f0 gera<\/h3>\n<p><a name=\"6\"><span class=\"versanumer_2007\">6<\/span><\/a> En \u00e9g b\u00fd\u00f0 ykkur, systkin,<span class=\"nedan_mal\" title=\" Or\u00f0r\u00e9tt: br\u00e6\u00f0ur.\">[<\/span> \u00ed nafni Drottins vors Jes\u00fa Krists a\u00f0 \u00fei\u00f0 snei\u00f0i\u00f0 hj\u00e1 hverjum \u00feeim \u00ed s\u00f6fnu\u00f0inum<span class=\"nedan_mal\" title=\" Or\u00f0r\u00e9tt: br\u00f3\u00f0ur.\">[<\/span> sem er i\u00f0julaus og breytir ekki eftir \u00feeirri reglu sem hann f\u00e9kk hj\u00e1 m\u00e9r. <a name=\"7\"><span class=\"versanumer_2007\">7<\/span><\/a> \u00dev\u00ed a\u00f0 sj\u00e1lf viti\u00f0 \u00fei\u00f0 hvernig \u00e1 a\u00f0 l\u00edkja eftir m\u00e9r. Ekki var \u00e9g i\u00f0julaus hj\u00e1 ykkur, <a name=\"8\"><span class=\"versanumer_2007\">8<\/span><\/a> var ekki heldur upp \u00e1 a\u00f0ra kominn, heldur vann \u00e9g me\u00f0 erfi\u00f0i og striti n\u00f3tt og dag til \u00feess a\u00f0 vera ekki neinu ykkar til \u00feyngsla. <a name=\"9\"><span class=\"versanumer_2007\">9<\/span><\/a> Ekki af \u00fev\u00ed a\u00f0 \u00e9g hafi ekki r\u00e9tt til \u00feess heldur til \u00feess a\u00f0 \u00e9g g\u00e6ti veri\u00f0 ykkur fyrirmynd a\u00f0 breyta eftir. <a name=\"10\"><span class=\"versanumer_2007\">10<\/span><\/a> \u00dev\u00ed var og \u00fea\u00f0 a\u00f0 \u00feegar \u00e9g var hj\u00e1 ykkur bau\u00f0 \u00e9g ykkur: Ef einhver vill ekki vinna \u00fe\u00e1 \u00e1 hann ekki heldur mat a\u00f0 f\u00e1. <br \/> <a name=\"11\"><span class=\"versanumer_2007\">11<\/span><\/a> \u00c9g heyri a\u00f0 nokkur me\u00f0al ykkar sl\u00e6past og vasast \u00ed \u00fev\u00ed sem \u00feeim kemur ekki vi\u00f0. <a name=\"12\"><span class=\"versanumer_2007\">12<\/span><\/a> Sl\u00edkum m\u00f6nnum b\u00fd\u00f0 \u00e9g og \u00e1minni vegna Drottins Jes\u00fa Krists a\u00f0 vinna kyrrl\u00e1tlega og sj\u00e1 fyrir s\u00e9r sj\u00e1lfir. <br \/> <a name=\"13\"><span class=\"versanumer_2007\">13<\/span><\/a> En \u00fei\u00f0, systkin,<span class=\"nedan_mal\" title=\" Or\u00f0r\u00e9tt: br\u00e6\u00f0ur.\">[<\/span> \u00fereytist aldrei gott a\u00f0 gera. <a name=\"14\"><span class=\"versanumer_2007\">14<\/span><\/a> En ef einhver hl\u00fd\u00f0ir ekki or\u00f0um m\u00ednum \u00ed br\u00e9fi \u00feessu, \u00fe\u00e1 taki\u00f0 eftir \u00feeim manni, sl\u00edti\u00f0 samneyti vi\u00f0 hann, \u00fe\u00e1 kann hann a\u00f0 blyg\u00f0ast s\u00edn. <a name=\"15\"><span class=\"versanumer_2007\">15<\/span><\/a> En \u00e1l\u00edti\u00f0 hann \u00fe\u00f3 ekki \u00f3vin heldur \u00e1minni\u00f0 hann sem br\u00f3\u00f0ur e\u00f0a systur.<span class=\"nedan_mal\" title=\" Or\u00f0r\u00e9tt: br\u00f3\u00f0ur.\">[<\/span> <\/p>\n<h3 class=\"millifyrirsogn_2007\">Kve\u00f0jur<\/h3>\n<p><a name=\"16\"><span class=\"versanumer_2007\">16<\/span><\/a> En sj\u00e1lfur Drottinn fri\u00f0arins gefi y\u00f0ur fri\u00f0inn, \u00e6t\u00ed\u00f0 og \u00e1 allan h\u00e1tt. Drottinn s\u00e9 me\u00f0 y\u00f0ur \u00f6llum. <br \/> <a name=\"17\"><span class=\"versanumer_2007\">17<\/span><\/a> Kve\u00f0jan er me\u00f0 minni, P\u00e1ls, eigin hendi og \u00fea\u00f0 er merki \u00e1 hverju br\u00e9fi. \u00deannig skrifa \u00e9g. <br \/> <a name=\"18\"><span class=\"versanumer_2007\">18<\/span><\/a> N\u00e1\u00f0in Drottins vors Jes\u00fa Krists s\u00e9 me\u00f0 y\u00f0ur \u00f6llum. <\/p>\n","protected":false},"excerpt":{"rendered":"<p>Bi\u00f0ji\u00f0 fyrir okkur 1 A\u00f0 endingu, systkin:[ Bi\u00f0ji\u00f0 fyrir m\u00e9r a\u00f0 or\u00f0 Drottins megi brei\u00f0ast \u00fat og vera \u00ed hei\u00f0ri haft eins og hj\u00e1 ykkur 2 og a\u00f0 \u00e9g m\u00e6tti frelsast fr\u00e1 spilltum og vondum m\u00f6nnum. \u00dev\u00ed a\u00f0 ekki er tr\u00fain allra. 3 En tr\u00far er Drottinn og hann mun styrkja ykkur og vernda fyrir hinum vonda. 4 En \u00e9g ber \u00fea\u00f0 traust til ykkar vegna Drottins a\u00f0 \u00fei\u00f0 b\u00e6\u00f0i geri\u00f0 og muni\u00f0 gera \u00fea\u00f0 sem \u00e9g legg fyrir ykkur. 5 En Drottinn lei\u00f0i hj\u00f6rtu ykkar til k\u00e6rleika Gu\u00f0s og \u00feolg\u00e6\u00f0is Krists. \u00dereytist ekki gott a\u00f0 gera 6 En \u00e9g <a href=\"https:\/\/biblian.is\/biblian\/sidara-thessalonikubref-3-kafli\/\"> [&#8230;]<\/a><\/p>\n","protected":false},"author":1,"featured_media":0,"parent":0,"menu_order":0,"comment_status":"open","ping_status":"open","template":"bibliukaflar_NT.php","meta":{"footnotes":""},"class_list":["post-2736","page","type-page","status-publish","hentry"],"_links":{"self":[{"href":"https:\/\/biblian.is\/biblian\/wp-json\/wp\/v2\/pages\/2736","targetHints":{"allow":["GET"]}}],"collection":[{"href":"https:\/\/biblian.is\/biblian\/wp-json\/wp\/v2\/pages"}],"about":[{"href":"https:\/\/biblian.is\/biblian\/wp-json\/wp\/v2\/types\/page"}],"author":[{"embeddable":true,"href":"https:\/\/biblian.is\/biblian\/wp-json\/wp\/v2\/users\/1"}],"replies":[{"embeddable":true,"href":"https:\/\/biblian.is\/biblian\/wp-json\/wp\/v2\/comments?post=2736"}],"version-history":[{"count":0,"href":"https:\/\/biblian.is\/biblian\/wp-json\/wp\/v2\/pages\/2736\/revisions"}],"wp:attachment":[{"href":"https:\/\/biblian.is\/biblian\/wp-json\/wp\/v2\/media?parent=2736"}],"curies":[{"name":"wp","href":"https:\/\/api.w.org\/{rel}","templated":true}]}}