{"id":2735,"date":"2017-12-30T21:04:25","date_gmt":"2017-12-30T21:04:25","guid":{"rendered":"http:\/\/biblian.is\/biblian\/s%c2%92_ara-_essalon%c2%92kubr%c2%8ef-2-kafli\/"},"modified":"2019-08-27T00:07:05","modified_gmt":"2019-08-27T00:07:05","slug":"sidara-thessalonikubref-2-kafli","status":"publish","type":"page","link":"https:\/\/biblian.is\/biblian\/sidara-thessalonikubref-2-kafli\/","title":{"rendered":"S\u00ed\u00f0ara \u00deessalon\u00edkubr\u00e9f 2. kafli"},"content":{"rendered":"<h3 class=\"millifyrirsogn_2007\"> D\u00f3murinn \u00ed v\u00e6ndum<\/h3>\n<p><a name=\"1\"><span class=\"versanumer_2007\">1<\/span><\/a> En a\u00f0 \u00fev\u00ed er var\u00f0ar komu Drottins vors Jes\u00fa Krists og a\u00f0 vi\u00f0 s\u00f6fnumst til hans bi\u00f0 \u00e9g ykkur, br\u00e6\u00f0ur og systur,<span class=\"nedan_mal\" title=\" Or\u00f0r\u00e9tt: br\u00e6\u00f0ur.\">[<\/span> <a name=\"2\"><span class=\"versanumer_2007\">2<\/span><\/a> a\u00f0 vera ekki flj\u00f3t til a\u00f0 komast \u00ed uppn\u00e1m e\u00f0a ver\u00f0a hr\u00e6dd, hvorki \u00fe\u00f3tt v\u00edsa\u00f0 s\u00e9 til andavitrunar n\u00e9 einhvers sem \u00e9g \u00e1 a\u00f0 hafa kennt e\u00f0a skrifa\u00f0 um a\u00f0 dagur Drottins s\u00e9 \u00feegar fyrir h\u00f6ndum. <a name=\"3\"><span class=\"versanumer_2007\">3<\/span><\/a> L\u00e1ti\u00f0 engan villa ykkur \u00e1 nokkurn h\u00e1tt. Ekki kemur dagurinn nema fr\u00e1hvarfi\u00f0 komi fyrst og ma\u00f0ur l\u00f6gleysisins komi fram, sonur gl\u00f6tunarinnar, <a name=\"4\"><span class=\"versanumer_2007\">4<\/span><\/a> sem setur sig \u00e1 m\u00f3ti Gu\u00f0i og hreykir s\u00e9r yfir allt sem heitir Gu\u00f0 e\u00f0a helgur d\u00f3mur, sest \u00ed musteri Gu\u00f0s og gerir sj\u00e1lfan sig a\u00f0 Gu\u00f0i. <br \/> <a name=\"5\"><span class=\"versanumer_2007\">5<\/span><\/a> Minnist \u00fei\u00f0 ekki \u00feess a\u00f0 \u00e9g sag\u00f0i ykkur \u00feetta me\u00f0an \u00e9g enn \u00fe\u00e1 var hj\u00e1 ykkur? <a name=\"6\"><span class=\"versanumer_2007\">6<\/span><\/a> \u00dei\u00f0 viti\u00f0 hva\u00f0 aftrar honum n\u00fa. Hann \u00e1 a\u00f0 b\u00ed\u00f0a s\u00edns t\u00edma. <a name=\"7\"><span class=\"versanumer_2007\">7<\/span><\/a> \u00dev\u00ed a\u00f0 leyndard\u00f3mur l\u00f6gleysisins er \u00feegar farinn a\u00f0 starfa en fyrst ver\u00f0ur a\u00f0 ry\u00f0ja \u00feeim burt sem stendur \u00ed vegi. <a name=\"8\"><span class=\"versanumer_2007\">8<\/span><\/a> \u00de\u00e1 mun l\u00f6gleysinginn opinberast en Drottinn Jes\u00fas mun koma og birtast, tort\u00edma honum me\u00f0 anda munns s\u00edns og gera hann a\u00f0 engu. <a name=\"9\"><span class=\"versanumer_2007\">9<\/span><\/a> \u00deegar l\u00f6gleysinginn kemur fram er Satan a\u00f0 verki me\u00f0 alls kyns fur\u00f0uverkum, lygat\u00e1knum, undrum <a name=\"10\"><span class=\"versanumer_2007\">10<\/span><\/a> og alls konar rangl\u00e6tisv\u00e9lum sem blekkja \u00feau sem eru \u00e1 gl\u00f6tunarlei\u00f0. \u00deau glatast af \u00fev\u00ed a\u00f0 \u00feau vildu ekki \u00feiggja k\u00e6rleikann til sannleikans svo a\u00f0 \u00feau m\u00e6ttu ver\u00f0a h\u00f3lpin. <a name=\"11\"><span class=\"versanumer_2007\">11<\/span><\/a> \u00deess vegna sendir Gu\u00f0 \u00feeim megna villu til \u00feess a\u00f0 \u00feau tr\u00fai lyginni. <a name=\"12\"><span class=\"versanumer_2007\">12<\/span><\/a> \u00deannig ver\u00f0a \u00feau \u00f6ll d\u00e6md sem tr\u00fa\u00f0u ekki sannleikanum en h\u00f6f\u00f0u vel\u00fe\u00f3knun \u00e1 rangl\u00e6tinu.<\/p>\n<h3 class=\"millifyrirsogn_2007\">Standi\u00f0 st\u00f6\u00f0ug<\/h3>\n<p><a name=\"13\"><span class=\"versanumer_2007\">13<\/span><\/a> En \u00e6t\u00ed\u00f0 hl\u00fdt \u00e9g a\u00f0 \u00feakka Gu\u00f0i fyrir ykkur, br\u00e6\u00f0ur og systur,<span class=\"nedan_mal\" title=\" Or\u00f0r\u00e9tt: br\u00e6\u00f0ur.\">[<\/span> sem Drottinn elskar. Gu\u00f0 \u00fatvaldi ykkur til \u00feess a\u00f0 \u00fei\u00f0 yr\u00f0u\u00f0 frumgr\u00f3\u00f0i til hj\u00e1lpr\u00e6\u00f0is. Gu\u00f0 l\u00e9t andann helga ykkur og \u00fei\u00f0 tr\u00fai\u00f0 \u00e1 sannleikann. <a name=\"14\"><span class=\"versanumer_2007\">14<\/span><\/a> Til \u00feessa kalla\u00f0i hann ykkur. Hann l\u00e9t mig bo\u00f0a ykkur fagna\u00f0arbo\u00f0skapinn um a\u00f0 \u00fei\u00f0 skyldu\u00f0 \u00f6\u00f0last hlutdeild \u00ed d\u00fdr\u00f0 Drottins vors Jes\u00fa Krists. <a name=\"15\"><span class=\"versanumer_2007\">15<\/span><\/a> Systkin,<span class=\"nedan_mal\" title=\" Or\u00f0r\u00e9tt: br\u00e6\u00f0ur.\">[<\/span> standi\u00f0 \u00fev\u00ed st\u00f6\u00f0ug og haldi\u00f0 fast vi\u00f0 \u00fe\u00e6r postullegu kenningar er \u00e9g hef flutt ykkur munnlega e\u00f0a me\u00f0 br\u00e9fi. <br \/> <a name=\"16\"><span class=\"versanumer_2007\">16<\/span><\/a> En sj\u00e1lfur Drottinn vor Jes\u00fas Kristur og Gu\u00f0, fa\u00f0ir vor, sem elska\u00f0i oss og gaf oss \u00ed n\u00e1\u00f0 eil\u00edfa huggun og g\u00f3\u00f0a von, <a name=\"17\"><span class=\"versanumer_2007\">17<\/span><\/a> huggi hj\u00f6rtu y\u00f0ar og styrki \u00ed s\u00e9rhverju g\u00f3\u00f0u verki og or\u00f0i.<\/p>\n","protected":false},"excerpt":{"rendered":"<p>D\u00f3murinn \u00ed v\u00e6ndum 1 En a\u00f0 \u00fev\u00ed er var\u00f0ar komu Drottins vors Jes\u00fa Krists og a\u00f0 vi\u00f0 s\u00f6fnumst til hans bi\u00f0 \u00e9g ykkur, br\u00e6\u00f0ur og systur,[ 2 a\u00f0 vera ekki flj\u00f3t til a\u00f0 komast \u00ed uppn\u00e1m e\u00f0a ver\u00f0a hr\u00e6dd, hvorki \u00fe\u00f3tt v\u00edsa\u00f0 s\u00e9 til andavitrunar n\u00e9 einhvers sem \u00e9g \u00e1 a\u00f0 hafa kennt e\u00f0a skrifa\u00f0 um a\u00f0 dagur Drottins s\u00e9 \u00feegar fyrir h\u00f6ndum. 3 L\u00e1ti\u00f0 engan villa ykkur \u00e1 nokkurn h\u00e1tt. Ekki kemur dagurinn nema fr\u00e1hvarfi\u00f0 komi fyrst og ma\u00f0ur l\u00f6gleysisins komi fram, sonur gl\u00f6tunarinnar, 4 sem setur sig \u00e1 m\u00f3ti Gu\u00f0i og hreykir s\u00e9r yfir allt sem heitir Gu\u00f0 <a href=\"https:\/\/biblian.is\/biblian\/sidara-thessalonikubref-2-kafli\/\"> [&#8230;]<\/a><\/p>\n","protected":false},"author":1,"featured_media":0,"parent":0,"menu_order":0,"comment_status":"open","ping_status":"open","template":"bibliukaflar_NT.php","meta":{"footnotes":""},"class_list":["post-2735","page","type-page","status-publish","hentry"],"_links":{"self":[{"href":"https:\/\/biblian.is\/biblian\/wp-json\/wp\/v2\/pages\/2735","targetHints":{"allow":["GET"]}}],"collection":[{"href":"https:\/\/biblian.is\/biblian\/wp-json\/wp\/v2\/pages"}],"about":[{"href":"https:\/\/biblian.is\/biblian\/wp-json\/wp\/v2\/types\/page"}],"author":[{"embeddable":true,"href":"https:\/\/biblian.is\/biblian\/wp-json\/wp\/v2\/users\/1"}],"replies":[{"embeddable":true,"href":"https:\/\/biblian.is\/biblian\/wp-json\/wp\/v2\/comments?post=2735"}],"version-history":[{"count":0,"href":"https:\/\/biblian.is\/biblian\/wp-json\/wp\/v2\/pages\/2735\/revisions"}],"wp:attachment":[{"href":"https:\/\/biblian.is\/biblian\/wp-json\/wp\/v2\/media?parent=2735"}],"curies":[{"name":"wp","href":"https:\/\/api.w.org\/{rel}","templated":true}]}}