{"id":2734,"date":"2017-12-30T21:04:25","date_gmt":"2017-12-30T21:04:25","guid":{"rendered":"http:\/\/biblian.is\/biblian\/s%c2%92_ara-_essalon%c2%92kubr%c2%8ef-1-kafli\/"},"modified":"2019-08-27T00:07:05","modified_gmt":"2019-08-27T00:07:05","slug":"sidara-thessalonikubref-1-kafli","status":"publish","type":"page","link":"https:\/\/biblian.is\/biblian\/sidara-thessalonikubref-1-kafli\/","title":{"rendered":"S\u00ed\u00f0ara \u00deessalon\u00edkubr\u00e9f 1. kafli"},"content":{"rendered":"<h3 class=\"millifyrirsogn_2007\"> \u00deakkir og fyrirb\u00e6n<\/h3>\n<p><a name=\"1\"><span class=\"versanumer_2007\">1<\/span><\/a> P\u00e1ll, Silvanus og T\u00edm\u00f3teus heilsa s\u00f6fnu\u00f0i \u00deessalon\u00edkumanna \u00ed Gu\u00f0i, f\u00f6\u00f0ur vorum, og Drottni Jes\u00fa Kristi. <br \/> <a name=\"2\"><span class=\"versanumer_2007\">2<\/span><\/a> N\u00e1\u00f0 s\u00e9 me\u00f0 y\u00f0ur og fri\u00f0ur fr\u00e1 Gu\u00f0i f\u00f6\u00f0ur og Drottni Jes\u00fa Kristi. <br \/> <a name=\"3\"><span class=\"versanumer_2007\">3<\/span><\/a> Skylt er okkur, br\u00e6\u00f0ur og systur,<span class=\"nedan_mal\" title=\" Or\u00f0r\u00e9tt: br\u00e6\u00f0ur.\">[<\/span> og maklegt a\u00f0 \u00feakka Gu\u00f0i \u00e6t\u00ed\u00f0 fyrir ykkur \u00fev\u00ed a\u00f0 tr\u00fa ykkar eykst st\u00f3rum og k\u00e6rleiki ykkar allra hvers til annars fer vaxandi. <a name=\"4\"><span class=\"versanumer_2007\">4<\/span><\/a> \u00dev\u00ed get \u00e9g miklast af ykkur \u00ed s\u00f6fnu\u00f0um Gu\u00f0s fyrir \u00feolg\u00e6\u00f0i ykkar og tr\u00fa \u00ed \u00f6llum ofs\u00f3knum ykkar og \u00ferengingum \u00feeim er \u00fei\u00f0 \u00feoli\u00f0. <br \/> <a name=\"5\"><span class=\"versanumer_2007\">5<\/span><\/a> \u00de\u00e6r birta r\u00e9ttl\u00e1tan d\u00f3m Gu\u00f0s og a\u00f0 hann muni meta ykkur makleg Gu\u00f0s r\u00edkis sem \u00fei\u00f0 n\u00fa l\u00ed\u00f0i\u00f0 illt fyrir. <a name=\"6\"><span class=\"versanumer_2007\">6<\/span><\/a> Gu\u00f0 er r\u00e9ttl\u00e1tur, hann endurgeldur \u00feeim \u00ferengingu sem a\u00f0 ykkur \u00ferengja <a name=\"7\"><span class=\"versanumer_2007\">7<\/span><\/a> en veitir ykkur, sem \u00ferengingu l\u00ed\u00f0i\u00f0, hv\u00edld \u00e1samt m\u00e9r \u00feegar Drottinn Jes\u00fas opinberast af himni me\u00f0 m\u00e1ttugum englum s\u00ednum. <a name=\"8\"><span class=\"versanumer_2007\">8<\/span><\/a> Hann kemur \u00ed logandi eldi og hegnir \u00feeim sem \u00feekkja ekki Gu\u00f0 og \u00feeim sem hl\u00fd\u00f0a ekki fagna\u00f0arerindinu um Drottin vorn Jes\u00fa. <a name=\"9\"><span class=\"versanumer_2007\">9<\/span><\/a> \u00deau munu s\u00e6ta hegningu, eil\u00edfri gl\u00f6tun, fjarri augliti Drottins og fjarri d\u00fdr\u00f0 hans og m\u00e6tti. <a name=\"10\"><span class=\"versanumer_2007\">10<\/span><\/a> \u00deetta ver\u00f0ur \u00e1 \u00feeim degi er Drottinn kemur til a\u00f0 opinbera s\u00ednum heil\u00f6gu d\u00fdr\u00f0 s\u00edna og vegsamast af \u00f6llum sem tr\u00fa hafa teki\u00f0. Og \u00fei\u00f0 eru\u00f0 me\u00f0al \u00feeirra sem tr\u00faa\u00f0 hafa \u00feeim vitnisbur\u00f0i sem \u00e9g flutti ykkur. <br \/> <a name=\"11\"><span class=\"versanumer_2007\">11<\/span><\/a> \u00deess vegna bi\u00f0 \u00e9g \u00e1vallt fyrir ykkur a\u00f0 Gu\u00f0 minn \u00e1l\u00edti ykkur makleg \u00feess l\u00edfs sem hann kalla\u00f0i ykkur til og veiti ykkur kraft til a\u00f0 framkv\u00e6ma allt hi\u00f0 g\u00f3\u00f0a sem \u00fei\u00f0 vilji\u00f0 og tr\u00fa ykkar beinir ykkur til. <a name=\"12\"><span class=\"versanumer_2007\">12<\/span><\/a> \u00deannig ver\u00f0ur nafn Drottins vors Jes\u00fa d\u00fdrlegt \u00ed ykkur og \u00fei\u00f0 \u00ed honum fyrir n\u00e1\u00f0 Gu\u00f0s vors og Drottins Jes\u00fa Krists.<span class=\"nedan_mal\" title=\" E\u00f0a: Gu\u00f0s vors, Drottins Jes\u00fa Krists.\">[<\/span> <\/p>\n","protected":false},"excerpt":{"rendered":"<p>\u00deakkir og fyrirb\u00e6n 1 P\u00e1ll, Silvanus og T\u00edm\u00f3teus heilsa s\u00f6fnu\u00f0i \u00deessalon\u00edkumanna \u00ed Gu\u00f0i, f\u00f6\u00f0ur vorum, og Drottni Jes\u00fa Kristi. 2 N\u00e1\u00f0 s\u00e9 me\u00f0 y\u00f0ur og fri\u00f0ur fr\u00e1 Gu\u00f0i f\u00f6\u00f0ur og Drottni Jes\u00fa Kristi. 3 Skylt er okkur, br\u00e6\u00f0ur og systur,[ og maklegt a\u00f0 \u00feakka Gu\u00f0i \u00e6t\u00ed\u00f0 fyrir ykkur \u00fev\u00ed a\u00f0 tr\u00fa ykkar eykst st\u00f3rum og k\u00e6rleiki ykkar allra hvers til annars fer vaxandi. 4 \u00dev\u00ed get \u00e9g miklast af ykkur \u00ed s\u00f6fnu\u00f0um Gu\u00f0s fyrir \u00feolg\u00e6\u00f0i ykkar og tr\u00fa \u00ed \u00f6llum ofs\u00f3knum ykkar og \u00ferengingum \u00feeim er \u00fei\u00f0 \u00feoli\u00f0. 5 \u00de\u00e6r birta r\u00e9ttl\u00e1tan d\u00f3m Gu\u00f0s og a\u00f0 hann muni meta ykkur <a href=\"https:\/\/biblian.is\/biblian\/sidara-thessalonikubref-1-kafli\/\"> [&#8230;]<\/a><\/p>\n","protected":false},"author":1,"featured_media":0,"parent":0,"menu_order":0,"comment_status":"open","ping_status":"open","template":"bibliukaflar_NT.php","meta":{"footnotes":""},"class_list":["post-2734","page","type-page","status-publish","hentry"],"_links":{"self":[{"href":"https:\/\/biblian.is\/biblian\/wp-json\/wp\/v2\/pages\/2734","targetHints":{"allow":["GET"]}}],"collection":[{"href":"https:\/\/biblian.is\/biblian\/wp-json\/wp\/v2\/pages"}],"about":[{"href":"https:\/\/biblian.is\/biblian\/wp-json\/wp\/v2\/types\/page"}],"author":[{"embeddable":true,"href":"https:\/\/biblian.is\/biblian\/wp-json\/wp\/v2\/users\/1"}],"replies":[{"embeddable":true,"href":"https:\/\/biblian.is\/biblian\/wp-json\/wp\/v2\/comments?post=2734"}],"version-history":[{"count":0,"href":"https:\/\/biblian.is\/biblian\/wp-json\/wp\/v2\/pages\/2734\/revisions"}],"wp:attachment":[{"href":"https:\/\/biblian.is\/biblian\/wp-json\/wp\/v2\/media?parent=2734"}],"curies":[{"name":"wp","href":"https:\/\/api.w.org\/{rel}","templated":true}]}}