{"id":2733,"date":"2017-12-30T21:04:25","date_gmt":"2017-12-30T21:04:25","guid":{"rendered":"http:\/\/biblian.is\/biblian\/fyrra-_essalon%c2%92kubr%c2%8ef-5-kafli\/"},"modified":"2019-08-27T00:07:05","modified_gmt":"2019-08-27T00:07:05","slug":"fyrra-thessalonikubref-5-kafli","status":"publish","type":"page","link":"https:\/\/biblian.is\/biblian\/fyrra-thessalonikubref-5-kafli\/","title":{"rendered":"Fyrra \u00deessalon\u00edkubr\u00e9f 5. kafli"},"content":{"rendered":"<h3 class=\"millifyrirsogn_2007\"> B\u00f6rn lj\u00f3ssins og dagsins<\/h3>\n<p><a name=\"1\"><span class=\"versanumer_2007\">1<\/span><\/a> En um t\u00edma og t\u00ed\u00f0ir hafi\u00f0 \u00fei\u00f0, br\u00e6\u00f0ur og systur,<span class=\"nedan_mal\" title=\" Or\u00f0r\u00e9tt: br\u00e6\u00f0ur.\">[<\/span> ekki \u00fe\u00f6rf \u00e1 a\u00f0 ykkur s\u00e9 skrifa\u00f0. <a name=\"2\"><span class=\"versanumer_2007\">2<\/span><\/a> \u00dei\u00f0 viti\u00f0 \u00fea\u00f0 sj\u00e1lf gj\u00f6rla a\u00f0 dagur Drottins kemur sem \u00fej\u00f3fur \u00e1 n\u00f3ttu. <a name=\"3\"><span class=\"versanumer_2007\">3<\/span><\/a> \u00deegar menn segja: \u201eFri\u00f0ur og engin h\u00e6tta,\u201c \u00fe\u00e1 kemur sn\u00f6gglega tort\u00edming yfir \u00fe\u00e1 eins og j\u00f3\u00f0s\u00f3tt yfir \u00feunga\u00f0a konu. Og \u00feeir munu alls ekki undan komast. <a name=\"4\"><span class=\"versanumer_2007\">4<\/span><\/a> En \u00fei\u00f0, systkin,<span class=\"nedan_mal\" title=\" Or\u00f0r\u00e9tt: br\u00e6\u00f0ur.\">[<\/span> eru\u00f0 ekki \u00ed myrkri svo a\u00f0 dagurinn geti komi\u00f0 yfir ykkur sem \u00fej\u00f3fur. <a name=\"5\"><span class=\"versanumer_2007\">5<\/span><\/a> \u00dei\u00f0 eru\u00f0 \u00f6ll b\u00f6rn lj\u00f3ssins og b\u00f6rn dagsins. Vi\u00f0 heyrum ekki n\u00f3ttunni til e\u00f0a myrkrinu. <a name=\"6\"><span class=\"versanumer_2007\">6<\/span><\/a> Sofum \u00fev\u00ed ekki eins og a\u00f0rir heldur v\u00f6kum og verum allsg\u00e1\u00f0. <a name=\"7\"><span class=\"versanumer_2007\">7<\/span><\/a> \u00dev\u00ed a\u00f0 \u00feau sem sofa, sofa um n\u00e6tur og \u00feau sem drekka sig drukkin, drekka um n\u00e6tur. <a name=\"8\"><span class=\"versanumer_2007\">8<\/span><\/a> En vi\u00f0 sem heyrum deginum til skulum vera allsg\u00e1\u00f0, kl\u00e6dd tr\u00fa og k\u00e6rleika sem brynju og voninni um frelsun sem hj\u00e1lmi. <a name=\"9\"><span class=\"versanumer_2007\">9<\/span><\/a> Gu\u00f0 hefur ekki \u00e6tla\u00f0 okkur a\u00f0 ver\u00f0a rei\u00f0inni a\u00f0 br\u00e1\u00f0 heldur a\u00f0 \u00f6\u00f0last s\u00e1luhj\u00e1lp sakir Drottins vors Jes\u00fa Krists. <a name=\"10\"><span class=\"versanumer_2007\">10<\/span><\/a> Hann d\u00f3 fyrir okkur til \u00feess a\u00f0 vi\u00f0 m\u00e6ttum lifa me\u00f0 honum, hvort sem vi\u00f0 v\u00f6kum e\u00f0a sofum. <a name=\"11\"><span class=\"versanumer_2007\">11<\/span><\/a> Hvetji\u00f0 \u00fev\u00ed og uppbyggi\u00f0 hvert anna\u00f0, eins og \u00fei\u00f0 og geri\u00f0. <\/p>\n<h3 class=\"millifyrirsogn_2007\">Fyrirm\u00e6li og kve\u00f0jur<\/h3>\n<p><a name=\"12\"><span class=\"versanumer_2007\">12<\/span><\/a> \u00c9g bi\u00f0 ykkur, systkin,<span class=\"nedan_mal\" title=\" Or\u00f0r\u00e9tt: br\u00e6\u00f0ur.\">[<\/span> a\u00f0 meta \u00fe\u00e1 a\u00f0 ver\u00f0leikum sem erfi\u00f0a \u00e1 me\u00f0al ykkar, veita ykkur forst\u00f6\u00f0u og kenna ykkur a\u00f0 lifa \u00ed samf\u00e9lagi Drottins. <a name=\"13\"><span class=\"versanumer_2007\">13<\/span><\/a> Au\u00f0s\u00fdni\u00f0 \u00feeim s\u00e9rstaka vir\u00f0ingu og k\u00e6rleika fyrir starf \u00feeirra. Lifi\u00f0 \u00ed fri\u00f0i ykkar \u00e1 milli. <br \/> <a name=\"14\"><span class=\"versanumer_2007\">14<\/span><\/a> \u00c9g hvet ykkur, systkin:<span class=\"nedan_mal\" title=\" Or\u00f0r\u00e9tt: br\u00e6\u00f0ur.\">[<\/span> Vandi\u00f0 um vi\u00f0 i\u00f0julausa, hughreysti\u00f0 \u00edst\u00f6\u00f0ulitla, taki\u00f0 a\u00f0 ykkur \u00f3styrka, veri\u00f0 \u00feolinm\u00f3\u00f0 vi\u00f0 alla. <a name=\"15\"><span class=\"versanumer_2007\">15<\/span><\/a> G\u00e6ti\u00f0 \u00feess a\u00f0 enginn gjaldi neinum illt me\u00f0 illu en keppi\u00f0 \u00e1vallt eftir hinu g\u00f3\u00f0a, b\u00e6\u00f0i hvert vi\u00f0 anna\u00f0 og vi\u00f0 alla a\u00f0ra. <br \/> <a name=\"16\"><span class=\"versanumer_2007\">16<\/span><\/a> Veri\u00f0 \u00e6t\u00ed\u00f0 gl\u00f6\u00f0. <a name=\"17\"><span class=\"versanumer_2007\">17<\/span><\/a> Bi\u00f0ji\u00f0 \u00e1n afl\u00e1ts. <a name=\"18\"><span class=\"versanumer_2007\">18<\/span><\/a> \u00deakki\u00f0 alla hluti \u00fev\u00ed a\u00f0 \u00fea\u00f0 er vilji Gu\u00f0s me\u00f0 ykkur \u00ed Kristi Jes\u00fa. <br \/> <a name=\"19\"><span class=\"versanumer_2007\">19<\/span><\/a> Sl\u00f6kkvi\u00f0 ekki andann. <a name=\"20\"><span class=\"versanumer_2007\">20<\/span><\/a> Fyrirl\u00edti\u00f0 ekki sp\u00e1d\u00f3msor\u00f0. <a name=\"21\"><span class=\"versanumer_2007\">21<\/span><\/a> Pr\u00f3fi\u00f0 allt, haldi\u00f0 \u00fev\u00ed sem gott er. <a name=\"22\"><span class=\"versanumer_2007\">22<\/span><\/a> En for\u00f0ist allt illt \u00ed hva\u00f0a mynd sem er. <br \/> <a name=\"23\"><span class=\"versanumer_2007\">23<\/span><\/a> En sj\u00e1lfur fri\u00f0arins Gu\u00f0 helgi y\u00f0ur algerlega og andi y\u00f0ar, s\u00e1l og l\u00edkami var\u00f0veitist alheil og vammlaus vi\u00f0 komu Drottins vors Jes\u00fa Krists. <a name=\"24\"><span class=\"versanumer_2007\">24<\/span><\/a> Tr\u00far er s\u00e1 er y\u00f0ur kallar, hann mun koma \u00feessu til lei\u00f0ar. <br \/> <a name=\"25\"><span class=\"versanumer_2007\">25<\/span><\/a> Systkin,<span class=\"nedan_mal\" title=\" Or\u00f0r\u00e9tt: Br\u00e6\u00f0ur.\">[<\/span> bi\u00f0ji\u00f0 fyrir m\u00e9r. <br \/> <a name=\"26\"><span class=\"versanumer_2007\">26<\/span><\/a> Heilsi\u00f0 \u00f6llum \u00ed s\u00f6fnu\u00f0inum<span class=\"nedan_mal\" title=\" Or\u00f0r\u00e9tt: br\u00e6\u00f0runum.\">[<\/span> me\u00f0 heil\u00f6gum kossi. <br \/> <a name=\"27\"><span class=\"versanumer_2007\">27<\/span><\/a> \u00c9g bi\u00f0 og br\u00fdni y\u00f0ur \u00ed Drottins nafni a\u00f0 \u00fe\u00e9r l\u00e1ti\u00f0 lesa br\u00e9f \u00feetta upp fyrir \u00f6llum \u00ed s\u00f6fnu\u00f0inum.<span class=\"nedan_mal\" title=\" Or\u00f0r\u00e9tt: br\u00e6\u00f0runum.\">[<\/span> <br \/> <a name=\"28\"><span class=\"versanumer_2007\">28<\/span><\/a> N\u00e1\u00f0in Drottins vors Jes\u00fa Krists s\u00e9 me\u00f0 y\u00f0ur. <\/p>\n","protected":false},"excerpt":{"rendered":"<p>B\u00f6rn lj\u00f3ssins og dagsins 1 En um t\u00edma og t\u00ed\u00f0ir hafi\u00f0 \u00fei\u00f0, br\u00e6\u00f0ur og systur,[ ekki \u00fe\u00f6rf \u00e1 a\u00f0 ykkur s\u00e9 skrifa\u00f0. 2 \u00dei\u00f0 viti\u00f0 \u00fea\u00f0 sj\u00e1lf gj\u00f6rla a\u00f0 dagur Drottins kemur sem \u00fej\u00f3fur \u00e1 n\u00f3ttu. 3 \u00deegar menn segja: \u201eFri\u00f0ur og engin h\u00e6tta,\u201c \u00fe\u00e1 kemur sn\u00f6gglega tort\u00edming yfir \u00fe\u00e1 eins og j\u00f3\u00f0s\u00f3tt yfir \u00feunga\u00f0a konu. Og \u00feeir munu alls ekki undan komast. 4 En \u00fei\u00f0, systkin,[ eru\u00f0 ekki \u00ed myrkri svo a\u00f0 dagurinn geti komi\u00f0 yfir ykkur sem \u00fej\u00f3fur. 5 \u00dei\u00f0 eru\u00f0 \u00f6ll b\u00f6rn lj\u00f3ssins og b\u00f6rn dagsins. Vi\u00f0 heyrum ekki n\u00f3ttunni til e\u00f0a myrkrinu. 6 Sofum \u00fev\u00ed ekki <a href=\"https:\/\/biblian.is\/biblian\/fyrra-thessalonikubref-5-kafli\/\"> [&#8230;]<\/a><\/p>\n","protected":false},"author":1,"featured_media":0,"parent":0,"menu_order":0,"comment_status":"open","ping_status":"open","template":"bibliukaflar_NT.php","meta":{"footnotes":""},"class_list":["post-2733","page","type-page","status-publish","hentry"],"_links":{"self":[{"href":"https:\/\/biblian.is\/biblian\/wp-json\/wp\/v2\/pages\/2733","targetHints":{"allow":["GET"]}}],"collection":[{"href":"https:\/\/biblian.is\/biblian\/wp-json\/wp\/v2\/pages"}],"about":[{"href":"https:\/\/biblian.is\/biblian\/wp-json\/wp\/v2\/types\/page"}],"author":[{"embeddable":true,"href":"https:\/\/biblian.is\/biblian\/wp-json\/wp\/v2\/users\/1"}],"replies":[{"embeddable":true,"href":"https:\/\/biblian.is\/biblian\/wp-json\/wp\/v2\/comments?post=2733"}],"version-history":[{"count":0,"href":"https:\/\/biblian.is\/biblian\/wp-json\/wp\/v2\/pages\/2733\/revisions"}],"wp:attachment":[{"href":"https:\/\/biblian.is\/biblian\/wp-json\/wp\/v2\/media?parent=2733"}],"curies":[{"name":"wp","href":"https:\/\/api.w.org\/{rel}","templated":true}]}}