{"id":2731,"date":"2017-12-30T21:04:25","date_gmt":"2017-12-30T21:04:25","guid":{"rendered":"http:\/\/biblian.is\/biblian\/fyrra-_essalon%c2%92kubr%c2%8ef-3-kafli\/"},"modified":"2019-08-27T00:07:05","modified_gmt":"2019-08-27T00:07:05","slug":"fyrra-thessalonikubref-3-kafli","status":"publish","type":"page","link":"https:\/\/biblian.is\/biblian\/fyrra-thessalonikubref-3-kafli\/","title":{"rendered":"Fyrra \u00deessalon\u00edkubr\u00e9f 3. kafli"},"content":{"rendered":"<p><a name=\"1\"><span class=\"versanumer_2007\">1<\/span><\/a> \u00dear kom a\u00f0 \u00e9g \u00feoldi ekki lengur vi\u00f0 og r\u00e9\u00f0 \u00fe\u00e1 af a\u00f0 ver\u00f0a einn eftir \u00ed A\u00feenu <a name=\"2\"><span class=\"versanumer_2007\">2<\/span><\/a> en sendi T\u00edm\u00f3teus, br\u00f3\u00f0ur minn. Hann var samverkama\u00f0ur Gu\u00f0s vi\u00f0 a\u00f0 bo\u00f0a fagna\u00f0arerindi\u00f0 um Krist og \u00e1tti a\u00f0 styrkja ykkur og upp\u00f6rva ykkur \u00ed tr\u00fanni <a name=\"3\"><span class=\"versanumer_2007\">3<\/span><\/a> svo a\u00f0 enginn l\u00e9ti bifast \u00ed \u00feessum \u00ferengingum. \u00dei\u00f0 viti\u00f0 sj\u00e1lf a\u00f0 \u00feeirra er a\u00f0 v\u00e6nta. <a name=\"4\"><span class=\"versanumer_2007\">4<\/span><\/a> \u00deegar \u00e9g var hj\u00e1 ykkur \u00fe\u00e1 sag\u00f0i \u00e9g ykkur fyrir a\u00f0 \u00e9g mundi ver\u00f0a a\u00f0 \u00feola \u00ferengingar. \u00dea\u00f0 er l\u00edka komi\u00f0 fram eins og \u00fei\u00f0 viti\u00f0. <a name=\"5\"><span class=\"versanumer_2007\">5<\/span><\/a> \u00dev\u00ed \u00feoldi \u00e9g ekki lengur vi\u00f0 og sendi T\u00edm\u00f3teus til a\u00f0 f\u00e1 a\u00f0 vita um tr\u00fa ykkar, hvort freistarinn kynni a\u00f0 hafa freista\u00f0 ykkar og erfi\u00f0i mitt or\u00f0i\u00f0 til einskis. <br \/> <a name=\"6\"><span class=\"versanumer_2007\">6<\/span><\/a> En n\u00fa er T\u00edm\u00f3teus aftur kominn til m\u00edn fr\u00e1 ykkur og hefur bori\u00f0 m\u00e9r gle\u00f0ifregn um tr\u00fa ykkar og k\u00e6rleika. Hann segir a\u00f0 \u00fei\u00f0 minnist m\u00edn \u00e1vallt me\u00f0 hl\u00fdjum hug og ykkur langi til a\u00f0 sj\u00e1 mig, eins og mig l\u00edka til a\u00f0 sj\u00e1 ykkur. <a name=\"7\"><span class=\"versanumer_2007\">7<\/span><\/a> S\u00f6kum \u00feessa hef \u00e9g, systkin,<span class=\"nedan_mal\" title=\" Or\u00f0r\u00e9tt: br\u00e6\u00f0ur.\">[<\/span> hloti\u00f0 huggun \u00ed ney\u00f0 minni og \u00ferengingu vegna tr\u00faar ykkar. <a name=\"8\"><span class=\"versanumer_2007\">8<\/span><\/a> N\u00fa lifi \u00e9g fyrst \u00fei\u00f0 standi\u00f0 st\u00f6\u00f0ug \u00ed tr\u00fanni \u00e1 Drottin. <a name=\"9\"><span class=\"versanumer_2007\">9<\/span><\/a> Hvernig get \u00e9g n\u00f3gsamlega \u00feakka\u00f0 Gu\u00f0i fyrir alla \u00fe\u00e1 gle\u00f0i er hann l\u00e9t ykkur veita m\u00e9r? <a name=\"10\"><span class=\"versanumer_2007\">10<\/span><\/a> \u00c9g bi\u00f0 n\u00f3tt og dag, heitt og af hjarta, a\u00f0 f\u00e1 a\u00f0 sj\u00e1 ykkur og b\u00e6ta \u00far \u00fev\u00ed sem \u00e1f\u00e1tt er tr\u00fa ykkar. <br \/> <a name=\"11\"><span class=\"versanumer_2007\">11<\/span><\/a> Sj\u00e1lfur Gu\u00f0 og fa\u00f0ir vor og Drottinn vor Jes\u00fas grei\u00f0i veg minn til ykkar. <a name=\"12\"><span class=\"versanumer_2007\">12<\/span><\/a> En Drottinn efli ykkur og au\u00f0gi a\u00f0 k\u00e6rleika hvert til annars og til allra eins og \u00e9g ber k\u00e6rleika til ykkar. <a name=\"13\"><span class=\"versanumer_2007\">13<\/span><\/a> \u00deannig styrkir hann hj\u00f6rtu ykkar svo a\u00f0 \u00fei\u00f0 ver\u00f0i\u00f0 \u00f3a\u00f0finnanleg og heil\u00f6g \u00ed augum Gu\u00f0s, f\u00f6\u00f0ur vors, \u00feegar Drottinn vor Jes\u00fas kemur \u00e1samt \u00f6llum s\u00ednum heil\u00f6gu. <\/p>\n","protected":false},"excerpt":{"rendered":"<p>1 \u00dear kom a\u00f0 \u00e9g \u00feoldi ekki lengur vi\u00f0 og r\u00e9\u00f0 \u00fe\u00e1 af a\u00f0 ver\u00f0a einn eftir \u00ed A\u00feenu 2 en sendi T\u00edm\u00f3teus, br\u00f3\u00f0ur minn. Hann var samverkama\u00f0ur Gu\u00f0s vi\u00f0 a\u00f0 bo\u00f0a fagna\u00f0arerindi\u00f0 um Krist og \u00e1tti a\u00f0 styrkja ykkur og upp\u00f6rva ykkur \u00ed tr\u00fanni 3 svo a\u00f0 enginn l\u00e9ti bifast \u00ed \u00feessum \u00ferengingum. \u00dei\u00f0 viti\u00f0 sj\u00e1lf a\u00f0 \u00feeirra er a\u00f0 v\u00e6nta. 4 \u00deegar \u00e9g var hj\u00e1 ykkur \u00fe\u00e1 sag\u00f0i \u00e9g ykkur fyrir a\u00f0 \u00e9g mundi ver\u00f0a a\u00f0 \u00feola \u00ferengingar. \u00dea\u00f0 er l\u00edka komi\u00f0 fram eins og \u00fei\u00f0 viti\u00f0. 5 \u00dev\u00ed \u00feoldi \u00e9g ekki lengur vi\u00f0 og sendi T\u00edm\u00f3teus til <a href=\"https:\/\/biblian.is\/biblian\/fyrra-thessalonikubref-3-kafli\/\"> [&#8230;]<\/a><\/p>\n","protected":false},"author":1,"featured_media":0,"parent":0,"menu_order":0,"comment_status":"open","ping_status":"open","template":"bibliukaflar_NT.php","meta":{"footnotes":""},"class_list":["post-2731","page","type-page","status-publish","hentry"],"_links":{"self":[{"href":"https:\/\/biblian.is\/biblian\/wp-json\/wp\/v2\/pages\/2731","targetHints":{"allow":["GET"]}}],"collection":[{"href":"https:\/\/biblian.is\/biblian\/wp-json\/wp\/v2\/pages"}],"about":[{"href":"https:\/\/biblian.is\/biblian\/wp-json\/wp\/v2\/types\/page"}],"author":[{"embeddable":true,"href":"https:\/\/biblian.is\/biblian\/wp-json\/wp\/v2\/users\/1"}],"replies":[{"embeddable":true,"href":"https:\/\/biblian.is\/biblian\/wp-json\/wp\/v2\/comments?post=2731"}],"version-history":[{"count":0,"href":"https:\/\/biblian.is\/biblian\/wp-json\/wp\/v2\/pages\/2731\/revisions"}],"wp:attachment":[{"href":"https:\/\/biblian.is\/biblian\/wp-json\/wp\/v2\/media?parent=2731"}],"curies":[{"name":"wp","href":"https:\/\/api.w.org\/{rel}","templated":true}]}}