{"id":2728,"date":"2017-12-30T21:04:25","date_gmt":"2017-12-30T21:04:25","guid":{"rendered":"http:\/\/biblian.is\/biblian\/k%c2%97lussubr%c2%8efi_-4-kafli\/"},"modified":"2019-08-27T00:10:06","modified_gmt":"2019-08-27T00:10:06","slug":"kolossubrefid-4-kafli","status":"publish","type":"page","link":"https:\/\/biblian.is\/biblian\/kolossubrefid-4-kafli\/","title":{"rendered":"K\u00f3lossubr\u00e9fi\u00f0 4. kafli"},"content":{"rendered":"<p><a name=\"1\"><span class=\"versanumer_2007\">1<\/span><\/a> \u00dei\u00f0 sem eigi\u00f0 \u00fer\u00e6la, veiti\u00f0 \u00feeim \u00fea\u00f0 sem r\u00e9tt er og sanngjarnt og viti\u00f0 a\u00f0 einnig \u00fei\u00f0 eigi\u00f0 Drottin \u00e1 himni.<\/p>\n<h3 class=\"millifyrirsogn_2007\">Fyrirm\u00e6li<\/h3>\n<p><a name=\"2\"><span class=\"versanumer_2007\">2<\/span><\/a> Veri\u00f0 st\u00f6\u00f0ug \u00ed b\u00e6ninni, vaki\u00f0 og bi\u00f0ji\u00f0 me\u00f0 \u00feakkargj\u00f6r\u00f0. <a name=\"3\"><span class=\"versanumer_2007\">3<\/span><\/a> Bi\u00f0ji\u00f0 jafnframt fyrir m\u00e9r a\u00f0 Gu\u00f0 opni m\u00e9r dyr fyrir or\u00f0i\u00f0 og \u00e9g geti bo\u00f0a\u00f0 leyndard\u00f3m Krists. Hans vegna er \u00e9g n\u00fa \u00ed b\u00f6ndum. <a name=\"4\"><span class=\"versanumer_2007\">4<\/span><\/a> Bi\u00f0ji\u00f0 a\u00f0 \u00e9g megi birta hann eins og m\u00e9r ber a\u00f0 tala. <br \/> <a name=\"5\"><span class=\"versanumer_2007\">5<\/span><\/a> Umgangist \u00fe\u00e1 viturlega sem fyrir utan eru og noti\u00f0 hverja stund. <a name=\"6\"><span class=\"versanumer_2007\">6<\/span><\/a> M\u00e1l ykkar s\u00e9 \u00e6t\u00ed\u00f0 lj\u00faflegt en salti krydda\u00f0 til \u00feess a\u00f0 \u00fei\u00f0 viti\u00f0 hvernig \u00fei\u00f0 eigi\u00f0 a\u00f0 svara hverjum manni.<\/p>\n<h3 class=\"millifyrirsogn_2007\">Kve\u00f0jur<\/h3>\n<p><a name=\"7\"><span class=\"versanumer_2007\">7<\/span><\/a> T\u00fdk\u00edkus, minn elska\u00f0i br\u00f3\u00f0ir og tr\u00fai a\u00f0sto\u00f0arma\u00f0ur og samverkama\u00f0ur \u00ed \u00fej\u00f3nustu Drottins, mun l\u00e1ta ykkur vita allt um m\u00edna hagi. <a name=\"8\"><span class=\"versanumer_2007\">8<\/span><\/a> \u00c9g sendi hann til ykkar gagngert til \u00feess a\u00f0 \u00fei\u00f0 f\u00e1i\u00f0 a\u00f0 vita hvernig m\u00e9r l\u00ed\u00f0ur og til \u00feess a\u00f0 hann upp\u00f6rvi ykkur. <a name=\"9\"><span class=\"versanumer_2007\">9<\/span><\/a> Me\u00f0 honum fer Ones\u00edmus, minn tr\u00fai og elska\u00f0i br\u00f3\u00f0ir, sem er einn \u00far ykkar h\u00f3pi. \u00deeir munu l\u00e1ta ykkur vita allt sem h\u00e9r gerist. <br \/> <a name=\"10\"><span class=\"versanumer_2007\">10<\/span><\/a> Aristarkus, sambandingi minn, bi\u00f0ur a\u00f0 heilsa ykkur. Svo og Mark\u00fas, fr\u00e6ndi Barnabasar, sem \u00fei\u00f0 hafi\u00f0 fengi\u00f0 or\u00f0 um. Ef hann kemur til ykkar \u00fe\u00e1 taki\u00f0 vel \u00e1 m\u00f3ti honum. <a name=\"11\"><span class=\"versanumer_2007\">11<\/span><\/a> Enn fremur bi\u00f0ur Jes\u00fas, a\u00f0 vi\u00f0urnefni J\u00fastus, a\u00f0 heilsa ykkur. \u00deeir eru n\u00fa sem stendur einu umskornu samverkamenn m\u00ednir \u00ed \u00fej\u00f3nustu vi\u00f0 Gu\u00f0s r\u00edki og hafa \u00feeir veri\u00f0 m\u00e9r styrkur. <br \/> <a name=\"12\"><span class=\"versanumer_2007\">12<\/span><\/a> Einnig bi\u00f0ur Epafras a\u00f0 heilsa ykkur, sem er einn \u00far ykkar h\u00f3pi. Hann er \u00fej\u00f3nn Krists Jes\u00fa og berst jafnan fyrir ykkur \u00ed b\u00e6num s\u00ednum til \u00feess a\u00f0 \u00fei\u00f0 megi\u00f0 standa st\u00f6\u00f0ug, fullkomin og fullviss \u00ed \u00f6llu \u00fev\u00ed sem Gu\u00f0 vill. <a name=\"13\"><span class=\"versanumer_2007\">13<\/span><\/a> \u00deann vitnisbur\u00f0 gef \u00e9g honum a\u00f0 hann leggur miki\u00f0 \u00e1 sig fyrir ykkur og \u00feau sem eru \u00ed La\u00f3d\u00edkeu og \u00ed H\u00ederap\u00f3lis. <a name=\"14\"><span class=\"versanumer_2007\">14<\/span><\/a> \u00de\u00e1 bi\u00f0ur hann L\u00fakas a\u00f0 heilsa ykkur, l\u00e6knirinn elska\u00f0i, og Demas. <br \/> <a name=\"15\"><span class=\"versanumer_2007\">15<\/span><\/a> Beri\u00f0 kve\u00f0ju s\u00f6fnu\u00f0inum \u00ed La\u00f3d\u00edkeu. Einnig N\u00fdmfu og s\u00f6fnu\u00f0inum sem kemur saman \u00ed h\u00fasi hennar.<span class=\"nedan_mal\" title=\" Annar lesh\u00e1ttur: N\u00fdmfasi \u2026 h\u00fasi hans.\">[<\/span> <a name=\"16\"><span class=\"versanumer_2007\">16<\/span><\/a> \u00deegar b\u00fai\u00f0 er a\u00f0 lesa \u00feetta br\u00e9f upp hj\u00e1 ykkur, \u00fe\u00e1 l\u00e1ti\u00f0 l\u00edka lesa \u00fea\u00f0 \u00ed s\u00f6fnu\u00f0i La\u00f3d\u00edkeumanna. Lesi\u00f0 og br\u00e9fi\u00f0 fr\u00e1 La\u00f3d\u00edkeu. <a name=\"17\"><span class=\"versanumer_2007\">17<\/span><\/a> Segi\u00f0 Arkippusi: \u201eG\u00e6ttu \u00fej\u00f3nustunnar, sem Drottinn f\u00f3l \u00fe\u00e9r, og r\u00e6ktu hana vel.\u201c <br \/> <a name=\"18\"><span class=\"versanumer_2007\">18<\/span><\/a> Kve\u00f0jan er skrifu\u00f0 me\u00f0 minni, P\u00e1ls, eigin hendi. Minnist fj\u00f6tra minna. N\u00e1\u00f0 s\u00e9 me\u00f0 y\u00f0ur! <\/p>\n","protected":false},"excerpt":{"rendered":"<p>1 \u00dei\u00f0 sem eigi\u00f0 \u00fer\u00e6la, veiti\u00f0 \u00feeim \u00fea\u00f0 sem r\u00e9tt er og sanngjarnt og viti\u00f0 a\u00f0 einnig \u00fei\u00f0 eigi\u00f0 Drottin \u00e1 himni. Fyrirm\u00e6li 2 Veri\u00f0 st\u00f6\u00f0ug \u00ed b\u00e6ninni, vaki\u00f0 og bi\u00f0ji\u00f0 me\u00f0 \u00feakkargj\u00f6r\u00f0. 3 Bi\u00f0ji\u00f0 jafnframt fyrir m\u00e9r a\u00f0 Gu\u00f0 opni m\u00e9r dyr fyrir or\u00f0i\u00f0 og \u00e9g geti bo\u00f0a\u00f0 leyndard\u00f3m Krists. Hans vegna er \u00e9g n\u00fa \u00ed b\u00f6ndum. 4 Bi\u00f0ji\u00f0 a\u00f0 \u00e9g megi birta hann eins og m\u00e9r ber a\u00f0 tala. 5 Umgangist \u00fe\u00e1 viturlega sem fyrir utan eru og noti\u00f0 hverja stund. 6 M\u00e1l ykkar s\u00e9 \u00e6t\u00ed\u00f0 lj\u00faflegt en salti krydda\u00f0 til \u00feess a\u00f0 \u00fei\u00f0 viti\u00f0 hvernig \u00fei\u00f0 eigi\u00f0 <a href=\"https:\/\/biblian.is\/biblian\/kolossubrefid-4-kafli\/\"> [&#8230;]<\/a><\/p>\n","protected":false},"author":1,"featured_media":0,"parent":0,"menu_order":0,"comment_status":"open","ping_status":"open","template":"bibliukaflar_NT.php","meta":{"footnotes":""},"class_list":["post-2728","page","type-page","status-publish","hentry"],"_links":{"self":[{"href":"https:\/\/biblian.is\/biblian\/wp-json\/wp\/v2\/pages\/2728","targetHints":{"allow":["GET"]}}],"collection":[{"href":"https:\/\/biblian.is\/biblian\/wp-json\/wp\/v2\/pages"}],"about":[{"href":"https:\/\/biblian.is\/biblian\/wp-json\/wp\/v2\/types\/page"}],"author":[{"embeddable":true,"href":"https:\/\/biblian.is\/biblian\/wp-json\/wp\/v2\/users\/1"}],"replies":[{"embeddable":true,"href":"https:\/\/biblian.is\/biblian\/wp-json\/wp\/v2\/comments?post=2728"}],"version-history":[{"count":0,"href":"https:\/\/biblian.is\/biblian\/wp-json\/wp\/v2\/pages\/2728\/revisions"}],"wp:attachment":[{"href":"https:\/\/biblian.is\/biblian\/wp-json\/wp\/v2\/media?parent=2728"}],"curies":[{"name":"wp","href":"https:\/\/api.w.org\/{rel}","templated":true}]}}