{"id":2726,"date":"2017-12-30T21:04:25","date_gmt":"2017-12-30T21:04:25","guid":{"rendered":"http:\/\/biblian.is\/biblian\/k%c2%97lussubr%c2%8efi_-2-kafli\/"},"modified":"2019-08-27T00:10:06","modified_gmt":"2019-08-27T00:10:06","slug":"kolossubrefid-2-kafli","status":"publish","type":"page","link":"https:\/\/biblian.is\/biblian\/kolossubrefid-2-kafli\/","title":{"rendered":"K\u00f3lossubr\u00e9fi\u00f0 2. kafli"},"content":{"rendered":"<p><a name=\"1\"><span class=\"versanumer_2007\">1<\/span><\/a> \u00c9g vil a\u00f0 \u00fei\u00f0 viti\u00f0 hversu h\u00f6r\u00f0 bar\u00e1tta m\u00edn er vegna ykkar og \u00feeirra \u00ed La\u00f3d\u00edkeu og allra \u00feeirra sem hafa ekki s\u00e9\u00f0 mig sj\u00e1lfan. <a name=\"2\"><span class=\"versanumer_2007\">2<\/span><\/a> Mig langar a\u00f0 allir upp\u00f6rvist \u00ed hj\u00f6rtum s\u00ednum, sameinist \u00ed k\u00e6rleika og \u00f6\u00f0list fulla sannf\u00e6ringu og inns\u00fdn og geti gj\u00f6r\u00feekkt leyndard\u00f3m Gu\u00f0s sem er Kristur.<span class=\"nedan_mal\" title=\"A\u00f0rir lesh\u00e6ttir: leyndard\u00f3m Gu\u00f0s, f\u00f6\u00f0ur Krists; leyndard\u00f3m Gu\u00f0s, f\u00f6\u00f0urins og Krists.\">[<\/span> <a name=\"3\"><span class=\"versanumer_2007\">3<\/span><\/a> En \u00ed honum eru allir fj\u00e1rsj\u00f3\u00f0ir spekinnar og \u00feekkingarinnar f\u00f3lgnir. <br \/> <a name=\"4\"><span class=\"versanumer_2007\">4<\/span><\/a> \u00deetta segi \u00e9g til \u00feess a\u00f0 enginn blekki ykkur me\u00f0 fagurgala. <a name=\"5\"><span class=\"versanumer_2007\">5<\/span><\/a> \u00c9g er hj\u00e1 ykkur \u00ed andanum \u00fe\u00f3tt \u00e9g s\u00e9 l\u00edkamlega fjarl\u00e6gur og horfi me\u00f0 f\u00f6gnu\u00f0i \u00e1 g\u00f3\u00f0a skipan hj\u00e1 ykkur og festu ykkar \u00ed tr\u00fanni \u00e1 Krist. <\/p>\n<h3 class=\"millifyrirsogn_2007\">Hlutdeild \u00ed Kristi, l\u00edf \u00ed honum<\/h3>\n<p><a name=\"6\"><span class=\"versanumer_2007\">6<\/span><\/a> \u00dei\u00f0 hafi\u00f0 teki\u00f0 \u00e1 m\u00f3ti Kristi, Drottni Jes\u00fa. Lifi\u00f0 \u00fev\u00ed \u00ed honum. <a name=\"7\"><span class=\"versanumer_2007\">7<\/span><\/a> Veri\u00f0 r\u00f3tfest \u00ed honum og bygg\u00f0 \u00e1 honum, sta\u00f0f\u00f6st \u00ed tr\u00fanni, eins og ykkur hefur veri\u00f0 kennt, og au\u00f0ug a\u00f0 \u00feakkl\u00e1tsemi.<br \/> <a name=\"8\"><span class=\"versanumer_2007\">8<\/span><\/a> G\u00e6ti\u00f0 \u00feess a\u00f0 l\u00e1ta engan hertaka ykkur me\u00f0 marklausu, villandi spekitali sem byggist \u00e1 mannasetningum og er komi\u00f0 fr\u00e1 heimsv\u00e6ttunum en ekki fr\u00e1 Kristi. <a name=\"9\"><span class=\"versanumer_2007\">9<\/span><\/a> \u00cd manninum Jes\u00fa b\u00fdr \u00f6ll fylling gu\u00f0d\u00f3msins <a name=\"10\"><span class=\"versanumer_2007\">10<\/span><\/a> og \u00fei\u00f0 hafi\u00f0 \u00f6\u00f0last hlutdeild \u00ed fullkomnun hans sem er h\u00f6fu\u00f0 hvers kyns tignar og valds.<br \/> <a name=\"11\"><span class=\"versanumer_2007\">11<\/span><\/a> \u00cd honum eru\u00f0 \u00fei\u00f0 umskorin \u00feeirri umskurn sem ekki er me\u00f0 h\u00f6ndum ger\u00f0. <a name=\"12\"><span class=\"versanumer_2007\">12<\/span><\/a> Me\u00f0 umskurn Krists voru\u00f0 \u00fei\u00f0 afkl\u00e6dd hinum synduga l\u00edkama, greftru\u00f0 me\u00f0 Kristi \u00ed sk\u00edrninni og uppvakin til l\u00edfs me\u00f0 honum fyrir tr\u00fana \u00e1 m\u00e1tt Gu\u00f0s sem vakti hann fr\u00e1 dau\u00f0um. <br \/> <a name=\"13\"><span class=\"versanumer_2007\">13<\/span><\/a> \u00dei\u00f0 voru\u00f0 dau\u00f0 s\u00f6kum afbrota ykkar og umskurnarleysis. En Gu\u00f0 l\u00edfga\u00f0i ykkur \u00e1samt honum \u00feegar hann fyrirgaf okkur \u00f6ll afbrotin. <a name=\"14\"><span class=\"versanumer_2007\">14<\/span><\/a> Hann afm\u00e1\u00f0i skuldabr\u00e9fi\u00f0 sem \u00fejaka\u00f0i okkur me\u00f0 \u00e1kv\u00e6\u00f0um s\u00ednum. Hann t\u00f3k \u00fea\u00f0 burt me\u00f0 \u00fev\u00ed a\u00f0 negla \u00fea\u00f0 \u00e1 krossinn. <a name=\"15\"><span class=\"versanumer_2007\">15<\/span><\/a> Hann fletti vopnum tignirnar og v\u00f6ldin og leiddi \u00feau fram opinberlega til h\u00e1\u00f0ungar \u00feegar hann f\u00f3r s\u00edna sigurf\u00f6r \u00ed Kristi.<br \/> <a name=\"16\"><span class=\"versanumer_2007\">16<\/span><\/a> Enginn skyldi \u00fev\u00ed d\u00e6ma ykkur fyrir mat e\u00f0a drykk e\u00f0a \u00fea\u00f0 sem snertir h\u00e1t\u00ed\u00f0ir, tunglkomur e\u00f0a hv\u00edldardaga. <a name=\"17\"><span class=\"versanumer_2007\">17<\/span><\/a> Sl\u00edkt er a\u00f0eins skuggi \u00feess sem koma \u00e1tti. Veruleikinn er Kristur. <a name=\"18\"><span class=\"versanumer_2007\">18<\/span><\/a> L\u00e1ti\u00f0 \u00fe\u00e1 ekki taka af ykkur hnossi\u00f0 sem st\u00e6ra sig af au\u00f0m\u00fdkt sinni og englad\u00fdrkun og st\u00e1ta af s\u00fdnum s\u00ednum. \u00deeir hrokast upp af engu \u00ed sj\u00e1lfshyggju <a name=\"19\"><span class=\"versanumer_2007\">19<\/span><\/a> \u00ed sta\u00f0 \u00feess a\u00f0 halda s\u00e9r vi\u00f0 hann sem er h\u00f6fu\u00f0i\u00f0 og styrkir allan l\u00edkamann og tengir hann saman me\u00f0 taugum og b\u00f6ndum svo a\u00f0 hann vex eins og Gu\u00f0 vill.<br \/> <a name=\"20\"><span class=\"versanumer_2007\">20<\/span><\/a> Fyrst \u00fei\u00f0 d\u00f3u\u00f0 me\u00f0 Kristi og eru\u00f0 laus undan valdi heimsv\u00e6ttanna, hvers vegna hagi\u00f0 \u00fei\u00f0 ykkur \u00fe\u00e1 eins og \u00fei\u00f0 lif\u00f0u\u00f0 l\u00edfi \u00feessa heims og l\u00e1ti\u00f0 leggja fyrir ykkur bo\u00f0 eins og \u00feessi: <a name=\"21\"><span class=\"versanumer_2007\">21<\/span><\/a> \u201eSnertu ekki, brag\u00f0a\u00f0u ekki, taktu ekki \u00e1?\u201c &#8211; <a name=\"22\"><span class=\"versanumer_2007\">22<\/span><\/a> Allt mun \u00feetta \u00fe\u00f3 ey\u00f0ast vi\u00f0 notkun. &#8211; Mannabo\u00f0or\u00f0 og mannasetningar. <a name=\"23\"><span class=\"versanumer_2007\">23<\/span><\/a> \u00de\u00f3 hefur \u00feetta a\u00f0 s\u00f6nnu or\u00f0 \u00e1 s\u00e9r sem speki, sl\u00edk sj\u00e1lfvalin d\u00fdrkun og au\u00f0m\u00fdking og har\u00f0neskja vi\u00f0 l\u00edkamann. En gildi hefur \u00fea\u00f0 ekkert, fulln\u00e6gir a\u00f0eins eigin hv\u00f6tum.<\/p>\n","protected":false},"excerpt":{"rendered":"<p>1 \u00c9g vil a\u00f0 \u00fei\u00f0 viti\u00f0 hversu h\u00f6r\u00f0 bar\u00e1tta m\u00edn er vegna ykkar og \u00feeirra \u00ed La\u00f3d\u00edkeu og allra \u00feeirra sem hafa ekki s\u00e9\u00f0 mig sj\u00e1lfan. 2 Mig langar a\u00f0 allir upp\u00f6rvist \u00ed hj\u00f6rtum s\u00ednum, sameinist \u00ed k\u00e6rleika og \u00f6\u00f0list fulla sannf\u00e6ringu og inns\u00fdn og geti gj\u00f6r\u00feekkt leyndard\u00f3m Gu\u00f0s sem er Kristur.[ 3 En \u00ed honum eru allir fj\u00e1rsj\u00f3\u00f0ir spekinnar og \u00feekkingarinnar f\u00f3lgnir. 4 \u00deetta segi \u00e9g til \u00feess a\u00f0 enginn blekki ykkur me\u00f0 fagurgala. 5 \u00c9g er hj\u00e1 ykkur \u00ed andanum \u00fe\u00f3tt \u00e9g s\u00e9 l\u00edkamlega fjarl\u00e6gur og horfi me\u00f0 f\u00f6gnu\u00f0i \u00e1 g\u00f3\u00f0a skipan hj\u00e1 ykkur og festu ykkar \u00ed <a href=\"https:\/\/biblian.is\/biblian\/kolossubrefid-2-kafli\/\"> [&#8230;]<\/a><\/p>\n","protected":false},"author":1,"featured_media":0,"parent":0,"menu_order":0,"comment_status":"open","ping_status":"open","template":"bibliukaflar_NT.php","meta":{"footnotes":""},"class_list":["post-2726","page","type-page","status-publish","hentry"],"_links":{"self":[{"href":"https:\/\/biblian.is\/biblian\/wp-json\/wp\/v2\/pages\/2726","targetHints":{"allow":["GET"]}}],"collection":[{"href":"https:\/\/biblian.is\/biblian\/wp-json\/wp\/v2\/pages"}],"about":[{"href":"https:\/\/biblian.is\/biblian\/wp-json\/wp\/v2\/types\/page"}],"author":[{"embeddable":true,"href":"https:\/\/biblian.is\/biblian\/wp-json\/wp\/v2\/users\/1"}],"replies":[{"embeddable":true,"href":"https:\/\/biblian.is\/biblian\/wp-json\/wp\/v2\/comments?post=2726"}],"version-history":[{"count":0,"href":"https:\/\/biblian.is\/biblian\/wp-json\/wp\/v2\/pages\/2726\/revisions"}],"wp:attachment":[{"href":"https:\/\/biblian.is\/biblian\/wp-json\/wp\/v2\/media?parent=2726"}],"curies":[{"name":"wp","href":"https:\/\/api.w.org\/{rel}","templated":true}]}}