{"id":2725,"date":"2017-12-30T21:04:25","date_gmt":"2017-12-30T21:04:25","guid":{"rendered":"http:\/\/biblian.is\/biblian\/k%c2%97lussubr%c2%8efi_-1-kafli\/"},"modified":"2019-08-27T00:10:05","modified_gmt":"2019-08-27T00:10:05","slug":"kolossubrefid-1-kafli","status":"publish","type":"page","link":"https:\/\/biblian.is\/biblian\/kolossubrefid-1-kafli\/","title":{"rendered":"K\u00f3lossubr\u00e9fi\u00f0 1. kafli"},"content":{"rendered":"<h3 class=\"millifyrirsogn_2007\"> Kve\u00f0ja<\/h3>\n<p><a name=\"1\"><span class=\"versanumer_2007\">1<\/span><\/a> P\u00e1ll, a\u00f0 vilja Gu\u00f0s postuli Krists Jes\u00fa, og T\u00edm\u00f3teus, br\u00f3\u00f0ir vor, heilsa <a name=\"2\"><span class=\"versanumer_2007\">2<\/span><\/a> \u00feeim \u00ed K\u00f3lossu sem eru tr\u00fau\u00f0 og helgu\u00f0 systkin<span class=\"nedan_mal\" title=\" Or\u00f0r\u00e9tt: hinum heil\u00f6gu og tr\u00fau\u00f0u br\u00e6\u00f0rum.\">[<\/span> \u00ed Kristi. N\u00e1\u00f0 s\u00e9 me\u00f0 y\u00f0ur og fri\u00f0ur fr\u00e1 Gu\u00f0i f\u00f6\u00f0ur vorum. <\/p>\n<h3 class=\"millifyrirsogn_2007\">\u00deakkir og fyrirb\u00e6n<\/h3>\n<p><a name=\"3\"><span class=\"versanumer_2007\">3<\/span><\/a> \u00c9g \u00feakka Gu\u00f0i, f\u00f6\u00f0ur Drottins vors Jes\u00fa Krists, \u00e1vallt er \u00e9g bi\u00f0 fyrir ykkur. <a name=\"4\"><span class=\"versanumer_2007\">4<\/span><\/a> \u00c9g hef heyrt um tr\u00fa ykkar \u00e1 Krist Jes\u00fa og um k\u00e6rleikann sem \u00fei\u00f0 beri\u00f0 til allra heilagra <a name=\"5\"><span class=\"versanumer_2007\">5<\/span><\/a> vegna vonarinnar um \u00fea\u00f0 sem \u00fei\u00f0 eigi\u00f0 geymt \u00ed himnunum og \u00fei\u00f0 hafi\u00f0 \u00e1\u00f0ur heyrt um \u00ed or\u00f0i sannleikans, fagna\u00f0arerindinu. <a name=\"6\"><span class=\"versanumer_2007\">6<\/span><\/a> \u00dea\u00f0 er ekki a\u00f0eins komi\u00f0 til ykkar heldur alls heimsins og ber \u00e1v\u00f6xt og vex eins og \u00fea\u00f0 hefur l\u00edka gert hj\u00e1 ykkur fr\u00e1 \u00feeim degi er \u00fei\u00f0 heyr\u00f0u\u00f0 \u00fea\u00f0 og sannf\u00e6r\u00f0ust um n\u00e1\u00f0 Gu\u00f0s. <a name=\"7\"><span class=\"versanumer_2007\">7<\/span><\/a> Hi\u00f0 sama hafi\u00f0 \u00fei\u00f0 og numi\u00f0 af Epafrasi, elsku\u00f0um sam\u00fej\u00f3ni okkar, sem er tr\u00far \u00fej\u00f3nn Krists \u00ed ykkar \u00fe\u00e1gu.<span class=\"nedan_mal\" title=\" Annar lesh\u00e1ttur: \u00ed okkar \u00fe\u00e1gu.\">[<\/span> <a name=\"8\"><span class=\"versanumer_2007\">8<\/span><\/a> Hann hefur og sagt okkur fr\u00e1 k\u00e6rleika ykkar sem andinn hefur vaki\u00f0 me\u00f0 ykkur. <br \/> <a name=\"9\"><span class=\"versanumer_2007\">9<\/span><\/a> Fr\u00e1 \u00feeim degi, er \u00e9g heyr\u00f0i \u00feetta, hef \u00e9g \u00fev\u00ed ekki l\u00e1ti\u00f0 af a\u00f0 bi\u00f0ja fyrir ykkur. \u00c9g bi\u00f0 \u00feess a\u00f0 Gu\u00f0 l\u00e1ti anda sinn au\u00f0ga ykkur a\u00f0 \u00feekkingu \u00e1 vilja s\u00ednum me\u00f0 allri speki og skilningi <a name=\"10\"><span class=\"versanumer_2007\">10<\/span><\/a> svo a\u00f0 \u00fei\u00f0 breyti\u00f0 eins og Gu\u00f0i l\u00edkar og \u00fe\u00f3knist honum \u00e1 allan h\u00e1tt, a\u00f0 \u00fei\u00f0 beri\u00f0 \u00e1v\u00f6xt me\u00f0 hvers kyns g\u00f3\u00f0um verkum og vaxi\u00f0 a\u00f0 \u00feekkingu \u00e1 Gu\u00f0i. <a name=\"11\"><span class=\"versanumer_2007\">11<\/span><\/a> Hann styrki ykkur \u00e1 allar lundir me\u00f0 d\u00fdr\u00f0arm\u00e6tti s\u00ednum svo a\u00f0 \u00fei\u00f0 fyllist \u00feolg\u00e6\u00f0i \u00ed hv\u00edvetna og umbur\u00f0arlyndi og geti\u00f0 me\u00f0 gle\u00f0i <a name=\"12\"><span class=\"versanumer_2007\">12<\/span><\/a> \u00feakka\u00f0<span class=\"nedan_mal\" title=\" E\u00f0a: umbur\u00f0arlyndi og gle\u00f0i og geti\u00f0 \u00feakka\u00f0.\">[<\/span> f\u00f6\u00f0urnum sem hefur gert ykkur f\u00e6rt a\u00f0 f\u00e1 arfleif\u00f0 heilagra \u00ed lj\u00f3sinu. <a name=\"13\"><span class=\"versanumer_2007\">13<\/span><\/a> Hann hefur frelsa\u00f0 okkur fr\u00e1 valdi myrkursins og flutt okkur yfir \u00ed r\u00edki s\u00edns elska\u00f0a sonar. <a name=\"14\"><span class=\"versanumer_2007\">14<\/span><\/a> \u00cd honum eigum vi\u00f0 endurlausnina, fyrirgefningu synda okkar. <\/p>\n<h3 class=\"millifyrirsogn_2007\">Gu\u00f0 \u00ed Kristi<\/h3>\n<p><span class=\"ljodatexti\"> <a name=\"15\"><span class=\"versanumer_ljod\">15<\/span><\/a>Hann er \u00edmynd hins \u00f3s\u00fdnilega Gu\u00f0s, <br \/>frumbur\u00f0ur allrar sk\u00f6punar. <br \/> <\/span> <span class=\"ljodatexti\"> <a name=\"16\"><span class=\"versanumer_ljod\">16<\/span><\/a>Enda var allt skapa\u00f0 \u00ed honum <br \/>\u00ed himnunum og \u00e1 j\u00f6r\u00f0inni, <br \/>hi\u00f0 s\u00fdnilega og hi\u00f0 \u00f3s\u00fdnilega, <br \/>h\u00e1s\u00e6ti og herrad\u00f3mar, tignir og v\u00f6ld. <br \/>Allt er skapa\u00f0 fyrir hann og til hans. <br \/> <\/span> <span class=\"ljodatexti\"> <a name=\"17\"><span class=\"versanumer_ljod\">17<\/span><\/a>Hann er fyrri en allt og allt \u00e1 tilveru s\u00edna \u00ed honum. <br \/> <\/span> <span class=\"ljodatexti\"> <a name=\"18\"><span class=\"versanumer_ljod\">18<\/span><\/a>Og hann er h\u00f6fu\u00f0 l\u00edkamans, kirkjunnar, <br \/>hann sem er upphafi\u00f0, frumbur\u00f0urinn fr\u00e1 hinum dau\u00f0u. <br \/>\u00deannig skyldi hann ver\u00f0a fremstur \u00ed \u00f6llu. <br \/> <\/span> <span class=\"ljodatexti\"> <a name=\"19\"><span class=\"versanumer_ljod\">19<\/span><\/a>\u00dev\u00ed a\u00f0 \u00ed honum \u00fe\u00f3kna\u00f0ist Gu\u00f0i a\u00f0 l\u00e1ta alla fyllingu s\u00edna b\u00faa <br \/> <\/span> <span class=\"ljodatexti\"> <a name=\"20\"><span class=\"versanumer_ljod\">20<\/span><\/a>og l\u00e1ta hann koma \u00f6llu \u00ed s\u00e1tt vi\u00f0 sig, <br \/>\u00f6llu b\u00e6\u00f0i \u00e1 j\u00f6r\u00f0u og himnum, <br \/>me\u00f0 \u00fev\u00ed a\u00f0 semja fri\u00f0 me\u00f0 bl\u00f3\u00f0i s\u00ednu \u00fathelltu \u00e1 krossi. <\/span> <br \/> <a name=\"21\"><span class=\"versanumer_2007\">21<\/span><\/a> Ykkur, sem voru\u00f0 \u00e1\u00f0ur fr\u00e1hverf Gu\u00f0i og \u00f3vinveitt \u00ed huga og vondum verkum, <a name=\"22\"><span class=\"versanumer_2007\">22<\/span><\/a> hefur hann n\u00fa s\u00e6tt vi\u00f0 sig me\u00f0 dau\u00f0a Krists \u00ed jar\u00f0neskum l\u00edkama. Hann l\u00e6tur ykkur koma fram fyrir sig heil\u00f6g og l\u00fdtalaus, \u00f3a\u00f0finnanleg, <a name=\"23\"><span class=\"versanumer_2007\">23<\/span><\/a> ef \u00fei\u00f0 standi\u00f0 st\u00f6\u00f0ug \u00ed tr\u00fanni, \u00e1 f\u00f6stum grunni og hviki\u00f0 ekki fr\u00e1 von \u00feess fagna\u00f0arerindis sem \u00fei\u00f0 hafi\u00f0 heyrt og bo\u00f0a\u00f0 hefur veri\u00f0 \u00f6llu sem skapa\u00f0 er \u00ed heiminum. \u00c9g, P\u00e1ll, er or\u00f0inn \u00fej\u00f3nn \u00feess. <\/p>\n<h3 class=\"millifyrirsogn_2007\">Hann bo\u00f0um vi\u00f0<\/h3>\n<p><a name=\"24\"><span class=\"versanumer_2007\">24<\/span><\/a> N\u00fa er \u00e9g gla\u00f0ur \u00ed \u00fej\u00e1ningum m\u00ednum ykkar vegna og uppfylli me\u00f0 \u00fej\u00e1ningum l\u00edkama m\u00edns \u00fea\u00f0 sem enn vantar \u00e1 \u00fej\u00e1ningar Krists til heilla fyrir l\u00edkama hans, kirkjuna. <a name=\"25\"><span class=\"versanumer_2007\">25<\/span><\/a> Hennar \u00fej\u00f3nn er \u00e9g or\u00f0inn og hef \u00fea\u00f0 hlutverk a\u00f0 bo\u00f0a Gu\u00f0s or\u00f0 \u00f3skora\u00f0, <a name=\"26\"><span class=\"versanumer_2007\">26<\/span><\/a> leyndard\u00f3minn sem hefur veri\u00f0 hulinn fr\u00e1 upphafi t\u00ed\u00f0a og kynsl\u00f3\u00f0a en hefur n\u00fa veri\u00f0 opinbera\u00f0ur Gu\u00f0s heil\u00f6gu. <a name=\"27\"><span class=\"versanumer_2007\">27<\/span><\/a> Gu\u00f0 vildi opinbera \u00feeim hv\u00edl\u00edkan d\u00fdr\u00f0arr\u00edkd\u00f3m hei\u00f0nar \u00fej\u00f3\u00f0ir eiga \u00ed \u00feessum leyndard\u00f3mi sem er Kristur me\u00f0al ykkar, von d\u00fdr\u00f0arinnar. <br \/> <a name=\"28\"><span class=\"versanumer_2007\">28<\/span><\/a> Hann bo\u00f0a \u00e9g, \u00e1minni og fr\u00e6\u00f0i hvern mann me\u00f0 allri speki a\u00f0 \u00e9g megi lei\u00f0a alla fram fullkomna \u00ed Kristi. <a name=\"29\"><span class=\"versanumer_2007\">29<\/span><\/a> A\u00f0 \u00feessu strita \u00e9g og str\u00ed\u00f0i me\u00f0 \u00feeim m\u00e6tti sem Kristur l\u00e6tur kr\u00f6ftuglega verka \u00ed m\u00e9r.<\/p>\n","protected":false},"excerpt":{"rendered":"<p>Kve\u00f0ja 1 P\u00e1ll, a\u00f0 vilja Gu\u00f0s postuli Krists Jes\u00fa, og T\u00edm\u00f3teus, br\u00f3\u00f0ir vor, heilsa 2 \u00feeim \u00ed K\u00f3lossu sem eru tr\u00fau\u00f0 og helgu\u00f0 systkin[ \u00ed Kristi. N\u00e1\u00f0 s\u00e9 me\u00f0 y\u00f0ur og fri\u00f0ur fr\u00e1 Gu\u00f0i f\u00f6\u00f0ur vorum. \u00deakkir og fyrirb\u00e6n 3 \u00c9g \u00feakka Gu\u00f0i, f\u00f6\u00f0ur Drottins vors Jes\u00fa Krists, \u00e1vallt er \u00e9g bi\u00f0 fyrir ykkur. 4 \u00c9g hef heyrt um tr\u00fa ykkar \u00e1 Krist Jes\u00fa og um k\u00e6rleikann sem \u00fei\u00f0 beri\u00f0 til allra heilagra 5 vegna vonarinnar um \u00fea\u00f0 sem \u00fei\u00f0 eigi\u00f0 geymt \u00ed himnunum og \u00fei\u00f0 hafi\u00f0 \u00e1\u00f0ur heyrt um \u00ed or\u00f0i sannleikans, fagna\u00f0arerindinu. 6 \u00dea\u00f0 er ekki a\u00f0eins komi\u00f0 <a href=\"https:\/\/biblian.is\/biblian\/kolossubrefid-1-kafli\/\"> [&#8230;]<\/a><\/p>\n","protected":false},"author":1,"featured_media":0,"parent":0,"menu_order":0,"comment_status":"open","ping_status":"open","template":"bibliukaflar_NT.php","meta":{"footnotes":""},"class_list":["post-2725","page","type-page","status-publish","hentry"],"_links":{"self":[{"href":"https:\/\/biblian.is\/biblian\/wp-json\/wp\/v2\/pages\/2725","targetHints":{"allow":["GET"]}}],"collection":[{"href":"https:\/\/biblian.is\/biblian\/wp-json\/wp\/v2\/pages"}],"about":[{"href":"https:\/\/biblian.is\/biblian\/wp-json\/wp\/v2\/types\/page"}],"author":[{"embeddable":true,"href":"https:\/\/biblian.is\/biblian\/wp-json\/wp\/v2\/users\/1"}],"replies":[{"embeddable":true,"href":"https:\/\/biblian.is\/biblian\/wp-json\/wp\/v2\/comments?post=2725"}],"version-history":[{"count":0,"href":"https:\/\/biblian.is\/biblian\/wp-json\/wp\/v2\/pages\/2725\/revisions"}],"wp:attachment":[{"href":"https:\/\/biblian.is\/biblian\/wp-json\/wp\/v2\/media?parent=2725"}],"curies":[{"name":"wp","href":"https:\/\/api.w.org\/{rel}","templated":true}]}}