{"id":2723,"date":"2017-12-30T21:04:25","date_gmt":"2017-12-30T21:04:25","guid":{"rendered":"http:\/\/biblian.is\/biblian\/filipp%c2%92br%c2%8efi_-3-kafli\/"},"modified":"2019-08-27T00:03:52","modified_gmt":"2019-08-27T00:03:52","slug":"filippibrefid-3-kafli","status":"publish","type":"page","link":"https:\/\/biblian.is\/biblian\/filippibrefid-3-kafli\/","title":{"rendered":"Filipp\u00edbr\u00e9fi\u00f0 3. kafli"},"content":{"rendered":"<h3 class=\"millifyrirsogn_2007\"> A\u00f0 \u00feekkja Krist<\/h3>\n<p><a name=\"1\"><span class=\"versanumer_2007\">1<\/span><\/a> Enn og aftur, br\u00e6\u00f0ur m\u00ednir og systur,<span class=\"nedan_mal\" title=\" Or\u00f0r\u00e9tt: br\u00e6\u00f0ur m\u00ednir.\">[<\/span> veri\u00f0 gl\u00f6\u00f0 \u00ed Drottni. \u00c9g tel ekki eftir m\u00e9r a\u00f0 endurtaka \u00fea\u00f0 sem \u00e9g hef skrifa\u00f0 en ykkur er \u00fea\u00f0 fyrir bestu. <br \/> <a name=\"2\"><span class=\"versanumer_2007\">2<\/span><\/a> Varist hundana, varist hina vondu verkamenn, varist hina sundurskornu. <a name=\"3\"><span class=\"versanumer_2007\">3<\/span><\/a> Umskurnina eigum vi\u00f0 sem d\u00fdrkum Gu\u00f0 \u00ed anda og miklumst af Jes\u00fa Kristi en treystum engum ytri au\u00f0kennum, <a name=\"4\"><span class=\"versanumer_2007\">4<\/span><\/a> enda \u00fe\u00f3tt \u00e9g fyrir mitt leyti hafi sl\u00edk au\u00f0kenni sem \u00e9g m\u00e6tti treysta. Ef einhver annar \u00feykist geta treyst \u00e1 ytri merki g\u00e6ti \u00e9g \u00fea\u00f0 fremur. <a name=\"5\"><span class=\"versanumer_2007\">5<\/span><\/a> \u00c9g var umskorinn \u00e1 \u00e1ttunda degi, af kyni \u00cdsraels, \u00e6ttkv\u00edsl Benjam\u00edns, Hebrei af Hebreum, \u00ed l\u00f6gm\u00e1lshl\u00fd\u00f0ni far\u00edsei, <a name=\"6\"><span class=\"versanumer_2007\">6<\/span><\/a> svo kappsfullur a\u00f0 \u00e9g ofs\u00f3tti kirkjuna. Ef liti\u00f0 er \u00e1 r\u00e9ttl\u00e6ti\u00f0, sem f\u00e6st me\u00f0 l\u00f6gm\u00e1linu, var \u00e9g vammlaus.<br \/> <a name=\"7\"><span class=\"versanumer_2007\">7<\/span><\/a> En \u00fea\u00f0 sem var m\u00e9r \u00e1vinningur met \u00e9g n\u00fa vera tj\u00f3n sakir Krists. <a name=\"8\"><span class=\"versanumer_2007\">8<\/span><\/a> J\u00e1, meira a\u00f0 segja met \u00e9g allt vera tj\u00f3n hj\u00e1 \u00feeim yfirbur\u00f0um a\u00f0 \u00feekkja Krist Jes\u00fa, Drottin minn. Sakir hans hef \u00e9g misst allt og met \u00fea\u00f0 sem sorp til \u00feess a\u00f0 \u00e9g geti \u00e1unni\u00f0 Krist <a name=\"9\"><span class=\"versanumer_2007\">9<\/span><\/a> og reynst vera \u00ed honum, ekki sakir eigin r\u00e9ttl\u00e6tis, sem f\u00e6st af hl\u00fd\u00f0ni vi\u00f0 l\u00f6gm\u00e1li\u00f0, heldur sakir \u00feess sem tr\u00fain \u00e1 Krist gefur, r\u00e9ttl\u00e6ti\u00f0 fr\u00e1 Gu\u00f0i me\u00f0 tr\u00fanni. &#8211; <a name=\"10\"><span class=\"versanumer_2007\">10<\/span><\/a> \u00c9g vil \u00feekkja Krist og kraft upprisu hans, \u00e9g vil \u00fej\u00e1st me\u00f0 honum og l\u00edkjast honum \u00ed dau\u00f0a hans. <a name=\"11\"><span class=\"versanumer_2007\">11<\/span><\/a> M\u00e6tti m\u00e9r au\u00f0nast a\u00f0 n\u00e1 til upprisunnar fr\u00e1 dau\u00f0um. <a name=\"12\"><span class=\"versanumer_2007\">12<\/span><\/a> Ekki er svo a\u00f0 \u00e9g hafi \u00feegar n\u00e1\u00f0 \u00fev\u00ed e\u00f0a s\u00e9 \u00feegar fullkominn. En \u00e9g keppi eftir \u00fev\u00ed ef \u00e9g skyldi geta h\u00f6ndla\u00f0 \u00fea\u00f0, me\u00f0 \u00fev\u00ed a\u00f0 \u00e9g er h\u00f6ndla\u00f0ur af Kristi Jes\u00fa. <a name=\"13\"><span class=\"versanumer_2007\">13<\/span><\/a> Systkin,<span class=\"nedan_mal\" title=\" Or\u00f0r\u00e9tt: Br\u00e6\u00f0ur.\">[<\/span> ekki tel \u00e9g sj\u00e1lfan mig enn<span class=\"nedan_mal\" title=\" Or\u00f0i\u00f0 \u201eenn\u201c vantar \u00ed sum handrit.\">[<\/span> hafa h\u00f6ndla\u00f0 \u00fea\u00f0. En eitt geri \u00e9g. \u00c9g gleymi \u00fev\u00ed sem a\u00f0 baki er en seilist eftir \u00fev\u00ed sem fram undan er <a name=\"14\"><span class=\"versanumer_2007\">14<\/span><\/a> og keppi \u00feannig a\u00f0 markinu, til ver\u00f0launanna \u00e1 himnum, sem Gu\u00f0 hefur \u00ed Kristi kalla\u00f0 okkur til. <br \/> <a name=\"15\"><span class=\"versanumer_2007\">15<\/span><\/a> \u00deetta hugarfar skulum vi\u00f0 \u00fev\u00ed \u00f6ll hafa sem fullkomin erum. Og ef \u00fei\u00f0 hugsi\u00f0 \u00ed nokkru \u00f6\u00f0ruv\u00edsi, \u00fe\u00e1 mun Gu\u00f0 einnig opinbera ykkur \u00feetta. <a name=\"16\"><span class=\"versanumer_2007\">16<\/span><\/a> Vi\u00f0 skulum fyrir alla muni ganga \u00fe\u00e1 g\u00f6tu sem vi\u00f0 h\u00f6fum komist \u00e1. <br \/> <a name=\"17\"><span class=\"versanumer_2007\">17<\/span><\/a> Systkin,<span class=\"nedan_mal\" title=\" Or\u00f0r\u00e9tt: Br\u00e6\u00f0ur.\">[<\/span> breyti\u00f0 \u00f6ll eftir m\u00e9r og festi\u00f0 sj\u00f3nir ykkar \u00e1 \u00feeim sem breyta eftir \u00feeirri fyrirmynd er vi\u00f0 h\u00f6fum gefi\u00f0 ykkur. <a name=\"18\"><span class=\"versanumer_2007\">18<\/span><\/a> Margir breyta &#8211; \u00e9g hef oft sagt ykkur \u00fea\u00f0 og n\u00fa segi \u00e9g \u00fea\u00f0 jafnvel gr\u00e1tandi &#8211; eins og \u00f3vinir kross Krists. <a name=\"19\"><span class=\"versanumer_2007\">19<\/span><\/a> Afdrif \u00feeirra eru gl\u00f6tun. Gu\u00f0 \u00feeirra er maginn, \u00feeim \u00feykir s\u00f3mi a\u00f0 sk\u00f6mminni og \u00feeir hafa hugann \u00e1 jar\u00f0neskum munum. <a name=\"20\"><span class=\"versanumer_2007\">20<\/span><\/a> En f\u00f6\u00f0urland okkar er \u00e1 himni og fr\u00e1 himni v\u00e6ntum vi\u00f0 frelsarans, Drottins Jes\u00fa Krists. <a name=\"21\"><span class=\"versanumer_2007\">21<\/span><\/a> Hann mun breyta veikum og forgengilegum l\u00edkama okkar svo a\u00f0 hann f\u00e1i s\u00f6mu mynd og d\u00fdr\u00f0arl\u00edkami hans \u00fev\u00ed hann hefur kraftinn til a\u00f0 leggja allt undir sig. <\/p>\n","protected":false},"excerpt":{"rendered":"<p>A\u00f0 \u00feekkja Krist 1 Enn og aftur, br\u00e6\u00f0ur m\u00ednir og systur,[ veri\u00f0 gl\u00f6\u00f0 \u00ed Drottni. \u00c9g tel ekki eftir m\u00e9r a\u00f0 endurtaka \u00fea\u00f0 sem \u00e9g hef skrifa\u00f0 en ykkur er \u00fea\u00f0 fyrir bestu. 2 Varist hundana, varist hina vondu verkamenn, varist hina sundurskornu. 3 Umskurnina eigum vi\u00f0 sem d\u00fdrkum Gu\u00f0 \u00ed anda og miklumst af Jes\u00fa Kristi en treystum engum ytri au\u00f0kennum, 4 enda \u00fe\u00f3tt \u00e9g fyrir mitt leyti hafi sl\u00edk au\u00f0kenni sem \u00e9g m\u00e6tti treysta. Ef einhver annar \u00feykist geta treyst \u00e1 ytri merki g\u00e6ti \u00e9g \u00fea\u00f0 fremur. 5 \u00c9g var umskorinn \u00e1 \u00e1ttunda degi, af kyni \u00cdsraels, \u00e6ttkv\u00edsl <a href=\"https:\/\/biblian.is\/biblian\/filippibrefid-3-kafli\/\"> [&#8230;]<\/a><\/p>\n","protected":false},"author":1,"featured_media":0,"parent":0,"menu_order":0,"comment_status":"open","ping_status":"open","template":"bibliukaflar_NT.php","meta":{"footnotes":""},"class_list":["post-2723","page","type-page","status-publish","hentry"],"_links":{"self":[{"href":"https:\/\/biblian.is\/biblian\/wp-json\/wp\/v2\/pages\/2723","targetHints":{"allow":["GET"]}}],"collection":[{"href":"https:\/\/biblian.is\/biblian\/wp-json\/wp\/v2\/pages"}],"about":[{"href":"https:\/\/biblian.is\/biblian\/wp-json\/wp\/v2\/types\/page"}],"author":[{"embeddable":true,"href":"https:\/\/biblian.is\/biblian\/wp-json\/wp\/v2\/users\/1"}],"replies":[{"embeddable":true,"href":"https:\/\/biblian.is\/biblian\/wp-json\/wp\/v2\/comments?post=2723"}],"version-history":[{"count":0,"href":"https:\/\/biblian.is\/biblian\/wp-json\/wp\/v2\/pages\/2723\/revisions"}],"wp:attachment":[{"href":"https:\/\/biblian.is\/biblian\/wp-json\/wp\/v2\/media?parent=2723"}],"curies":[{"name":"wp","href":"https:\/\/api.w.org\/{rel}","templated":true}]}}