{"id":2722,"date":"2017-12-30T21:04:25","date_gmt":"2017-12-30T21:04:25","guid":{"rendered":"http:\/\/biblian.is\/biblian\/filipp%c2%92br%c2%8efi_-2-kafli\/"},"modified":"2019-08-27T00:03:52","modified_gmt":"2019-08-27T00:03:52","slug":"filippibrefid-2-kafli","status":"publish","type":"page","link":"https:\/\/biblian.is\/biblian\/filippibrefid-2-kafli\/","title":{"rendered":"Filipp\u00edbr\u00e9fi\u00f0 2. kafli"},"content":{"rendered":"<h3 class=\"millifyrirsogn_2007\"> Veri\u00f0 me\u00f0 sama hugarfari og Kristur<\/h3>\n<p><a name=\"1\"><span class=\"versanumer_2007\">1<\/span><\/a> Fyrst Kristur veitir kjark, fyrst k\u00e6rleikur hans upp\u00f6rvar, fyrst andi hans skapar samf\u00e9lag, fyrst \u00fear r\u00edkir hl\u00fdja og sam\u00fa\u00f0 <a name=\"2\"><span class=\"versanumer_2007\">2<\/span><\/a> geri\u00f0 \u00fe\u00e1 gle\u00f0i m\u00edna fullkomna me\u00f0 \u00fev\u00ed a\u00f0 vera einhuga, hafa sama k\u00e6rleika, einn hug og eina s\u00e1l. <a name=\"3\"><span class=\"versanumer_2007\">3<\/span><\/a> Geri\u00f0 ekkert af eigingirni e\u00f0a h\u00e9g\u00f3magirnd. Veri\u00f0 l\u00edtill\u00e1t og meti\u00f0 hvert anna\u00f0 meira en ykkur sj\u00e1lf. <a name=\"4\"><span class=\"versanumer_2007\">4<\/span><\/a> L\u00edti\u00f0 ekki a\u00f0eins \u00e1 eigin hag heldur einnig annarra. <a name=\"5\"><span class=\"versanumer_2007\">5<\/span><\/a> Veri\u00f0 me\u00f0 sama hugarfari sem Kristur Jes\u00fas var. <br \/> <span class=\"ljodatexti\"> <a name=\"6\"><span class=\"versanumer_ljod\">6<\/span><\/a>Hann var \u00ed Gu\u00f0s mynd. <br \/>En hann f\u00f3r ekki me\u00f0 \u00fea\u00f0 sem feng sinn a\u00f0 vera Gu\u00f0i l\u00edkur. <br \/> <\/span> <span class=\"ljodatexti\"> <a name=\"7\"><span class=\"versanumer_ljod\">7<\/span><\/a>Hann svipti sig \u00f6llu, t\u00f3k \u00e1 sig \u00fej\u00f3ns mynd <br \/>og var\u00f0 m\u00f6nnum l\u00edkur. <br \/>Hann kom fram sem ma\u00f0ur, <br \/> <\/span> <span class=\"ljodatexti\"> <a name=\"8\"><span class=\"versanumer_ljod\">8<\/span><\/a>l\u00e6g\u00f0i sj\u00e1lfan sig <br \/>og var\u00f0 hl\u00fd\u00f0inn allt til dau\u00f0a, <br \/>j\u00e1, dau\u00f0ans \u00e1 krossi. <br \/> <\/span> <span class=\"ljodatexti\"> <a name=\"9\"><span class=\"versanumer_ljod\">9<\/span><\/a>Fyrir \u00fev\u00ed hefur og Gu\u00f0 <br \/>h\u00e1tt upp hafi\u00f0 hann <br \/>og gefi\u00f0 honum nafni\u00f0, <br \/>sem hverju nafni er \u00e6\u00f0ra, <br \/> <\/span> <span class=\"ljodatexti\"> <a name=\"10\"><span class=\"versanumer_ljod\">10<\/span><\/a>til \u00feess a\u00f0 fyrir nafni Jes\u00fa <br \/>skuli hvert kn\u00e9 beygja sig \u00e1 himni, j\u00f6r\u00f0u og undir j\u00f6r\u00f0u <br \/> <\/span> <span class=\"ljodatexti\"> <a name=\"11\"><span class=\"versanumer_ljod\">11<\/span><\/a>og s\u00e9rhver tunga j\u00e1ta Gu\u00f0i f\u00f6\u00f0ur til d\u00fdr\u00f0ar: <br \/>Jes\u00fas Kristur er Drottinn. <\/span> <\/p>\n<h3 class=\"millifyrirsogn_2007\">Eins og lj\u00f3s \u00ed heiminum<\/h3>\n<p><a name=\"12\"><span class=\"versanumer_2007\">12<\/span><\/a> \u00deess vegna, m\u00edn elsku\u00f0u, sem \u00e6t\u00ed\u00f0 hafi\u00f0 veri\u00f0 hl\u00fd\u00f0in, vinni\u00f0 n\u00fa a\u00f0 s\u00e1luhj\u00e1lp ykkar me\u00f0 ugg og \u00f3tta eins og \u00feegar \u00e9g var hj\u00e1 ykkur, \u00fev\u00ed fremur n\u00fa \u00feegar \u00e9g er fjarri. <a name=\"13\"><span class=\"versanumer_2007\">13<\/span><\/a> \u00dev\u00ed a\u00f0 \u00fea\u00f0 er Gu\u00f0 sem verkar \u00ed ykkur b\u00e6\u00f0i a\u00f0 vilja og a\u00f0 framkv\u00e6ma s\u00e9r til vel\u00fe\u00f3knunar. <br \/> <a name=\"14\"><span class=\"versanumer_2007\">14<\/span><\/a> Geri\u00f0 allt \u00e1n \u00feess a\u00f0 m\u00f6gla og hika <a name=\"15\"><span class=\"versanumer_2007\">15<\/span><\/a> til \u00feess a\u00f0 \u00fei\u00f0 ver\u00f0i\u00f0 \u00f3a\u00f0finnanleg og hrein, flekklaus Gu\u00f0s b\u00f6rn me\u00f0al rangsn\u00fainnar og gerspilltrar kynsl\u00f3\u00f0ar sem \u00fei\u00f0 sk\u00edni\u00f0 hj\u00e1 eins og lj\u00f3s \u00ed heiminum. <a name=\"16\"><span class=\"versanumer_2007\">16<\/span><\/a> Haldi\u00f0 fast vi\u00f0 or\u00f0 l\u00edfsins m\u00e9r til hr\u00f3ss \u00e1 degi Krists. \u00de\u00e1 hef \u00e9g ekki hlaupi\u00f0 til einskis n\u00e9 erfi\u00f0a\u00f0 til \u00f3n\u00fdtis. <br \/> <a name=\"17\"><span class=\"versanumer_2007\">17<\/span><\/a> Enda \u00fe\u00f3tt bl\u00f3\u00f0i m\u00ednu ver\u00f0i \u00fathellt vi\u00f0 f\u00f3rnar\u00fej\u00f3nustu m\u00edna \u00feegar \u00e9g ber tr\u00fa ykkar fram fyrir Gu\u00f0, \u00fe\u00e1 gle\u00f0st \u00e9g og samgle\u00f0st ykkur \u00f6llum. <a name=\"18\"><span class=\"versanumer_2007\">18<\/span><\/a> Af hinu sama skulu\u00f0 \u00fei\u00f0 einnig gle\u00f0jast og samgle\u00f0jast m\u00e9r. <\/p>\n<h3 class=\"millifyrirsogn_2007\">Tveir tr\u00fair samverkamenn<\/h3>\n<p><a name=\"19\"><span class=\"versanumer_2007\">19<\/span><\/a> En \u00e9g vona a\u00f0 Drottinn Jes\u00fas geri m\u00e9r br\u00e1\u00f0um f\u00e6rt a\u00f0 senda T\u00edm\u00f3teus til ykkar til \u00feess a\u00f0 m\u00e9r ver\u00f0i einnig hugh\u00e6gra \u00fe\u00e1 er \u00e9g f\u00e6 a\u00f0 vita um hagi ykkar. <a name=\"20\"><span class=\"versanumer_2007\">20<\/span><\/a> \u00c9g hef engan honum l\u00edkan sem l\u00e6tur s\u00e9r eins einl\u00e6glega annt um hagi ykkar. &#8211; <a name=\"21\"><span class=\"versanumer_2007\">21<\/span><\/a> Allir leita \u00feess sem sj\u00e1lfra \u00feeirra er en ekki \u00feess sem Krists Jes\u00fa er. &#8211; <a name=\"22\"><span class=\"versanumer_2007\">22<\/span><\/a> En \u00fei\u00f0 viti\u00f0 hvernig hann hefur reynst, a\u00f0 hann hefur \u00fej\u00f3na\u00f0 a\u00f0 bo\u00f0un fagna\u00f0arerindisins me\u00f0 m\u00e9r eins og barn me\u00f0 f\u00f6\u00f0ur s\u00ednum. <a name=\"23\"><span class=\"versanumer_2007\">23<\/span><\/a> \u00c9g vona a\u00f0 geta sent hann jafnskj\u00f3tt og \u00e9g s\u00e9 hva\u00f0 um mig ver\u00f0ur. <a name=\"24\"><span class=\"versanumer_2007\">24<\/span><\/a> En \u00e9g ber \u00fea\u00f0 traust til Drottins a\u00f0 \u00e9g muni og br\u00e1\u00f0um koma sj\u00e1lfur. <br \/> <a name=\"25\"><span class=\"versanumer_2007\">25<\/span><\/a> \u00c9g taldi \u00fea\u00f0 og nau\u00f0synlegt a\u00f0 senda til ykkar Epafrod\u00edtus, br\u00f3\u00f0ur minn, samverkamann og samherja, sem \u00fei\u00f0 sendu\u00f0 til a\u00f0 annast um mig. <a name=\"26\"><span class=\"versanumer_2007\">26<\/span><\/a> Hann hefur \u00fer\u00e1\u00f0 ykkur \u00f6ll og li\u00f0i\u00f0 illa \u00fat af \u00fev\u00ed a\u00f0 \u00fei\u00f0 h\u00f6f\u00f0u\u00f0 heyrt a\u00f0 hann hef\u00f0i or\u00f0i\u00f0 sj\u00fakur. <a name=\"27\"><span class=\"versanumer_2007\">27<\/span><\/a> J\u00e1, sj\u00fakur var\u00f0 hann, a\u00f0 dau\u00f0a kominn, en Gu\u00f0 miskunna\u00f0i honum og ekki einungis honum heldur og m\u00e9r til \u00feess a\u00f0 \u00e9g skyldi eigi hafa hrygg\u00f0 \u00e1 hrygg\u00f0 ofan. <a name=\"28\"><span class=\"versanumer_2007\">28<\/span><\/a> \u00deess vegna er m\u00e9r enn hugleiknara a\u00f0 senda hann heim til \u00feess a\u00f0 \u00fei\u00f0 ver\u00f0i\u00f0 aftur gl\u00f6\u00f0 er \u00fei\u00f0 sj\u00e1i\u00f0 hann og m\u00e9r ver\u00f0i hugh\u00e6gra. <a name=\"29\"><span class=\"versanumer_2007\">29<\/span><\/a> Taki\u00f0 \u00fev\u00ed \u00e1 m\u00f3ti honum \u00ed nafni Drottins me\u00f0 miklum f\u00f6gnu\u00f0i og hafi\u00f0 sl\u00edka menn \u00ed hei\u00f0ri. <a name=\"30\"><span class=\"versanumer_2007\">30<\/span><\/a> Hann var a\u00f0 vinna fyrir Krist. \u00deess vegna var hann a\u00f0 dau\u00f0a kominn. Hann lag\u00f0i l\u00edf sitt \u00ed h\u00e6ttu til \u00feess a\u00f0 b\u00e6ta upp \u00fe\u00e1 \u00fej\u00f3nustu sem \u00fei\u00f0 g\u00e1tu\u00f0 ekki veitt m\u00e9r. <\/p>\n","protected":false},"excerpt":{"rendered":"<p>Veri\u00f0 me\u00f0 sama hugarfari og Kristur 1 Fyrst Kristur veitir kjark, fyrst k\u00e6rleikur hans upp\u00f6rvar, fyrst andi hans skapar samf\u00e9lag, fyrst \u00fear r\u00edkir hl\u00fdja og sam\u00fa\u00f0 2 geri\u00f0 \u00fe\u00e1 gle\u00f0i m\u00edna fullkomna me\u00f0 \u00fev\u00ed a\u00f0 vera einhuga, hafa sama k\u00e6rleika, einn hug og eina s\u00e1l. 3 Geri\u00f0 ekkert af eigingirni e\u00f0a h\u00e9g\u00f3magirnd. Veri\u00f0 l\u00edtill\u00e1t og meti\u00f0 hvert anna\u00f0 meira en ykkur sj\u00e1lf. 4 L\u00edti\u00f0 ekki a\u00f0eins \u00e1 eigin hag heldur einnig annarra. 5 Veri\u00f0 me\u00f0 sama hugarfari sem Kristur Jes\u00fas var. 6Hann var \u00ed Gu\u00f0s mynd. En hann f\u00f3r ekki me\u00f0 \u00fea\u00f0 sem feng sinn a\u00f0 vera Gu\u00f0i l\u00edkur. 7Hann <a href=\"https:\/\/biblian.is\/biblian\/filippibrefid-2-kafli\/\"> [&#8230;]<\/a><\/p>\n","protected":false},"author":1,"featured_media":0,"parent":0,"menu_order":0,"comment_status":"open","ping_status":"open","template":"bibliukaflar_NT.php","meta":{"footnotes":""},"class_list":["post-2722","page","type-page","status-publish","hentry"],"_links":{"self":[{"href":"https:\/\/biblian.is\/biblian\/wp-json\/wp\/v2\/pages\/2722","targetHints":{"allow":["GET"]}}],"collection":[{"href":"https:\/\/biblian.is\/biblian\/wp-json\/wp\/v2\/pages"}],"about":[{"href":"https:\/\/biblian.is\/biblian\/wp-json\/wp\/v2\/types\/page"}],"author":[{"embeddable":true,"href":"https:\/\/biblian.is\/biblian\/wp-json\/wp\/v2\/users\/1"}],"replies":[{"embeddable":true,"href":"https:\/\/biblian.is\/biblian\/wp-json\/wp\/v2\/comments?post=2722"}],"version-history":[{"count":0,"href":"https:\/\/biblian.is\/biblian\/wp-json\/wp\/v2\/pages\/2722\/revisions"}],"wp:attachment":[{"href":"https:\/\/biblian.is\/biblian\/wp-json\/wp\/v2\/media?parent=2722"}],"curies":[{"name":"wp","href":"https:\/\/api.w.org\/{rel}","templated":true}]}}