{"id":2721,"date":"2017-12-30T21:04:25","date_gmt":"2017-12-30T21:04:25","guid":{"rendered":"http:\/\/biblian.is\/biblian\/filipp%c2%92br%c2%8efi_-1-kafli\/"},"modified":"2019-08-27T00:03:52","modified_gmt":"2019-08-27T00:03:52","slug":"filippibrefid-1-kafli","status":"publish","type":"page","link":"https:\/\/biblian.is\/biblian\/filippibrefid-1-kafli\/","title":{"rendered":"Filipp\u00edbr\u00e9fi\u00f0 1. kafli"},"content":{"rendered":"<h3 class=\"millifyrirsogn_2007\"> Kve\u00f0ja<\/h3>\n<p><a name=\"1\"><span class=\"versanumer_2007\">1<\/span><\/a> P\u00e1ll og T\u00edm\u00f3teus, \u00fej\u00f3nar Krists Jes\u00fa, heilsa \u00f6llum heil\u00f6gum \u00ed Filipp\u00ed, sem eru \u00ed Kristi Jes\u00fa, \u00e1samt biskupum \u00feeirra og dj\u00e1knum. <br \/> <a name=\"2\"><span class=\"versanumer_2007\">2<\/span><\/a> N\u00e1\u00f0 s\u00e9 me\u00f0 y\u00f0ur og fri\u00f0ur fr\u00e1 Gu\u00f0i f\u00f6\u00f0ur vorum og Drottni Jes\u00fa Kristi. <\/p>\n<h3 class=\"millifyrirsogn_2007\">\u00deakkir og fyrirb\u00e6n<\/h3>\n<p><a name=\"3\"><span class=\"versanumer_2007\">3<\/span><\/a> \u00c9g \u00feakka Gu\u00f0i m\u00ednum \u00ed hvert skipti sem \u00e9g hugsa til ykkar <a name=\"4\"><span class=\"versanumer_2007\">4<\/span><\/a> og geri \u00e1vallt \u00ed \u00f6llum b\u00e6num m\u00ednum me\u00f0 gle\u00f0i b\u00e6n fyrir ykkur \u00f6llum <a name=\"5\"><span class=\"versanumer_2007\">5<\/span><\/a> vegna samf\u00e9lags ykkar um fagna\u00f0arerindi\u00f0 fr\u00e1 \u00fev\u00ed \u00fei\u00f0 t\u00f3ku\u00f0 vi\u00f0 \u00fev\u00ed og allt til \u00feessa. <a name=\"6\"><span class=\"versanumer_2007\">6<\/span><\/a> \u00c9g fulltreysti einmitt \u00fev\u00ed a\u00f0 hann, sem byrja\u00f0i \u00ed ykkur g\u00f3\u00f0a verki\u00f0, muni fullkomna \u00fea\u00f0 allt til dags Jes\u00fa Krists. <br \/> <a name=\"7\"><span class=\"versanumer_2007\">7<\/span><\/a> V\u00edst er \u00fea\u00f0 r\u00e9tt fyrir mig a\u00f0 bera \u00feennan hug til ykkar allra. \u00c9g hef ykkur \u00ed hjarta m\u00ednu og \u00fei\u00f0 eigi\u00f0 \u00f6ll hlutdeild me\u00f0 m\u00e9r \u00ed n\u00e1\u00f0inni, b\u00e6\u00f0i \u00ed fj\u00f6trum m\u00ednum og eins er \u00e9g er a\u00f0 verja fagna\u00f0arerindi\u00f0 og sannf\u00e6ra menn um gildi \u00feess. <a name=\"8\"><span class=\"versanumer_2007\">8<\/span><\/a> Gu\u00f0 er m\u00e9r \u00feess vitni hvernig \u00e9g \u00fer\u00e1i ykkur \u00f6ll me\u00f0 \u00e1st\u00fa\u00f0 Krists Jes\u00fa. <br \/> <a name=\"9\"><span class=\"versanumer_2007\">9<\/span><\/a> Og \u00feess bi\u00f0 \u00e9g a\u00f0 elska ykkar aukist enn \u00fe\u00e1 meir a\u00f0 \u00feekkingu og d\u00f3mgreind <a name=\"10\"><span class=\"versanumer_2007\">10<\/span><\/a> svo a\u00f0 \u00fei\u00f0 geti\u00f0 meti\u00f0 \u00fe\u00e1 hluti r\u00e9tt sem m\u00e1li skipta og ver\u00f0i\u00f0 hrein og \u00e1m\u00e6lislaus til dags Krists, <a name=\"11\"><span class=\"versanumer_2007\">11<\/span><\/a> au\u00f0ug a\u00f0 \u00feeim r\u00e9ttl\u00e6tis\u00e1vexti sem Jes\u00fas Kristur kemur til lei\u00f0ar Gu\u00f0i til lofs og d\u00fdr\u00f0ar.<br \/> <a name=\"12\"><span class=\"versanumer_2007\">12<\/span><\/a> En \u00e9g vil a\u00f0 \u00fei\u00f0, systkin,<span class=\"nedan_mal\" title=\" Or\u00f0r\u00e9tt: br\u00e6\u00f0ur.\">[<\/span> viti\u00f0 a\u00f0 \u00fea\u00f0 sem fram vi\u00f0 mig hefur komi\u00f0 hefur \u00ed raun or\u00f0i\u00f0 fagna\u00f0arerindinu til eflingar. <a name=\"13\"><span class=\"versanumer_2007\">13<\/span><\/a> \u00dev\u00ed a\u00f0 \u00fea\u00f0 er auglj\u00f3st or\u00f0i\u00f0 \u00ed allri l\u00edfvar\u00f0arh\u00f6llinni og \u00f6llum \u00f6\u00f0rum a\u00f0 \u00e9g er \u00ed fj\u00f6trum vegna Krists <a name=\"14\"><span class=\"versanumer_2007\">14<\/span><\/a> og flest hinna tr\u00fau\u00f0u<span class=\"nedan_mal\" title=\" Or\u00f0r\u00e9tt: flestir br\u00e6\u00f0ranna.\">[<\/span> hafa \u00f6\u00f0last meira traust \u00e1 Drottni vi\u00f0 fj\u00f6tra m\u00edna og fengi\u00f0 meiri dj\u00f6rfung til a\u00f0 tala or\u00f0 Gu\u00f0s \u00f3ttalaust. <br \/> <a name=\"15\"><span class=\"versanumer_2007\">15<\/span><\/a> Sumir pr\u00e9dika a\u00f0 s\u00f6nnu Krist af \u00f6fund og \u00fer\u00e6tugirni en sumir gera \u00fea\u00f0 l\u00edka af g\u00f3\u00f0um hug. <a name=\"16\"><span class=\"versanumer_2007\">16<\/span><\/a> \u00deeir gera \u00fea\u00f0 af k\u00e6rleika vegna \u00feess a\u00f0 \u00feeir vita a\u00f0 \u00e9g er settur fagna\u00f0arerindinu til varnar. <a name=\"17\"><span class=\"versanumer_2007\">17<\/span><\/a> Hinir pr\u00e9dika Krist af eigingirni og ekki af hreinum hug heldur \u00ed \u00feeim tilgangi a\u00f0 b\u00e6ta \u00ferengingu ofan \u00e1 fj\u00f6tra m\u00edna. <br \/> <a name=\"18\"><span class=\"versanumer_2007\">18<\/span><\/a> En hva\u00f0 um \u00fea\u00f0, Kristur er allt a\u00f0 einu bo\u00f0a\u00f0ur, hvort sem \u00fea\u00f0 heldur er af uppger\u00f0 e\u00f0a heilum hug. Og \u00feetta gle\u00f0ur mig. J\u00e1, \u00fea\u00f0 mun \u00e1fram gle\u00f0ja mig <a name=\"19\"><span class=\"versanumer_2007\">19<\/span><\/a> \u00fev\u00ed a\u00f0 \u00e9g veit a\u00f0 b\u00e6nir ykkar og hj\u00e1lpin, sem andi Jes\u00fa Krists veitir m\u00e9r, mun frelsa mig. <a name=\"20\"><span class=\"versanumer_2007\">20<\/span><\/a> \u00dea\u00f0 er einl\u00e6g l\u00f6ngun m\u00edn og von a\u00f0 \u00e9g ver\u00f0i ekki til sm\u00e1nar \u00ed neinu, heldur a\u00f0 \u00e9g hafi \u00feann kjark n\u00fa eins og \u00e1vallt a\u00f0 s\u00fdna me\u00f0 l\u00edfi m\u00ednu og dau\u00f0a fram \u00e1 hve mikill Kristur er. <a name=\"21\"><span class=\"versanumer_2007\">21<\/span><\/a> \u00dev\u00ed a\u00f0 l\u00edfi\u00f0 er m\u00e9r Kristur og dau\u00f0inn \u00e1vinningur. <a name=\"22\"><span class=\"versanumer_2007\">22<\/span><\/a> En eigi \u00e9g \u00e1fram a\u00f0 lifa \u00e1 j\u00f6r\u00f0inni, \u00fe\u00e1 ver\u00f0ur meiri \u00e1rangur af starfi m\u00ednu. Ekki veit \u00e9g hvort \u00e9g \u00e1 heldur a\u00f0 kj\u00f3sa. <br \/> <a name=\"23\"><span class=\"versanumer_2007\">23<\/span><\/a> \u00c9g \u00e1 \u00far tvennu v\u00f6ndu a\u00f0 r\u00e1\u00f0a: Mig langar til a\u00f0 fara h\u00e9\u00f0an og vera me\u00f0 Kristi \u00fev\u00ed a\u00f0 \u00fea\u00f0 v\u00e6ri miklu betra. <a name=\"24\"><span class=\"versanumer_2007\">24<\/span><\/a> En ykkar vegna er nau\u00f0synlegra a\u00f0 \u00e9g haldi \u00e1fram a\u00f0 lifa h\u00e9r \u00e1 j\u00f6r\u00f0u. <a name=\"25\"><span class=\"versanumer_2007\">25<\/span><\/a> Og \u00ed trausti \u00feess veit \u00e9g a\u00f0 \u00e9g mun lifa og halda \u00e1fram a\u00f0 vera hj\u00e1 ykkur \u00f6llum, ykkur til framfara og gle\u00f0i \u00ed tr\u00fanni. <a name=\"26\"><span class=\"versanumer_2007\">26<\/span><\/a> \u00de\u00e1 kem \u00e9g aftur til ykkar og \u00fei\u00f0 finni\u00f0 enn betur hv\u00edl\u00edk upphef\u00f0 \u00fea\u00f0 er a\u00f0 fylgja Kristi.<br \/> <a name=\"27\"><span class=\"versanumer_2007\">27<\/span><\/a> En hva\u00f0 sem \u00f6\u00f0ru l\u00ed\u00f0ur, \u00fe\u00e1 heg\u00f0i\u00f0 ykkur eins og sambo\u00f0i\u00f0 er fagna\u00f0arerindinu um Krist. Hvort sem \u00e9g kem og heims\u00e6ki ykkur e\u00f0a \u00e9g er fjarverandi vil \u00e9g f\u00e1 a\u00f0 heyra um ykkur a\u00f0 \u00fei\u00f0 standi\u00f0 st\u00f6\u00f0ug \u00ed einum anda, berjist me\u00f0 einni s\u00e1l fyrir tr\u00fanni \u00e1 fagna\u00f0arerindi\u00f0 og <a name=\"28\"><span class=\"versanumer_2007\">28<\/span><\/a> l\u00e1ti\u00f0 aldrei m\u00f3tst\u00f6\u00f0umenn skelfa ykkur \u00ed neinu. Hugrekki ykkar er \u00feeim merki fr\u00e1 Gu\u00f0i um gl\u00f6tun \u00feeirra en um frelsun ykkar <a name=\"29\"><span class=\"versanumer_2007\">29<\/span><\/a> \u00fev\u00ed a\u00f0 Gu\u00f0 veitti ykkur \u00fe\u00e1 n\u00e1\u00f0, ekki einungis a\u00f0 tr\u00faa \u00e1 Krist heldur og a\u00f0 \u00feola \u00fej\u00e1ningar hans vegna. <a name=\"30\"><span class=\"versanumer_2007\">30<\/span><\/a> N\u00fa eigi\u00f0 \u00fei\u00f0 \u00ed s\u00f6mu bar\u00e1ttu sem \u00fei\u00f0 s\u00e1u\u00f0 mig heyja og heyri\u00f0 enn um mig. <\/p>\n","protected":false},"excerpt":{"rendered":"<p>Kve\u00f0ja 1 P\u00e1ll og T\u00edm\u00f3teus, \u00fej\u00f3nar Krists Jes\u00fa, heilsa \u00f6llum heil\u00f6gum \u00ed Filipp\u00ed, sem eru \u00ed Kristi Jes\u00fa, \u00e1samt biskupum \u00feeirra og dj\u00e1knum. 2 N\u00e1\u00f0 s\u00e9 me\u00f0 y\u00f0ur og fri\u00f0ur fr\u00e1 Gu\u00f0i f\u00f6\u00f0ur vorum og Drottni Jes\u00fa Kristi. \u00deakkir og fyrirb\u00e6n 3 \u00c9g \u00feakka Gu\u00f0i m\u00ednum \u00ed hvert skipti sem \u00e9g hugsa til ykkar 4 og geri \u00e1vallt \u00ed \u00f6llum b\u00e6num m\u00ednum me\u00f0 gle\u00f0i b\u00e6n fyrir ykkur \u00f6llum 5 vegna samf\u00e9lags ykkar um fagna\u00f0arerindi\u00f0 fr\u00e1 \u00fev\u00ed \u00fei\u00f0 t\u00f3ku\u00f0 vi\u00f0 \u00fev\u00ed og allt til \u00feessa. 6 \u00c9g fulltreysti einmitt \u00fev\u00ed a\u00f0 hann, sem byrja\u00f0i \u00ed ykkur g\u00f3\u00f0a verki\u00f0, muni fullkomna \u00fea\u00f0 <a href=\"https:\/\/biblian.is\/biblian\/filippibrefid-1-kafli\/\"> [&#8230;]<\/a><\/p>\n","protected":false},"author":1,"featured_media":0,"parent":0,"menu_order":0,"comment_status":"open","ping_status":"open","template":"bibliukaflar_NT.php","meta":{"footnotes":""},"class_list":["post-2721","page","type-page","status-publish","hentry"],"_links":{"self":[{"href":"https:\/\/biblian.is\/biblian\/wp-json\/wp\/v2\/pages\/2721","targetHints":{"allow":["GET"]}}],"collection":[{"href":"https:\/\/biblian.is\/biblian\/wp-json\/wp\/v2\/pages"}],"about":[{"href":"https:\/\/biblian.is\/biblian\/wp-json\/wp\/v2\/types\/page"}],"author":[{"embeddable":true,"href":"https:\/\/biblian.is\/biblian\/wp-json\/wp\/v2\/users\/1"}],"replies":[{"embeddable":true,"href":"https:\/\/biblian.is\/biblian\/wp-json\/wp\/v2\/comments?post=2721"}],"version-history":[{"count":0,"href":"https:\/\/biblian.is\/biblian\/wp-json\/wp\/v2\/pages\/2721\/revisions"}],"wp:attachment":[{"href":"https:\/\/biblian.is\/biblian\/wp-json\/wp\/v2\/media?parent=2721"}],"curies":[{"name":"wp","href":"https:\/\/api.w.org\/{rel}","templated":true}]}}