{"id":2720,"date":"2017-12-30T21:04:25","date_gmt":"2017-12-30T21:04:25","guid":{"rendered":"http:\/\/biblian.is\/biblian\/efesusbr%c2%8efi_-6-kafli\/"},"modified":"2019-08-27T00:01:51","modified_gmt":"2019-08-27T00:01:51","slug":"efesusbrefid-6-kafli","status":"publish","type":"page","link":"https:\/\/biblian.is\/biblian\/efesusbrefid-6-kafli\/","title":{"rendered":"Efesusbr\u00e9fi\u00f0 6. kafli"},"content":{"rendered":"<h3 class=\"millifyrirsogn_2007\"> Foreldrar og b\u00f6rn<\/h3>\n<p><a name=\"1\"><span class=\"versanumer_2007\">1<\/span><\/a> B\u00f6rn, hl\u00fd\u00f0i\u00f0 foreldrum ykkar vegna Drottins \u00fev\u00ed a\u00f0 \u00fea\u00f0 er r\u00e9tt. <br \/> <a name=\"2\"><span class=\"versanumer_2007\">2<\/span><\/a> \u201eHei\u00f0ra f\u00f6\u00f0ur \u00feinn og m\u00f3\u00f0ur\u201c \u2013 \u00fea\u00f0 er hi\u00f0 fyrsta bo\u00f0or\u00f0 me\u00f0 fyrirheiti: <a name=\"3\"><span class=\"versanumer_2007\">3<\/span><\/a> \u201etil \u00feess a\u00f0 \u00fe\u00e9r vegni vel og \u00fe\u00fa ver\u00f0ir langl\u00edfur \u00e1 j\u00f6r\u00f0inni\u201c.<br \/> <a name=\"4\"><span class=\"versanumer_2007\">4<\/span><\/a> Og fe\u00f0ur, reiti\u00f0 ekki b\u00f6rn ykkar til rei\u00f0i heldur ali\u00f0 \u00feau upp me\u00f0 aga og fr\u00e6\u00f0slu um Drottin. <\/p>\n<h3 class=\"millifyrirsogn_2007\">\u00der\u00e6lar og h\u00fasb\u00e6ndur<\/h3>\n<p><a name=\"5\"><span class=\"versanumer_2007\">5<\/span><\/a> \u00der\u00e6lar, hl\u00fd\u00f0i\u00f0 jar\u00f0neskum h\u00fasb\u00e6ndum ykkar me\u00f0 lotningu og \u00f3tta af einl\u00e6gni hjartans, eins og \u00fea\u00f0 v\u00e6ri Kristur. <a name=\"6\"><span class=\"versanumer_2007\">6<\/span><\/a> Ekki me\u00f0 augna\u00fej\u00f3nustu eins og \u00feeir er m\u00f6nnum vilja \u00fe\u00f3knast heldur eins og \u00fej\u00f3nar Krists er gera vilja Gu\u00f0s af heilum huga. <a name=\"7\"><span class=\"versanumer_2007\">7<\/span><\/a> \u00dej\u00f3ni\u00f0 eins og Drottinn \u00e6tti \u00ed hlut og ekki menn. <a name=\"8\"><span class=\"versanumer_2007\">8<\/span><\/a> \u00dei\u00f0 viti\u00f0 og sj\u00e1lfir a\u00f0 s\u00e9rhver mun f\u00e1 aftur af Drottni \u00fea\u00f0 g\u00f3\u00f0a sem hann gerir, hvort sem hann er \u00fer\u00e6ll e\u00f0a frj\u00e1ls ma\u00f0ur. <br \/> <a name=\"9\"><span class=\"versanumer_2007\">9<\/span><\/a> Og \u00fei\u00f0, sem eigi\u00f0 \u00fer\u00e6la, breyti\u00f0 eins vi\u00f0 \u00fe\u00e1. H\u00e6tti\u00f0 a\u00f0 \u00f3gna \u00feeim. \u00dei\u00f0 viti\u00f0 a\u00f0 \u00feeir eiga \u00ed himnunum sama Drottin og hann fer ekki \u00ed manngreinar\u00e1lit. <\/p>\n<h3 class=\"millifyrirsogn_2007\">Alv\u00e6pni Gu\u00f0s<\/h3>\n<p><a name=\"10\"><span class=\"versanumer_2007\">10<\/span><\/a> A\u00f0 lokum: Styrkist \u00ed Drottni og krafti m\u00e1ttar hans. <a name=\"11\"><span class=\"versanumer_2007\">11<\/span><\/a> Kl\u00e6\u00f0ist alv\u00e6pni Gu\u00f0s til \u00feess a\u00f0 \u00fei\u00f0 geti\u00f0 sta\u00f0ist v\u00e9labr\u00f6g\u00f0 dj\u00f6fulsins. <a name=\"12\"><span class=\"versanumer_2007\">12<\/span><\/a> \u00dev\u00ed a\u00f0 bar\u00e1ttan sem vi\u00f0 eigum \u00ed er ekki vi\u00f0 menn af holdi og bl\u00f3\u00f0i heldur vi\u00f0 tignirnar og v\u00f6ldin, vi\u00f0 heimsdrottna \u00feessa myrkurs, vi\u00f0 andaverur vonskunnar \u00ed himingeimnum. <a name=\"13\"><span class=\"versanumer_2007\">13<\/span><\/a> Taki\u00f0 \u00fev\u00ed alv\u00e6pni Gu\u00f0s til \u00feess a\u00f0 \u00fei\u00f0 geti\u00f0 veitt m\u00f3tst\u00f6\u00f0u \u00e1 hinum vonda degi og haldi\u00f0 velli \u00feegar \u00fei\u00f0 hafi\u00f0 sigra\u00f0 allt. <br \/> <a name=\"14\"><span class=\"versanumer_2007\">14<\/span><\/a> Standi\u00f0 \u00fev\u00ed gyrt sannleika um lendar ykkar og kl\u00e6dd r\u00e9ttl\u00e6tinu sem brynju <a name=\"15\"><span class=\"versanumer_2007\">15<\/span><\/a> og sk\u00f3u\u00f0 \u00e1 f\u00f3tunum me\u00f0 f\u00fasleik til a\u00f0 flytja fagna\u00f0arbo\u00f0in um fri\u00f0. <a name=\"16\"><span class=\"versanumer_2007\">16<\/span><\/a> Taki\u00f0 umfram allt skj\u00f6ld tr\u00faarinnar sem \u00fei\u00f0 geti\u00f0 sl\u00f6kkt me\u00f0 \u00f6ll logandi skeyti hins vonda. <a name=\"17\"><span class=\"versanumer_2007\">17<\/span><\/a> Setji\u00f0 upp hj\u00e1lm hj\u00e1lpr\u00e6\u00f0isins og gr\u00edpi\u00f0 sver\u00f0 andans, Gu\u00f0s or\u00f0. <a name=\"18\"><span class=\"versanumer_2007\">18<\/span><\/a> Geri\u00f0 \u00fea\u00f0 me\u00f0 b\u00e6n og bei\u00f0ni og bi\u00f0ji\u00f0 \u00e1 hverri t\u00ed\u00f0 \u00ed anda. Veri\u00f0 \u00feannig \u00e1rv\u00f6kul og st\u00f6\u00f0ug \u00ed b\u00e6n fyrir \u00f6llum heil\u00f6gum. <a name=\"19\"><span class=\"versanumer_2007\">19<\/span><\/a> Bi\u00f0ji\u00f0 fyrir m\u00e9r a\u00f0 m\u00e9r ver\u00f0i gefin or\u00f0 a\u00f0 m\u00e6la, \u00fe\u00e1 er \u00e9g l\u00fdk upp munni m\u00ednum, til \u00feess a\u00f0 \u00e9g kunngj\u00f6ri me\u00f0 dj\u00f6rfung leyndard\u00f3m fagna\u00f0arerindisins. <a name=\"20\"><span class=\"versanumer_2007\">20<\/span><\/a> Bo\u00f0beri \u00feess er \u00e9g \u00ed fj\u00f6trum m\u00ednum. Bi\u00f0ji\u00f0 a\u00f0 \u00e9g geti flutt \u00fea\u00f0 me\u00f0 dj\u00f6rfung eins og m\u00e9r ber a\u00f0 tala. <\/p>\n<h3 class=\"millifyrirsogn_2007\">Lokaor\u00f0<\/h3>\n<p><a name=\"21\"><span class=\"versanumer_2007\">21<\/span><\/a> En til \u00feess a\u00f0 \u00fei\u00f0 f\u00e1i\u00f0 einnig a\u00f0 vita um hagi m\u00edna, hvernig m\u00e9r l\u00ed\u00f0ur, \u00fe\u00e1 mun T\u00fdk\u00edkus, minn elska\u00f0i br\u00f3\u00f0ir og tr\u00fai a\u00f0sto\u00f0arma\u00f0ur \u00ed \u00fej\u00f3nustu Drottins, sk\u00fdra ykkur fr\u00e1 \u00f6llu. <a name=\"22\"><span class=\"versanumer_2007\">22<\/span><\/a> \u00c9g sendi hann til ykkar einkum \u00ed \u00fev\u00ed skyni a\u00f0 \u00fei\u00f0 f\u00e1i\u00f0 a\u00f0 vita hvernig m\u00e9r l\u00ed\u00f0ur og til \u00feess a\u00f0 hann upp\u00f6rvi ykkur. <br \/> <a name=\"23\"><span class=\"versanumer_2007\">23<\/span><\/a> Fri\u00f0ur s\u00e9 me\u00f0 s\u00f6fnu\u00f0inum<span class=\"nedan_mal\" title=\" Or\u00f0r\u00e9tt: br\u00e6\u00f0runum.\">[<\/span> og k\u00e6rleikur, me\u00f0 tr\u00fanni fr\u00e1 Gu\u00f0i f\u00f6\u00f0ur og Drottni Jes\u00fa Kristi. <a name=\"24\"><span class=\"versanumer_2007\">24<\/span><\/a> N\u00e1\u00f0 s\u00e9 me\u00f0 \u00f6llum \u00feeim sem elska Drottin vorn Jes\u00fa Krist me\u00f0 \u00f3dau\u00f0legum k\u00e6rleik. <\/p>\n","protected":false},"excerpt":{"rendered":"<p>Foreldrar og b\u00f6rn 1 B\u00f6rn, hl\u00fd\u00f0i\u00f0 foreldrum ykkar vegna Drottins \u00fev\u00ed a\u00f0 \u00fea\u00f0 er r\u00e9tt. 2 \u201eHei\u00f0ra f\u00f6\u00f0ur \u00feinn og m\u00f3\u00f0ur\u201c \u2013 \u00fea\u00f0 er hi\u00f0 fyrsta bo\u00f0or\u00f0 me\u00f0 fyrirheiti: 3 \u201etil \u00feess a\u00f0 \u00fe\u00e9r vegni vel og \u00fe\u00fa ver\u00f0ir langl\u00edfur \u00e1 j\u00f6r\u00f0inni\u201c. 4 Og fe\u00f0ur, reiti\u00f0 ekki b\u00f6rn ykkar til rei\u00f0i heldur ali\u00f0 \u00feau upp me\u00f0 aga og fr\u00e6\u00f0slu um Drottin. \u00der\u00e6lar og h\u00fasb\u00e6ndur 5 \u00der\u00e6lar, hl\u00fd\u00f0i\u00f0 jar\u00f0neskum h\u00fasb\u00e6ndum ykkar me\u00f0 lotningu og \u00f3tta af einl\u00e6gni hjartans, eins og \u00fea\u00f0 v\u00e6ri Kristur. 6 Ekki me\u00f0 augna\u00fej\u00f3nustu eins og \u00feeir er m\u00f6nnum vilja \u00fe\u00f3knast heldur eins og \u00fej\u00f3nar Krists er gera <a href=\"https:\/\/biblian.is\/biblian\/efesusbrefid-6-kafli\/\"> [&#8230;]<\/a><\/p>\n","protected":false},"author":1,"featured_media":0,"parent":0,"menu_order":0,"comment_status":"open","ping_status":"open","template":"bibliukaflar_NT.php","meta":{"footnotes":""},"class_list":["post-2720","page","type-page","status-publish","hentry"],"_links":{"self":[{"href":"https:\/\/biblian.is\/biblian\/wp-json\/wp\/v2\/pages\/2720","targetHints":{"allow":["GET"]}}],"collection":[{"href":"https:\/\/biblian.is\/biblian\/wp-json\/wp\/v2\/pages"}],"about":[{"href":"https:\/\/biblian.is\/biblian\/wp-json\/wp\/v2\/types\/page"}],"author":[{"embeddable":true,"href":"https:\/\/biblian.is\/biblian\/wp-json\/wp\/v2\/users\/1"}],"replies":[{"embeddable":true,"href":"https:\/\/biblian.is\/biblian\/wp-json\/wp\/v2\/comments?post=2720"}],"version-history":[{"count":0,"href":"https:\/\/biblian.is\/biblian\/wp-json\/wp\/v2\/pages\/2720\/revisions"}],"wp:attachment":[{"href":"https:\/\/biblian.is\/biblian\/wp-json\/wp\/v2\/media?parent=2720"}],"curies":[{"name":"wp","href":"https:\/\/api.w.org\/{rel}","templated":true}]}}