{"id":2719,"date":"2017-12-30T21:04:25","date_gmt":"2017-12-30T21:04:25","guid":{"rendered":"http:\/\/biblian.is\/biblian\/efesusbr%c2%8efi_-5-kafli\/"},"modified":"2019-08-27T00:01:50","modified_gmt":"2019-08-27T00:01:50","slug":"efesusbrefid-5-kafli","status":"publish","type":"page","link":"https:\/\/biblian.is\/biblian\/efesusbrefid-5-kafli\/","title":{"rendered":"Efesusbr\u00e9fi\u00f0 5. kafli"},"content":{"rendered":"<h3 class=\"millifyrirsogn_2007\"> B\u00f6rn lj\u00f3ssins<\/h3>\n<p><a name=\"1\"><span class=\"versanumer_2007\">1<\/span><\/a> Ver\u00f0i\u00f0 \u00fev\u00ed eftirbreytendur Gu\u00f0s svo sem elsku\u00f0 b\u00f6rn hans. <a name=\"2\"><span class=\"versanumer_2007\">2<\/span><\/a> Lifi\u00f0 \u00ed k\u00e6rleika eins og Kristur elska\u00f0i okkur og lag\u00f0i sj\u00e1lfan sig \u00ed s\u00f6lurnar fyrir okkur svo sem f\u00f3rnargj\u00f6f, Gu\u00f0i til \u00fe\u00e6gilegs ilms. <br \/> <a name=\"3\"><span class=\"versanumer_2007\">3<\/span><\/a> En frillul\u00edfi og \u00f3hreinleiki yfirleitt e\u00f0a \u00e1girnd \u00e1 ekki einu sinni a\u00f0 nefnast \u00e1 nafn me\u00f0al ykkar. Sl\u00edkt h\u00e6fir ekki heil\u00f6gum. <a name=\"4\"><span class=\"versanumer_2007\">4<\/span><\/a> Ekki heldur sv\u00edvir\u00f0ilegt hjal e\u00f0a \u00f3s\u00e6mandi sp\u00e9. \u00deakki\u00f0 miklu fremur Gu\u00f0i. <a name=\"5\"><span class=\"versanumer_2007\">5<\/span><\/a> \u00dev\u00ed a\u00f0 \u00fea\u00f0 skulu\u00f0 \u00fei\u00f0 vita og festa ykkur \u00ed minni a\u00f0 enginn frillul\u00edfisma\u00f0ur e\u00f0a saurugur e\u00f0a \u00e1gjarn &#8211; sem er sama og a\u00f0 d\u00fdrka hj\u00e1gu\u00f0i &#8211; \u00e1 s\u00e9r arfsvon \u00ed r\u00edki Krists og Gu\u00f0s. <br \/> <a name=\"6\"><span class=\"versanumer_2007\">6<\/span><\/a> L\u00e1ti\u00f0 engan t\u00e6la ykkur me\u00f0 marklausum or\u00f0um \u00fev\u00ed a\u00f0 vegna \u00feessa kemur rei\u00f0i Gu\u00f0s yfir \u00fe\u00e1 sem hl\u00fd\u00f0a honum ekki. <a name=\"7\"><span class=\"versanumer_2007\">7<\/span><\/a> Ver\u00f0i\u00f0 \u00feess vegna ekki lagsmenn \u00feeirra. <a name=\"8\"><span class=\"versanumer_2007\">8<\/span><\/a> Eitt sinn voru\u00f0 \u00fei\u00f0 myrkur en n\u00fa eru\u00f0 \u00fei\u00f0 lj\u00f3s \u00ed Drottni. Heg\u00f0i\u00f0 ykkur \u00fev\u00ed eins og b\u00f6rn lj\u00f3ssins. &#8211; <a name=\"9\"><span class=\"versanumer_2007\">9<\/span><\/a> \u00dev\u00ed a\u00f0 \u00e1v\u00f6xtur lj\u00f3ssins er einsk\u00e6r g\u00f3\u00f0vild, r\u00e9ttl\u00e6ti og sannleikur. &#8211; <a name=\"10\"><span class=\"versanumer_2007\">10<\/span><\/a> Meti\u00f0 r\u00e9tt hva\u00f0 Drottni \u00fe\u00f3knast. <a name=\"11\"><span class=\"versanumer_2007\">11<\/span><\/a> Eigi\u00f0 engan hlut \u00ed verkum myrkursins, sem ekkert gott hl\u00fdst af, heldur fletti\u00f0 miklu fremur ofan af \u00feeim. <a name=\"12\"><span class=\"versanumer_2007\">12<\/span><\/a> \u00dev\u00ed a\u00f0 \u00fea\u00f0 sem sl\u00edkir menn fremja \u00ed leyndum er jafnvel sv\u00edvir\u00f0ilegt um a\u00f0 tala. <a name=\"13\"><span class=\"versanumer_2007\">13<\/span><\/a> En allt \u00fea\u00f0 sem lj\u00f3si\u00f0 afhj\u00fapar ver\u00f0ur auglj\u00f3st. <a name=\"14\"><span class=\"versanumer_2007\">14<\/span><\/a> \u00dev\u00ed a\u00f0 allt sem er auglj\u00f3st er \u00ed lj\u00f3si. <br \/>\u00dev\u00ed segir svo: <br \/> <span class=\"ljodatexti\"> Vakna \u00fe\u00fa sem sefur <br \/>og r\u00eds upp fr\u00e1 dau\u00f0um <br \/>og \u00fe\u00e1 mun Kristur l\u00fdsa \u00fe\u00e9r. <\/span> <br \/> <a name=\"15\"><span class=\"versanumer_2007\">15<\/span><\/a> Hafi\u00f0 \u00fev\u00ed n\u00e1kv\u00e6ma g\u00e1t \u00e1 hvernig \u00fei\u00f0 breyti\u00f0, ekki sem f\u00e1v\u00eds heldur sem v\u00eds. <a name=\"16\"><span class=\"versanumer_2007\">16<\/span><\/a> Noti\u00f0 hverja stund \u00fev\u00ed a\u00f0 dagarnir eru vondir. <a name=\"17\"><span class=\"versanumer_2007\">17<\/span><\/a> Veri\u00f0 \u00fev\u00ed ekki \u00f3skyns\u00f6m heldur reyni\u00f0 a\u00f0 skilja hver s\u00e9 vilji Drottins. <a name=\"18\"><span class=\"versanumer_2007\">18<\/span><\/a> Drekki\u00f0 ykkur ekki drukkin af v\u00edni, \u00fea\u00f0 lei\u00f0ir a\u00f0eins til spillingar. Fyllist heldur andanum <a name=\"19\"><span class=\"versanumer_2007\">19<\/span><\/a> og \u00e1varpi\u00f0 hvert anna\u00f0 me\u00f0 s\u00e1lmum, lofs\u00f6ngvum og andlegum lj\u00f3\u00f0um. Syngi\u00f0 og lofi\u00f0 Drottin af \u00f6llu hjarta <a name=\"20\"><span class=\"versanumer_2007\">20<\/span><\/a> og \u00feakki\u00f0 jafnan Gu\u00f0i, f\u00f6\u00f0urnum, fyrir alla hluti \u00ed nafni Drottins vors Jes\u00fa Krists. <\/p>\n<h3 class=\"millifyrirsogn_2007\">Skyldur hj\u00f3na<\/h3>\n<p><a name=\"21\"><span class=\"versanumer_2007\">21<\/span><\/a> S\u00fdni\u00f0 Kristi lotningu og hvert \u00f6\u00f0ru au\u00f0sveipni: <a name=\"22\"><span class=\"versanumer_2007\">22<\/span><\/a> konurnar eiginm\u00f6nnum s\u00ednum eins og Drottni. <a name=\"23\"><span class=\"versanumer_2007\">23<\/span><\/a> \u00dev\u00ed a\u00f0 ma\u00f0urinn er h\u00f6fu\u00f0 konunnar eins og Kristur er h\u00f6fu\u00f0 og frelsari kirkjunnar, l\u00edkama s\u00edns. <a name=\"24\"><span class=\"versanumer_2007\">24<\/span><\/a> En eins og kirkjan l\u00fdtur Kristi, \u00feannig l\u00fati og konurnar eiginm\u00f6nnum s\u00ednum \u00ed \u00f6llu. <br \/> <a name=\"25\"><span class=\"versanumer_2007\">25<\/span><\/a> Karlmenn, elski\u00f0 konur ykkar eins og Kristur elska\u00f0i kirkjuna og lag\u00f0i sj\u00e1lfan sig \u00ed s\u00f6lurnar fyrir hana <a name=\"26\"><span class=\"versanumer_2007\">26<\/span><\/a> til \u00feess a\u00f0 helga hana me\u00f0 or\u00f0inu og hreinsa hana \u00ed vatnslauginni. <a name=\"27\"><span class=\"versanumer_2007\">27<\/span><\/a> Hann vildi lei\u00f0a kirkjuna fram fyrir sig \u00ed d\u00fdr\u00f0 \u00e1n \u00feess h\u00fan hef\u00f0i blett e\u00f0a hrukku n\u00e9 neitt sl\u00edkt. Heil\u00f6g skyldi h\u00fan og l\u00fdtalaus. <a name=\"28\"><span class=\"versanumer_2007\">28<\/span><\/a> \u00deannig skulu eiginmennirnir elska konur s\u00ednar eins og eigin l\u00edkami. S\u00e1 sem elskar konu s\u00edna elskar sj\u00e1lfan sig. <a name=\"29\"><span class=\"versanumer_2007\">29<\/span><\/a> Enginn hefur nokkru sinni hata\u00f0 eigi\u00f0 hold heldur elur hann \u00fea\u00f0 og annast eins og Kristur kirkjuna <a name=\"30\"><span class=\"versanumer_2007\">30<\/span><\/a> \u00fev\u00ed vi\u00f0 erum limir \u00e1 l\u00edkama hans. <br \/> <a name=\"31\"><span class=\"versanumer_2007\">31<\/span><\/a> \u201e\u00deess vegna skal ma\u00f0ur yfirgefa f\u00f6\u00f0ur og m\u00f3\u00f0ur og b\u00faa vi\u00f0 eiginkonu s\u00edna og munu \u00feau tv\u00f6 ver\u00f0a einn ma\u00f0ur.\u201c <a name=\"32\"><span class=\"versanumer_2007\">32<\/span><\/a> \u00deetta er mikill leyndard\u00f3mur. \u00c9g hef \u00ed huga Krist og kirkjuna. <a name=\"33\"><span class=\"versanumer_2007\">33<\/span><\/a> En sem sagt, hver og einn skal elska eiginkonu s\u00edna eins og sj\u00e1lfan sig en konan beri lotningu fyrir manni s\u00ednum. <\/p>\n","protected":false},"excerpt":{"rendered":"<p>B\u00f6rn lj\u00f3ssins 1 Ver\u00f0i\u00f0 \u00fev\u00ed eftirbreytendur Gu\u00f0s svo sem elsku\u00f0 b\u00f6rn hans. 2 Lifi\u00f0 \u00ed k\u00e6rleika eins og Kristur elska\u00f0i okkur og lag\u00f0i sj\u00e1lfan sig \u00ed s\u00f6lurnar fyrir okkur svo sem f\u00f3rnargj\u00f6f, Gu\u00f0i til \u00fe\u00e6gilegs ilms. 3 En frillul\u00edfi og \u00f3hreinleiki yfirleitt e\u00f0a \u00e1girnd \u00e1 ekki einu sinni a\u00f0 nefnast \u00e1 nafn me\u00f0al ykkar. Sl\u00edkt h\u00e6fir ekki heil\u00f6gum. 4 Ekki heldur sv\u00edvir\u00f0ilegt hjal e\u00f0a \u00f3s\u00e6mandi sp\u00e9. \u00deakki\u00f0 miklu fremur Gu\u00f0i. 5 \u00dev\u00ed a\u00f0 \u00fea\u00f0 skulu\u00f0 \u00fei\u00f0 vita og festa ykkur \u00ed minni a\u00f0 enginn frillul\u00edfisma\u00f0ur e\u00f0a saurugur e\u00f0a \u00e1gjarn &#8211; sem er sama og a\u00f0 d\u00fdrka hj\u00e1gu\u00f0i &#8211; \u00e1 s\u00e9r <a href=\"https:\/\/biblian.is\/biblian\/efesusbrefid-5-kafli\/\"> [&#8230;]<\/a><\/p>\n","protected":false},"author":1,"featured_media":0,"parent":0,"menu_order":0,"comment_status":"open","ping_status":"open","template":"bibliukaflar_NT.php","meta":{"footnotes":""},"class_list":["post-2719","page","type-page","status-publish","hentry"],"_links":{"self":[{"href":"https:\/\/biblian.is\/biblian\/wp-json\/wp\/v2\/pages\/2719","targetHints":{"allow":["GET"]}}],"collection":[{"href":"https:\/\/biblian.is\/biblian\/wp-json\/wp\/v2\/pages"}],"about":[{"href":"https:\/\/biblian.is\/biblian\/wp-json\/wp\/v2\/types\/page"}],"author":[{"embeddable":true,"href":"https:\/\/biblian.is\/biblian\/wp-json\/wp\/v2\/users\/1"}],"replies":[{"embeddable":true,"href":"https:\/\/biblian.is\/biblian\/wp-json\/wp\/v2\/comments?post=2719"}],"version-history":[{"count":0,"href":"https:\/\/biblian.is\/biblian\/wp-json\/wp\/v2\/pages\/2719\/revisions"}],"wp:attachment":[{"href":"https:\/\/biblian.is\/biblian\/wp-json\/wp\/v2\/media?parent=2719"}],"curies":[{"name":"wp","href":"https:\/\/api.w.org\/{rel}","templated":true}]}}