{"id":2718,"date":"2017-12-30T21:04:25","date_gmt":"2017-12-30T21:04:25","guid":{"rendered":"http:\/\/biblian.is\/biblian\/efesusbr%c2%8efi_-4-kafli\/"},"modified":"2019-08-27T00:01:50","modified_gmt":"2019-08-27T00:01:50","slug":"efesusbrefid-4-kafli","status":"publish","type":"page","link":"https:\/\/biblian.is\/biblian\/efesusbrefid-4-kafli\/","title":{"rendered":"Efesusbr\u00e9fi\u00f0 4. kafli"},"content":{"rendered":"<h3 class=\"millifyrirsogn_2007\"> Vaxtartakmark Krists fyllingar<\/h3>\n<p><a name=\"1\"><span class=\"versanumer_2007\">1<\/span><\/a> \u00c9g, bandinginn vegna Drottins, \u00e1minni ykkur \u00feess vegna um a\u00f0 heg\u00f0a ykkur svo sem sambo\u00f0i\u00f0 er \u00feeirri k\u00f6llun sem \u00fei\u00f0 hafi\u00f0 hloti\u00f0. <a name=\"2\"><span class=\"versanumer_2007\">2<\/span><\/a> Veri\u00f0 \u00ed hv\u00edvetna l\u00edtill\u00e1t og h\u00f3gv\u00e6r. Veri\u00f0 \u00feolinm\u00f3\u00f0, langlynd, umberi\u00f0 og elski\u00f0 hvert anna\u00f0. <a name=\"3\"><span class=\"versanumer_2007\">3<\/span><\/a> Kappkosti\u00f0 a\u00f0 var\u00f0veita einingu andans \u00ed bandi fri\u00f0arins. <a name=\"4\"><span class=\"versanumer_2007\">4<\/span><\/a> Einn er l\u00edkaminn og einn andinn eins og Gu\u00f0 gaf ykkur l\u00edka eina von \u00feegar hann kalla\u00f0i ykkur. <a name=\"5\"><span class=\"versanumer_2007\">5<\/span><\/a> Einn er Drottinn, ein tr\u00fa, ein sk\u00edrn, <a name=\"6\"><span class=\"versanumer_2007\">6<\/span><\/a> einn Gu\u00f0 og fa\u00f0ir allra, sem er yfir \u00f6llum, me\u00f0 \u00f6llum og \u00ed \u00f6llum. <br \/> <a name=\"7\"><span class=\"versanumer_2007\">7<\/span><\/a> S\u00e9rhvert okkar \u00fe\u00e1\u00f0i af Kristi s\u00edna n\u00e1\u00f0argj\u00f6f. <a name=\"8\"><span class=\"versanumer_2007\">8<\/span><\/a> \u00dev\u00ed segir ritningin: \u201eHann steig upp til h\u00e6\u00f0a, hert\u00f3k fanga og gaf m\u00f6nnunum gjafir.\u201c <a name=\"9\"><span class=\"versanumer_2007\">9<\/span><\/a> En \u201esteig upp\u201c, hva\u00f0 merkir \u00fea\u00f0 anna\u00f0 en a\u00f0 hann hefur einnig stigi\u00f0 ni\u00f0ur \u00ed undirdj\u00fap jar\u00f0arinnar? <a name=\"10\"><span class=\"versanumer_2007\">10<\/span><\/a> S\u00e1 sem steig ni\u00f0ur er og s\u00e1 sem upp st\u00e9, upp yfir alla himna til \u00feess a\u00f0 fullna allt. <a name=\"11\"><span class=\"versanumer_2007\">11<\/span><\/a> Og fr\u00e1 honum er s\u00fa gj\u00f6f komin a\u00f0 sumir eru postular, sumir sp\u00e1menn, sumir tr\u00fabo\u00f0ar, sumir hir\u00f0ar og kennarar. <a name=\"12\"><span class=\"versanumer_2007\">12<\/span><\/a> \u00deeir eiga a\u00f0 fullkomna hin heil\u00f6gu og l\u00e1ta \u00feeim \u00fej\u00f3nustu \u00ed t\u00e9, l\u00edkama Krists til uppbyggingar, <a name=\"13\"><span class=\"versanumer_2007\">13<\/span><\/a> \u00feanga\u00f0 til vi\u00f0 ver\u00f0um \u00f6ll einhuga \u00ed tr\u00fanni og \u00feekkingunni \u00e1 syni Gu\u00f0s, ver\u00f0um full\u00feroska og n\u00e1um vaxtartakmarki Krists fyllingar. <a name=\"14\"><span class=\"versanumer_2007\">14<\/span><\/a> Vi\u00f0 eigum ekki a\u00f0 halda \u00e1fram a\u00f0 vera b\u00f6rn sem hrekjast og berast fram og aftur af hverjum kenningarvindi og t\u00e6ld af sl\u00e6gum m\u00f6nnum me\u00f0 v\u00e9labr\u00f6g\u00f0um villunnar. <a name=\"15\"><span class=\"versanumer_2007\">15<\/span><\/a> Vi\u00f0 eigum heldur a\u00f0 \u00e1stunda sannleikann \u00ed k\u00e6rleika og vaxa \u00ed \u00f6llu upp til hans sem er h\u00f6fu\u00f0i\u00f0, Kristur. <a name=\"16\"><span class=\"versanumer_2007\">16<\/span><\/a> Hann tengir l\u00edkamann saman og heldur honum saman me\u00f0 \u00fev\u00ed a\u00f0 l\u00e1ta s\u00e9rhverja taug inna s\u00edna \u00fej\u00f3nustu af hendi, allt eftir \u00feeim krafti sem hann \u00fathlutar hverri \u00feeirra. \u00deannig l\u00e6tur hann l\u00edkamann vaxa og byggjast upp \u00ed k\u00e6rleika. <\/p>\n<h3 class=\"millifyrirsogn_2007\">N\u00fdtt l\u00edf<\/h3>\n<p><a name=\"17\"><span class=\"versanumer_2007\">17<\/span><\/a> \u00deetta segi \u00e9g \u00fe\u00e1 og vitna \u00ed nafni Drottins: \u00dei\u00f0 megi\u00f0 ekki framar heg\u00f0a ykkur eins og hei\u00f0ingjarnir heg\u00f0a s\u00e9r. Hugsun \u00feeirra er allslaus, <a name=\"18\"><span class=\"versanumer_2007\">18<\/span><\/a> skilningur \u00feeirra blinda\u00f0ur og \u00feeir eru fjarl\u00e6gir l\u00edfi Gu\u00f0s vegna van\u00feekkingarinnar, sem \u00feeir lifa \u00ed, og s\u00edns har\u00f0a hjarta. <a name=\"19\"><span class=\"versanumer_2007\">19<\/span><\/a> \u00deeir eru tilfinningalausir og hafa ofurselt sig lostal\u00edfi svo a\u00f0 \u00feeir fremja alls konar si\u00f0leysi af gr\u00e6\u00f0gi. <br \/> <a name=\"20\"><span class=\"versanumer_2007\">20<\/span><\/a> En svo hafi\u00f0 \u00fei\u00f0 ekki l\u00e6rt a\u00f0 \u00feekkja Krist. <a name=\"21\"><span class=\"versanumer_2007\">21<\/span><\/a> Jes\u00fas er sannleikurinn og \u00e9g veit a\u00f0 \u00fei\u00f0 hafi\u00f0 heyrt um hann og veri\u00f0 fr\u00e6dd um hann: <a name=\"22\"><span class=\"versanumer_2007\">22<\/span><\/a> \u00dei\u00f0 eigi\u00f0 a\u00f0 h\u00e6tta hinni fyrri breytni og afkl\u00e6\u00f0ast hinum gamla manni sem er spilltur af t\u00e6landi girndum <a name=\"23\"><span class=\"versanumer_2007\">23<\/span><\/a> en endurn\u00fdjast \u00ed anda og hugsun og <a name=\"24\"><span class=\"versanumer_2007\">24<\/span><\/a> \u00edkl\u00e6\u00f0ast hinum n\u00fdja manni sem skapa\u00f0ur er \u00ed Gu\u00f0s mynd og breytir eins og Gu\u00f0 vill og l\u00e6tur r\u00e9ttl\u00e6ti og sannleika helga l\u00edf sitt. <br \/> <a name=\"25\"><span class=\"versanumer_2007\">25<\/span><\/a> Leggi\u00f0 \u00fev\u00ed af lygina og tali\u00f0 sannleika hvert vi\u00f0 sinn n\u00e1unga \u00fev\u00ed a\u00f0 vi\u00f0 erum hvert annars limir. <a name=\"26\"><span class=\"versanumer_2007\">26<\/span><\/a> Ef \u00fei\u00f0 rei\u00f0ist \u00fe\u00e1 syndgi\u00f0 ekki. S\u00f3lin m\u00e1 ekki setjast yfir rei\u00f0i ykkar. <a name=\"27\"><span class=\"versanumer_2007\">27<\/span><\/a> Gefi\u00f0 dj\u00f6flinum ekkert f\u00e6ri. <a name=\"28\"><span class=\"versanumer_2007\">28<\/span><\/a> Hinn stelv\u00edsi h\u00e6tti a\u00f0 stela en leggi hart a\u00f0 s\u00e9r og geri \u00fea\u00f0 sem gagnlegt er me\u00f0 h\u00f6ndum s\u00ednum svo a\u00f0 hann hafi eitthva\u00f0 a\u00f0 mi\u00f0la \u00feeim sem \u00feurfandi er. <a name=\"29\"><span class=\"versanumer_2007\">29<\/span><\/a> L\u00e1ti\u00f0 ekkert f\u00fakyr\u00f0i l\u00ed\u00f0a ykkur af munni heldur \u00fea\u00f0 eitt sem er gott til uppbyggingar, \u00fear sem \u00fe\u00f6rf gerist, til \u00feess a\u00f0 \u00fea\u00f0 ver\u00f0i til g\u00f3\u00f0s \u00feeim sem heyra. <a name=\"30\"><span class=\"versanumer_2007\">30<\/span><\/a> Hryggi\u00f0 ekki Gu\u00f0s heilaga anda sem \u00fei\u00f0 eru\u00f0 innsiglu\u00f0 me\u00f0 til endurlausnardagsins. <a name=\"31\"><span class=\"versanumer_2007\">31<\/span><\/a> L\u00e1ti\u00f0 hvers konar beiskju, ofsa, rei\u00f0i, h\u00e1va\u00f0a og lastm\u00e6li vera fjarl\u00e6gt ykkur og alla mannvonsku yfirleitt. <a name=\"32\"><span class=\"versanumer_2007\">32<\/span><\/a> Veri\u00f0 g\u00f3\u00f0vilju\u00f0 hvert vi\u00f0 anna\u00f0, miskunns\u00f6m, f\u00fas til a\u00f0 fyrirgefa hvert \u00f6\u00f0ru eins og Gu\u00f0 hefur \u00ed Kristi fyrirgefi\u00f0 ykkur.<\/p>\n","protected":false},"excerpt":{"rendered":"<p>Vaxtartakmark Krists fyllingar 1 \u00c9g, bandinginn vegna Drottins, \u00e1minni ykkur \u00feess vegna um a\u00f0 heg\u00f0a ykkur svo sem sambo\u00f0i\u00f0 er \u00feeirri k\u00f6llun sem \u00fei\u00f0 hafi\u00f0 hloti\u00f0. 2 Veri\u00f0 \u00ed hv\u00edvetna l\u00edtill\u00e1t og h\u00f3gv\u00e6r. Veri\u00f0 \u00feolinm\u00f3\u00f0, langlynd, umberi\u00f0 og elski\u00f0 hvert anna\u00f0. 3 Kappkosti\u00f0 a\u00f0 var\u00f0veita einingu andans \u00ed bandi fri\u00f0arins. 4 Einn er l\u00edkaminn og einn andinn eins og Gu\u00f0 gaf ykkur l\u00edka eina von \u00feegar hann kalla\u00f0i ykkur. 5 Einn er Drottinn, ein tr\u00fa, ein sk\u00edrn, 6 einn Gu\u00f0 og fa\u00f0ir allra, sem er yfir \u00f6llum, me\u00f0 \u00f6llum og \u00ed \u00f6llum. 7 S\u00e9rhvert okkar \u00fe\u00e1\u00f0i af Kristi s\u00edna n\u00e1\u00f0argj\u00f6f. <a href=\"https:\/\/biblian.is\/biblian\/efesusbrefid-4-kafli\/\"> [&#8230;]<\/a><\/p>\n","protected":false},"author":1,"featured_media":0,"parent":0,"menu_order":0,"comment_status":"open","ping_status":"open","template":"bibliukaflar_NT.php","meta":{"footnotes":""},"class_list":["post-2718","page","type-page","status-publish","hentry"],"_links":{"self":[{"href":"https:\/\/biblian.is\/biblian\/wp-json\/wp\/v2\/pages\/2718","targetHints":{"allow":["GET"]}}],"collection":[{"href":"https:\/\/biblian.is\/biblian\/wp-json\/wp\/v2\/pages"}],"about":[{"href":"https:\/\/biblian.is\/biblian\/wp-json\/wp\/v2\/types\/page"}],"author":[{"embeddable":true,"href":"https:\/\/biblian.is\/biblian\/wp-json\/wp\/v2\/users\/1"}],"replies":[{"embeddable":true,"href":"https:\/\/biblian.is\/biblian\/wp-json\/wp\/v2\/comments?post=2718"}],"version-history":[{"count":0,"href":"https:\/\/biblian.is\/biblian\/wp-json\/wp\/v2\/pages\/2718\/revisions"}],"wp:attachment":[{"href":"https:\/\/biblian.is\/biblian\/wp-json\/wp\/v2\/media?parent=2718"}],"curies":[{"name":"wp","href":"https:\/\/api.w.org\/{rel}","templated":true}]}}