{"id":2717,"date":"2017-12-30T21:04:20","date_gmt":"2017-12-30T21:04:20","guid":{"rendered":"http:\/\/biblian.is\/biblian\/efesusbr%c2%8efi_-3-kafli\/"},"modified":"2019-08-27T00:01:50","modified_gmt":"2019-08-27T00:01:50","slug":"efesusbrefid-3-kafli","status":"publish","type":"page","link":"https:\/\/biblian.is\/biblian\/efesusbrefid-3-kafli\/","title":{"rendered":"Efesusbr\u00e9fi\u00f0 3. kafli"},"content":{"rendered":"<h3 class=\"millifyrirsogn_2007\"> Leyndard\u00f3mur Krists opinber<\/h3>\n<p><a name=\"1\"><span class=\"versanumer_2007\">1<\/span><\/a> \u00deess vegna er \u00fea\u00f0 a\u00f0 \u00e9g, P\u00e1ll, bandingi Krists Jes\u00fa vegna ykkar, hei\u00f0inna manna, beygi kn\u00e9 m\u00edn. <a name=\"2\"><span class=\"versanumer_2007\">2<\/span><\/a> V\u00edst hafi\u00f0 \u00fei\u00f0 heyrt um \u00fe\u00e1 n\u00e1\u00f0 sem Gu\u00f0 hefur s\u00fdnt m\u00e9r og um \u00fea\u00f0 hlutverk sem hann hefur fali\u00f0 m\u00e9r hj\u00e1 ykkur: <a name=\"3\"><span class=\"versanumer_2007\">3<\/span><\/a> Me\u00f0 opinberun birtist m\u00e9r leyndard\u00f3murinn. Um \u00fea\u00f0 hef \u00e9g stuttlega skrifa\u00f0 \u00e1\u00f0ur. <a name=\"4\"><span class=\"versanumer_2007\">4<\/span><\/a> \u00deegar \u00fei\u00f0 lesi\u00f0 \u00fea\u00f0 geti\u00f0 \u00fei\u00f0 skynja\u00f0 hva\u00f0 \u00e9g veit um leyndard\u00f3m Krists. <a name=\"5\"><span class=\"versanumer_2007\">5<\/span><\/a> Hann var ekki birtur mannanna b\u00f6rnum fyrr \u00e1 t\u00edmum. N\u00fa hefur Gu\u00f0 l\u00e1ti\u00f0 andann opinbera hann heil\u00f6gum postulum s\u00ednum og sp\u00e1m\u00f6nnum: <a name=\"6\"><span class=\"versanumer_2007\">6<\/span><\/a> Vegna samf\u00e9lagsins vi\u00f0 Krist Jes\u00fa og me\u00f0 \u00fev\u00ed a\u00f0 hl\u00fd\u00f0a \u00e1 fagna\u00f0arerindi\u00f0 eru hei\u00f0ingjarnir or\u00f0nir erfingjar me\u00f0 okkur, einn l\u00edkami me\u00f0 okkur, og eiga hlut \u00ed sama fyrirheiti og vi\u00f0. <br \/> <a name=\"7\"><span class=\"versanumer_2007\">7<\/span><\/a> \u00c9g var\u00f0 \u00fej\u00f3nn \u00feessa fagna\u00f0arerindis af \u00fev\u00ed a\u00f0 Gu\u00f0 gaf m\u00e9r \u00fe\u00e1 n\u00e1\u00f0 me\u00f0 krafti m\u00e1ttar s\u00edns. <a name=\"8\"><span class=\"versanumer_2007\">8<\/span><\/a> M\u00e9r, sem minnstur er allra heilagra, var veitt s\u00fa n\u00e1\u00f0 a\u00f0 bo\u00f0a hei\u00f0ingjum fagna\u00f0arerindi\u00f0 um hinn \u00f3rannsakanlega r\u00edkd\u00f3m Krists <a name=\"9\"><span class=\"versanumer_2007\">9<\/span><\/a> og a\u00f0 uppl\u00fdsa alla um \u00fea\u00f0 hvernig Gu\u00f0 hefur r\u00e1\u00f0stafa\u00f0 \u00feessum leyndard\u00f3mi sem fr\u00e1 eil\u00edf\u00f0 var hulinn hj\u00e1 Gu\u00f0i sem allt hefur skapa\u00f0. <br \/> <a name=\"10\"><span class=\"versanumer_2007\">10<\/span><\/a> N\u00fa skyldi kirkjan l\u00e1tin kunngj\u00f6ra tignunum og v\u00f6ldunum \u00e1 himnum hve margh\u00e1ttu\u00f0 speki Gu\u00f0s er. <a name=\"11\"><span class=\"versanumer_2007\">11<\/span><\/a> \u00deetta er Gu\u00f0s eil\u00edfa fyrir\u00e6tlun sem hann hefur framkv\u00e6mt \u00ed Kristi Jes\u00fa, Drottni vorum. <a name=\"12\"><span class=\"versanumer_2007\">12<\/span><\/a> \u00c1 honum byggist dj\u00f6rfung okkar. \u00cd tr\u00fanni \u00e1 hann eigum vi\u00f0 \u00f6ruggan a\u00f0gang a\u00f0 Gu\u00f0i. <a name=\"13\"><span class=\"versanumer_2007\">13<\/span><\/a> Fyrir \u00fev\u00ed bi\u00f0 \u00e9g a\u00f0 \u00fei\u00f0 l\u00e1ti\u00f0 eigi hugfallast \u00fat af \u00ferengingum m\u00ednum ykkar vegna. \u00de\u00e6r eru ykkur til vegsemdar. <\/p>\n<h3 class=\"millifyrirsogn_2007\">B\u00e6n um styrk og skilning<\/h3>\n<p><a name=\"14\"><span class=\"versanumer_2007\">14<\/span><\/a> \u00deess vegna beygi \u00e9g kn\u00e9 m\u00edn fyrir f\u00f6\u00f0urnum, <a name=\"15\"><span class=\"versanumer_2007\">15<\/span><\/a> sem hvert fa\u00f0erni f\u00e6r nafn af \u00e1 himni og j\u00f6r\u00f0u, <a name=\"16\"><span class=\"versanumer_2007\">16<\/span><\/a> a\u00f0 hann gefi ykkur af r\u00edkd\u00f3mi d\u00fdr\u00f0ar sinnar a\u00f0 styrkjast fyrir anda sinn a\u00f0 krafti hi\u00f0 innra me\u00f0 ykkur <a name=\"17\"><span class=\"versanumer_2007\">17<\/span><\/a> til \u00feess a\u00f0 Kristur megi fyrir tr\u00fana b\u00faa \u00ed hj\u00f6rtum ykkar og \u00fei\u00f0 ver\u00f0a r\u00f3tfest og grundv\u00f6llu\u00f0 \u00ed k\u00e6rleika. <a name=\"18\"><span class=\"versanumer_2007\">18<\/span><\/a> M\u00e6ttu\u00f0 \u00fei\u00f0 \u00fev\u00ed geta skili\u00f0 \u00fea\u00f0 me\u00f0 \u00f6llum heil\u00f6gum hv\u00edl\u00edk er v\u00edddin og lengdin, h\u00e6\u00f0in og d\u00fdptin \u00ed k\u00e6rleika Krists og f\u00e1 a\u00f0 sannreyna hann, <a name=\"19\"><span class=\"versanumer_2007\">19<\/span><\/a> sem gn\u00e6fir yfir alla \u00feekkingu, og n\u00e1 a\u00f0 fyllast allri Gu\u00f0s fyllingu. <br \/> <a name=\"20\"><span class=\"versanumer_2007\">20<\/span><\/a> En honum, sem \u00ed oss verkar me\u00f0 krafti s\u00ednum og megnar a\u00f0 gera langt fram yfir allt \u00fea\u00f0 sem v\u00e9r bi\u00f0jum e\u00f0a skynjum, <a name=\"21\"><span class=\"versanumer_2007\">21<\/span><\/a> honum s\u00e9 d\u00fdr\u00f0 \u00ed kirkjunni og \u00ed Kristi Jes\u00fa me\u00f0 \u00f6llum kynsl\u00f3\u00f0um um aldir alda. Amen. <\/p>\n","protected":false},"excerpt":{"rendered":"<p>Leyndard\u00f3mur Krists opinber 1 \u00deess vegna er \u00fea\u00f0 a\u00f0 \u00e9g, P\u00e1ll, bandingi Krists Jes\u00fa vegna ykkar, hei\u00f0inna manna, beygi kn\u00e9 m\u00edn. 2 V\u00edst hafi\u00f0 \u00fei\u00f0 heyrt um \u00fe\u00e1 n\u00e1\u00f0 sem Gu\u00f0 hefur s\u00fdnt m\u00e9r og um \u00fea\u00f0 hlutverk sem hann hefur fali\u00f0 m\u00e9r hj\u00e1 ykkur: 3 Me\u00f0 opinberun birtist m\u00e9r leyndard\u00f3murinn. Um \u00fea\u00f0 hef \u00e9g stuttlega skrifa\u00f0 \u00e1\u00f0ur. 4 \u00deegar \u00fei\u00f0 lesi\u00f0 \u00fea\u00f0 geti\u00f0 \u00fei\u00f0 skynja\u00f0 hva\u00f0 \u00e9g veit um leyndard\u00f3m Krists. 5 Hann var ekki birtur mannanna b\u00f6rnum fyrr \u00e1 t\u00edmum. N\u00fa hefur Gu\u00f0 l\u00e1ti\u00f0 andann opinbera hann heil\u00f6gum postulum s\u00ednum og sp\u00e1m\u00f6nnum: 6 Vegna samf\u00e9lagsins vi\u00f0 Krist Jes\u00fa <a href=\"https:\/\/biblian.is\/biblian\/efesusbrefid-3-kafli\/\"> [&#8230;]<\/a><\/p>\n","protected":false},"author":1,"featured_media":0,"parent":0,"menu_order":0,"comment_status":"open","ping_status":"open","template":"bibliukaflar_NT.php","meta":{"footnotes":""},"class_list":["post-2717","page","type-page","status-publish","hentry"],"_links":{"self":[{"href":"https:\/\/biblian.is\/biblian\/wp-json\/wp\/v2\/pages\/2717","targetHints":{"allow":["GET"]}}],"collection":[{"href":"https:\/\/biblian.is\/biblian\/wp-json\/wp\/v2\/pages"}],"about":[{"href":"https:\/\/biblian.is\/biblian\/wp-json\/wp\/v2\/types\/page"}],"author":[{"embeddable":true,"href":"https:\/\/biblian.is\/biblian\/wp-json\/wp\/v2\/users\/1"}],"replies":[{"embeddable":true,"href":"https:\/\/biblian.is\/biblian\/wp-json\/wp\/v2\/comments?post=2717"}],"version-history":[{"count":0,"href":"https:\/\/biblian.is\/biblian\/wp-json\/wp\/v2\/pages\/2717\/revisions"}],"wp:attachment":[{"href":"https:\/\/biblian.is\/biblian\/wp-json\/wp\/v2\/media?parent=2717"}],"curies":[{"name":"wp","href":"https:\/\/api.w.org\/{rel}","templated":true}]}}