{"id":2716,"date":"2017-12-30T21:04:20","date_gmt":"2017-12-30T21:04:20","guid":{"rendered":"http:\/\/biblian.is\/biblian\/efesusbr%c2%8efi_-2-kafli\/"},"modified":"2019-08-27T00:01:50","modified_gmt":"2019-08-27T00:01:50","slug":"efesusbrefid-2-kafli","status":"publish","type":"page","link":"https:\/\/biblian.is\/biblian\/efesusbrefid-2-kafli\/","title":{"rendered":"Efesusbr\u00e9fi\u00f0 2. kafli"},"content":{"rendered":"<h3 class=\"millifyrirsogn_2007\"> H\u00f3lpin af n\u00e1\u00f0<\/h3>\n<p><a name=\"1\"><span class=\"versanumer_2007\">1<\/span><\/a> \u00dei\u00f0 voru\u00f0 dau\u00f0 vegna afbrota ykkar og synda <a name=\"2\"><span class=\"versanumer_2007\">2<\/span><\/a> sem \u00fei\u00f0 lif\u00f0u\u00f0 \u00ed \u00e1\u00f0ur samkv\u00e6mt aldarh\u00e6tti \u00feessa heims a\u00f0 vilja valdhafans \u00ed loftinu, anda \u00feess, sem n\u00fa verkar \u00ed \u00feeim, sem ekki tr\u00faa. <a name=\"3\"><span class=\"versanumer_2007\">3<\/span><\/a> Eins lif\u00f0um vi\u00f0 \u00f6ll fyrrum, lutum jar\u00f0bundnum girndum, ger\u00f0um \u00fea\u00f0 sem okkur lysti og refsid\u00f3mur Gu\u00f0s vof\u00f0i yfir okkur eins og \u00f6\u00f0rum m\u00f6nnum.<br \/> <a name=\"4\"><span class=\"versanumer_2007\">4<\/span><\/a> En Gu\u00f0 er au\u00f0ugur a\u00f0 miskunn. Svo mikil var elska hans til okkar a\u00f0 \u00fe\u00f3tt vi\u00f0 v\u00e6rum dau\u00f0 vegna misgj\u00f6r\u00f0a okkar <a name=\"5\"><span class=\"versanumer_2007\">5<\/span><\/a> endurl\u00edfga\u00f0i hann okkur me\u00f0 Kristi &#8211; af n\u00e1\u00f0 eru\u00f0 \u00fei\u00f0 h\u00f3lpin or\u00f0in &#8211; <a name=\"6\"><span class=\"versanumer_2007\">6<\/span><\/a> og reisti okkur upp me\u00f0 Kristi Jes\u00fa og bj\u00f3 okkur sta\u00f0 hj\u00e1 honum \u00ed himinh\u00e6\u00f0um. <a name=\"7\"><span class=\"versanumer_2007\">7<\/span><\/a> \u00deannig vildi hann s\u00fdna \u00e1 komandi \u00f6ldum \u00f3m\u00e6lanlega au\u00f0leg\u00f0 n\u00e1\u00f0ar sinnar og g\u00e6sku vi\u00f0 okkur \u00ed Kristi Jes\u00fa, <a name=\"8\"><span class=\"versanumer_2007\">8<\/span><\/a> \u00fev\u00ed a\u00f0 af n\u00e1\u00f0 eru\u00f0 \u00fei\u00f0 h\u00f3lpin or\u00f0in fyrir tr\u00fa. \u00deetta er ekki ykkur a\u00f0 \u00feakka. \u00dea\u00f0 er Gu\u00f0s gj\u00f6f. <a name=\"9\"><span class=\"versanumer_2007\">9<\/span><\/a> Ekki byggt \u00e1 verkum, enginn skal geta miklast af \u00fev\u00ed. <a name=\"10\"><span class=\"versanumer_2007\">10<\/span><\/a> Vi\u00f0 erum sm\u00ed\u00f0 Gu\u00f0s, sk\u00f6pu\u00f0 \u00ed Kristi Jes\u00fa til g\u00f3\u00f0ra verka sem hann hefur \u00e1\u00f0ur fyrirb\u00fai\u00f0 til \u00feess a\u00f0 vi\u00f0 skyldum leggja stund \u00e1 \u00feau. <\/p>\n<h3 class=\"millifyrirsogn_2007\">Eitt \u00ed Kristi<\/h3>\n<p><a name=\"11\"><span class=\"versanumer_2007\">11<\/span><\/a> \u00dei\u00f0 skulu\u00f0 \u00fev\u00ed minnast \u00feessa: \u00dei\u00f0 voru\u00f0 upprunalega hei\u00f0ingjar og kalla\u00f0ir \u00f3umskornir af m\u00f6nnum sem kalla sig umskorna og eru umskornir \u00e1 holdi me\u00f0 h\u00f6ndum manna. <a name=\"12\"><span class=\"versanumer_2007\">12<\/span><\/a> S\u00fa var t\u00ed\u00f0in er \u00fei\u00f0 voru\u00f0 \u00e1n Krists, loka\u00f0ir \u00fati fr\u00e1 \u00feegnr\u00e9tti \u00cdsraelsmanna. \u00dei\u00f0 st\u00f3\u00f0u\u00f0 fyrir utan s\u00e1ttm\u00e1lana og fyrirheit Gu\u00f0s, vonlausir og gu\u00f0vana \u00ed heiminum. <a name=\"13\"><span class=\"versanumer_2007\">13<\/span><\/a> N\u00fa \u00fear \u00e1 m\u00f3ti eru\u00f0 \u00fei\u00f0, sem eitt sinn voru\u00f0 fjarl\u00e6gir, n\u00e1l\u00e6gir or\u00f0nir \u00ed Kristi fyrir bl\u00f3\u00f0 hans. <a name=\"14\"><span class=\"versanumer_2007\">14<\/span><\/a> \u00dev\u00ed a\u00f0 hann er fri\u00f0ur okkar. Hann ger\u00f0i hei\u00f0ingja og \u00cdsraelsmenn a\u00f0 einum, hann reif ni\u00f0ur vegginn sem skildi \u00fe\u00e1 a\u00f0, fjandskapinn milli \u00feeirra. Me\u00f0 l\u00edfi s\u00ednu og dau\u00f0a <a name=\"15\"><span class=\"versanumer_2007\">15<\/span><\/a> afm\u00e1\u00f0i hann l\u00f6gm\u00e1li\u00f0 me\u00f0 bo\u00f0or\u00f0um \u00feess og skipunum til \u00feess a\u00f0 setja fri\u00f0 og skapa \u00ed s\u00e9r einn n\u00fdjan mann \u00far b\u00e1\u00f0um. <a name=\"16\"><span class=\"versanumer_2007\">16<\/span><\/a> \u00cd einum l\u00edkama s\u00e6tti hann \u00fe\u00e1 b\u00e1\u00f0a vi\u00f0 Gu\u00f0 me\u00f0 \u00fev\u00ed a\u00f0 deyja \u00e1 krossi \u00fear sem hann deyddi fjandskapinn. <a name=\"17\"><span class=\"versanumer_2007\">17<\/span><\/a> Og hann kom og bo\u00f0a\u00f0i ykkur fri\u00f0 sem fjarl\u00e6gir voru\u00f0, og fri\u00f0 hinum sem n\u00e1l\u00e6gir voru. <a name=\"18\"><span class=\"versanumer_2007\">18<\/span><\/a> \u00dev\u00ed a\u00f0 fyrir hans tilverkna\u00f0 getum vi\u00f0 hvor tveggja n\u00e1lgast f\u00f6\u00f0urinn \u00ed einum anda. <br \/> <a name=\"19\"><span class=\"versanumer_2007\">19<\/span><\/a> \u00deess vegna eru\u00f0 \u00fei\u00f0 ekki framar gestir og \u00fatlendingar heldur eru\u00f0 \u00fei\u00f0 sam\u00feegnar hinna heil\u00f6gu og heimamenn Gu\u00f0s. <a name=\"20\"><span class=\"versanumer_2007\">20<\/span><\/a> \u00dei\u00f0 eru\u00f0 bygging sem hefur a\u00f0 grundvelli postulana og sp\u00e1mennina en Krist Jes\u00fa sj\u00e1lfan a\u00f0 hyrningarsteini. <a name=\"21\"><span class=\"versanumer_2007\">21<\/span><\/a> \u00cd honum tengist \u00f6ll s\u00fa bygging saman, vex og ver\u00f0ur heilagt musteri \u00ed Drottni. <a name=\"22\"><span class=\"versanumer_2007\">22<\/span><\/a> Me\u00f0 honum eru\u00f0 einnig \u00fei\u00f0 sambygg\u00f0ir til andlegs b\u00fasta\u00f0ar handa Gu\u00f0i. <\/p>\n","protected":false},"excerpt":{"rendered":"<p>H\u00f3lpin af n\u00e1\u00f0 1 \u00dei\u00f0 voru\u00f0 dau\u00f0 vegna afbrota ykkar og synda 2 sem \u00fei\u00f0 lif\u00f0u\u00f0 \u00ed \u00e1\u00f0ur samkv\u00e6mt aldarh\u00e6tti \u00feessa heims a\u00f0 vilja valdhafans \u00ed loftinu, anda \u00feess, sem n\u00fa verkar \u00ed \u00feeim, sem ekki tr\u00faa. 3 Eins lif\u00f0um vi\u00f0 \u00f6ll fyrrum, lutum jar\u00f0bundnum girndum, ger\u00f0um \u00fea\u00f0 sem okkur lysti og refsid\u00f3mur Gu\u00f0s vof\u00f0i yfir okkur eins og \u00f6\u00f0rum m\u00f6nnum. 4 En Gu\u00f0 er au\u00f0ugur a\u00f0 miskunn. Svo mikil var elska hans til okkar a\u00f0 \u00fe\u00f3tt vi\u00f0 v\u00e6rum dau\u00f0 vegna misgj\u00f6r\u00f0a okkar 5 endurl\u00edfga\u00f0i hann okkur me\u00f0 Kristi &#8211; af n\u00e1\u00f0 eru\u00f0 \u00fei\u00f0 h\u00f3lpin or\u00f0in &#8211; 6 og reisti <a href=\"https:\/\/biblian.is\/biblian\/efesusbrefid-2-kafli\/\"> [&#8230;]<\/a><\/p>\n","protected":false},"author":1,"featured_media":0,"parent":0,"menu_order":0,"comment_status":"open","ping_status":"open","template":"bibliukaflar_NT.php","meta":{"footnotes":""},"class_list":["post-2716","page","type-page","status-publish","hentry"],"_links":{"self":[{"href":"https:\/\/biblian.is\/biblian\/wp-json\/wp\/v2\/pages\/2716","targetHints":{"allow":["GET"]}}],"collection":[{"href":"https:\/\/biblian.is\/biblian\/wp-json\/wp\/v2\/pages"}],"about":[{"href":"https:\/\/biblian.is\/biblian\/wp-json\/wp\/v2\/types\/page"}],"author":[{"embeddable":true,"href":"https:\/\/biblian.is\/biblian\/wp-json\/wp\/v2\/users\/1"}],"replies":[{"embeddable":true,"href":"https:\/\/biblian.is\/biblian\/wp-json\/wp\/v2\/comments?post=2716"}],"version-history":[{"count":0,"href":"https:\/\/biblian.is\/biblian\/wp-json\/wp\/v2\/pages\/2716\/revisions"}],"wp:attachment":[{"href":"https:\/\/biblian.is\/biblian\/wp-json\/wp\/v2\/media?parent=2716"}],"curies":[{"name":"wp","href":"https:\/\/api.w.org\/{rel}","templated":true}]}}