{"id":2713,"date":"2017-12-30T21:04:20","date_gmt":"2017-12-30T21:04:20","guid":{"rendered":"http:\/\/biblian.is\/biblian\/galatabr%c2%8efi_-5-kafli\/"},"modified":"2019-08-26T23:58:19","modified_gmt":"2019-08-26T23:58:19","slug":"galatabrefid-5-kafli","status":"publish","type":"page","link":"https:\/\/biblian.is\/biblian\/galatabrefid-5-kafli\/","title":{"rendered":"Galatabr\u00e9fi\u00f0 5. kafli"},"content":{"rendered":"<p><a name=\"1\"><span class=\"versanumer_2007\">1<\/span><\/a> Til frelsis frelsa\u00f0i Kristur okkur. Standi\u00f0 \u00fev\u00ed st\u00f6\u00f0ug og l\u00e1ti\u00f0 ekki aftur leggja \u00e1 ykkur \u00e1nau\u00f0arok. <\/p>\n<h3 class=\"millifyrirsogn_2007\">Frelsu\u00f0 til frelsis<\/h3>\n<p><a name=\"2\"><span class=\"versanumer_2007\">2<\/span><\/a> Taki\u00f0 eftir \u00fev\u00ed sem \u00e9g, P\u00e1ll, segi ykkur: Ef \u00fei\u00f0 l\u00e1ti\u00f0 umskerast, \u00fe\u00e1 gagnar Kristur ykkur ekkert. <a name=\"3\"><span class=\"versanumer_2007\">3<\/span><\/a> Og enn legg \u00e9g r\u00edka \u00e1herslu \u00e1 a\u00f0 s\u00e9rhver sem l\u00e6tur umskerast er skyldur til a\u00f0 halda allt l\u00f6gm\u00e1li\u00f0. <a name=\"4\"><span class=\"versanumer_2007\">4<\/span><\/a> \u00dei\u00f0 eru\u00f0 or\u00f0in vi\u00f0skila vi\u00f0 Krist, \u00fei\u00f0 sem \u00e6tli\u00f0 a\u00f0 r\u00e9ttl\u00e6tast me\u00f0 l\u00f6gm\u00e1li. \u00dei\u00f0 eru\u00f0 fallin \u00far n\u00e1\u00f0inni. <a name=\"5\"><span class=\"versanumer_2007\">5<\/span><\/a> En vi\u00f0 v\u00e6ntum \u00ed andanum a\u00f0 \u00f6\u00f0last af tr\u00fanni r\u00e9ttl\u00e6tinguna sem er von okkar. <a name=\"6\"><span class=\"versanumer_2007\">6<\/span><\/a> \u00cd samf\u00e9laginu vi\u00f0 Krist Jes\u00fa gildir hvorki umskurn n\u00e9 yfirh\u00fa\u00f0 heldur tr\u00fa sem verkar \u00ed k\u00e6rleika.<br \/> <a name=\"7\"><span class=\"versanumer_2007\">7<\/span><\/a> \u00dei\u00f0 f\u00f3ru\u00f0 svo vel af sta\u00f0. Hver hefur hindra\u00f0 ykkur \u00ed a\u00f0 hl\u00fd\u00f0a sannleikanum? <a name=\"8\"><span class=\"versanumer_2007\">8<\/span><\/a> \u00dea\u00f0 kom ekki fr\u00e1 \u00feeim sem kalla\u00f0i ykkur. <a name=\"9\"><span class=\"versanumer_2007\">9<\/span><\/a> L\u00edti\u00f0 s\u00fardeig s\u00fdrir allt deigi\u00f0. <a name=\"10\"><span class=\"versanumer_2007\">10<\/span><\/a> \u00c9g hef \u00fea\u00f0 traust til ykkar \u00ed Drottni a\u00f0 \u00fei\u00f0 ver\u00f0i\u00f0 sama sinnis og \u00e9g. S\u00e1 sem truflar ykkur mun f\u00e1 sinn d\u00f3m, hver sem hann svo er. <a name=\"11\"><span class=\"versanumer_2007\">11<\/span><\/a> En hva\u00f0 mig snertir, br\u00e6\u00f0ur m\u00ednir og systur,<span class=\"nedan_mal\" title=\" Or\u00f0r\u00e9tt: br\u00e6\u00f0ur.\">[<\/span> ef \u00e9g er enn \u00fe\u00e1 a\u00f0 pr\u00e9dika umskurn, hv\u00ed er \u00fe\u00e1 enn veri\u00f0 a\u00f0 ofs\u00e6kja mig? \u00de\u00e1 v\u00e6ri hneyksli krossins teki\u00f0 burt. <a name=\"12\"><span class=\"versanumer_2007\">12<\/span><\/a> Vel m\u00e6ttu \u00feeir sem koma ykkur \u00ed uppn\u00e1m aflima sig. <br \/> <a name=\"13\"><span class=\"versanumer_2007\">13<\/span><\/a> Br\u00e6\u00f0ur og systur,<span class=\"nedan_mal\" title=\" Or\u00f0r\u00e9tt: br\u00e6\u00f0ur.\">[<\/span> \u00fei\u00f0 voru\u00f0 k\u00f6llu\u00f0 til a\u00f0 vera frj\u00e1ls. Misnoti\u00f0 ekki frelsi\u00f0 \u00ed \u00fe\u00e1gu eigin girnda heldur \u00fej\u00f3ni\u00f0 hvert \u00f6\u00f0ru \u00ed k\u00e6rleika. <a name=\"14\"><span class=\"versanumer_2007\">14<\/span><\/a> Allt l\u00f6gm\u00e1li\u00f0 felst \u00ed \u00feessu eina bo\u00f0or\u00f0i: \u201e\u00de\u00fa skalt elska n\u00e1unga \u00feinn eins og sj\u00e1lfan \u00feig.\u201c <a name=\"15\"><span class=\"versanumer_2007\">15<\/span><\/a> En ef \u00fei\u00f0 b\u00edtist og eti\u00f0 hvert anna\u00f0 upp, \u00fe\u00e1 g\u00e6ti\u00f0 \u00feess a\u00f0 \u00fei\u00f0 tort\u00edmi\u00f0 ekki hvert \u00f6\u00f0ru. <br \/> <a name=\"16\"><span class=\"versanumer_2007\">16<\/span><\/a> En \u00e9g segi: Lifi\u00f0 \u00ed andanum og \u00fe\u00e1 fulln\u00e6gi\u00f0 \u00fei\u00f0 alls ekki girnd holdsins. <a name=\"17\"><span class=\"versanumer_2007\">17<\/span><\/a> Holdi\u00f0 girnist gegn andanum og andinn gegn holdinu. \u00deau standa hvort gegn \u00f6\u00f0ru til \u00feess a\u00f0 \u00fei\u00f0 geri\u00f0 ekki \u00fea\u00f0 sem \u00fei\u00f0 vilji\u00f0. <a name=\"18\"><span class=\"versanumer_2007\">18<\/span><\/a> En ef \u00fei\u00f0 lei\u00f0ist af andanum \u00fe\u00e1 eru\u00f0 \u00fei\u00f0 ekki undir l\u00f6gm\u00e1li.<br \/> <a name=\"19\"><span class=\"versanumer_2007\">19<\/span><\/a> Holdsins verk eru auglj\u00f3s: frillul\u00edfi, \u00f3hreinleiki, saurl\u00edfi, <a name=\"20\"><span class=\"versanumer_2007\">20<\/span><\/a> skur\u00f0go\u00f0ad\u00fdrkun, fj\u00f6lkynngi, fjandskapur, deilur, metingur, rei\u00f0i, eigingirni, tv\u00eddr\u00e6gni, flokkadr\u00e1ttur, <a name=\"21\"><span class=\"versanumer_2007\">21<\/span><\/a> \u00f6fund, ofdrykkja, svall og anna\u00f0 \u00feessu l\u00edkt. Og \u00fea\u00f0 segi \u00e9g ykkur fyrir, eins og \u00e9g hef \u00e1\u00f0ur sagt, a\u00f0 \u00feeir sem sl\u00edkt gera munu ekki erfa Gu\u00f0s r\u00edki. <br \/> <a name=\"22\"><span class=\"versanumer_2007\">22<\/span><\/a> En \u00e1v\u00f6xtur andans er: k\u00e6rleiki, gle\u00f0i, fri\u00f0ur, langlyndi, g\u00e6ska, g\u00f3\u00f0vild, tr\u00famennska, <a name=\"23\"><span class=\"versanumer_2007\">23<\/span><\/a> h\u00f3gv\u00e6r\u00f0 og sj\u00e1lfsagi. Gegn sl\u00edku er l\u00f6gm\u00e1li\u00f0 ekki. <a name=\"24\"><span class=\"versanumer_2007\">24<\/span><\/a> En \u00feeir sem tr\u00faa \u00e1 Krist hafa krossfest holdi\u00f0 me\u00f0 \u00e1str\u00ed\u00f0um \u00feess og girndum.<br \/> <a name=\"25\"><span class=\"versanumer_2007\">25<\/span><\/a> Fyrst andinn hefur vaki\u00f0 okkur til l\u00edfs skulum vi\u00f0 lifa \u00ed andanum. <a name=\"26\"><span class=\"versanumer_2007\">26<\/span><\/a> Verum ekki h\u00e9g\u00f3magj\u00f6rn svo a\u00f0 vi\u00f0 \u00e1reitum og \u00f6fundum hvert anna\u00f0.<\/p>\n","protected":false},"excerpt":{"rendered":"<p>1 Til frelsis frelsa\u00f0i Kristur okkur. Standi\u00f0 \u00fev\u00ed st\u00f6\u00f0ug og l\u00e1ti\u00f0 ekki aftur leggja \u00e1 ykkur \u00e1nau\u00f0arok. Frelsu\u00f0 til frelsis 2 Taki\u00f0 eftir \u00fev\u00ed sem \u00e9g, P\u00e1ll, segi ykkur: Ef \u00fei\u00f0 l\u00e1ti\u00f0 umskerast, \u00fe\u00e1 gagnar Kristur ykkur ekkert. 3 Og enn legg \u00e9g r\u00edka \u00e1herslu \u00e1 a\u00f0 s\u00e9rhver sem l\u00e6tur umskerast er skyldur til a\u00f0 halda allt l\u00f6gm\u00e1li\u00f0. 4 \u00dei\u00f0 eru\u00f0 or\u00f0in vi\u00f0skila vi\u00f0 Krist, \u00fei\u00f0 sem \u00e6tli\u00f0 a\u00f0 r\u00e9ttl\u00e6tast me\u00f0 l\u00f6gm\u00e1li. \u00dei\u00f0 eru\u00f0 fallin \u00far n\u00e1\u00f0inni. 5 En vi\u00f0 v\u00e6ntum \u00ed andanum a\u00f0 \u00f6\u00f0last af tr\u00fanni r\u00e9ttl\u00e6tinguna sem er von okkar. 6 \u00cd samf\u00e9laginu vi\u00f0 Krist Jes\u00fa gildir hvorki <a href=\"https:\/\/biblian.is\/biblian\/galatabrefid-5-kafli\/\"> [&#8230;]<\/a><\/p>\n","protected":false},"author":1,"featured_media":0,"parent":0,"menu_order":0,"comment_status":"open","ping_status":"open","template":"bibliukaflar_NT.php","meta":{"footnotes":""},"class_list":["post-2713","page","type-page","status-publish","hentry"],"_links":{"self":[{"href":"https:\/\/biblian.is\/biblian\/wp-json\/wp\/v2\/pages\/2713","targetHints":{"allow":["GET"]}}],"collection":[{"href":"https:\/\/biblian.is\/biblian\/wp-json\/wp\/v2\/pages"}],"about":[{"href":"https:\/\/biblian.is\/biblian\/wp-json\/wp\/v2\/types\/page"}],"author":[{"embeddable":true,"href":"https:\/\/biblian.is\/biblian\/wp-json\/wp\/v2\/users\/1"}],"replies":[{"embeddable":true,"href":"https:\/\/biblian.is\/biblian\/wp-json\/wp\/v2\/comments?post=2713"}],"version-history":[{"count":0,"href":"https:\/\/biblian.is\/biblian\/wp-json\/wp\/v2\/pages\/2713\/revisions"}],"wp:attachment":[{"href":"https:\/\/biblian.is\/biblian\/wp-json\/wp\/v2\/media?parent=2713"}],"curies":[{"name":"wp","href":"https:\/\/api.w.org\/{rel}","templated":true}]}}