{"id":2712,"date":"2017-12-30T21:04:20","date_gmt":"2017-12-30T21:04:20","guid":{"rendered":"http:\/\/biblian.is\/biblian\/galatabr%c2%8efi_-4-kafli\/"},"modified":"2019-08-26T23:58:19","modified_gmt":"2019-08-26T23:58:19","slug":"galatabrefid-4-kafli","status":"publish","type":"page","link":"https:\/\/biblian.is\/biblian\/galatabrefid-4-kafli\/","title":{"rendered":"Galatabr\u00e9fi\u00f0 4. kafli"},"content":{"rendered":"<h3 class=\"millifyrirsogn_2007\"> Ekki \u00fer\u00e6lar heldur b\u00f6rn<\/h3>\n<p><a name=\"1\"><span class=\"versanumer_2007\">1<\/span><\/a> Me\u00f0 \u00f6\u00f0rum or\u00f0um: Alla \u00fe\u00e1 stund sem erfinginn er \u00f3fullve\u00f0ja er enginn munur \u00e1 honum og \u00fer\u00e6li \u00fe\u00f3tt hann eigi allt. <a name=\"2\"><span class=\"versanumer_2007\">2<\/span><\/a> Hann er undir fj\u00e1rhaldsm\u00f6nnum og r\u00e1\u00f0sm\u00f6nnum til \u00feess t\u00edma er fa\u00f0irinn hefur \u00e1kve\u00f0i\u00f0. <a name=\"3\"><span class=\"versanumer_2007\">3<\/span><\/a> \u00deannig vorum vi\u00f0 einnig, er vi\u00f0 vorum \u00f3fullve\u00f0ja, \u00ed \u00e1nau\u00f0 heimsv\u00e6ttanna. <a name=\"4\"><span class=\"versanumer_2007\">4<\/span><\/a> En \u00feegar fylling t\u00edmans kom sendi Gu\u00f0 son sinn, f\u00e6ddan af konu, f\u00e6ddan undir l\u00f6gm\u00e1li &#8211; <a name=\"5\"><span class=\"versanumer_2007\">5<\/span><\/a> til \u00feess a\u00f0 hann keypti lausa \u00fe\u00e1 sem voru undir l\u00f6gm\u00e1li og vi\u00f0 yr\u00f0um b\u00f6rn Gu\u00f0s. <a name=\"6\"><span class=\"versanumer_2007\">6<\/span><\/a> En \u00fear e\u00f0 \u00fei\u00f0 eru\u00f0 b\u00f6rn, \u00fe\u00e1 hefur Gu\u00f0 sent anda sonar s\u00edns \u00ed hj\u00f6rtu okkar sem hr\u00f3par: \u201eAbba, fa\u00f0ir!\u201c <a name=\"7\"><span class=\"versanumer_2007\">7<\/span><\/a> \u00de\u00fa ert \u00fe\u00e1 ekki framar \u00fer\u00e6ll heldur barn. En ef \u00fe\u00fa ert barn, \u00fe\u00e1 hefur Gu\u00f0 l\u00edka gert \u00feig erfingja. <br \/> <a name=\"8\"><span class=\"versanumer_2007\">8<\/span><\/a> For\u00f0um, er \u00fei\u00f0 \u00feekktu\u00f0 ekki Gu\u00f0, voru\u00f0 \u00fei\u00f0 \u00fer\u00e6lar gu\u00f0a sem eru ekki neinir gu\u00f0ir. <a name=\"9\"><span class=\"versanumer_2007\">9<\/span><\/a> En n\u00fa, eftir a\u00f0 \u00fei\u00f0 \u00feekki\u00f0 Gu\u00f0, e\u00f0a r\u00e9ttara sagt, eftir a\u00f0 Gu\u00f0 \u00feekkir ykkur, hvernig geti\u00f0 \u00fei\u00f0 sn\u00fai\u00f0 aftur til hinna veiku og f\u00e1t\u00e6klegu v\u00e6tta? Vilji\u00f0 \u00fei\u00f0 \u00fer\u00e6la undir \u00feeim a\u00f0 n\u00fdju? <a name=\"10\"><span class=\"versanumer_2007\">10<\/span><\/a> \u00dei\u00f0 haldi\u00f0 upp \u00e1 \u00e1kve\u00f0na daga og m\u00e1nu\u00f0i, t\u00ed\u00f0ir og \u00e1r. <a name=\"11\"><span class=\"versanumer_2007\">11<\/span><\/a> \u00c9g er hr\u00e6ddur um a\u00f0 \u00e9g kunni a\u00f0 hafa erfi\u00f0a\u00f0 hj\u00e1 ykkur til \u00f3n\u00fdtis. <br \/> <a name=\"12\"><span class=\"versanumer_2007\">12<\/span><\/a> \u00c9g bi\u00f0 ykkur, br\u00e6\u00f0ur m\u00ednir og systur:<span class=\"nedan_mal\" title=\" Or\u00f0r\u00e9tt: br\u00e6\u00f0ur.\">[<\/span> Ver\u00f0i\u00f0 eins og \u00e9g \u00fev\u00ed a\u00f0 \u00e9g er or\u00f0inn eins og \u00fei\u00f0. \u00cd engu hafi\u00f0 \u00fei\u00f0 gert \u00e1 hluta minn. <a name=\"13\"><span class=\"versanumer_2007\">13<\/span><\/a> \u00dei\u00f0 viti\u00f0 a\u00f0 sj\u00fakleiki minn var\u00f0 tilefni til \u00feess a\u00f0 \u00e9g fyrst bo\u00f0a\u00f0i ykkur fagna\u00f0arerindi\u00f0. <a name=\"14\"><span class=\"versanumer_2007\">14<\/span><\/a> En \u00fei\u00f0 l\u00e9tu\u00f0 ekki l\u00edkams\u00e1sigkomulag mitt ver\u00f0a ykkur til \u00e1steytingar og \u00f3virtu\u00f0 mig ekki n\u00e9 s\u00fdndu\u00f0 m\u00e9r \u00f3beit, heldur t\u00f3ku\u00f0 \u00fei\u00f0 \u00e1 m\u00f3ti m\u00e9r eins og engli Gu\u00f0s, eins og Kristi Jes\u00fa sj\u00e1lfum. <a name=\"15\"><span class=\"versanumer_2007\">15<\/span><\/a> Hva\u00f0 er n\u00fa or\u00f0i\u00f0 \u00far blessunarb\u00e6num ykkar? \u00dea\u00f0 vitni ber \u00e9g ykkur a\u00f0 augun hef\u00f0u\u00f0 \u00fei\u00f0 stungi\u00f0 \u00far ykkur og gefi\u00f0 m\u00e9r ef au\u00f0i\u00f0 hef\u00f0i veri\u00f0. <a name=\"16\"><span class=\"versanumer_2007\">16<\/span><\/a> Er \u00e9g \u00fe\u00e1 or\u00f0inn \u00f3vinur ykkar vegna \u00feess a\u00f0 \u00e9g segi ykkur sannleikann? <br \/> <a name=\"17\"><span class=\"versanumer_2007\">17<\/span><\/a> \u00deeir l\u00e1ta s\u00e9r annt um ykkur en \u00fea\u00f0 er eigi af g\u00f3\u00f0u heldur vilja \u00feeir einangra ykkur til \u00feess a\u00f0 \u00fei\u00f0 l\u00e1ti\u00f0 ykkur annt um \u00fe\u00e1. <a name=\"18\"><span class=\"versanumer_2007\">18<\/span><\/a> \u00dea\u00f0 er \u00e1vallt gott a\u00f0 l\u00e1ta s\u00e9r annt um \u00fea\u00f0 sem gott er og ekki a\u00f0eins me\u00f0an \u00e9g er hj\u00e1 ykkur, <a name=\"19\"><span class=\"versanumer_2007\">19<\/span><\/a> b\u00f6rn m\u00edn, sem \u00e9g a\u00f0 n\u00fdju el me\u00f0 harmkv\u00e6lum \u00feanga\u00f0 til Kristur er mynda\u00f0ur \u00ed ykkur! <a name=\"20\"><span class=\"versanumer_2007\">20<\/span><\/a> \u00c9g vildi \u00e9g v\u00e6ri n\u00fa hj\u00e1 ykkur og g\u00e6ti tala\u00f0 n\u00fdjum r\u00f3mi \u00fev\u00ed a\u00f0 \u00e9g er r\u00e1\u00f0alaus me\u00f0 ykkur. <\/p>\n<h3 class=\"millifyrirsogn_2007\">Tveir s\u00e1ttm\u00e1lar<\/h3>\n<p><a name=\"21\"><span class=\"versanumer_2007\">21<\/span><\/a> Segi\u00f0 m\u00e9r, \u00fei\u00f0 sem vilji\u00f0 vera undir l\u00f6gm\u00e1li, heyri\u00f0 \u00fei\u00f0 ekki hva\u00f0 l\u00f6gm\u00e1li\u00f0 segir? <a name=\"22\"><span class=\"versanumer_2007\">22<\/span><\/a> Rita\u00f0 er a\u00f0 Abraham \u00e1tti tvo sonu, annan vi\u00f0 amb\u00e1ttinni en hinn vi\u00f0 frj\u00e1lsu konunni. <a name=\"23\"><span class=\"versanumer_2007\">23<\/span><\/a> Sonurinn vi\u00f0 amb\u00e1ttinni var f\u00e6ddur \u00e1 n\u00e1tt\u00farulegan h\u00e1tt en sonurinn vi\u00f0 frj\u00e1lsu konunni var f\u00e6ddur samkv\u00e6mt fyrirheiti. <a name=\"24\"><span class=\"versanumer_2007\">24<\/span><\/a> \u00deetta hefur \u00f3eiginlega merkingu: Konurnar merkja tvo s\u00e1ttm\u00e1la: Annar er s\u00e1 fr\u00e1 S\u00edna\u00edfjalli og elur b\u00f6rn til \u00e1nau\u00f0ar, \u00fea\u00f0 er Hagar; <a name=\"25\"><span class=\"versanumer_2007\">25<\/span><\/a> en Hagar merkir S\u00edna\u00edfjall \u00ed Arab\u00edu<span class=\"nedan_mal\" title=\" Annar lesh\u00e1ttur: S\u00edna\u00ed er fjall \u00ed Arab\u00edu.\">[<\/span> og samsvarar hinni n\u00faverandi Jer\u00fasalem \u00fev\u00ed a\u00f0 h\u00fan er \u00ed \u00e1nau\u00f0 \u00e1samt b\u00f6rnum s\u00ednum. <a name=\"26\"><span class=\"versanumer_2007\">26<\/span><\/a> En Jer\u00fasalem, sem er \u00ed h\u00e6\u00f0um, er frj\u00e1ls og h\u00fan er m\u00f3\u00f0ir vor <a name=\"27\"><span class=\"versanumer_2007\">27<\/span><\/a> \u00fev\u00ed a\u00f0 rita\u00f0 er: <br \/> <span class=\"ljodatexti\"> Ver gl\u00f6\u00f0, \u00f3byrja, sem ekkert barn hefur \u00e1tt! <br \/>Hr\u00f3pa og kalla h\u00e1tt, \u00fe\u00fa sem ekki hefur j\u00f3\u00f0sj\u00fak or\u00f0i\u00f0. <br \/>\u00dev\u00ed a\u00f0 b\u00f6rn hinnar yfirgefnu eru fleiri <br \/>en hinnar sem manninn \u00e1. <\/span> <br \/> <a name=\"28\"><span class=\"versanumer_2007\">28<\/span><\/a> En \u00fei\u00f0, br\u00e6\u00f0ur m\u00ednir og systur,<span class=\"nedan_mal\" title=\" Or\u00f0r\u00e9tt: br\u00e6\u00f0ur.\">[<\/span> eru\u00f0 b\u00f6rn Gu\u00f0s eins og \u00cdsak af \u00fev\u00ed a\u00f0 hann gaf fyrirheit um ykkur. <a name=\"29\"><span class=\"versanumer_2007\">29<\/span><\/a> En eins og s\u00e1 sem f\u00e6ddur var \u00e1 n\u00e1tt\u00farulegan h\u00e1tt ofs\u00f3tti for\u00f0um \u00feann sem f\u00e6ddur var \u00e1 undursamlegan h\u00e1tt, svo er \u00fea\u00f0 og n\u00fa. <a name=\"30\"><span class=\"versanumer_2007\">30<\/span><\/a> En hva\u00f0 segir ritningin? \u201eRektu burt amb\u00e1tt \u00feessa og son hennar \u00fev\u00ed a\u00f0 ekki skal amb\u00e1ttarsonurinn taka arf me\u00f0 syni frj\u00e1lsu konunnar.\u201c <a name=\"31\"><span class=\"versanumer_2007\">31<\/span><\/a> \u00deess vegna, br\u00e6\u00f0ur m\u00ednir og systur,<span class=\"nedan_mal\" title=\" Or\u00f0r\u00e9tt: br\u00e6\u00f0ur.\">[<\/span> erum vi\u00f0 ekki amb\u00e1ttar b\u00f6rn heldur b\u00f6rn frj\u00e1lsu konunnar. <\/p>\n","protected":false},"excerpt":{"rendered":"<p>Ekki \u00fer\u00e6lar heldur b\u00f6rn 1 Me\u00f0 \u00f6\u00f0rum or\u00f0um: Alla \u00fe\u00e1 stund sem erfinginn er \u00f3fullve\u00f0ja er enginn munur \u00e1 honum og \u00fer\u00e6li \u00fe\u00f3tt hann eigi allt. 2 Hann er undir fj\u00e1rhaldsm\u00f6nnum og r\u00e1\u00f0sm\u00f6nnum til \u00feess t\u00edma er fa\u00f0irinn hefur \u00e1kve\u00f0i\u00f0. 3 \u00deannig vorum vi\u00f0 einnig, er vi\u00f0 vorum \u00f3fullve\u00f0ja, \u00ed \u00e1nau\u00f0 heimsv\u00e6ttanna. 4 En \u00feegar fylling t\u00edmans kom sendi Gu\u00f0 son sinn, f\u00e6ddan af konu, f\u00e6ddan undir l\u00f6gm\u00e1li &#8211; 5 til \u00feess a\u00f0 hann keypti lausa \u00fe\u00e1 sem voru undir l\u00f6gm\u00e1li og vi\u00f0 yr\u00f0um b\u00f6rn Gu\u00f0s. 6 En \u00fear e\u00f0 \u00fei\u00f0 eru\u00f0 b\u00f6rn, \u00fe\u00e1 hefur Gu\u00f0 sent anda sonar s\u00edns <a href=\"https:\/\/biblian.is\/biblian\/galatabrefid-4-kafli\/\"> [&#8230;]<\/a><\/p>\n","protected":false},"author":1,"featured_media":0,"parent":0,"menu_order":0,"comment_status":"open","ping_status":"open","template":"bibliukaflar_NT.php","meta":{"footnotes":""},"class_list":["post-2712","page","type-page","status-publish","hentry"],"_links":{"self":[{"href":"https:\/\/biblian.is\/biblian\/wp-json\/wp\/v2\/pages\/2712","targetHints":{"allow":["GET"]}}],"collection":[{"href":"https:\/\/biblian.is\/biblian\/wp-json\/wp\/v2\/pages"}],"about":[{"href":"https:\/\/biblian.is\/biblian\/wp-json\/wp\/v2\/types\/page"}],"author":[{"embeddable":true,"href":"https:\/\/biblian.is\/biblian\/wp-json\/wp\/v2\/users\/1"}],"replies":[{"embeddable":true,"href":"https:\/\/biblian.is\/biblian\/wp-json\/wp\/v2\/comments?post=2712"}],"version-history":[{"count":0,"href":"https:\/\/biblian.is\/biblian\/wp-json\/wp\/v2\/pages\/2712\/revisions"}],"wp:attachment":[{"href":"https:\/\/biblian.is\/biblian\/wp-json\/wp\/v2\/media?parent=2712"}],"curies":[{"name":"wp","href":"https:\/\/api.w.org\/{rel}","templated":true}]}}